{"id":28677,"date":"2020-12-13T23:11:36","date_gmt":"2020-12-13T22:11:36","guid":{"rendered":"http:\/\/www.fai-srl.com\/shop\/?post_type=product&#038;p=28677"},"modified":"2026-02-27T19:33:23","modified_gmt":"2026-02-27T18:33:23","slug":"gel-monocomponente-quick-gel","status":"publish","type":"product","link":"https:\/\/www.fai-srl.com\/shop\/product\/gel-monocomponente-quick-gel\/","title":{"rendered":"Gel monocomponente &#8211; quick gel"},"content":{"rendered":"<p><strong>Gel monocomponente &#8211; quick gel<\/strong><\/p>\n<p style=\"text-align: justify;\">Gel isolante, siliconico, monocomponente in cartuccia e pronto all\u2019uso. Il pratico beccuccio, garantisce una iniezione veloce e versatile. Il beccuccio permette inoltre di raggiungere angoli o zone di difficile accesso.<\/p>\n<p style=\"text-align: justify;\">Trasparente, modellabile, pronto all\u2019uso. Utilizzato per l&#8217;isolamento di connessioni elettriche e ideale per riempire cassette elettriche, sia disposte in modo orizzontale che verticale, anche gi\u00e0 installate.<\/p>\n<p style=\"text-align: justify;\">La confezione a cartuccia \u00e8 ottimale per ridurre gli sprechi, \u00e8 poco ingombrante e permette di utilizzare il giusto dosaggio di prodotto. Il gel \u00e8 in grado di esercitare un&#8217;elevata azione isolante solo se vengono riempiti tutti gli spazi e non vengono lasciati buchi nel contenitore. Questo prodotto \u00e8 adatto per essere utilizzato in ambienti umidi, polverosi o ricchi di salsedine.<\/p>\n<p style=\"text-align: justify;\">Questo gel monocomponente \u00e8 pronto all&#8217;uso e non ha bisogno di ultieriori miscele, non \u00e8 soggetto a scadenze e non \u00e8 condizionabile dalla temperatura esterna. \u00c8 riutilizzabile e riaccessibile. Inoltre \u00e8 realizzato con componenti atossiche.<\/p>\n<p style=\"text-align: justify;\">\u00c8 un prodotto che viene adoperato nel settore industriale, per rivestire, nel settore civile e in quello elettrico. Uno dei\u00a0 principali vantaggi del gel \u00e8 quello di essere un materiale isolante con un&#8217;elevata resistenza meccanica.<\/p>\n<p style=\"text-align: justify;\">Se dovessi aver bisogno di maggiori informazioni relative a questo prodotto o necessiti di un&#8217;offerta personalizzata <a href=\"https:\/\/www.fai-srl.com\/contatti\/\" target=\"_blank\" rel=\"noopener\">contattaci<\/a>!<\/p>\n<p style=\"text-align: justify;\">Rimani aggiornato sui nostri prodotti, seguici sui nostri canali social <a href=\"https:\/\/www.facebook.com\/faisrl.materialelettrico\/\" target=\"_blank\" rel=\"noopener\">Facebook<\/a> e <a href=\"https:\/\/www.instagram.com\/faisrl.materialelettrico\/\" target=\"_blank\" rel=\"noopener\">Instagram<\/a>.<\/p>\n<p>&#8211; Pronto all\u2019uso, riaccessibile<br \/>\n&#8211; Fluidit\u00e0 elevata<br \/>\n&#8211; Temperatura di installazione da -40\u00b0C a 100\u00b0C<br \/>\n&#8211; Rigidit\u00e0 dielettrica &gt; 20kV\/mm<br \/>\n&#8211; Standard: CEI EN 60439-1 , CEI EN 60529+V1 , CEI EN 60695-2<br \/>\n&#8211; Colore trasparente<\/p>\n","protected":false},"excerpt":{"rendered":"<p>Confezioni 1 da 30ml<\/p>\n","protected":false},"featured_media":28678,"template":"","meta":[],"product_cat":[509],"product_tag":[],"class_list":{"0":"post-28677","1":"product","2":"type-product","3":"status-publish","4":"has-post-thumbnail","6":"product_cat-impianti-civili","8":"first","9":"instock","10":"taxable","11":"shipping-taxable","12":"purchasable","13":"product-type-simple"},"yoast_head":"<!-- This site is optimized with the Yoast SEO plugin v26.2 - https:\/\/yoast.com\/wordpress\/plugins\/seo\/ -->\n<title>Gel monocomponente - quick gel - FAI SRL<\/title>\n<meta name=\"description\" content=\"Gel monocomponente - quick gel. Trasparente e pronto all&#039;uso. Atossico. Visita il nostro sito e scopri tutti i nostri prodotti\" \/>\n<meta name=\"robots\" content=\"index, follow, max-snippet:-1, max-image-preview:large, max-video-preview:-1\" \/>\n<link rel=\"canonical\" href=\"https:\/\/www.fai-srl.com\/shop\/product\/gel-monocomponente-quick-gel\/\" \/>\n<meta property=\"og:locale\" content=\"it_IT\" \/>\n<meta property=\"og:type\" content=\"article\" \/>\n<meta property=\"og:title\" content=\"Gel monocomponente - quick gel - FAI SRL\" \/>\n<meta property=\"og:description\" content=\"Gel monocomponente - quick gel. Trasparente e pronto all&#039;uso. Atossico. Visita il nostro sito e scopri tutti i nostri prodotti\" \/>\n<meta property=\"og:url\" content=\"https:\/\/www.fai-srl.com\/shop\/product\/gel-monocomponente-quick-gel\/\" \/>\n<meta property=\"og:site_name\" content=\"FAI SRL\" \/>\n<meta property=\"article:modified_time\" content=\"2026-02-27T18:33:23+00:00\" \/>\n<meta property=\"og:image\" content=\"https:\/\/www.fai-srl.com\/shop\/wp-content\/uploads\/2022\/01\/4804_Sito.jpg\" \/>\n\t<meta property=\"og:image:width\" content=\"600\" \/>\n\t<meta property=\"og:image:height\" content=\"600\" \/>\n\t<meta property=\"og:image:type\" content=\"image\/jpeg\" \/>\n<meta name=\"twitter:card\" content=\"summary_large_image\" \/>\n<meta name=\"twitter:label1\" content=\"Tempo di lettura stimato\" \/>\n\t<meta name=\"twitter:data1\" content=\"2 minuti\" \/>\n<script type=\"application\/ld+json\" class=\"yoast-schema-graph\">{\"@context\":\"https:\/\/schema.org\",\"@graph\":[{\"@type\":\"WebPage\",\"@id\":\"https:\/\/www.fai-srl.com\/shop\/product\/gel-monocomponente-quick-gel\/\",\"url\":\"https:\/\/www.fai-srl.com\/shop\/product\/gel-monocomponente-quick-gel\/\",\"name\":\"Gel monocomponente - quick gel - FAI SRL\",\"isPartOf\":{\"@id\":\"https:\/\/www.fai-srl.com\/shop\/#website\"},\"primaryImageOfPage\":{\"@id\":\"https:\/\/www.fai-srl.com\/shop\/product\/gel-monocomponente-quick-gel\/#primaryimage\"},\"image\":{\"@id\":\"https:\/\/www.fai-srl.com\/shop\/product\/gel-monocomponente-quick-gel\/#primaryimage\"},\"thumbnailUrl\":\"https:\/\/www.fai-srl.com\/shop\/wp-content\/uploads\/2022\/01\/4804_Sito.jpg\",\"datePublished\":\"2020-12-13T22:11:36+00:00\",\"dateModified\":\"2026-02-27T18:33:23+00:00\",\"description\":\"Gel monocomponente - quick gel. Trasparente e pronto all'uso. Atossico. Visita il nostro sito e scopri tutti i nostri prodotti\",\"breadcrumb\":{\"@id\":\"https:\/\/www.fai-srl.com\/shop\/product\/gel-monocomponente-quick-gel\/#breadcrumb\"},\"inLanguage\":\"it-IT\",\"potentialAction\":[{\"@type\":\"ReadAction\",\"target\":[\"https:\/\/www.fai-srl.com\/shop\/product\/gel-monocomponente-quick-gel\/\"]}]},{\"@type\":\"ImageObject\",\"inLanguage\":\"it-IT\",\"@id\":\"https:\/\/www.fai-srl.com\/shop\/product\/gel-monocomponente-quick-gel\/#primaryimage\",\"url\":\"https:\/\/www.fai-srl.com\/shop\/wp-content\/uploads\/2022\/01\/4804_Sito.jpg\",\"contentUrl\":\"https:\/\/www.fai-srl.com\/shop\/wp-content\/uploads\/2022\/01\/4804_Sito.jpg\",\"width\":600,\"height\":600,\"caption\":\"Gel monocomponente - quick gel\"},{\"@type\":\"BreadcrumbList\",\"@id\":\"https:\/\/www.fai-srl.com\/shop\/product\/gel-monocomponente-quick-gel\/#breadcrumb\",\"itemListElement\":[{\"@type\":\"ListItem\",\"position\":1,\"name\":\"Home\",\"item\":\"https:\/\/www.fai-srl.com\/shop\/\"},{\"@type\":\"ListItem\",\"position\":2,\"name\":\"Prodotti FAI Srl\",\"item\":\"https:\/\/www.fai-srl.com\/shop\/?page_id=4775\"},{\"@type\":\"ListItem\",\"position\":3,\"name\":\"Gel monocomponente &#8211; quick gel\"}]},{\"@type\":\"WebSite\",\"@id\":\"https:\/\/www.fai-srl.com\/shop\/#website\",\"url\":\"https:\/\/www.fai-srl.com\/shop\/\",\"name\":\"FAI SRL\",\"description\":\"Light Up your Creativity\",\"publisher\":{\"@id\":\"https:\/\/www.fai-srl.com\/shop\/#organization\"},\"potentialAction\":[{\"@type\":\"SearchAction\",\"target\":{\"@type\":\"EntryPoint\",\"urlTemplate\":\"https:\/\/www.fai-srl.com\/shop\/?s={search_term_string}\"},\"query-input\":{\"@type\":\"PropertyValueSpecification\",\"valueRequired\":true,\"valueName\":\"search_term_string\"}}],\"inLanguage\":\"it-IT\"},{\"@type\":\"Organization\",\"@id\":\"https:\/\/www.fai-srl.com\/shop\/#organization\",\"name\":\"FAI SRL\",\"url\":\"https:\/\/www.fai-srl.com\/shop\/\",\"logo\":{\"@type\":\"ImageObject\",\"inLanguage\":\"it-IT\",\"@id\":\"https:\/\/www.fai-srl.com\/shop\/#\/schema\/logo\/image\/\",\"url\":\"http:\/\/www.fai-srl.com\/shop\/wp-content\/uploads\/2018\/10\/fai_logo.jpg\",\"contentUrl\":\"http:\/\/www.fai-srl.com\/shop\/wp-content\/uploads\/2018\/10\/fai_logo.jpg\",\"width\":300,\"height\":132,\"caption\":\"FAI SRL\"},\"image\":{\"@id\":\"https:\/\/www.fai-srl.com\/shop\/#\/schema\/logo\/image\/\"}}]}<\/script>\n<!-- \/ Yoast SEO plugin. -->","yoast_head_json":{"title":"Gel monocomponente - quick gel - FAI SRL","description":"Gel monocomponente - quick gel. Trasparente e pronto all'uso. Atossico. Visita il nostro sito e scopri tutti i nostri prodotti","robots":{"index":"index","follow":"follow","max-snippet":"max-snippet:-1","max-image-preview":"max-image-preview:large","max-video-preview":"max-video-preview:-1"},"canonical":"https:\/\/www.fai-srl.com\/shop\/product\/gel-monocomponente-quick-gel\/","og_locale":"it_IT","og_type":"article","og_title":"Gel monocomponente - quick gel - FAI SRL","og_description":"Gel monocomponente - quick gel. Trasparente e pronto all'uso. Atossico. Visita il nostro sito e scopri tutti i nostri prodotti","og_url":"https:\/\/www.fai-srl.com\/shop\/product\/gel-monocomponente-quick-gel\/","og_site_name":"FAI SRL","article_modified_time":"2026-02-27T18:33:23+00:00","og_image":[{"width":600,"height":600,"url":"https:\/\/www.fai-srl.com\/shop\/wp-content\/uploads\/2022\/01\/4804_Sito.jpg","type":"image\/jpeg"}],"twitter_card":"summary_large_image","twitter_misc":{"Tempo di lettura stimato":"2 minuti"},"schema":{"@context":"https:\/\/schema.org","@graph":[{"@type":"WebPage","@id":"https:\/\/www.fai-srl.com\/shop\/product\/gel-monocomponente-quick-gel\/","url":"https:\/\/www.fai-srl.com\/shop\/product\/gel-monocomponente-quick-gel\/","name":"Gel monocomponente - quick gel - FAI SRL","isPartOf":{"@id":"https:\/\/www.fai-srl.com\/shop\/#website"},"primaryImageOfPage":{"@id":"https:\/\/www.fai-srl.com\/shop\/product\/gel-monocomponente-quick-gel\/#primaryimage"},"image":{"@id":"https:\/\/www.fai-srl.com\/shop\/product\/gel-monocomponente-quick-gel\/#primaryimage"},"thumbnailUrl":"https:\/\/www.fai-srl.com\/shop\/wp-content\/uploads\/2022\/01\/4804_Sito.jpg","datePublished":"2020-12-13T22:11:36+00:00","dateModified":"2026-02-27T18:33:23+00:00","description":"Gel monocomponente - quick gel. Trasparente e pronto all'uso. Atossico. Visita il nostro sito e scopri tutti i nostri prodotti","breadcrumb":{"@id":"https:\/\/www.fai-srl.com\/shop\/product\/gel-monocomponente-quick-gel\/#breadcrumb"},"inLanguage":"it-IT","potentialAction":[{"@type":"ReadAction","target":["https:\/\/www.fai-srl.com\/shop\/product\/gel-monocomponente-quick-gel\/"]}]},{"@type":"ImageObject","inLanguage":"it-IT","@id":"https:\/\/www.fai-srl.com\/shop\/product\/gel-monocomponente-quick-gel\/#primaryimage","url":"https:\/\/www.fai-srl.com\/shop\/wp-content\/uploads\/2022\/01\/4804_Sito.jpg","contentUrl":"https:\/\/www.fai-srl.com\/shop\/wp-content\/uploads\/2022\/01\/4804_Sito.jpg","width":600,"height":600,"caption":"Gel monocomponente - quick gel"},{"@type":"BreadcrumbList","@id":"https:\/\/www.fai-srl.com\/shop\/product\/gel-monocomponente-quick-gel\/#breadcrumb","itemListElement":[{"@type":"ListItem","position":1,"name":"Home","item":"https:\/\/www.fai-srl.com\/shop\/"},{"@type":"ListItem","position":2,"name":"Prodotti FAI Srl","item":"https:\/\/www.fai-srl.com\/shop\/?page_id=4775"},{"@type":"ListItem","position":3,"name":"Gel monocomponente &#8211; quick gel"}]},{"@type":"WebSite","@id":"https:\/\/www.fai-srl.com\/shop\/#website","url":"https:\/\/www.fai-srl.com\/shop\/","name":"FAI SRL","description":"Light Up your Creativity","publisher":{"@id":"https:\/\/www.fai-srl.com\/shop\/#organization"},"potentialAction":[{"@type":"SearchAction","target":{"@type":"EntryPoint","urlTemplate":"https:\/\/www.fai-srl.com\/shop\/?s={search_term_string}"},"query-input":{"@type":"PropertyValueSpecification","valueRequired":true,"valueName":"search_term_string"}}],"inLanguage":"it-IT"},{"@type":"Organization","@id":"https:\/\/www.fai-srl.com\/shop\/#organization","name":"FAI SRL","url":"https:\/\/www.fai-srl.com\/shop\/","logo":{"@type":"ImageObject","inLanguage":"it-IT","@id":"https:\/\/www.fai-srl.com\/shop\/#\/schema\/logo\/image\/","url":"http:\/\/www.fai-srl.com\/shop\/wp-content\/uploads\/2018\/10\/fai_logo.jpg","contentUrl":"http:\/\/www.fai-srl.com\/shop\/wp-content\/uploads\/2018\/10\/fai_logo.jpg","width":300,"height":132,"caption":"FAI SRL"},"image":{"@id":"https:\/\/www.fai-srl.com\/shop\/#\/schema\/logo\/image\/"}}]}},"_links":{"self":[{"href":"https:\/\/www.fai-srl.com\/shop\/wp-json\/wp\/v2\/product\/28677","targetHints":{"allow":["GET"]}}],"collection":[{"href":"https:\/\/www.fai-srl.com\/shop\/wp-json\/wp\/v2\/product"}],"about":[{"href":"https:\/\/www.fai-srl.com\/shop\/wp-json\/wp\/v2\/types\/product"}],"version-history":[{"count":3,"href":"https:\/\/www.fai-srl.com\/shop\/wp-json\/wp\/v2\/product\/28677\/revisions"}],"predecessor-version":[{"id":30583,"href":"https:\/\/www.fai-srl.com\/shop\/wp-json\/wp\/v2\/product\/28677\/revisions\/30583"}],"wp:featuredmedia":[{"embeddable":true,"href":"https:\/\/www.fai-srl.com\/shop\/wp-json\/wp\/v2\/media\/28678"}],"wp:attachment":[{"href":"https:\/\/www.fai-srl.com\/shop\/wp-json\/wp\/v2\/media?parent=28677"}],"wp:term":[{"taxonomy":"product_cat","embeddable":true,"href":"https:\/\/www.fai-srl.com\/shop\/wp-json\/wp\/v2\/product_cat?post=28677"},{"taxonomy":"product_tag","embeddable":true,"href":"https:\/\/www.fai-srl.com\/shop\/wp-json\/wp\/v2\/product_tag?post=28677"}],"curies":[{"name":"wp","href":"https:\/\/api.w.org\/{rel}","templated":true}]}}