{"id":27232,"date":"2021-05-20T10:35:06","date_gmt":"2021-05-20T08:35:06","guid":{"rendered":"http:\/\/www.fai-srl.com\/shop\/?post_type=product&#038;p=27232"},"modified":"2026-02-27T19:33:12","modified_gmt":"2026-02-27T18:33:12","slug":"alimentatore-a-tensione-costante-48-vdc-da-100-a-200-w","status":"publish","type":"product","link":"https:\/\/www.fai-srl.com\/shop\/product\/alimentatore-a-tensione-costante-48-vdc-da-100-a-200-w\/","title":{"rendered":"Alimentatore a tensione costante 48 Vac &#8211; da 100 a 200 W"},"content":{"rendered":"<p><strong>Alimentatore a tensione costante 48 Vac &#8211; da 100 a 200 W<\/strong><\/p>\n<p>Alimentatore disponibile in due varianti potenza, 100W e 200W, che fornisce una tensione di uscita di 48 Vdc ed ha un&#8217;alimentazione di 90-264 Vac. Con tensione costante si intende che il driver garantisce, indipendentemente da sbalzi di tensione nella rete, che la corrente alimentata al LED sar\u00e0 mantenuta sempre alla stessa intensit\u00e0.<br \/>\nPerch\u00e8 \u00e8 necessario un driver LED? I LED funzionano con elettricit\u00e0 a bassa tensione in corrente continua, tuttavia le prese in genere forniscono elettricit\u00e0 ad alta tensione con corrente alternata. Lo scopo principale di un driver LED \u00e8 di rettificare questa corrente alternata a tensione pi\u00f9 alta in elettricit\u00e0 a corrente continua a bassa tensione che i LED sono progettati per gestire.<\/p>\n<p>Questo alimentatore a tensione costante ha una classe di protezione IP67 che permette di proteggerlo dall&#8217;acqua e dalla polvere ed una classe di isolamento di CLASSE II. Gli apparecchi con questa tipologia di protezione possiedono un isolamento continuo, doppio o rinforzato. Impedisce il contatto con parti che conducono la corrente. Pertanto, non richiede una messa a terra. Possiedono anche protezioni da corti circuiti, sovraccarichi, sovratensioni e sovratemperature.<\/p>\n<p>Se dovessi aver bisogno di maggiori informazioni relative a questo prodotto o necessiti di un\u2019offerta personalizzata <a href=\"https:\/\/www.fai-srl.com\/contatti\/\" target=\"_blank\" rel=\"noopener\">contattaci<\/a>!<\/p>\n<p>Rimani aggiornato sui nostri prodotti, seguici sui nostri canali social <a href=\"https:\/\/www.facebook.com\/faisrl.materialelettrico\/\" target=\"_blank\" rel=\"noopener\">Facebook<\/a> e <a href=\"https:\/\/www.instagram.com\/faisrl.materialelettrico\/\" target=\"_blank\" rel=\"noopener\">Instagram<\/a>.<\/p>\n<p>&nbsp;<\/p>\n<table style=\"height: 341px;\" border=\"0\" width=\"584\" align=\"center\">\n<tbody>\n<tr>\n<td>Alimentazione:<\/td>\n<td>90-264 Vac<\/td>\n<\/tr>\n<tr>\n<td>Potenza:<\/td>\n<td>100W<\/td>\n<\/tr>\n<tr>\n<td>Classe di protezione:<\/td>\n<td>IP67<\/td>\n<\/tr>\n<tr>\n<td>Classe isolamento:<\/td>\n<td>CLASSE II<\/td>\n<\/tr>\n<tr>\n<td>Dimensioni 5048\/100:<\/td>\n<td>190x52x37mm<\/td>\n<\/tr>\n<tr>\n<td>Dimensioni: 5048\/200<\/td>\n<td>215x115x30mm<\/td>\n<\/tr>\n<tr>\n<td>Protezioni:<\/td>\n<td>Corto Circuito, Sovraccarico, Sovratensione, Sovratemperatura<\/td>\n<\/tr>\n<\/tbody>\n<\/table>\n","protected":false},"excerpt":{"rendered":"<p><img decoding=\"async\" class=\"alignnone size-full wp-image-22451\" src=\"http:\/\/www.fai-srl.com\/shop\/wp-content\/uploads\/2020\/12\/IP20.jpg\" alt=\"\" width=\"60\" height=\"60\" \/><img decoding=\"async\" class=\"alignnone size-full wp-image-21621\" src=\"http:\/\/www.fai-srl.com\/shop\/wp-content\/uploads\/2020\/11\/ce-8-e1606262910175.jpg\" alt=\"\" width=\"60\" height=\"60\" \/><img decoding=\"async\" class=\"alignnone size-full wp-image-29718\" src=\"http:\/\/www.fai-srl.com\/shop\/wp-content\/uploads\/2020\/11\/rohs.-.png\" alt=\"\" width=\"93\" height=\"75\" \/><img loading=\"lazy\" decoding=\"async\" class=\"alignnone size-full wp-image-31601\" src=\"http:\/\/www.fai-srl.com\/shop\/wp-content\/uploads\/2020\/11\/classe-2.png\" alt=\"\" width=\"60\" height=\"60\" \/><\/p>\n","protected":false},"featured_media":27233,"template":"","meta":[],"product_cat":[506],"product_tag":[],"class_list":{"0":"post-27232","1":"product","2":"type-product","3":"status-publish","4":"has-post-thumbnail","6":"product_cat-led","8":"first","9":"instock","10":"taxable","11":"shipping-taxable","12":"purchasable","13":"product-type-variable"},"yoast_head":"<!-- This site is optimized with the Yoast SEO plugin v26.2 - https:\/\/yoast.com\/wordpress\/plugins\/seo\/ -->\n<title>Alimentatore a tensione costante 48 Vac - da 100 a 200 W - FAI SRL<\/title>\n<meta name=\"description\" content=\"Alimentatore a tensione costante da 48 Vac disponibile in varie potenze, da 100W a 200W. Classe di protezione IP67. Scoprili tutti sul sito!\" \/>\n<meta name=\"robots\" content=\"index, follow, max-snippet:-1, max-image-preview:large, max-video-preview:-1\" \/>\n<link rel=\"canonical\" href=\"https:\/\/www.fai-srl.com\/shop\/product\/alimentatore-a-tensione-costante-48-vdc-da-100-a-200-w\/\" \/>\n<meta property=\"og:locale\" content=\"it_IT\" \/>\n<meta property=\"og:type\" content=\"article\" \/>\n<meta property=\"og:title\" content=\"Alimentatore a tensione costante 48 Vac - da 100 a 200 W - FAI SRL\" \/>\n<meta property=\"og:description\" content=\"Alimentatore a tensione costante da 48 Vac disponibile in varie potenze, da 100W a 200W. Classe di protezione IP67. Scoprili tutti sul sito!\" \/>\n<meta property=\"og:url\" content=\"https:\/\/www.fai-srl.com\/shop\/product\/alimentatore-a-tensione-costante-48-vdc-da-100-a-200-w\/\" \/>\n<meta property=\"og:site_name\" content=\"FAI SRL\" \/>\n<meta property=\"article:modified_time\" content=\"2026-02-27T18:33:12+00:00\" \/>\n<meta property=\"og:image\" content=\"https:\/\/www.fai-srl.com\/shop\/wp-content\/uploads\/2021\/05\/5048-100-INSIEME.png\" \/>\n\t<meta property=\"og:image:width\" content=\"600\" \/>\n\t<meta property=\"og:image:height\" content=\"600\" \/>\n\t<meta property=\"og:image:type\" content=\"image\/png\" \/>\n<meta name=\"twitter:card\" content=\"summary_large_image\" \/>\n<meta name=\"twitter:label1\" content=\"Tempo di lettura stimato\" \/>\n\t<meta name=\"twitter:data1\" content=\"2 minuti\" \/>\n<script type=\"application\/ld+json\" class=\"yoast-schema-graph\">{\"@context\":\"https:\/\/schema.org\",\"@graph\":[{\"@type\":\"WebPage\",\"@id\":\"https:\/\/www.fai-srl.com\/shop\/product\/alimentatore-a-tensione-costante-48-vdc-da-100-a-200-w\/\",\"url\":\"https:\/\/www.fai-srl.com\/shop\/product\/alimentatore-a-tensione-costante-48-vdc-da-100-a-200-w\/\",\"name\":\"Alimentatore a tensione costante 48 Vac - da 100 a 200 W - FAI SRL\",\"isPartOf\":{\"@id\":\"https:\/\/www.fai-srl.com\/shop\/#website\"},\"primaryImageOfPage\":{\"@id\":\"https:\/\/www.fai-srl.com\/shop\/product\/alimentatore-a-tensione-costante-48-vdc-da-100-a-200-w\/#primaryimage\"},\"image\":{\"@id\":\"https:\/\/www.fai-srl.com\/shop\/product\/alimentatore-a-tensione-costante-48-vdc-da-100-a-200-w\/#primaryimage\"},\"thumbnailUrl\":\"https:\/\/www.fai-srl.com\/shop\/wp-content\/uploads\/2021\/05\/5048-100-INSIEME.png\",\"datePublished\":\"2021-05-20T08:35:06+00:00\",\"dateModified\":\"2026-02-27T18:33:12+00:00\",\"description\":\"Alimentatore a tensione costante da 48 Vac disponibile in varie potenze, da 100W a 200W. Classe di protezione IP67. Scoprili tutti sul sito!\",\"breadcrumb\":{\"@id\":\"https:\/\/www.fai-srl.com\/shop\/product\/alimentatore-a-tensione-costante-48-vdc-da-100-a-200-w\/#breadcrumb\"},\"inLanguage\":\"it-IT\",\"potentialAction\":[{\"@type\":\"ReadAction\",\"target\":[\"https:\/\/www.fai-srl.com\/shop\/product\/alimentatore-a-tensione-costante-48-vdc-da-100-a-200-w\/\"]}]},{\"@type\":\"ImageObject\",\"inLanguage\":\"it-IT\",\"@id\":\"https:\/\/www.fai-srl.com\/shop\/product\/alimentatore-a-tensione-costante-48-vdc-da-100-a-200-w\/#primaryimage\",\"url\":\"https:\/\/www.fai-srl.com\/shop\/wp-content\/uploads\/2021\/05\/5048-100-INSIEME.png\",\"contentUrl\":\"https:\/\/www.fai-srl.com\/shop\/wp-content\/uploads\/2021\/05\/5048-100-INSIEME.png\",\"width\":600,\"height\":600,\"caption\":\"alimentatore a tensione\"},{\"@type\":\"BreadcrumbList\",\"@id\":\"https:\/\/www.fai-srl.com\/shop\/product\/alimentatore-a-tensione-costante-48-vdc-da-100-a-200-w\/#breadcrumb\",\"itemListElement\":[{\"@type\":\"ListItem\",\"position\":1,\"name\":\"Home\",\"item\":\"https:\/\/www.fai-srl.com\/shop\/\"},{\"@type\":\"ListItem\",\"position\":2,\"name\":\"Prodotti FAI Srl\",\"item\":\"https:\/\/www.fai-srl.com\/shop\/?page_id=4775\"},{\"@type\":\"ListItem\",\"position\":3,\"name\":\"Alimentatore a tensione costante 48 Vac &#8211; da 100 a 200 W\"}]},{\"@type\":\"WebSite\",\"@id\":\"https:\/\/www.fai-srl.com\/shop\/#website\",\"url\":\"https:\/\/www.fai-srl.com\/shop\/\",\"name\":\"FAI SRL\",\"description\":\"Light Up your Creativity\",\"publisher\":{\"@id\":\"https:\/\/www.fai-srl.com\/shop\/#organization\"},\"potentialAction\":[{\"@type\":\"SearchAction\",\"target\":{\"@type\":\"EntryPoint\",\"urlTemplate\":\"https:\/\/www.fai-srl.com\/shop\/?s={search_term_string}\"},\"query-input\":{\"@type\":\"PropertyValueSpecification\",\"valueRequired\":true,\"valueName\":\"search_term_string\"}}],\"inLanguage\":\"it-IT\"},{\"@type\":\"Organization\",\"@id\":\"https:\/\/www.fai-srl.com\/shop\/#organization\",\"name\":\"FAI SRL\",\"url\":\"https:\/\/www.fai-srl.com\/shop\/\",\"logo\":{\"@type\":\"ImageObject\",\"inLanguage\":\"it-IT\",\"@id\":\"https:\/\/www.fai-srl.com\/shop\/#\/schema\/logo\/image\/\",\"url\":\"http:\/\/www.fai-srl.com\/shop\/wp-content\/uploads\/2018\/10\/fai_logo.jpg\",\"contentUrl\":\"http:\/\/www.fai-srl.com\/shop\/wp-content\/uploads\/2018\/10\/fai_logo.jpg\",\"width\":300,\"height\":132,\"caption\":\"FAI SRL\"},\"image\":{\"@id\":\"https:\/\/www.fai-srl.com\/shop\/#\/schema\/logo\/image\/\"}}]}<\/script>\n<!-- \/ Yoast SEO plugin. -->","yoast_head_json":{"title":"Alimentatore a tensione costante 48 Vac - da 100 a 200 W - FAI SRL","description":"Alimentatore a tensione costante da 48 Vac disponibile in varie potenze, da 100W a 200W. Classe di protezione IP67. Scoprili tutti sul sito!","robots":{"index":"index","follow":"follow","max-snippet":"max-snippet:-1","max-image-preview":"max-image-preview:large","max-video-preview":"max-video-preview:-1"},"canonical":"https:\/\/www.fai-srl.com\/shop\/product\/alimentatore-a-tensione-costante-48-vdc-da-100-a-200-w\/","og_locale":"it_IT","og_type":"article","og_title":"Alimentatore a tensione costante 48 Vac - da 100 a 200 W - FAI SRL","og_description":"Alimentatore a tensione costante da 48 Vac disponibile in varie potenze, da 100W a 200W. Classe di protezione IP67. Scoprili tutti sul sito!","og_url":"https:\/\/www.fai-srl.com\/shop\/product\/alimentatore-a-tensione-costante-48-vdc-da-100-a-200-w\/","og_site_name":"FAI SRL","article_modified_time":"2026-02-27T18:33:12+00:00","og_image":[{"width":600,"height":600,"url":"https:\/\/www.fai-srl.com\/shop\/wp-content\/uploads\/2021\/05\/5048-100-INSIEME.png","type":"image\/png"}],"twitter_card":"summary_large_image","twitter_misc":{"Tempo di lettura stimato":"2 minuti"},"schema":{"@context":"https:\/\/schema.org","@graph":[{"@type":"WebPage","@id":"https:\/\/www.fai-srl.com\/shop\/product\/alimentatore-a-tensione-costante-48-vdc-da-100-a-200-w\/","url":"https:\/\/www.fai-srl.com\/shop\/product\/alimentatore-a-tensione-costante-48-vdc-da-100-a-200-w\/","name":"Alimentatore a tensione costante 48 Vac - da 100 a 200 W - FAI SRL","isPartOf":{"@id":"https:\/\/www.fai-srl.com\/shop\/#website"},"primaryImageOfPage":{"@id":"https:\/\/www.fai-srl.com\/shop\/product\/alimentatore-a-tensione-costante-48-vdc-da-100-a-200-w\/#primaryimage"},"image":{"@id":"https:\/\/www.fai-srl.com\/shop\/product\/alimentatore-a-tensione-costante-48-vdc-da-100-a-200-w\/#primaryimage"},"thumbnailUrl":"https:\/\/www.fai-srl.com\/shop\/wp-content\/uploads\/2021\/05\/5048-100-INSIEME.png","datePublished":"2021-05-20T08:35:06+00:00","dateModified":"2026-02-27T18:33:12+00:00","description":"Alimentatore a tensione costante da 48 Vac disponibile in varie potenze, da 100W a 200W. Classe di protezione IP67. Scoprili tutti sul sito!","breadcrumb":{"@id":"https:\/\/www.fai-srl.com\/shop\/product\/alimentatore-a-tensione-costante-48-vdc-da-100-a-200-w\/#breadcrumb"},"inLanguage":"it-IT","potentialAction":[{"@type":"ReadAction","target":["https:\/\/www.fai-srl.com\/shop\/product\/alimentatore-a-tensione-costante-48-vdc-da-100-a-200-w\/"]}]},{"@type":"ImageObject","inLanguage":"it-IT","@id":"https:\/\/www.fai-srl.com\/shop\/product\/alimentatore-a-tensione-costante-48-vdc-da-100-a-200-w\/#primaryimage","url":"https:\/\/www.fai-srl.com\/shop\/wp-content\/uploads\/2021\/05\/5048-100-INSIEME.png","contentUrl":"https:\/\/www.fai-srl.com\/shop\/wp-content\/uploads\/2021\/05\/5048-100-INSIEME.png","width":600,"height":600,"caption":"alimentatore a tensione"},{"@type":"BreadcrumbList","@id":"https:\/\/www.fai-srl.com\/shop\/product\/alimentatore-a-tensione-costante-48-vdc-da-100-a-200-w\/#breadcrumb","itemListElement":[{"@type":"ListItem","position":1,"name":"Home","item":"https:\/\/www.fai-srl.com\/shop\/"},{"@type":"ListItem","position":2,"name":"Prodotti FAI Srl","item":"https:\/\/www.fai-srl.com\/shop\/?page_id=4775"},{"@type":"ListItem","position":3,"name":"Alimentatore a tensione costante 48 Vac &#8211; da 100 a 200 W"}]},{"@type":"WebSite","@id":"https:\/\/www.fai-srl.com\/shop\/#website","url":"https:\/\/www.fai-srl.com\/shop\/","name":"FAI SRL","description":"Light Up your Creativity","publisher":{"@id":"https:\/\/www.fai-srl.com\/shop\/#organization"},"potentialAction":[{"@type":"SearchAction","target":{"@type":"EntryPoint","urlTemplate":"https:\/\/www.fai-srl.com\/shop\/?s={search_term_string}"},"query-input":{"@type":"PropertyValueSpecification","valueRequired":true,"valueName":"search_term_string"}}],"inLanguage":"it-IT"},{"@type":"Organization","@id":"https:\/\/www.fai-srl.com\/shop\/#organization","name":"FAI SRL","url":"https:\/\/www.fai-srl.com\/shop\/","logo":{"@type":"ImageObject","inLanguage":"it-IT","@id":"https:\/\/www.fai-srl.com\/shop\/#\/schema\/logo\/image\/","url":"http:\/\/www.fai-srl.com\/shop\/wp-content\/uploads\/2018\/10\/fai_logo.jpg","contentUrl":"http:\/\/www.fai-srl.com\/shop\/wp-content\/uploads\/2018\/10\/fai_logo.jpg","width":300,"height":132,"caption":"FAI SRL"},"image":{"@id":"https:\/\/www.fai-srl.com\/shop\/#\/schema\/logo\/image\/"}}]}},"_links":{"self":[{"href":"https:\/\/www.fai-srl.com\/shop\/wp-json\/wp\/v2\/product\/27232","targetHints":{"allow":["GET"]}}],"collection":[{"href":"https:\/\/www.fai-srl.com\/shop\/wp-json\/wp\/v2\/product"}],"about":[{"href":"https:\/\/www.fai-srl.com\/shop\/wp-json\/wp\/v2\/types\/product"}],"version-history":[{"count":7,"href":"https:\/\/www.fai-srl.com\/shop\/wp-json\/wp\/v2\/product\/27232\/revisions"}],"predecessor-version":[{"id":32061,"href":"https:\/\/www.fai-srl.com\/shop\/wp-json\/wp\/v2\/product\/27232\/revisions\/32061"}],"wp:featuredmedia":[{"embeddable":true,"href":"https:\/\/www.fai-srl.com\/shop\/wp-json\/wp\/v2\/media\/27233"}],"wp:attachment":[{"href":"https:\/\/www.fai-srl.com\/shop\/wp-json\/wp\/v2\/media?parent=27232"}],"wp:term":[{"taxonomy":"product_cat","embeddable":true,"href":"https:\/\/www.fai-srl.com\/shop\/wp-json\/wp\/v2\/product_cat?post=27232"},{"taxonomy":"product_tag","embeddable":true,"href":"https:\/\/www.fai-srl.com\/shop\/wp-json\/wp\/v2\/product_tag?post=27232"}],"curies":[{"name":"wp","href":"https:\/\/api.w.org\/{rel}","templated":true}]}}