{"id":24617,"date":"2020-12-19T22:01:54","date_gmt":"2020-12-19T21:01:54","guid":{"rendered":"http:\/\/www.fai-srl.com\/shop\/?post_type=product&#038;p=24617"},"modified":"2026-02-27T19:32:48","modified_gmt":"2026-02-27T18:32:48","slug":"prolunga-industriale-con-cavo-h07rn-f-2","status":"publish","type":"product","link":"https:\/\/www.fai-srl.com\/shop\/product\/prolunga-industriale-con-cavo-h07rn-f-2\/","title":{"rendered":"Prolunga industriale con cavo H07RN-F"},"content":{"rendered":"<p style=\"text-align: justify;\"><strong>Prolunga industriale con cavo<\/strong><\/p>\n<p style=\"text-align: justify;\">Prolunga industriale con cavo in gomma nera resistente e isolante, disponibile in tre lunghezze: 10, 20 o 30 metri. La prolunga possiede una tensione nominale di 400 Vac e una presa da 16 A.<\/p>\n<p style=\"text-align: justify;\">Il cavo \u00e8 realizzato con materiale resistente che garantisce elevata flessibilit\u00e0, resistente all&#8217;acqua e a diverse sollecitazioni, in grado di non propagare elettricit\u00e0 o fiamme.<\/p>\n<p style=\"text-align: justify;\">La prolunga industriale \u00e8 dotata di grado di protezione IP67 che assicura una protezione in caso di contatto con polvere.<\/p>\n<p style=\"text-align: justify;\">Visualizzando il disegno tecnico \u00e8 possibile avere maggiori informazioni circa le modalit\u00e0 di utilizzo e circa le dimensioni che caratterizzano il prodotto.<\/p>\n<p style=\"text-align: justify;\">Il prodotto viene venduto in confezioni da 1 pezzo o in box da 10 pezzi l&#8217;uno.<\/p>\n<p style=\"text-align: justify;\">Questo articolo possiede il marchio CE, che garantisce la conformit\u00e0 del prodotto a tutte le disposizioni della Comunit\u00e0 Europea che prevedono il suo utilizzo dalla progettazione, alla messa in servizio fino allo smaltimento.<\/p>\n<p style=\"text-align: justify;\">Se dovessi aver bisogno di maggiori informazioni relative a questo prodotto o necessiti di un\u2019offerta personalizzata <a href=\"https:\/\/www.fai-srl.com\/contatti\/\" target=\"_blank\" rel=\"noopener\">contattaci<\/a>!<\/p>\n<p style=\"text-align: justify;\">Rimani aggiornato sui nostri prodotti, seguici sui nostri canali social <a href=\"https:\/\/www.facebook.com\/faisrl.materialelettrico\/\" target=\"_blank\" rel=\"noopener\">Facebook<\/a> e <a href=\"https:\/\/www.instagram.com\/faisrl.materialelettrico\/\" target=\"_blank\" rel=\"noopener\">Instagram<\/a>.<\/p>\n<table border=\"0\" width=\"500\" align=\"center\">\n<tbody>\n<tr>\n<td>Spina:<\/td>\n<td>3P+T 16A<\/td>\n<\/tr>\n<tr>\n<td>Prese:<\/td>\n<td>3P+T 16A<\/td>\n<\/tr>\n<tr>\n<td>Grado di protezione:<\/td>\n<td>IP67<\/td>\n<\/tr>\n<tr>\n<td>Tensione nominale:<\/td>\n<td>400 Vac<\/td>\n<\/tr>\n<tr>\n<td>Cavo:<\/td>\n<td>4G x 2,50<\/td>\n<\/tr>\n<\/tbody>\n<\/table>\n","protected":false},"excerpt":{"rendered":"<p><img decoding=\"async\" class=\"alignnone size-full wp-image-23297\" src=\"http:\/\/www.fai-srl.com\/shop\/wp-content\/uploads\/2020\/12\/ce-1-e1607738054844.jpg\" alt=\"\" width=\"60\" height=\"60\" \/><\/p>\n","protected":false},"featured_media":24621,"template":"","meta":[],"product_cat":[512],"product_tag":[],"class_list":{"0":"post-24617","1":"product","2":"type-product","3":"status-publish","4":"has-post-thumbnail","6":"product_cat-componenti-industriali","8":"first","9":"instock","10":"taxable","11":"shipping-taxable","12":"purchasable","13":"product-type-variable"},"yoast_head":"<!-- This site is optimized with the Yoast SEO plugin v26.2 - https:\/\/yoast.com\/wordpress\/plugins\/seo\/ -->\n<title>Prolunga industriale con cavo H07RN-F - FAI SRL<\/title>\n<meta name=\"description\" content=\"Prolunga industriale con cavo della lunghezza di 10, 20 o 30 metri, tensione nominale di 400 Vac e conforme alle disposizioni UE per il suo utilizzo.\" \/>\n<meta name=\"robots\" content=\"index, follow, max-snippet:-1, max-image-preview:large, max-video-preview:-1\" \/>\n<link rel=\"canonical\" href=\"https:\/\/www.fai-srl.com\/shop\/product\/prolunga-industriale-con-cavo-h07rn-f-2\/\" \/>\n<meta property=\"og:locale\" content=\"it_IT\" \/>\n<meta property=\"og:type\" content=\"article\" \/>\n<meta property=\"og:title\" content=\"Prolunga industriale con cavo H07RN-F - FAI SRL\" \/>\n<meta property=\"og:description\" content=\"Prolunga industriale con cavo della lunghezza di 10, 20 o 30 metri, tensione nominale di 400 Vac e conforme alle disposizioni UE per il suo utilizzo.\" \/>\n<meta property=\"og:url\" content=\"https:\/\/www.fai-srl.com\/shop\/product\/prolunga-industriale-con-cavo-h07rn-f-2\/\" \/>\n<meta property=\"og:site_name\" content=\"FAI SRL\" \/>\n<meta property=\"article:modified_time\" content=\"2026-02-27T18:32:48+00:00\" \/>\n<meta property=\"og:image\" content=\"https:\/\/www.fai-srl.com\/shop\/wp-content\/uploads\/2020\/12\/8284_RS.jpg\" \/>\n\t<meta property=\"og:image:width\" content=\"600\" \/>\n\t<meta property=\"og:image:height\" content=\"600\" \/>\n\t<meta property=\"og:image:type\" content=\"image\/jpeg\" \/>\n<meta name=\"twitter:card\" content=\"summary_large_image\" \/>\n<meta name=\"twitter:label1\" content=\"Tempo di lettura stimato\" \/>\n\t<meta name=\"twitter:data1\" content=\"1 minuto\" \/>\n<script type=\"application\/ld+json\" class=\"yoast-schema-graph\">{\"@context\":\"https:\/\/schema.org\",\"@graph\":[{\"@type\":\"WebPage\",\"@id\":\"https:\/\/www.fai-srl.com\/shop\/product\/prolunga-industriale-con-cavo-h07rn-f-2\/\",\"url\":\"https:\/\/www.fai-srl.com\/shop\/product\/prolunga-industriale-con-cavo-h07rn-f-2\/\",\"name\":\"Prolunga industriale con cavo H07RN-F - FAI SRL\",\"isPartOf\":{\"@id\":\"https:\/\/www.fai-srl.com\/shop\/#website\"},\"primaryImageOfPage\":{\"@id\":\"https:\/\/www.fai-srl.com\/shop\/product\/prolunga-industriale-con-cavo-h07rn-f-2\/#primaryimage\"},\"image\":{\"@id\":\"https:\/\/www.fai-srl.com\/shop\/product\/prolunga-industriale-con-cavo-h07rn-f-2\/#primaryimage\"},\"thumbnailUrl\":\"https:\/\/www.fai-srl.com\/shop\/wp-content\/uploads\/2020\/12\/8284_RS.jpg\",\"datePublished\":\"2020-12-19T21:01:54+00:00\",\"dateModified\":\"2026-02-27T18:32:48+00:00\",\"description\":\"Prolunga industriale con cavo della lunghezza di 10, 20 o 30 metri, tensione nominale di 400 Vac e conforme alle disposizioni UE per il suo utilizzo.\",\"breadcrumb\":{\"@id\":\"https:\/\/www.fai-srl.com\/shop\/product\/prolunga-industriale-con-cavo-h07rn-f-2\/#breadcrumb\"},\"inLanguage\":\"it-IT\",\"potentialAction\":[{\"@type\":\"ReadAction\",\"target\":[\"https:\/\/www.fai-srl.com\/shop\/product\/prolunga-industriale-con-cavo-h07rn-f-2\/\"]}]},{\"@type\":\"ImageObject\",\"inLanguage\":\"it-IT\",\"@id\":\"https:\/\/www.fai-srl.com\/shop\/product\/prolunga-industriale-con-cavo-h07rn-f-2\/#primaryimage\",\"url\":\"https:\/\/www.fai-srl.com\/shop\/wp-content\/uploads\/2020\/12\/8284_RS.jpg\",\"contentUrl\":\"https:\/\/www.fai-srl.com\/shop\/wp-content\/uploads\/2020\/12\/8284_RS.jpg\",\"width\":600,\"height\":600,\"caption\":\"Prolunga industriale\"},{\"@type\":\"BreadcrumbList\",\"@id\":\"https:\/\/www.fai-srl.com\/shop\/product\/prolunga-industriale-con-cavo-h07rn-f-2\/#breadcrumb\",\"itemListElement\":[{\"@type\":\"ListItem\",\"position\":1,\"name\":\"Home\",\"item\":\"https:\/\/www.fai-srl.com\/shop\/\"},{\"@type\":\"ListItem\",\"position\":2,\"name\":\"Prodotti FAI Srl\",\"item\":\"https:\/\/www.fai-srl.com\/shop\/?page_id=4775\"},{\"@type\":\"ListItem\",\"position\":3,\"name\":\"Prolunga industriale con cavo H07RN-F\"}]},{\"@type\":\"WebSite\",\"@id\":\"https:\/\/www.fai-srl.com\/shop\/#website\",\"url\":\"https:\/\/www.fai-srl.com\/shop\/\",\"name\":\"FAI SRL\",\"description\":\"Light Up your Creativity\",\"publisher\":{\"@id\":\"https:\/\/www.fai-srl.com\/shop\/#organization\"},\"potentialAction\":[{\"@type\":\"SearchAction\",\"target\":{\"@type\":\"EntryPoint\",\"urlTemplate\":\"https:\/\/www.fai-srl.com\/shop\/?s={search_term_string}\"},\"query-input\":{\"@type\":\"PropertyValueSpecification\",\"valueRequired\":true,\"valueName\":\"search_term_string\"}}],\"inLanguage\":\"it-IT\"},{\"@type\":\"Organization\",\"@id\":\"https:\/\/www.fai-srl.com\/shop\/#organization\",\"name\":\"FAI SRL\",\"url\":\"https:\/\/www.fai-srl.com\/shop\/\",\"logo\":{\"@type\":\"ImageObject\",\"inLanguage\":\"it-IT\",\"@id\":\"https:\/\/www.fai-srl.com\/shop\/#\/schema\/logo\/image\/\",\"url\":\"http:\/\/www.fai-srl.com\/shop\/wp-content\/uploads\/2018\/10\/fai_logo.jpg\",\"contentUrl\":\"http:\/\/www.fai-srl.com\/shop\/wp-content\/uploads\/2018\/10\/fai_logo.jpg\",\"width\":300,\"height\":132,\"caption\":\"FAI SRL\"},\"image\":{\"@id\":\"https:\/\/www.fai-srl.com\/shop\/#\/schema\/logo\/image\/\"}}]}<\/script>\n<!-- \/ Yoast SEO plugin. -->","yoast_head_json":{"title":"Prolunga industriale con cavo H07RN-F - FAI SRL","description":"Prolunga industriale con cavo della lunghezza di 10, 20 o 30 metri, tensione nominale di 400 Vac e conforme alle disposizioni UE per il suo utilizzo.","robots":{"index":"index","follow":"follow","max-snippet":"max-snippet:-1","max-image-preview":"max-image-preview:large","max-video-preview":"max-video-preview:-1"},"canonical":"https:\/\/www.fai-srl.com\/shop\/product\/prolunga-industriale-con-cavo-h07rn-f-2\/","og_locale":"it_IT","og_type":"article","og_title":"Prolunga industriale con cavo H07RN-F - FAI SRL","og_description":"Prolunga industriale con cavo della lunghezza di 10, 20 o 30 metri, tensione nominale di 400 Vac e conforme alle disposizioni UE per il suo utilizzo.","og_url":"https:\/\/www.fai-srl.com\/shop\/product\/prolunga-industriale-con-cavo-h07rn-f-2\/","og_site_name":"FAI SRL","article_modified_time":"2026-02-27T18:32:48+00:00","og_image":[{"width":600,"height":600,"url":"https:\/\/www.fai-srl.com\/shop\/wp-content\/uploads\/2020\/12\/8284_RS.jpg","type":"image\/jpeg"}],"twitter_card":"summary_large_image","twitter_misc":{"Tempo di lettura stimato":"1 minuto"},"schema":{"@context":"https:\/\/schema.org","@graph":[{"@type":"WebPage","@id":"https:\/\/www.fai-srl.com\/shop\/product\/prolunga-industriale-con-cavo-h07rn-f-2\/","url":"https:\/\/www.fai-srl.com\/shop\/product\/prolunga-industriale-con-cavo-h07rn-f-2\/","name":"Prolunga industriale con cavo H07RN-F - FAI SRL","isPartOf":{"@id":"https:\/\/www.fai-srl.com\/shop\/#website"},"primaryImageOfPage":{"@id":"https:\/\/www.fai-srl.com\/shop\/product\/prolunga-industriale-con-cavo-h07rn-f-2\/#primaryimage"},"image":{"@id":"https:\/\/www.fai-srl.com\/shop\/product\/prolunga-industriale-con-cavo-h07rn-f-2\/#primaryimage"},"thumbnailUrl":"https:\/\/www.fai-srl.com\/shop\/wp-content\/uploads\/2020\/12\/8284_RS.jpg","datePublished":"2020-12-19T21:01:54+00:00","dateModified":"2026-02-27T18:32:48+00:00","description":"Prolunga industriale con cavo della lunghezza di 10, 20 o 30 metri, tensione nominale di 400 Vac e conforme alle disposizioni UE per il suo utilizzo.","breadcrumb":{"@id":"https:\/\/www.fai-srl.com\/shop\/product\/prolunga-industriale-con-cavo-h07rn-f-2\/#breadcrumb"},"inLanguage":"it-IT","potentialAction":[{"@type":"ReadAction","target":["https:\/\/www.fai-srl.com\/shop\/product\/prolunga-industriale-con-cavo-h07rn-f-2\/"]}]},{"@type":"ImageObject","inLanguage":"it-IT","@id":"https:\/\/www.fai-srl.com\/shop\/product\/prolunga-industriale-con-cavo-h07rn-f-2\/#primaryimage","url":"https:\/\/www.fai-srl.com\/shop\/wp-content\/uploads\/2020\/12\/8284_RS.jpg","contentUrl":"https:\/\/www.fai-srl.com\/shop\/wp-content\/uploads\/2020\/12\/8284_RS.jpg","width":600,"height":600,"caption":"Prolunga industriale"},{"@type":"BreadcrumbList","@id":"https:\/\/www.fai-srl.com\/shop\/product\/prolunga-industriale-con-cavo-h07rn-f-2\/#breadcrumb","itemListElement":[{"@type":"ListItem","position":1,"name":"Home","item":"https:\/\/www.fai-srl.com\/shop\/"},{"@type":"ListItem","position":2,"name":"Prodotti FAI Srl","item":"https:\/\/www.fai-srl.com\/shop\/?page_id=4775"},{"@type":"ListItem","position":3,"name":"Prolunga industriale con cavo H07RN-F"}]},{"@type":"WebSite","@id":"https:\/\/www.fai-srl.com\/shop\/#website","url":"https:\/\/www.fai-srl.com\/shop\/","name":"FAI SRL","description":"Light Up your Creativity","publisher":{"@id":"https:\/\/www.fai-srl.com\/shop\/#organization"},"potentialAction":[{"@type":"SearchAction","target":{"@type":"EntryPoint","urlTemplate":"https:\/\/www.fai-srl.com\/shop\/?s={search_term_string}"},"query-input":{"@type":"PropertyValueSpecification","valueRequired":true,"valueName":"search_term_string"}}],"inLanguage":"it-IT"},{"@type":"Organization","@id":"https:\/\/www.fai-srl.com\/shop\/#organization","name":"FAI SRL","url":"https:\/\/www.fai-srl.com\/shop\/","logo":{"@type":"ImageObject","inLanguage":"it-IT","@id":"https:\/\/www.fai-srl.com\/shop\/#\/schema\/logo\/image\/","url":"http:\/\/www.fai-srl.com\/shop\/wp-content\/uploads\/2018\/10\/fai_logo.jpg","contentUrl":"http:\/\/www.fai-srl.com\/shop\/wp-content\/uploads\/2018\/10\/fai_logo.jpg","width":300,"height":132,"caption":"FAI SRL"},"image":{"@id":"https:\/\/www.fai-srl.com\/shop\/#\/schema\/logo\/image\/"}}]}},"_links":{"self":[{"href":"https:\/\/www.fai-srl.com\/shop\/wp-json\/wp\/v2\/product\/24617","targetHints":{"allow":["GET"]}}],"collection":[{"href":"https:\/\/www.fai-srl.com\/shop\/wp-json\/wp\/v2\/product"}],"about":[{"href":"https:\/\/www.fai-srl.com\/shop\/wp-json\/wp\/v2\/types\/product"}],"version-history":[{"count":3,"href":"https:\/\/www.fai-srl.com\/shop\/wp-json\/wp\/v2\/product\/24617\/revisions"}],"predecessor-version":[{"id":30288,"href":"https:\/\/www.fai-srl.com\/shop\/wp-json\/wp\/v2\/product\/24617\/revisions\/30288"}],"wp:featuredmedia":[{"embeddable":true,"href":"https:\/\/www.fai-srl.com\/shop\/wp-json\/wp\/v2\/media\/24621"}],"wp:attachment":[{"href":"https:\/\/www.fai-srl.com\/shop\/wp-json\/wp\/v2\/media?parent=24617"}],"wp:term":[{"taxonomy":"product_cat","embeddable":true,"href":"https:\/\/www.fai-srl.com\/shop\/wp-json\/wp\/v2\/product_cat?post=24617"},{"taxonomy":"product_tag","embeddable":true,"href":"https:\/\/www.fai-srl.com\/shop\/wp-json\/wp\/v2\/product_tag?post=24617"}],"curies":[{"name":"wp","href":"https:\/\/api.w.org\/{rel}","templated":true}]}}