{"id":23717,"date":"2020-12-13T22:50:58","date_gmt":"2020-12-13T21:50:58","guid":{"rendered":"http:\/\/www.fai-srl.com\/shop\/?post_type=product&#038;p=23717"},"modified":"2026-02-27T19:32:54","modified_gmt":"2026-02-27T18:32:54","slug":"guaina-termorestringente","status":"publish","type":"product","link":"https:\/\/www.fai-srl.com\/shop\/product\/guaina-termorestringente\/","title":{"rendered":"Guaina termorestringente"},"content":{"rendered":"<p><strong>Guaina termorestringente<\/strong>.<\/p>\n<p style=\"text-align: justify;\">La guaina termorestringente \u00e8 un prodotto che viene impiegato in diversi settori, soprattutto quello elettrico e ne esistono di diverse forme, dimensioni, colore e materiale. Si tratta di dispositivi che, una volta a contatto con alte temperature, si restringono fino ad ottenere la misura desiderata.<\/p>\n<p style=\"text-align: justify;\">La capacit\u00e0 di restringimento della guaina termorestringente dipende dal materiale dal quale \u00e8 composta.<\/p>\n<p style=\"text-align: justify;\">L&#8217;utilizzo principale della guaina termorestringente \u00e8 quello che riguarda la copertura e l&#8217;isolamento dei cavi. Il suo materiale resistente agli agenti chimici, \u00e8 adatto per proteggere i fili elettrici isolandoli dall&#8217; umidit\u00e0, polvere e dalla corrosione chimica.<\/p>\n<p style=\"text-align: justify;\">Questa guaina termorestringente \u00e8 disponibile sia in rotoli che in pratici dispenser scatolati.<\/p>\n<p style=\"text-align: justify;\">Oltre al colore nero sono disponibili, su richiesta, i seguenti colori: rosso, blu, giallo, verde e bianco.<\/p>\n<p style=\"text-align: justify;\">Se dovessi aver bisogno di maggiori informazioni relative a questo prodotto o necessiti di un&#8217;offerta personalizzata <a href=\"https:\/\/www.fai-srl.com\/contatti\/\" target=\"_blank\" rel=\"noopener\">contattaci<\/a>!<\/p>\n<p style=\"text-align: justify;\">Rimani aggiornato sui nostri prodotti, seguici sui nostri canali social <a href=\"https:\/\/www.facebook.com\/faisrl.materialelettrico\/\" target=\"_blank\" rel=\"noopener\">Facebook<\/a> e <a href=\"https:\/\/www.instagram.com\/faisrl.materialelettrico\/\" target=\"_blank\" rel=\"noopener\">Instagram<\/a>.<\/p>\n<table border=\"0\" width=\"500\" align=\"center\">\n<tbody>\n<tr>\n<td>Temperatura d\u2019esercizio continuo da -55\u00b0 C a + 125\u00b0 C<\/td>\n<\/tr>\n<tr>\n<td>T. minima di inizio restringimento 70\u00b0 C<\/td>\n<\/tr>\n<tr>\n<td>T.minima di completo restringimento 100\u00b0 C<\/td>\n<\/tr>\n<tr>\n<td>Rigidit\u00e0 dielettrica 20 kV\/mm<\/td>\n<\/tr>\n<tr>\n<td>Rapporto di restringimento 2:1<\/td>\n<\/tr>\n<tr>\n<td>Autoestinguibilit\u00e0<\/td>\n<\/tr>\n<tr>\n<td>Materiale conforme alla normatica RoHS<\/td>\n<\/tr>\n<tr>\n<td>Materiale resistente agli agenti chimici<\/td>\n<\/tr>\n<tr>\n<td>Omologazione UL224 125\u00b0 C 600 V VW-1 (E204071)<\/td>\n<\/tr>\n<\/tbody>\n<\/table>\n","protected":false},"excerpt":{"rendered":"<p>Confezioni Vedi Tabella<\/p>\n","protected":false},"featured_media":25333,"template":"","meta":[],"product_cat":[509],"product_tag":[],"class_list":{"0":"post-23717","1":"product","2":"type-product","3":"status-publish","4":"has-post-thumbnail","6":"product_cat-impianti-civili","8":"first","9":"instock","10":"taxable","11":"shipping-taxable","12":"purchasable","13":"product-type-variable"},"yoast_head":"<!-- This site is optimized with the Yoast SEO plugin v26.2 - https:\/\/yoast.com\/wordpress\/plugins\/seo\/ -->\n<title>Guaina termorestringente - FAI SRL<\/title>\n<meta name=\"description\" content=\"Guaina termorestringente disponiile in varie lunghezze e spessore. Visita il nostro sito e scopri tutti i nostri prodotti!\" \/>\n<meta name=\"robots\" content=\"index, follow, max-snippet:-1, max-image-preview:large, max-video-preview:-1\" \/>\n<link rel=\"canonical\" href=\"https:\/\/www.fai-srl.com\/shop\/product\/guaina-termorestringente\/\" \/>\n<meta property=\"og:locale\" content=\"it_IT\" \/>\n<meta property=\"og:type\" content=\"article\" \/>\n<meta property=\"og:title\" content=\"Guaina termorestringente - FAI SRL\" \/>\n<meta property=\"og:description\" content=\"Guaina termorestringente disponiile in varie lunghezze e spessore. Visita il nostro sito e scopri tutti i nostri prodotti!\" \/>\n<meta property=\"og:url\" content=\"https:\/\/www.fai-srl.com\/shop\/product\/guaina-termorestringente\/\" \/>\n<meta property=\"og:site_name\" content=\"FAI SRL\" \/>\n<meta property=\"article:modified_time\" content=\"2026-02-27T18:32:54+00:00\" \/>\n<meta property=\"og:image\" content=\"https:\/\/www.fai-srl.com\/shop\/wp-content\/uploads\/2020\/12\/4410_GR.jpg\" \/>\n\t<meta property=\"og:image:width\" content=\"600\" \/>\n\t<meta property=\"og:image:height\" content=\"600\" \/>\n\t<meta property=\"og:image:type\" content=\"image\/jpeg\" \/>\n<meta name=\"twitter:card\" content=\"summary_large_image\" \/>\n<meta name=\"twitter:label1\" content=\"Tempo di lettura stimato\" \/>\n\t<meta name=\"twitter:data1\" content=\"1 minuto\" \/>\n<script type=\"application\/ld+json\" class=\"yoast-schema-graph\">{\"@context\":\"https:\/\/schema.org\",\"@graph\":[{\"@type\":\"WebPage\",\"@id\":\"https:\/\/www.fai-srl.com\/shop\/product\/guaina-termorestringente\/\",\"url\":\"https:\/\/www.fai-srl.com\/shop\/product\/guaina-termorestringente\/\",\"name\":\"Guaina termorestringente - FAI SRL\",\"isPartOf\":{\"@id\":\"https:\/\/www.fai-srl.com\/shop\/#website\"},\"primaryImageOfPage\":{\"@id\":\"https:\/\/www.fai-srl.com\/shop\/product\/guaina-termorestringente\/#primaryimage\"},\"image\":{\"@id\":\"https:\/\/www.fai-srl.com\/shop\/product\/guaina-termorestringente\/#primaryimage\"},\"thumbnailUrl\":\"https:\/\/www.fai-srl.com\/shop\/wp-content\/uploads\/2020\/12\/4410_GR.jpg\",\"datePublished\":\"2020-12-13T21:50:58+00:00\",\"dateModified\":\"2026-02-27T18:32:54+00:00\",\"description\":\"Guaina termorestringente disponiile in varie lunghezze e spessore. Visita il nostro sito e scopri tutti i nostri prodotti!\",\"breadcrumb\":{\"@id\":\"https:\/\/www.fai-srl.com\/shop\/product\/guaina-termorestringente\/#breadcrumb\"},\"inLanguage\":\"it-IT\",\"potentialAction\":[{\"@type\":\"ReadAction\",\"target\":[\"https:\/\/www.fai-srl.com\/shop\/product\/guaina-termorestringente\/\"]}]},{\"@type\":\"ImageObject\",\"inLanguage\":\"it-IT\",\"@id\":\"https:\/\/www.fai-srl.com\/shop\/product\/guaina-termorestringente\/#primaryimage\",\"url\":\"https:\/\/www.fai-srl.com\/shop\/wp-content\/uploads\/2020\/12\/4410_GR.jpg\",\"contentUrl\":\"https:\/\/www.fai-srl.com\/shop\/wp-content\/uploads\/2020\/12\/4410_GR.jpg\",\"width\":600,\"height\":600,\"caption\":\"Guaina termorestringente\"},{\"@type\":\"BreadcrumbList\",\"@id\":\"https:\/\/www.fai-srl.com\/shop\/product\/guaina-termorestringente\/#breadcrumb\",\"itemListElement\":[{\"@type\":\"ListItem\",\"position\":1,\"name\":\"Home\",\"item\":\"https:\/\/www.fai-srl.com\/shop\/\"},{\"@type\":\"ListItem\",\"position\":2,\"name\":\"Prodotti FAI Srl\",\"item\":\"https:\/\/www.fai-srl.com\/shop\/?page_id=4775\"},{\"@type\":\"ListItem\",\"position\":3,\"name\":\"Guaina termorestringente\"}]},{\"@type\":\"WebSite\",\"@id\":\"https:\/\/www.fai-srl.com\/shop\/#website\",\"url\":\"https:\/\/www.fai-srl.com\/shop\/\",\"name\":\"FAI SRL\",\"description\":\"Light Up your Creativity\",\"publisher\":{\"@id\":\"https:\/\/www.fai-srl.com\/shop\/#organization\"},\"potentialAction\":[{\"@type\":\"SearchAction\",\"target\":{\"@type\":\"EntryPoint\",\"urlTemplate\":\"https:\/\/www.fai-srl.com\/shop\/?s={search_term_string}\"},\"query-input\":{\"@type\":\"PropertyValueSpecification\",\"valueRequired\":true,\"valueName\":\"search_term_string\"}}],\"inLanguage\":\"it-IT\"},{\"@type\":\"Organization\",\"@id\":\"https:\/\/www.fai-srl.com\/shop\/#organization\",\"name\":\"FAI SRL\",\"url\":\"https:\/\/www.fai-srl.com\/shop\/\",\"logo\":{\"@type\":\"ImageObject\",\"inLanguage\":\"it-IT\",\"@id\":\"https:\/\/www.fai-srl.com\/shop\/#\/schema\/logo\/image\/\",\"url\":\"http:\/\/www.fai-srl.com\/shop\/wp-content\/uploads\/2018\/10\/fai_logo.jpg\",\"contentUrl\":\"http:\/\/www.fai-srl.com\/shop\/wp-content\/uploads\/2018\/10\/fai_logo.jpg\",\"width\":300,\"height\":132,\"caption\":\"FAI SRL\"},\"image\":{\"@id\":\"https:\/\/www.fai-srl.com\/shop\/#\/schema\/logo\/image\/\"}}]}<\/script>\n<!-- \/ Yoast SEO plugin. -->","yoast_head_json":{"title":"Guaina termorestringente - FAI SRL","description":"Guaina termorestringente disponiile in varie lunghezze e spessore. Visita il nostro sito e scopri tutti i nostri prodotti!","robots":{"index":"index","follow":"follow","max-snippet":"max-snippet:-1","max-image-preview":"max-image-preview:large","max-video-preview":"max-video-preview:-1"},"canonical":"https:\/\/www.fai-srl.com\/shop\/product\/guaina-termorestringente\/","og_locale":"it_IT","og_type":"article","og_title":"Guaina termorestringente - FAI SRL","og_description":"Guaina termorestringente disponiile in varie lunghezze e spessore. Visita il nostro sito e scopri tutti i nostri prodotti!","og_url":"https:\/\/www.fai-srl.com\/shop\/product\/guaina-termorestringente\/","og_site_name":"FAI SRL","article_modified_time":"2026-02-27T18:32:54+00:00","og_image":[{"width":600,"height":600,"url":"https:\/\/www.fai-srl.com\/shop\/wp-content\/uploads\/2020\/12\/4410_GR.jpg","type":"image\/jpeg"}],"twitter_card":"summary_large_image","twitter_misc":{"Tempo di lettura stimato":"1 minuto"},"schema":{"@context":"https:\/\/schema.org","@graph":[{"@type":"WebPage","@id":"https:\/\/www.fai-srl.com\/shop\/product\/guaina-termorestringente\/","url":"https:\/\/www.fai-srl.com\/shop\/product\/guaina-termorestringente\/","name":"Guaina termorestringente - FAI SRL","isPartOf":{"@id":"https:\/\/www.fai-srl.com\/shop\/#website"},"primaryImageOfPage":{"@id":"https:\/\/www.fai-srl.com\/shop\/product\/guaina-termorestringente\/#primaryimage"},"image":{"@id":"https:\/\/www.fai-srl.com\/shop\/product\/guaina-termorestringente\/#primaryimage"},"thumbnailUrl":"https:\/\/www.fai-srl.com\/shop\/wp-content\/uploads\/2020\/12\/4410_GR.jpg","datePublished":"2020-12-13T21:50:58+00:00","dateModified":"2026-02-27T18:32:54+00:00","description":"Guaina termorestringente disponiile in varie lunghezze e spessore. Visita il nostro sito e scopri tutti i nostri prodotti!","breadcrumb":{"@id":"https:\/\/www.fai-srl.com\/shop\/product\/guaina-termorestringente\/#breadcrumb"},"inLanguage":"it-IT","potentialAction":[{"@type":"ReadAction","target":["https:\/\/www.fai-srl.com\/shop\/product\/guaina-termorestringente\/"]}]},{"@type":"ImageObject","inLanguage":"it-IT","@id":"https:\/\/www.fai-srl.com\/shop\/product\/guaina-termorestringente\/#primaryimage","url":"https:\/\/www.fai-srl.com\/shop\/wp-content\/uploads\/2020\/12\/4410_GR.jpg","contentUrl":"https:\/\/www.fai-srl.com\/shop\/wp-content\/uploads\/2020\/12\/4410_GR.jpg","width":600,"height":600,"caption":"Guaina termorestringente"},{"@type":"BreadcrumbList","@id":"https:\/\/www.fai-srl.com\/shop\/product\/guaina-termorestringente\/#breadcrumb","itemListElement":[{"@type":"ListItem","position":1,"name":"Home","item":"https:\/\/www.fai-srl.com\/shop\/"},{"@type":"ListItem","position":2,"name":"Prodotti FAI Srl","item":"https:\/\/www.fai-srl.com\/shop\/?page_id=4775"},{"@type":"ListItem","position":3,"name":"Guaina termorestringente"}]},{"@type":"WebSite","@id":"https:\/\/www.fai-srl.com\/shop\/#website","url":"https:\/\/www.fai-srl.com\/shop\/","name":"FAI SRL","description":"Light Up your Creativity","publisher":{"@id":"https:\/\/www.fai-srl.com\/shop\/#organization"},"potentialAction":[{"@type":"SearchAction","target":{"@type":"EntryPoint","urlTemplate":"https:\/\/www.fai-srl.com\/shop\/?s={search_term_string}"},"query-input":{"@type":"PropertyValueSpecification","valueRequired":true,"valueName":"search_term_string"}}],"inLanguage":"it-IT"},{"@type":"Organization","@id":"https:\/\/www.fai-srl.com\/shop\/#organization","name":"FAI SRL","url":"https:\/\/www.fai-srl.com\/shop\/","logo":{"@type":"ImageObject","inLanguage":"it-IT","@id":"https:\/\/www.fai-srl.com\/shop\/#\/schema\/logo\/image\/","url":"http:\/\/www.fai-srl.com\/shop\/wp-content\/uploads\/2018\/10\/fai_logo.jpg","contentUrl":"http:\/\/www.fai-srl.com\/shop\/wp-content\/uploads\/2018\/10\/fai_logo.jpg","width":300,"height":132,"caption":"FAI SRL"},"image":{"@id":"https:\/\/www.fai-srl.com\/shop\/#\/schema\/logo\/image\/"}}]}},"_links":{"self":[{"href":"https:\/\/www.fai-srl.com\/shop\/wp-json\/wp\/v2\/product\/23717","targetHints":{"allow":["GET"]}}],"collection":[{"href":"https:\/\/www.fai-srl.com\/shop\/wp-json\/wp\/v2\/product"}],"about":[{"href":"https:\/\/www.fai-srl.com\/shop\/wp-json\/wp\/v2\/types\/product"}],"version-history":[{"count":5,"href":"https:\/\/www.fai-srl.com\/shop\/wp-json\/wp\/v2\/product\/23717\/revisions"}],"predecessor-version":[{"id":30585,"href":"https:\/\/www.fai-srl.com\/shop\/wp-json\/wp\/v2\/product\/23717\/revisions\/30585"}],"wp:featuredmedia":[{"embeddable":true,"href":"https:\/\/www.fai-srl.com\/shop\/wp-json\/wp\/v2\/media\/25333"}],"wp:attachment":[{"href":"https:\/\/www.fai-srl.com\/shop\/wp-json\/wp\/v2\/media?parent=23717"}],"wp:term":[{"taxonomy":"product_cat","embeddable":true,"href":"https:\/\/www.fai-srl.com\/shop\/wp-json\/wp\/v2\/product_cat?post=23717"},{"taxonomy":"product_tag","embeddable":true,"href":"https:\/\/www.fai-srl.com\/shop\/wp-json\/wp\/v2\/product_tag?post=23717"}],"curies":[{"name":"wp","href":"https:\/\/api.w.org\/{rel}","templated":true}]}}