{"id":23711,"date":"2020-12-13T22:34:12","date_gmt":"2020-12-13T21:34:12","guid":{"rendered":"http:\/\/www.fai-srl.com\/shop\/?post_type=product&#038;p=23711"},"modified":"2026-02-27T19:33:07","modified_gmt":"2026-02-27T18:33:07","slug":"guaina-in-vetro-tipo-15c","status":"publish","type":"product","link":"https:\/\/www.fai-srl.com\/shop\/product\/guaina-in-vetro-tipo-15c\/","title":{"rendered":"Guaina in vetro tipo 15c"},"content":{"rendered":"<p><strong>Guaina in vetro<\/strong><\/p>\n<p>La guaina \u00e8 un prodotto che viene impiegato in diversi settori, soprattutto quello elettrico e ne esistono di diverse forme, dimensioni, colore e materiale.<\/p>\n<p style=\"text-align: justify;\">Se dovessi aver bisogno di maggiori informazioni relative a questo prodotto o necessiti di un&#8217;offerta personalizzata <a href=\"https:\/\/www.fai-srl.com\/contatti\/\" target=\"_blank\" rel=\"noopener\">contattaci<\/a>!<\/p>\n<p style=\"text-align: justify;\">Rimani aggiornato sui nostri prodotti, seguici sui nostri canali social <a href=\"https:\/\/www.facebook.com\/faisrl.materialelettrico\/\" target=\"_blank\" rel=\"noopener\">Facebook<\/a> e <a href=\"https:\/\/www.instagram.com\/faisrl.materialelettrico\/\" target=\"_blank\" rel=\"noopener\">Instagram<\/a>.<\/p>\n<table border=\"0\" width=\"500\" align=\"center\">\n<tbody>\n<tr>\n<td>Diametri disponibili (mm):<\/td>\n<td>0,5 \/0,8 \/1 \/1,5 \/2 \/2,5 \/3 \/3,5 \/4 \/5 \/6 \/7 \/8 \/9 \/10 \/12 \/14 \/16 \/18 \/20 \/22 \/24<\/td>\n<\/tr>\n<tr>\n<td>Composizione:<\/td>\n<td>-Parte interna: treccia di filo di vetro (400\u00b0 C)<\/td>\n<\/tr>\n<tr>\n<td><\/td>\n<td>-Parte esterna: gomma di silicone (250\u00b0 C)<\/td>\n<\/tr>\n<tr>\n<td>Propriet\u00e0 Termiche:<\/td>\n<td>&#8211; unendo buona resistenza termica e meccanica della fibra di vetro con flessibilit\u00e0, stabilit\u00e0 chimica e rigidit\u00e0 dielettrica dell\u2019elastomero di Silicone \u00e8 l\u2019isolante ideale per conduttori e apparecchiature che devono sopportare temperature da -60\u00b0 a +200\u00b0 con punte saltuarie di 280\u00b0 C<\/td>\n<\/tr>\n<tr>\n<td><\/td>\n<td>&#8211; supporto treccia di vetro incombustibile, garantisce l\u2019isolamento per le temperature superiori a 280\u00b0 C, anche prima dell\u2019impregnazione con la gomma di silicone<\/td>\n<\/tr>\n<tr>\n<td><\/td>\n<td>&#8211; non propaga la fiamma<\/td>\n<\/tr>\n<tr>\n<td><\/td>\n<td>&#8211; sopporta molto bene le saldature<\/td>\n<\/tr>\n<tr>\n<td>Elettriche:<\/td>\n<td>&#8211; tensione nominale 500 V<\/td>\n<\/tr>\n<tr>\n<td><\/td>\n<td>&#8211; tensione di rottura dopo 10 ore a 90 % d\u2019umidit\u00e0 relativa: 15C 1.5 : 1000 V a 1500 V &#8211; 15C 2.5 : 2000 V a 3000 V &#8211; 15C 4 : 3000 V a 4000 V<\/td>\n<\/tr>\n<tr>\n<td>Chimiche:<\/td>\n<td>&#8211; buona tenuta all\u2019acqua (vapori d\u2019acqua, soluzioni alcaliche o saliniche e azoniche, radiazioni UV, acetone, alcool, etere, grassi)<\/td>\n<\/tr>\n<tr>\n<td><\/td>\n<td>&#8211; accetta delle proiezioni di idrocarburi e olii minerali<\/td>\n<\/tr>\n<tr>\n<td><\/td>\n<td>&#8211; non \u00e8 attaccata dalla muffa e dai funghi<\/td>\n<\/tr>\n<tr>\n<td>Meccaniche:<\/td>\n<td>&#8211; guaina molto flessibile con eccellente resistenza alle piegature<\/td>\n<\/tr>\n<tr>\n<td><\/td>\n<td>&#8211; sopporta molto bene le vibrazioni e le forti sollecitazioni<\/td>\n<\/tr>\n<tr>\n<td><\/td>\n<td>&#8211; nessun inconveniente anche ad alte temperature<\/td>\n<\/tr>\n<tr>\n<td>Applicazione:<\/td>\n<td>&#8211; Isolante per motori e macchine rotanti classe H (180\u00b0 C) e classe C (220\u00b0 C), trasformator<\/td>\n<\/tr>\n<tr>\n<td><\/td>\n<td>&#8211; Cablaggi per costruzioni elettriche ed elettroniche sottoposte a delle temperature estreme (alte o basse), apparecchi elettrodomestici e di riscaldamento, cablaggi nei forni, stufe, apparecchi di misura di controllo e di regolazione, ferri da stiro, saldatrici ecc.<br \/>\n&#8211; Isolante ideale per lampade plafoniere e altre apparecchiature per l\u2019illuminazione<\/td>\n<\/tr>\n<\/tbody>\n<\/table>\n","protected":false},"excerpt":{"rendered":"<p>Confezioni metrature varie 50 &#8211; 200 mt<\/p>\n","protected":false},"featured_media":23715,"template":"","meta":[],"product_cat":[509],"product_tag":[],"class_list":{"0":"post-23711","1":"product","2":"type-product","3":"status-publish","4":"has-post-thumbnail","6":"product_cat-impianti-civili","8":"first","9":"instock","10":"taxable","11":"shipping-taxable","12":"purchasable","13":"product-type-variable"},"yoast_head":"<!-- This site is optimized with the Yoast SEO plugin v26.2 - https:\/\/yoast.com\/wordpress\/plugins\/seo\/ -->\n<title>Guaina in vetro tipo 15c - FAI SRL<\/title>\n<meta name=\"description\" content=\"Guaina in vetro tipo 15c - diversi diametri disponibili, tensione nominale 500 V. Visita il nostro sito e scopri tutti i nostri prodotti!\" \/>\n<meta name=\"robots\" content=\"index, follow, max-snippet:-1, max-image-preview:large, max-video-preview:-1\" \/>\n<link rel=\"canonical\" href=\"https:\/\/www.fai-srl.com\/shop\/product\/guaina-in-vetro-tipo-15c\/\" \/>\n<meta property=\"og:locale\" content=\"it_IT\" \/>\n<meta property=\"og:type\" content=\"article\" \/>\n<meta property=\"og:title\" content=\"Guaina in vetro tipo 15c - FAI SRL\" \/>\n<meta property=\"og:description\" content=\"Guaina in vetro tipo 15c - diversi diametri disponibili, tensione nominale 500 V. Visita il nostro sito e scopri tutti i nostri prodotti!\" \/>\n<meta property=\"og:url\" content=\"https:\/\/www.fai-srl.com\/shop\/product\/guaina-in-vetro-tipo-15c\/\" \/>\n<meta property=\"og:site_name\" content=\"FAI SRL\" \/>\n<meta property=\"article:modified_time\" content=\"2026-02-27T18:33:07+00:00\" \/>\n<meta property=\"og:image\" content=\"https:\/\/www.fai-srl.com\/shop\/wp-content\/uploads\/2020\/12\/4590.jpg\" \/>\n\t<meta property=\"og:image:width\" content=\"600\" \/>\n\t<meta property=\"og:image:height\" content=\"600\" \/>\n\t<meta property=\"og:image:type\" content=\"image\/jpeg\" \/>\n<meta name=\"twitter:card\" content=\"summary_large_image\" \/>\n<meta name=\"twitter:label1\" content=\"Tempo di lettura stimato\" \/>\n\t<meta name=\"twitter:data1\" content=\"2 minuti\" \/>\n<script type=\"application\/ld+json\" class=\"yoast-schema-graph\">{\"@context\":\"https:\/\/schema.org\",\"@graph\":[{\"@type\":\"WebPage\",\"@id\":\"https:\/\/www.fai-srl.com\/shop\/product\/guaina-in-vetro-tipo-15c\/\",\"url\":\"https:\/\/www.fai-srl.com\/shop\/product\/guaina-in-vetro-tipo-15c\/\",\"name\":\"Guaina in vetro tipo 15c - FAI SRL\",\"isPartOf\":{\"@id\":\"https:\/\/www.fai-srl.com\/shop\/#website\"},\"primaryImageOfPage\":{\"@id\":\"https:\/\/www.fai-srl.com\/shop\/product\/guaina-in-vetro-tipo-15c\/#primaryimage\"},\"image\":{\"@id\":\"https:\/\/www.fai-srl.com\/shop\/product\/guaina-in-vetro-tipo-15c\/#primaryimage\"},\"thumbnailUrl\":\"https:\/\/www.fai-srl.com\/shop\/wp-content\/uploads\/2020\/12\/4590.jpg\",\"datePublished\":\"2020-12-13T21:34:12+00:00\",\"dateModified\":\"2026-02-27T18:33:07+00:00\",\"description\":\"Guaina in vetro tipo 15c - diversi diametri disponibili, tensione nominale 500 V. Visita il nostro sito e scopri tutti i nostri prodotti!\",\"breadcrumb\":{\"@id\":\"https:\/\/www.fai-srl.com\/shop\/product\/guaina-in-vetro-tipo-15c\/#breadcrumb\"},\"inLanguage\":\"it-IT\",\"potentialAction\":[{\"@type\":\"ReadAction\",\"target\":[\"https:\/\/www.fai-srl.com\/shop\/product\/guaina-in-vetro-tipo-15c\/\"]}]},{\"@type\":\"ImageObject\",\"inLanguage\":\"it-IT\",\"@id\":\"https:\/\/www.fai-srl.com\/shop\/product\/guaina-in-vetro-tipo-15c\/#primaryimage\",\"url\":\"https:\/\/www.fai-srl.com\/shop\/wp-content\/uploads\/2020\/12\/4590.jpg\",\"contentUrl\":\"https:\/\/www.fai-srl.com\/shop\/wp-content\/uploads\/2020\/12\/4590.jpg\",\"width\":600,\"height\":600},{\"@type\":\"BreadcrumbList\",\"@id\":\"https:\/\/www.fai-srl.com\/shop\/product\/guaina-in-vetro-tipo-15c\/#breadcrumb\",\"itemListElement\":[{\"@type\":\"ListItem\",\"position\":1,\"name\":\"Home\",\"item\":\"https:\/\/www.fai-srl.com\/shop\/\"},{\"@type\":\"ListItem\",\"position\":2,\"name\":\"Prodotti FAI Srl\",\"item\":\"https:\/\/www.fai-srl.com\/shop\/?page_id=4775\"},{\"@type\":\"ListItem\",\"position\":3,\"name\":\"Guaina in vetro tipo 15c\"}]},{\"@type\":\"WebSite\",\"@id\":\"https:\/\/www.fai-srl.com\/shop\/#website\",\"url\":\"https:\/\/www.fai-srl.com\/shop\/\",\"name\":\"FAI SRL\",\"description\":\"Light Up your Creativity\",\"publisher\":{\"@id\":\"https:\/\/www.fai-srl.com\/shop\/#organization\"},\"potentialAction\":[{\"@type\":\"SearchAction\",\"target\":{\"@type\":\"EntryPoint\",\"urlTemplate\":\"https:\/\/www.fai-srl.com\/shop\/?s={search_term_string}\"},\"query-input\":{\"@type\":\"PropertyValueSpecification\",\"valueRequired\":true,\"valueName\":\"search_term_string\"}}],\"inLanguage\":\"it-IT\"},{\"@type\":\"Organization\",\"@id\":\"https:\/\/www.fai-srl.com\/shop\/#organization\",\"name\":\"FAI SRL\",\"url\":\"https:\/\/www.fai-srl.com\/shop\/\",\"logo\":{\"@type\":\"ImageObject\",\"inLanguage\":\"it-IT\",\"@id\":\"https:\/\/www.fai-srl.com\/shop\/#\/schema\/logo\/image\/\",\"url\":\"http:\/\/www.fai-srl.com\/shop\/wp-content\/uploads\/2018\/10\/fai_logo.jpg\",\"contentUrl\":\"http:\/\/www.fai-srl.com\/shop\/wp-content\/uploads\/2018\/10\/fai_logo.jpg\",\"width\":300,\"height\":132,\"caption\":\"FAI SRL\"},\"image\":{\"@id\":\"https:\/\/www.fai-srl.com\/shop\/#\/schema\/logo\/image\/\"}}]}<\/script>\n<!-- \/ Yoast SEO plugin. -->","yoast_head_json":{"title":"Guaina in vetro tipo 15c - FAI SRL","description":"Guaina in vetro tipo 15c - diversi diametri disponibili, tensione nominale 500 V. Visita il nostro sito e scopri tutti i nostri prodotti!","robots":{"index":"index","follow":"follow","max-snippet":"max-snippet:-1","max-image-preview":"max-image-preview:large","max-video-preview":"max-video-preview:-1"},"canonical":"https:\/\/www.fai-srl.com\/shop\/product\/guaina-in-vetro-tipo-15c\/","og_locale":"it_IT","og_type":"article","og_title":"Guaina in vetro tipo 15c - FAI SRL","og_description":"Guaina in vetro tipo 15c - diversi diametri disponibili, tensione nominale 500 V. Visita il nostro sito e scopri tutti i nostri prodotti!","og_url":"https:\/\/www.fai-srl.com\/shop\/product\/guaina-in-vetro-tipo-15c\/","og_site_name":"FAI SRL","article_modified_time":"2026-02-27T18:33:07+00:00","og_image":[{"width":600,"height":600,"url":"https:\/\/www.fai-srl.com\/shop\/wp-content\/uploads\/2020\/12\/4590.jpg","type":"image\/jpeg"}],"twitter_card":"summary_large_image","twitter_misc":{"Tempo di lettura stimato":"2 minuti"},"schema":{"@context":"https:\/\/schema.org","@graph":[{"@type":"WebPage","@id":"https:\/\/www.fai-srl.com\/shop\/product\/guaina-in-vetro-tipo-15c\/","url":"https:\/\/www.fai-srl.com\/shop\/product\/guaina-in-vetro-tipo-15c\/","name":"Guaina in vetro tipo 15c - FAI SRL","isPartOf":{"@id":"https:\/\/www.fai-srl.com\/shop\/#website"},"primaryImageOfPage":{"@id":"https:\/\/www.fai-srl.com\/shop\/product\/guaina-in-vetro-tipo-15c\/#primaryimage"},"image":{"@id":"https:\/\/www.fai-srl.com\/shop\/product\/guaina-in-vetro-tipo-15c\/#primaryimage"},"thumbnailUrl":"https:\/\/www.fai-srl.com\/shop\/wp-content\/uploads\/2020\/12\/4590.jpg","datePublished":"2020-12-13T21:34:12+00:00","dateModified":"2026-02-27T18:33:07+00:00","description":"Guaina in vetro tipo 15c - diversi diametri disponibili, tensione nominale 500 V. Visita il nostro sito e scopri tutti i nostri prodotti!","breadcrumb":{"@id":"https:\/\/www.fai-srl.com\/shop\/product\/guaina-in-vetro-tipo-15c\/#breadcrumb"},"inLanguage":"it-IT","potentialAction":[{"@type":"ReadAction","target":["https:\/\/www.fai-srl.com\/shop\/product\/guaina-in-vetro-tipo-15c\/"]}]},{"@type":"ImageObject","inLanguage":"it-IT","@id":"https:\/\/www.fai-srl.com\/shop\/product\/guaina-in-vetro-tipo-15c\/#primaryimage","url":"https:\/\/www.fai-srl.com\/shop\/wp-content\/uploads\/2020\/12\/4590.jpg","contentUrl":"https:\/\/www.fai-srl.com\/shop\/wp-content\/uploads\/2020\/12\/4590.jpg","width":600,"height":600},{"@type":"BreadcrumbList","@id":"https:\/\/www.fai-srl.com\/shop\/product\/guaina-in-vetro-tipo-15c\/#breadcrumb","itemListElement":[{"@type":"ListItem","position":1,"name":"Home","item":"https:\/\/www.fai-srl.com\/shop\/"},{"@type":"ListItem","position":2,"name":"Prodotti FAI Srl","item":"https:\/\/www.fai-srl.com\/shop\/?page_id=4775"},{"@type":"ListItem","position":3,"name":"Guaina in vetro tipo 15c"}]},{"@type":"WebSite","@id":"https:\/\/www.fai-srl.com\/shop\/#website","url":"https:\/\/www.fai-srl.com\/shop\/","name":"FAI SRL","description":"Light Up your Creativity","publisher":{"@id":"https:\/\/www.fai-srl.com\/shop\/#organization"},"potentialAction":[{"@type":"SearchAction","target":{"@type":"EntryPoint","urlTemplate":"https:\/\/www.fai-srl.com\/shop\/?s={search_term_string}"},"query-input":{"@type":"PropertyValueSpecification","valueRequired":true,"valueName":"search_term_string"}}],"inLanguage":"it-IT"},{"@type":"Organization","@id":"https:\/\/www.fai-srl.com\/shop\/#organization","name":"FAI SRL","url":"https:\/\/www.fai-srl.com\/shop\/","logo":{"@type":"ImageObject","inLanguage":"it-IT","@id":"https:\/\/www.fai-srl.com\/shop\/#\/schema\/logo\/image\/","url":"http:\/\/www.fai-srl.com\/shop\/wp-content\/uploads\/2018\/10\/fai_logo.jpg","contentUrl":"http:\/\/www.fai-srl.com\/shop\/wp-content\/uploads\/2018\/10\/fai_logo.jpg","width":300,"height":132,"caption":"FAI SRL"},"image":{"@id":"https:\/\/www.fai-srl.com\/shop\/#\/schema\/logo\/image\/"}}]}},"_links":{"self":[{"href":"https:\/\/www.fai-srl.com\/shop\/wp-json\/wp\/v2\/product\/23711","targetHints":{"allow":["GET"]}}],"collection":[{"href":"https:\/\/www.fai-srl.com\/shop\/wp-json\/wp\/v2\/product"}],"about":[{"href":"https:\/\/www.fai-srl.com\/shop\/wp-json\/wp\/v2\/types\/product"}],"version-history":[{"count":5,"href":"https:\/\/www.fai-srl.com\/shop\/wp-json\/wp\/v2\/product\/23711\/revisions"}],"predecessor-version":[{"id":28337,"href":"https:\/\/www.fai-srl.com\/shop\/wp-json\/wp\/v2\/product\/23711\/revisions\/28337"}],"wp:featuredmedia":[{"embeddable":true,"href":"https:\/\/www.fai-srl.com\/shop\/wp-json\/wp\/v2\/media\/23715"}],"wp:attachment":[{"href":"https:\/\/www.fai-srl.com\/shop\/wp-json\/wp\/v2\/media?parent=23711"}],"wp:term":[{"taxonomy":"product_cat","embeddable":true,"href":"https:\/\/www.fai-srl.com\/shop\/wp-json\/wp\/v2\/product_cat?post=23711"},{"taxonomy":"product_tag","embeddable":true,"href":"https:\/\/www.fai-srl.com\/shop\/wp-json\/wp\/v2\/product_tag?post=23711"}],"curies":[{"name":"wp","href":"https:\/\/api.w.org\/{rel}","templated":true}]}}