{"id":23416,"date":"2020-12-12T17:36:12","date_gmt":"2020-12-12T16:36:12","guid":{"rendered":"http:\/\/www.fai-srl.com\/shop\/?post_type=product&#038;p=23416"},"modified":"2026-02-27T19:32:04","modified_gmt":"2026-02-27T18:32:04","slug":"guaina-spiralata-in-pvc","status":"publish","type":"product","link":"https:\/\/www.fai-srl.com\/shop\/product\/guaina-spiralata-in-pvc\/","title":{"rendered":"Guaina spiralata in PVC"},"content":{"rendered":"<p><strong>Guaina spiralata in PVC<\/strong><\/p>\n<p style=\"text-align: justify;\">Nella categoria degli impianti civili, tra i nostri articoli non possono certo mancare le guaine per tubi. Il loro uso viene prevalentemente impiegato per proteggere i cavi da urti, acqua e umidit\u00e0. Ne esistono di diverse tipologie, forme e dimensioni, in modo tale da trovare il raccordo perfetto per le tue esigenze.<\/p>\n<p style=\"text-align: justify;\">Questa guaina spiralata \u00e8 utilizzata per i cavi elettrici. Il suo utilizzo viene impiegato per offrire una protezione maggiore ai cavi che passano al suo interno. Grazie alla sua flessibilit\u00e0, \u00e8 possibile portare ovunque la guaina, a differenza dei tubi pi\u00f9 rigidi. \u00c8 ideale per essere fatta passare nei muri o nei pavimenti.<\/p>\n<p style=\"text-align: justify;\"><span class=\"ILfuVd\"><span class=\"hgKElc\">La guaina spiralata ha una resistenza all&#8217;urto di 2 kg da un&#8217;altezza di 100 mm.<\/span><\/span><\/p>\n<p style=\"text-align: justify;\">Questo articolo possiede il marchio CE, che garantisce la conformit\u00e0 del prodotto a tutte le disposizioni della Comunit\u00e0 Europea che prevedono il suo utilizzo dalla progettazione, alla messa in servizio fino allo smaltimento.<\/p>\n<p style=\"text-align: justify;\">Se dovessi aver bisogno di maggiori informazioni relative a questo prodotto o necessiti di un&#8217;offerta personalizzata <a href=\"https:\/\/www.fai-srl.com\/contatti\/\" target=\"_blank\" rel=\"noopener\">contattaci<\/a>!<\/p>\n<p style=\"text-align: justify;\">Rimani aggiornato sui nostri prodotti, seguici sui nostri canali social <a href=\"https:\/\/www.facebook.com\/faisrl.materialelettrico\/\" target=\"_blank\" rel=\"noopener\">Facebook<\/a> e <a href=\"https:\/\/www.instagram.com\/faisrl.materialelettrico\/\" target=\"_blank\" rel=\"noopener\">Instagram<\/a>.<\/p>\n<table border=\"0\" width=\"500\" align=\"center\">\n<tbody>\n<tr>\n<td>Resistenza schiacciamento:<\/td>\n<td>\u00a0&gt;320N\/5 cm a =23\u00b0 C<\/td>\n<\/tr>\n<tr>\n<td>Resistenza all\u2019urto:<\/td>\n<td>2 Kg da un\u2019altezza di 100 mm<\/td>\n<\/tr>\n<tr>\n<td>Temperatura d\u2019utilizzo:<\/td>\n<td>da 5\u00b0 C a 60\u00b0 C<\/td>\n<\/tr>\n<tr>\n<td>Rigidit\u00e0 dielettrica:<\/td>\n<td>&gt;2000 V a 50 Hz<\/td>\n<\/tr>\n<\/tbody>\n<\/table>\n","protected":false},"excerpt":{"rendered":"<p>Confezioni 30 m<\/p>\n","protected":false},"featured_media":23427,"template":"","meta":[],"product_cat":[509],"product_tag":[],"class_list":{"0":"post-23416","1":"product","2":"type-product","3":"status-publish","4":"has-post-thumbnail","6":"product_cat-impianti-civili","8":"first","9":"instock","10":"taxable","11":"shipping-taxable","12":"purchasable","13":"product-type-variable"},"yoast_head":"<!-- This site is optimized with the Yoast SEO plugin v26.2 - https:\/\/yoast.com\/wordpress\/plugins\/seo\/ -->\n<title>Guaina spiralata in PVC - FAI SRL<\/title>\n<meta name=\"description\" content=\"Guaina spiralata in PVC, per la protezione di cavi elettrici, flessibile e resitente. Visita il nostro sito e scopri tutti i nostri prodotti!\" \/>\n<meta name=\"robots\" content=\"index, follow, max-snippet:-1, max-image-preview:large, max-video-preview:-1\" \/>\n<link rel=\"canonical\" href=\"https:\/\/www.fai-srl.com\/shop\/product\/guaina-spiralata-in-pvc\/\" \/>\n<meta property=\"og:locale\" content=\"it_IT\" \/>\n<meta property=\"og:type\" content=\"article\" \/>\n<meta property=\"og:title\" content=\"Guaina spiralata in PVC - FAI SRL\" \/>\n<meta property=\"og:description\" content=\"Guaina spiralata in PVC, per la protezione di cavi elettrici, flessibile e resitente. Visita il nostro sito e scopri tutti i nostri prodotti!\" \/>\n<meta property=\"og:url\" content=\"https:\/\/www.fai-srl.com\/shop\/product\/guaina-spiralata-in-pvc\/\" \/>\n<meta property=\"og:site_name\" content=\"FAI SRL\" \/>\n<meta property=\"article:modified_time\" content=\"2026-02-27T18:32:04+00:00\" \/>\n<meta property=\"og:image\" content=\"https:\/\/www.fai-srl.com\/shop\/wp-content\/uploads\/2020\/12\/4708.jpg\" \/>\n\t<meta property=\"og:image:width\" content=\"600\" \/>\n\t<meta property=\"og:image:height\" content=\"600\" \/>\n\t<meta property=\"og:image:type\" content=\"image\/jpeg\" \/>\n<meta name=\"twitter:card\" content=\"summary_large_image\" \/>\n<meta name=\"twitter:label1\" content=\"Tempo di lettura stimato\" \/>\n\t<meta name=\"twitter:data1\" content=\"1 minuto\" \/>\n<script type=\"application\/ld+json\" class=\"yoast-schema-graph\">{\"@context\":\"https:\/\/schema.org\",\"@graph\":[{\"@type\":\"WebPage\",\"@id\":\"https:\/\/www.fai-srl.com\/shop\/product\/guaina-spiralata-in-pvc\/\",\"url\":\"https:\/\/www.fai-srl.com\/shop\/product\/guaina-spiralata-in-pvc\/\",\"name\":\"Guaina spiralata in PVC - FAI SRL\",\"isPartOf\":{\"@id\":\"https:\/\/www.fai-srl.com\/shop\/#website\"},\"primaryImageOfPage\":{\"@id\":\"https:\/\/www.fai-srl.com\/shop\/product\/guaina-spiralata-in-pvc\/#primaryimage\"},\"image\":{\"@id\":\"https:\/\/www.fai-srl.com\/shop\/product\/guaina-spiralata-in-pvc\/#primaryimage\"},\"thumbnailUrl\":\"https:\/\/www.fai-srl.com\/shop\/wp-content\/uploads\/2020\/12\/4708.jpg\",\"datePublished\":\"2020-12-12T16:36:12+00:00\",\"dateModified\":\"2026-02-27T18:32:04+00:00\",\"description\":\"Guaina spiralata in PVC, per la protezione di cavi elettrici, flessibile e resitente. Visita il nostro sito e scopri tutti i nostri prodotti!\",\"breadcrumb\":{\"@id\":\"https:\/\/www.fai-srl.com\/shop\/product\/guaina-spiralata-in-pvc\/#breadcrumb\"},\"inLanguage\":\"it-IT\",\"potentialAction\":[{\"@type\":\"ReadAction\",\"target\":[\"https:\/\/www.fai-srl.com\/shop\/product\/guaina-spiralata-in-pvc\/\"]}]},{\"@type\":\"ImageObject\",\"inLanguage\":\"it-IT\",\"@id\":\"https:\/\/www.fai-srl.com\/shop\/product\/guaina-spiralata-in-pvc\/#primaryimage\",\"url\":\"https:\/\/www.fai-srl.com\/shop\/wp-content\/uploads\/2020\/12\/4708.jpg\",\"contentUrl\":\"https:\/\/www.fai-srl.com\/shop\/wp-content\/uploads\/2020\/12\/4708.jpg\",\"width\":600,\"height\":600,\"caption\":\"Guaina spiralata in PVC\"},{\"@type\":\"BreadcrumbList\",\"@id\":\"https:\/\/www.fai-srl.com\/shop\/product\/guaina-spiralata-in-pvc\/#breadcrumb\",\"itemListElement\":[{\"@type\":\"ListItem\",\"position\":1,\"name\":\"Home\",\"item\":\"https:\/\/www.fai-srl.com\/shop\/\"},{\"@type\":\"ListItem\",\"position\":2,\"name\":\"Prodotti FAI Srl\",\"item\":\"https:\/\/www.fai-srl.com\/shop\/?page_id=4775\"},{\"@type\":\"ListItem\",\"position\":3,\"name\":\"Guaina spiralata in PVC\"}]},{\"@type\":\"WebSite\",\"@id\":\"https:\/\/www.fai-srl.com\/shop\/#website\",\"url\":\"https:\/\/www.fai-srl.com\/shop\/\",\"name\":\"FAI SRL\",\"description\":\"Light Up your Creativity\",\"publisher\":{\"@id\":\"https:\/\/www.fai-srl.com\/shop\/#organization\"},\"potentialAction\":[{\"@type\":\"SearchAction\",\"target\":{\"@type\":\"EntryPoint\",\"urlTemplate\":\"https:\/\/www.fai-srl.com\/shop\/?s={search_term_string}\"},\"query-input\":{\"@type\":\"PropertyValueSpecification\",\"valueRequired\":true,\"valueName\":\"search_term_string\"}}],\"inLanguage\":\"it-IT\"},{\"@type\":\"Organization\",\"@id\":\"https:\/\/www.fai-srl.com\/shop\/#organization\",\"name\":\"FAI SRL\",\"url\":\"https:\/\/www.fai-srl.com\/shop\/\",\"logo\":{\"@type\":\"ImageObject\",\"inLanguage\":\"it-IT\",\"@id\":\"https:\/\/www.fai-srl.com\/shop\/#\/schema\/logo\/image\/\",\"url\":\"http:\/\/www.fai-srl.com\/shop\/wp-content\/uploads\/2018\/10\/fai_logo.jpg\",\"contentUrl\":\"http:\/\/www.fai-srl.com\/shop\/wp-content\/uploads\/2018\/10\/fai_logo.jpg\",\"width\":300,\"height\":132,\"caption\":\"FAI SRL\"},\"image\":{\"@id\":\"https:\/\/www.fai-srl.com\/shop\/#\/schema\/logo\/image\/\"}}]}<\/script>\n<!-- \/ Yoast SEO plugin. -->","yoast_head_json":{"title":"Guaina spiralata in PVC - FAI SRL","description":"Guaina spiralata in PVC, per la protezione di cavi elettrici, flessibile e resitente. Visita il nostro sito e scopri tutti i nostri prodotti!","robots":{"index":"index","follow":"follow","max-snippet":"max-snippet:-1","max-image-preview":"max-image-preview:large","max-video-preview":"max-video-preview:-1"},"canonical":"https:\/\/www.fai-srl.com\/shop\/product\/guaina-spiralata-in-pvc\/","og_locale":"it_IT","og_type":"article","og_title":"Guaina spiralata in PVC - FAI SRL","og_description":"Guaina spiralata in PVC, per la protezione di cavi elettrici, flessibile e resitente. Visita il nostro sito e scopri tutti i nostri prodotti!","og_url":"https:\/\/www.fai-srl.com\/shop\/product\/guaina-spiralata-in-pvc\/","og_site_name":"FAI SRL","article_modified_time":"2026-02-27T18:32:04+00:00","og_image":[{"width":600,"height":600,"url":"https:\/\/www.fai-srl.com\/shop\/wp-content\/uploads\/2020\/12\/4708.jpg","type":"image\/jpeg"}],"twitter_card":"summary_large_image","twitter_misc":{"Tempo di lettura stimato":"1 minuto"},"schema":{"@context":"https:\/\/schema.org","@graph":[{"@type":"WebPage","@id":"https:\/\/www.fai-srl.com\/shop\/product\/guaina-spiralata-in-pvc\/","url":"https:\/\/www.fai-srl.com\/shop\/product\/guaina-spiralata-in-pvc\/","name":"Guaina spiralata in PVC - FAI SRL","isPartOf":{"@id":"https:\/\/www.fai-srl.com\/shop\/#website"},"primaryImageOfPage":{"@id":"https:\/\/www.fai-srl.com\/shop\/product\/guaina-spiralata-in-pvc\/#primaryimage"},"image":{"@id":"https:\/\/www.fai-srl.com\/shop\/product\/guaina-spiralata-in-pvc\/#primaryimage"},"thumbnailUrl":"https:\/\/www.fai-srl.com\/shop\/wp-content\/uploads\/2020\/12\/4708.jpg","datePublished":"2020-12-12T16:36:12+00:00","dateModified":"2026-02-27T18:32:04+00:00","description":"Guaina spiralata in PVC, per la protezione di cavi elettrici, flessibile e resitente. Visita il nostro sito e scopri tutti i nostri prodotti!","breadcrumb":{"@id":"https:\/\/www.fai-srl.com\/shop\/product\/guaina-spiralata-in-pvc\/#breadcrumb"},"inLanguage":"it-IT","potentialAction":[{"@type":"ReadAction","target":["https:\/\/www.fai-srl.com\/shop\/product\/guaina-spiralata-in-pvc\/"]}]},{"@type":"ImageObject","inLanguage":"it-IT","@id":"https:\/\/www.fai-srl.com\/shop\/product\/guaina-spiralata-in-pvc\/#primaryimage","url":"https:\/\/www.fai-srl.com\/shop\/wp-content\/uploads\/2020\/12\/4708.jpg","contentUrl":"https:\/\/www.fai-srl.com\/shop\/wp-content\/uploads\/2020\/12\/4708.jpg","width":600,"height":600,"caption":"Guaina spiralata in PVC"},{"@type":"BreadcrumbList","@id":"https:\/\/www.fai-srl.com\/shop\/product\/guaina-spiralata-in-pvc\/#breadcrumb","itemListElement":[{"@type":"ListItem","position":1,"name":"Home","item":"https:\/\/www.fai-srl.com\/shop\/"},{"@type":"ListItem","position":2,"name":"Prodotti FAI Srl","item":"https:\/\/www.fai-srl.com\/shop\/?page_id=4775"},{"@type":"ListItem","position":3,"name":"Guaina spiralata in PVC"}]},{"@type":"WebSite","@id":"https:\/\/www.fai-srl.com\/shop\/#website","url":"https:\/\/www.fai-srl.com\/shop\/","name":"FAI SRL","description":"Light Up your Creativity","publisher":{"@id":"https:\/\/www.fai-srl.com\/shop\/#organization"},"potentialAction":[{"@type":"SearchAction","target":{"@type":"EntryPoint","urlTemplate":"https:\/\/www.fai-srl.com\/shop\/?s={search_term_string}"},"query-input":{"@type":"PropertyValueSpecification","valueRequired":true,"valueName":"search_term_string"}}],"inLanguage":"it-IT"},{"@type":"Organization","@id":"https:\/\/www.fai-srl.com\/shop\/#organization","name":"FAI SRL","url":"https:\/\/www.fai-srl.com\/shop\/","logo":{"@type":"ImageObject","inLanguage":"it-IT","@id":"https:\/\/www.fai-srl.com\/shop\/#\/schema\/logo\/image\/","url":"http:\/\/www.fai-srl.com\/shop\/wp-content\/uploads\/2018\/10\/fai_logo.jpg","contentUrl":"http:\/\/www.fai-srl.com\/shop\/wp-content\/uploads\/2018\/10\/fai_logo.jpg","width":300,"height":132,"caption":"FAI SRL"},"image":{"@id":"https:\/\/www.fai-srl.com\/shop\/#\/schema\/logo\/image\/"}}]}},"_links":{"self":[{"href":"https:\/\/www.fai-srl.com\/shop\/wp-json\/wp\/v2\/product\/23416","targetHints":{"allow":["GET"]}}],"collection":[{"href":"https:\/\/www.fai-srl.com\/shop\/wp-json\/wp\/v2\/product"}],"about":[{"href":"https:\/\/www.fai-srl.com\/shop\/wp-json\/wp\/v2\/types\/product"}],"version-history":[{"count":4,"href":"https:\/\/www.fai-srl.com\/shop\/wp-json\/wp\/v2\/product\/23416\/revisions"}],"predecessor-version":[{"id":31486,"href":"https:\/\/www.fai-srl.com\/shop\/wp-json\/wp\/v2\/product\/23416\/revisions\/31486"}],"wp:featuredmedia":[{"embeddable":true,"href":"https:\/\/www.fai-srl.com\/shop\/wp-json\/wp\/v2\/media\/23427"}],"wp:attachment":[{"href":"https:\/\/www.fai-srl.com\/shop\/wp-json\/wp\/v2\/media?parent=23416"}],"wp:term":[{"taxonomy":"product_cat","embeddable":true,"href":"https:\/\/www.fai-srl.com\/shop\/wp-json\/wp\/v2\/product_cat?post=23416"},{"taxonomy":"product_tag","embeddable":true,"href":"https:\/\/www.fai-srl.com\/shop\/wp-json\/wp\/v2\/product_tag?post=23416"}],"curies":[{"name":"wp","href":"https:\/\/api.w.org\/{rel}","templated":true}]}}