{"id":22655,"date":"2020-12-05T17:12:13","date_gmt":"2020-12-05T16:12:13","guid":{"rendered":"http:\/\/www.fai-srl.com\/shop\/?post_type=product&#038;p=22655"},"modified":"2026-02-27T19:31:40","modified_gmt":"2026-02-27T18:31:40","slug":"dimmer-230-ac","status":"publish","type":"product","link":"https:\/\/www.fai-srl.com\/shop\/product\/dimmer-230-ac\/","title":{"rendered":"Dimmer 230 AC"},"content":{"rendered":"<p><strong>Dimmer 230 AC<\/strong><\/p>\n<p>Il dimmer \u00e8 un regolatore di luce elettronico che modula la potenza di carico.<\/p>\n<p>Con un questo prodotto \u00e8 possibile godersi l\u2019atmosfera pi\u00f9 adatta all\u2019attivit\u00e0 svolta. Quando ci si vorr\u00e0 rilassare su una comoda poltrona, guardare la tv in salotto o gustarsi una cenetta romantica in cucina, diminuendo il flusso luminoso si potr\u00e0 godere di una luce pi\u00f9 soffusa ed una temperatura di colore pi\u00f9 calda e accogliente. Al contrario, quando si desiderer\u00e0 un\u2019impostazione luminosa pi\u00f9 chiara e brillante, ideale per un\u2019attivit\u00e0 lavorativa, si avr\u00e0 bisogno di un flusso luminoso pi\u00f9 intenso, capace di garantire la massima visibilit\u00e0 possibile.<\/p>\n<p>Questo prodotto ha un grado di protezione IP20 quindi garantisce la protezione di corpi solidi maggiori di 12mm. Protegge dalla polvere ma non permette la protezione contro la penetrazione di liquidi da gocce, vapori, o spruzzi in qualsiasi direzione.<\/p>\n<p>Questo articolo possiede il marchio CE, che garantisce la conformit\u00e0 del prodotto a tutte le disposizioni della Comunit\u00e0 Europea che prevedono il suo utilizzo dalla progettazione, alla messa in servizio fino allo smaltimento.<\/p>\n<p>Se dovessi aver bisogno di maggiori informazioni relative a questo prodotto o necessiti di un\u2019offerta personalizzata <a href=\"https:\/\/www.fai-srl.com\/contatti\/\" target=\"_blank\" rel=\"noopener\">contattaci<\/a>!<\/p>\n<p>Rimani aggiornato sui nostri prodotti, seguici sui nostri canali social <a href=\"https:\/\/www.facebook.com\/faisrl.materialelettrico\/\" target=\"_blank\" rel=\"noopener\">Facebook<\/a> e <a href=\"https:\/\/www.instagram.com\/faisrl.materialelettrico\/\" target=\"_blank\" rel=\"noopener\">Instagram<\/a>.<\/p>\n<table border=\"0\" width=\"500\" align=\"center\">\n<tbody>\n<tr>\n<td>Ingresso:<\/td>\n<td>230Vac<\/td>\n<\/tr>\n<tr>\n<td>Opzioni di comando locale:<\/td>\n<td>pulsante normalmente aperto 1 uscita a 200W max<br \/>\nRegolazione della luminosit\u00e0<br \/>\nUscita taglio di fase trailling edge per lampade LED dimmerabili<br \/>\nEfficienza tipica &gt;95%<br \/>\nFunzione memoria, memorizza l\u2019ultimo livello di luminosit\u00e0 impostato<\/td>\n<\/tr>\n<tr>\n<td>Push Men\u00f9:<\/td>\n<td>Minimo di dimmerazione impostabile<br \/>\nRampa di accensione (fade-in) e rampa spegnimento (fade-out) impostabili<br \/>\nAccensione e spegnimento morbidi<\/td>\n<\/tr>\n<tr>\n<td>Tensione in uscita:<\/td>\n<td>monolocale 230 Vac<\/td>\n<\/tr>\n<tr>\n<td>Corrente in uscita:<\/td>\n<td>max 0,8 Amp<\/td>\n<\/tr>\n<tr>\n<td>Potenza 230V AC:<\/td>\n<td>200W<\/td>\n<\/tr>\n<tr>\n<td>Risoluzione Dimmer:<\/td>\n<td>16 bit<\/td>\n<\/tr>\n<tr>\n<td>Tipologia Dimmer:<\/td>\n<td>5-100 %<\/td>\n<\/tr>\n<tr>\n<td>Intervallo Dimmer:<\/td>\n<td>5-100 %<\/td>\n<\/tr>\n<tr>\n<td>Temperatura Ambiente:<\/td>\n<td>min: -10C\u00b0 max:+40C\u00b0<\/td>\n<\/tr>\n<tr>\n<td>Grado di Protezione:<\/td>\n<td>IP20<\/td>\n<\/tr>\n<tr>\n<td>Dimensioni:<\/td>\n<td>45x58x25mm<\/td>\n<\/tr>\n<tr>\n<td>Dimensione scatola:<\/td>\n<td>56x68x35mm<\/td>\n<\/tr>\n<tr>\n<td>Peso:<\/td>\n<td>43g<\/td>\n<\/tr>\n<\/tbody>\n<\/table>\n","protected":false},"excerpt":{"rendered":"<p><img decoding=\"async\" class=\"alignnone size-full wp-image-21621\" src=\"http:\/\/www.fai-srl.com\/shop\/wp-content\/uploads\/2020\/11\/ce-8-e1606262910175.jpg\" alt=\"\" width=\"60\" height=\"60\" \/><img decoding=\"async\" class=\"alignnone size-full wp-image-24770\" src=\"http:\/\/www.fai-srl.com\/wp-content\/uploads\/2020\/12\/IP20-1.jpg\" alt=\"\" width=\"60\" height=\"60\" \/><img decoding=\"async\" class=\"alignnone size-full wp-image-27966\" src=\"http:\/\/www.fai-srl.com\/wp-content\/uploads\/2020\/11\/rohs.-.png\" alt=\"\" width=\"93\" height=\"75\" \/><\/p>\n","protected":false},"featured_media":22647,"template":"","meta":[],"product_cat":[506],"product_tag":[],"class_list":{"0":"post-22655","1":"product","2":"type-product","3":"status-publish","4":"has-post-thumbnail","6":"product_cat-led","8":"first","9":"instock","10":"taxable","11":"shipping-taxable","12":"purchasable","13":"product-type-simple"},"yoast_head":"<!-- This site is optimized with the Yoast SEO plugin v26.2 - https:\/\/yoast.com\/wordpress\/plugins\/seo\/ -->\n<title>Dimmer 230 AC - FAI SRL<\/title>\n<meta name=\"description\" content=\"Dimmer 230 AC\" \/>\n<meta name=\"robots\" content=\"index, follow, max-snippet:-1, max-image-preview:large, max-video-preview:-1\" \/>\n<link rel=\"canonical\" href=\"https:\/\/www.fai-srl.com\/shop\/product\/dimmer-230-ac\/\" \/>\n<meta property=\"og:locale\" content=\"it_IT\" \/>\n<meta property=\"og:type\" content=\"article\" \/>\n<meta property=\"og:title\" content=\"Dimmer 230 AC - FAI SRL\" \/>\n<meta property=\"og:description\" content=\"Dimmer 230 AC\" \/>\n<meta property=\"og:url\" content=\"https:\/\/www.fai-srl.com\/shop\/product\/dimmer-230-ac\/\" \/>\n<meta property=\"og:site_name\" content=\"FAI SRL\" \/>\n<meta property=\"article:modified_time\" content=\"2026-02-27T18:31:40+00:00\" \/>\n<meta property=\"og:image\" content=\"https:\/\/www.fai-srl.com\/shop\/wp-content\/uploads\/2020\/12\/5703-1.jpg\" \/>\n\t<meta property=\"og:image:width\" content=\"600\" \/>\n\t<meta property=\"og:image:height\" content=\"600\" \/>\n\t<meta property=\"og:image:type\" content=\"image\/jpeg\" \/>\n<meta name=\"twitter:card\" content=\"summary_large_image\" \/>\n<meta name=\"twitter:label1\" content=\"Tempo di lettura stimato\" \/>\n\t<meta name=\"twitter:data1\" content=\"2 minuti\" \/>\n<script type=\"application\/ld+json\" class=\"yoast-schema-graph\">{\"@context\":\"https:\/\/schema.org\",\"@graph\":[{\"@type\":\"WebPage\",\"@id\":\"https:\/\/www.fai-srl.com\/shop\/product\/dimmer-230-ac\/\",\"url\":\"https:\/\/www.fai-srl.com\/shop\/product\/dimmer-230-ac\/\",\"name\":\"Dimmer 230 AC - FAI SRL\",\"isPartOf\":{\"@id\":\"https:\/\/www.fai-srl.com\/shop\/#website\"},\"primaryImageOfPage\":{\"@id\":\"https:\/\/www.fai-srl.com\/shop\/product\/dimmer-230-ac\/#primaryimage\"},\"image\":{\"@id\":\"https:\/\/www.fai-srl.com\/shop\/product\/dimmer-230-ac\/#primaryimage\"},\"thumbnailUrl\":\"https:\/\/www.fai-srl.com\/shop\/wp-content\/uploads\/2020\/12\/5703-1.jpg\",\"datePublished\":\"2020-12-05T16:12:13+00:00\",\"dateModified\":\"2026-02-27T18:31:40+00:00\",\"description\":\"Dimmer 230 AC\",\"breadcrumb\":{\"@id\":\"https:\/\/www.fai-srl.com\/shop\/product\/dimmer-230-ac\/#breadcrumb\"},\"inLanguage\":\"it-IT\",\"potentialAction\":[{\"@type\":\"ReadAction\",\"target\":[\"https:\/\/www.fai-srl.com\/shop\/product\/dimmer-230-ac\/\"]}]},{\"@type\":\"ImageObject\",\"inLanguage\":\"it-IT\",\"@id\":\"https:\/\/www.fai-srl.com\/shop\/product\/dimmer-230-ac\/#primaryimage\",\"url\":\"https:\/\/www.fai-srl.com\/shop\/wp-content\/uploads\/2020\/12\/5703-1.jpg\",\"contentUrl\":\"https:\/\/www.fai-srl.com\/shop\/wp-content\/uploads\/2020\/12\/5703-1.jpg\",\"width\":600,\"height\":600,\"caption\":\"dimmer amplificatore monolocale\"},{\"@type\":\"BreadcrumbList\",\"@id\":\"https:\/\/www.fai-srl.com\/shop\/product\/dimmer-230-ac\/#breadcrumb\",\"itemListElement\":[{\"@type\":\"ListItem\",\"position\":1,\"name\":\"Home\",\"item\":\"https:\/\/www.fai-srl.com\/shop\/\"},{\"@type\":\"ListItem\",\"position\":2,\"name\":\"Prodotti FAI Srl\",\"item\":\"https:\/\/www.fai-srl.com\/shop\/?page_id=4775\"},{\"@type\":\"ListItem\",\"position\":3,\"name\":\"Dimmer 230 AC\"}]},{\"@type\":\"WebSite\",\"@id\":\"https:\/\/www.fai-srl.com\/shop\/#website\",\"url\":\"https:\/\/www.fai-srl.com\/shop\/\",\"name\":\"FAI SRL\",\"description\":\"Light Up your Creativity\",\"publisher\":{\"@id\":\"https:\/\/www.fai-srl.com\/shop\/#organization\"},\"potentialAction\":[{\"@type\":\"SearchAction\",\"target\":{\"@type\":\"EntryPoint\",\"urlTemplate\":\"https:\/\/www.fai-srl.com\/shop\/?s={search_term_string}\"},\"query-input\":{\"@type\":\"PropertyValueSpecification\",\"valueRequired\":true,\"valueName\":\"search_term_string\"}}],\"inLanguage\":\"it-IT\"},{\"@type\":\"Organization\",\"@id\":\"https:\/\/www.fai-srl.com\/shop\/#organization\",\"name\":\"FAI SRL\",\"url\":\"https:\/\/www.fai-srl.com\/shop\/\",\"logo\":{\"@type\":\"ImageObject\",\"inLanguage\":\"it-IT\",\"@id\":\"https:\/\/www.fai-srl.com\/shop\/#\/schema\/logo\/image\/\",\"url\":\"http:\/\/www.fai-srl.com\/shop\/wp-content\/uploads\/2018\/10\/fai_logo.jpg\",\"contentUrl\":\"http:\/\/www.fai-srl.com\/shop\/wp-content\/uploads\/2018\/10\/fai_logo.jpg\",\"width\":300,\"height\":132,\"caption\":\"FAI SRL\"},\"image\":{\"@id\":\"https:\/\/www.fai-srl.com\/shop\/#\/schema\/logo\/image\/\"}}]}<\/script>\n<!-- \/ Yoast SEO plugin. -->","yoast_head_json":{"title":"Dimmer 230 AC - FAI SRL","description":"Dimmer 230 AC","robots":{"index":"index","follow":"follow","max-snippet":"max-snippet:-1","max-image-preview":"max-image-preview:large","max-video-preview":"max-video-preview:-1"},"canonical":"https:\/\/www.fai-srl.com\/shop\/product\/dimmer-230-ac\/","og_locale":"it_IT","og_type":"article","og_title":"Dimmer 230 AC - FAI SRL","og_description":"Dimmer 230 AC","og_url":"https:\/\/www.fai-srl.com\/shop\/product\/dimmer-230-ac\/","og_site_name":"FAI SRL","article_modified_time":"2026-02-27T18:31:40+00:00","og_image":[{"width":600,"height":600,"url":"https:\/\/www.fai-srl.com\/shop\/wp-content\/uploads\/2020\/12\/5703-1.jpg","type":"image\/jpeg"}],"twitter_card":"summary_large_image","twitter_misc":{"Tempo di lettura stimato":"2 minuti"},"schema":{"@context":"https:\/\/schema.org","@graph":[{"@type":"WebPage","@id":"https:\/\/www.fai-srl.com\/shop\/product\/dimmer-230-ac\/","url":"https:\/\/www.fai-srl.com\/shop\/product\/dimmer-230-ac\/","name":"Dimmer 230 AC - FAI SRL","isPartOf":{"@id":"https:\/\/www.fai-srl.com\/shop\/#website"},"primaryImageOfPage":{"@id":"https:\/\/www.fai-srl.com\/shop\/product\/dimmer-230-ac\/#primaryimage"},"image":{"@id":"https:\/\/www.fai-srl.com\/shop\/product\/dimmer-230-ac\/#primaryimage"},"thumbnailUrl":"https:\/\/www.fai-srl.com\/shop\/wp-content\/uploads\/2020\/12\/5703-1.jpg","datePublished":"2020-12-05T16:12:13+00:00","dateModified":"2026-02-27T18:31:40+00:00","description":"Dimmer 230 AC","breadcrumb":{"@id":"https:\/\/www.fai-srl.com\/shop\/product\/dimmer-230-ac\/#breadcrumb"},"inLanguage":"it-IT","potentialAction":[{"@type":"ReadAction","target":["https:\/\/www.fai-srl.com\/shop\/product\/dimmer-230-ac\/"]}]},{"@type":"ImageObject","inLanguage":"it-IT","@id":"https:\/\/www.fai-srl.com\/shop\/product\/dimmer-230-ac\/#primaryimage","url":"https:\/\/www.fai-srl.com\/shop\/wp-content\/uploads\/2020\/12\/5703-1.jpg","contentUrl":"https:\/\/www.fai-srl.com\/shop\/wp-content\/uploads\/2020\/12\/5703-1.jpg","width":600,"height":600,"caption":"dimmer amplificatore monolocale"},{"@type":"BreadcrumbList","@id":"https:\/\/www.fai-srl.com\/shop\/product\/dimmer-230-ac\/#breadcrumb","itemListElement":[{"@type":"ListItem","position":1,"name":"Home","item":"https:\/\/www.fai-srl.com\/shop\/"},{"@type":"ListItem","position":2,"name":"Prodotti FAI Srl","item":"https:\/\/www.fai-srl.com\/shop\/?page_id=4775"},{"@type":"ListItem","position":3,"name":"Dimmer 230 AC"}]},{"@type":"WebSite","@id":"https:\/\/www.fai-srl.com\/shop\/#website","url":"https:\/\/www.fai-srl.com\/shop\/","name":"FAI SRL","description":"Light Up your Creativity","publisher":{"@id":"https:\/\/www.fai-srl.com\/shop\/#organization"},"potentialAction":[{"@type":"SearchAction","target":{"@type":"EntryPoint","urlTemplate":"https:\/\/www.fai-srl.com\/shop\/?s={search_term_string}"},"query-input":{"@type":"PropertyValueSpecification","valueRequired":true,"valueName":"search_term_string"}}],"inLanguage":"it-IT"},{"@type":"Organization","@id":"https:\/\/www.fai-srl.com\/shop\/#organization","name":"FAI SRL","url":"https:\/\/www.fai-srl.com\/shop\/","logo":{"@type":"ImageObject","inLanguage":"it-IT","@id":"https:\/\/www.fai-srl.com\/shop\/#\/schema\/logo\/image\/","url":"http:\/\/www.fai-srl.com\/shop\/wp-content\/uploads\/2018\/10\/fai_logo.jpg","contentUrl":"http:\/\/www.fai-srl.com\/shop\/wp-content\/uploads\/2018\/10\/fai_logo.jpg","width":300,"height":132,"caption":"FAI SRL"},"image":{"@id":"https:\/\/www.fai-srl.com\/shop\/#\/schema\/logo\/image\/"}}]}},"_links":{"self":[{"href":"https:\/\/www.fai-srl.com\/shop\/wp-json\/wp\/v2\/product\/22655","targetHints":{"allow":["GET"]}}],"collection":[{"href":"https:\/\/www.fai-srl.com\/shop\/wp-json\/wp\/v2\/product"}],"about":[{"href":"https:\/\/www.fai-srl.com\/shop\/wp-json\/wp\/v2\/types\/product"}],"version-history":[{"count":8,"href":"https:\/\/www.fai-srl.com\/shop\/wp-json\/wp\/v2\/product\/22655\/revisions"}],"predecessor-version":[{"id":32201,"href":"https:\/\/www.fai-srl.com\/shop\/wp-json\/wp\/v2\/product\/22655\/revisions\/32201"}],"wp:featuredmedia":[{"embeddable":true,"href":"https:\/\/www.fai-srl.com\/shop\/wp-json\/wp\/v2\/media\/22647"}],"wp:attachment":[{"href":"https:\/\/www.fai-srl.com\/shop\/wp-json\/wp\/v2\/media?parent=22655"}],"wp:term":[{"taxonomy":"product_cat","embeddable":true,"href":"https:\/\/www.fai-srl.com\/shop\/wp-json\/wp\/v2\/product_cat?post=22655"},{"taxonomy":"product_tag","embeddable":true,"href":"https:\/\/www.fai-srl.com\/shop\/wp-json\/wp\/v2\/product_tag?post=22655"}],"curies":[{"name":"wp","href":"https:\/\/api.w.org\/{rel}","templated":true}]}}