{"id":22646,"date":"2020-12-05T16:13:39","date_gmt":"2020-12-05T15:13:39","guid":{"rendered":"http:\/\/www.fai-srl.com\/shop\/?post_type=product&#038;p=22646"},"modified":"2026-02-27T19:31:40","modified_gmt":"2026-02-27T18:31:40","slug":"led-dimmer-multi-input","status":"publish","type":"product","link":"https:\/\/www.fai-srl.com\/shop\/product\/led-dimmer-multi-input\/","title":{"rendered":"Led Dimmer Multi Input"},"content":{"rendered":"<p><strong>Led dimmer multi input<br \/>\n<\/strong><\/p>\n<p>Il dimmer \u00e8 un regolatore di luce elettronico che modula la potenza di carico.<\/p>\n<p>Con un questo prodotto \u00e8 possibile godersi l\u2019atmosfera pi\u00f9 adatta all\u2019attivit\u00e0 svolta. Quando ci si vorr\u00e0 rilassare su una comoda poltrona, guardare la tv in salotto o gustarsi una cenetta romantica in cucina, diminuendo il flusso luminoso si potr\u00e0 godere di una luce pi\u00f9 soffusa ed una temperatura di colore pi\u00f9 calda e accogliente. Al contrario, quando si desiderer\u00e0 un\u2019impostazione luminosa pi\u00f9 chiara e brillante, ideale per un\u2019attivit\u00e0 lavorativa, si avr\u00e0 bisogno di un flusso luminoso pi\u00f9 intenso, capace di garantire la massima visibilit\u00e0 possibile.<\/p>\n<p>Questo prodotto ha un grado di protezione IP20 quindi garantisce la protezione di corpi solidi maggiori di 12mm. Protegge dalla polvere ma non permette la protezione contro la penetrazione di liquidi da gocce, vapori, o spruzzi in qualsiasi direzione.<\/p>\n<p>Questo articolo possiede il marchio CE, che garantisce la conformit\u00e0 del prodotto a tutte le disposizioni della Comunit\u00e0 Europea che prevedono il suo utilizzo dalla progettazione, alla messa in servizio fino allo smaltimento.<\/p>\n<p>Se dovessi aver bisogno di maggiori informazioni relative a questo prodotto o necessiti di un\u2019offerta personalizzata <a href=\"https:\/\/www.fai-srl.com\/contatti\/\" target=\"_blank\" rel=\"noopener\">contattaci<\/a>!<\/p>\n<p>Rimani aggiornato sui nostri prodotti, seguici sui nostri canali social <a href=\"https:\/\/www.facebook.com\/faisrl.materialelettrico\/\" target=\"_blank\" rel=\"noopener\">Facebook<\/a> e <a href=\"https:\/\/www.instagram.com\/faisrl.materialelettrico\/\" target=\"_blank\" rel=\"noopener\">Instagram<\/a>.<\/p>\n<table border=\"0\" width=\"500\" align=\"center\">\n<tbody>\n<tr>\n<td>Ingresso:<\/td>\n<td>12-24Vdc<\/td>\n<\/tr>\n<tr>\n<td>MULTI INPUT \u2013 Riconoscimento automatico del comando locale<\/td>\n<td>Pulsante normalmente aperto<br \/>\nIngresso analogico 0-10V<br \/>\nIngresso analogico 1-10V<br \/>\nPotenziometro 10K Ohm<\/td>\n<\/tr>\n<tr>\n<td>MENU\u2019 PUSH \u2013 Possibilit\u00e0 di impostare:<\/td>\n<td>Minimo di dimmerazione<br \/>\nFade In<br \/>\nFade Out<br \/>\nFunzione Memoria<br \/>\nRegolazione della luminosit\u00e0 della luce monocromatica<br \/>\nRegolazione della luminosit\u00e0 fino allo spegnimento completo<br \/>\nAccensione e spegnimento morbidi<br \/>\nFunzione Sync Master\/Slave<br \/>\nEfficienza tipica &gt; 95%<\/td>\n<\/tr>\n<tr>\n<td>Uscita:<\/td>\n<td>12\/24Vdc D-PWM<\/td>\n<\/tr>\n<tr>\n<td>Corrente in uscita:<\/td>\n<td>10 A<\/td>\n<\/tr>\n<tr>\n<td>Potenza 12V:<\/td>\n<td>120W<\/td>\n<\/tr>\n<tr>\n<td>Potenza 24V:<\/td>\n<td>240W<\/td>\n<\/tr>\n<tr>\n<td>Alimentazione:<\/td>\n<td>min: 10.8Vdc \u2013 max: 26.4Vdc<\/td>\n<\/tr>\n<tr>\n<td>Temperatura Ambiente:<\/td>\n<td>min: -10C\u00b0 max: +40C\u00b0<\/td>\n<\/tr>\n<tr>\n<td>Grado di Protezione:<\/td>\n<td>IP20<\/td>\n<\/tr>\n<tr>\n<td>Dimensioni:<\/td>\n<td>45x58x19mm<\/td>\n<\/tr>\n<tr>\n<td>Dimensione scatola:<\/td>\n<td>68x56x35mm<\/td>\n<\/tr>\n<tr>\n<td>Peso:<\/td>\n<td>37g<\/td>\n<\/tr>\n<\/tbody>\n<\/table>\n","protected":false},"excerpt":{"rendered":"<p><img decoding=\"async\" class=\"alignnone size-full wp-image-21621\" src=\"http:\/\/www.fai-srl.com\/shop\/wp-content\/uploads\/2020\/11\/ce-8-e1606262910175.jpg\" alt=\"\" width=\"60\" height=\"60\" \/><\/p>\n<p><a href=\"http:\/\/www.fai-srl.com\/wp-content\/uploads\/2020\/12\/5704-1224-MI_web.pdf\" target=\"_blank\" rel=\"noopener noreferrer\">Clicca qui per scaricare il manuale d&#8217;uso<\/a><\/p>\n","protected":false},"featured_media":22647,"template":"","meta":[],"product_cat":[506],"product_tag":[],"class_list":{"0":"post-22646","1":"product","2":"type-product","3":"status-publish","4":"has-post-thumbnail","6":"product_cat-led","8":"first","9":"instock","10":"taxable","11":"shipping-taxable","12":"purchasable","13":"product-type-simple"},"yoast_head":"<!-- This site is optimized with the Yoast SEO plugin v26.2 - https:\/\/yoast.com\/wordpress\/plugins\/seo\/ -->\n<title>Led Dimmer Multi Input, dimensioni 45x58x19mm - FAI SRL<\/title>\n<meta name=\"description\" content=\"Led dimmer multi input, dimensione 45x58x19mm, grado di protezione IP20. Visita il nostro sito e scopri tutti i nostri prodotti!\" \/>\n<meta name=\"robots\" content=\"index, follow, max-snippet:-1, max-image-preview:large, max-video-preview:-1\" \/>\n<link rel=\"canonical\" href=\"https:\/\/www.fai-srl.com\/shop\/product\/led-dimmer-multi-input\/\" \/>\n<meta property=\"og:locale\" content=\"it_IT\" \/>\n<meta property=\"og:type\" content=\"article\" \/>\n<meta property=\"og:title\" content=\"Led Dimmer Multi Input, dimensioni 45x58x19mm - FAI SRL\" \/>\n<meta property=\"og:description\" content=\"Led dimmer multi input, dimensione 45x58x19mm, grado di protezione IP20. Visita il nostro sito e scopri tutti i nostri prodotti!\" \/>\n<meta property=\"og:url\" content=\"https:\/\/www.fai-srl.com\/shop\/product\/led-dimmer-multi-input\/\" \/>\n<meta property=\"og:site_name\" content=\"FAI SRL\" \/>\n<meta property=\"article:modified_time\" content=\"2026-02-27T18:31:40+00:00\" \/>\n<meta property=\"og:image\" content=\"https:\/\/www.fai-srl.com\/shop\/wp-content\/uploads\/2020\/12\/5703-1.jpg\" \/>\n\t<meta property=\"og:image:width\" content=\"600\" \/>\n\t<meta property=\"og:image:height\" content=\"600\" \/>\n\t<meta property=\"og:image:type\" content=\"image\/jpeg\" \/>\n<meta name=\"twitter:card\" content=\"summary_large_image\" \/>\n<meta name=\"twitter:label1\" content=\"Tempo di lettura stimato\" \/>\n\t<meta name=\"twitter:data1\" content=\"2 minuti\" \/>\n<script type=\"application\/ld+json\" class=\"yoast-schema-graph\">{\"@context\":\"https:\/\/schema.org\",\"@graph\":[{\"@type\":\"WebPage\",\"@id\":\"https:\/\/www.fai-srl.com\/shop\/product\/led-dimmer-multi-input\/\",\"url\":\"https:\/\/www.fai-srl.com\/shop\/product\/led-dimmer-multi-input\/\",\"name\":\"Led Dimmer Multi Input, dimensioni 45x58x19mm - FAI SRL\",\"isPartOf\":{\"@id\":\"https:\/\/www.fai-srl.com\/shop\/#website\"},\"primaryImageOfPage\":{\"@id\":\"https:\/\/www.fai-srl.com\/shop\/product\/led-dimmer-multi-input\/#primaryimage\"},\"image\":{\"@id\":\"https:\/\/www.fai-srl.com\/shop\/product\/led-dimmer-multi-input\/#primaryimage\"},\"thumbnailUrl\":\"https:\/\/www.fai-srl.com\/shop\/wp-content\/uploads\/2020\/12\/5703-1.jpg\",\"datePublished\":\"2020-12-05T15:13:39+00:00\",\"dateModified\":\"2026-02-27T18:31:40+00:00\",\"description\":\"Led dimmer multi input, dimensione 45x58x19mm, grado di protezione IP20. Visita il nostro sito e scopri tutti i nostri prodotti!\",\"breadcrumb\":{\"@id\":\"https:\/\/www.fai-srl.com\/shop\/product\/led-dimmer-multi-input\/#breadcrumb\"},\"inLanguage\":\"it-IT\",\"potentialAction\":[{\"@type\":\"ReadAction\",\"target\":[\"https:\/\/www.fai-srl.com\/shop\/product\/led-dimmer-multi-input\/\"]}]},{\"@type\":\"ImageObject\",\"inLanguage\":\"it-IT\",\"@id\":\"https:\/\/www.fai-srl.com\/shop\/product\/led-dimmer-multi-input\/#primaryimage\",\"url\":\"https:\/\/www.fai-srl.com\/shop\/wp-content\/uploads\/2020\/12\/5703-1.jpg\",\"contentUrl\":\"https:\/\/www.fai-srl.com\/shop\/wp-content\/uploads\/2020\/12\/5703-1.jpg\",\"width\":600,\"height\":600,\"caption\":\"dimmer amplificatore monolocale\"},{\"@type\":\"BreadcrumbList\",\"@id\":\"https:\/\/www.fai-srl.com\/shop\/product\/led-dimmer-multi-input\/#breadcrumb\",\"itemListElement\":[{\"@type\":\"ListItem\",\"position\":1,\"name\":\"Home\",\"item\":\"https:\/\/www.fai-srl.com\/shop\/\"},{\"@type\":\"ListItem\",\"position\":2,\"name\":\"Prodotti FAI Srl\",\"item\":\"https:\/\/www.fai-srl.com\/shop\/?page_id=4775\"},{\"@type\":\"ListItem\",\"position\":3,\"name\":\"Led Dimmer Multi Input\"}]},{\"@type\":\"WebSite\",\"@id\":\"https:\/\/www.fai-srl.com\/shop\/#website\",\"url\":\"https:\/\/www.fai-srl.com\/shop\/\",\"name\":\"FAI SRL\",\"description\":\"Light Up your Creativity\",\"publisher\":{\"@id\":\"https:\/\/www.fai-srl.com\/shop\/#organization\"},\"potentialAction\":[{\"@type\":\"SearchAction\",\"target\":{\"@type\":\"EntryPoint\",\"urlTemplate\":\"https:\/\/www.fai-srl.com\/shop\/?s={search_term_string}\"},\"query-input\":{\"@type\":\"PropertyValueSpecification\",\"valueRequired\":true,\"valueName\":\"search_term_string\"}}],\"inLanguage\":\"it-IT\"},{\"@type\":\"Organization\",\"@id\":\"https:\/\/www.fai-srl.com\/shop\/#organization\",\"name\":\"FAI SRL\",\"url\":\"https:\/\/www.fai-srl.com\/shop\/\",\"logo\":{\"@type\":\"ImageObject\",\"inLanguage\":\"it-IT\",\"@id\":\"https:\/\/www.fai-srl.com\/shop\/#\/schema\/logo\/image\/\",\"url\":\"http:\/\/www.fai-srl.com\/shop\/wp-content\/uploads\/2018\/10\/fai_logo.jpg\",\"contentUrl\":\"http:\/\/www.fai-srl.com\/shop\/wp-content\/uploads\/2018\/10\/fai_logo.jpg\",\"width\":300,\"height\":132,\"caption\":\"FAI SRL\"},\"image\":{\"@id\":\"https:\/\/www.fai-srl.com\/shop\/#\/schema\/logo\/image\/\"}}]}<\/script>\n<!-- \/ Yoast SEO plugin. -->","yoast_head_json":{"title":"Led Dimmer Multi Input, dimensioni 45x58x19mm - FAI SRL","description":"Led dimmer multi input, dimensione 45x58x19mm, grado di protezione IP20. Visita il nostro sito e scopri tutti i nostri prodotti!","robots":{"index":"index","follow":"follow","max-snippet":"max-snippet:-1","max-image-preview":"max-image-preview:large","max-video-preview":"max-video-preview:-1"},"canonical":"https:\/\/www.fai-srl.com\/shop\/product\/led-dimmer-multi-input\/","og_locale":"it_IT","og_type":"article","og_title":"Led Dimmer Multi Input, dimensioni 45x58x19mm - FAI SRL","og_description":"Led dimmer multi input, dimensione 45x58x19mm, grado di protezione IP20. Visita il nostro sito e scopri tutti i nostri prodotti!","og_url":"https:\/\/www.fai-srl.com\/shop\/product\/led-dimmer-multi-input\/","og_site_name":"FAI SRL","article_modified_time":"2026-02-27T18:31:40+00:00","og_image":[{"width":600,"height":600,"url":"https:\/\/www.fai-srl.com\/shop\/wp-content\/uploads\/2020\/12\/5703-1.jpg","type":"image\/jpeg"}],"twitter_card":"summary_large_image","twitter_misc":{"Tempo di lettura stimato":"2 minuti"},"schema":{"@context":"https:\/\/schema.org","@graph":[{"@type":"WebPage","@id":"https:\/\/www.fai-srl.com\/shop\/product\/led-dimmer-multi-input\/","url":"https:\/\/www.fai-srl.com\/shop\/product\/led-dimmer-multi-input\/","name":"Led Dimmer Multi Input, dimensioni 45x58x19mm - FAI SRL","isPartOf":{"@id":"https:\/\/www.fai-srl.com\/shop\/#website"},"primaryImageOfPage":{"@id":"https:\/\/www.fai-srl.com\/shop\/product\/led-dimmer-multi-input\/#primaryimage"},"image":{"@id":"https:\/\/www.fai-srl.com\/shop\/product\/led-dimmer-multi-input\/#primaryimage"},"thumbnailUrl":"https:\/\/www.fai-srl.com\/shop\/wp-content\/uploads\/2020\/12\/5703-1.jpg","datePublished":"2020-12-05T15:13:39+00:00","dateModified":"2026-02-27T18:31:40+00:00","description":"Led dimmer multi input, dimensione 45x58x19mm, grado di protezione IP20. Visita il nostro sito e scopri tutti i nostri prodotti!","breadcrumb":{"@id":"https:\/\/www.fai-srl.com\/shop\/product\/led-dimmer-multi-input\/#breadcrumb"},"inLanguage":"it-IT","potentialAction":[{"@type":"ReadAction","target":["https:\/\/www.fai-srl.com\/shop\/product\/led-dimmer-multi-input\/"]}]},{"@type":"ImageObject","inLanguage":"it-IT","@id":"https:\/\/www.fai-srl.com\/shop\/product\/led-dimmer-multi-input\/#primaryimage","url":"https:\/\/www.fai-srl.com\/shop\/wp-content\/uploads\/2020\/12\/5703-1.jpg","contentUrl":"https:\/\/www.fai-srl.com\/shop\/wp-content\/uploads\/2020\/12\/5703-1.jpg","width":600,"height":600,"caption":"dimmer amplificatore monolocale"},{"@type":"BreadcrumbList","@id":"https:\/\/www.fai-srl.com\/shop\/product\/led-dimmer-multi-input\/#breadcrumb","itemListElement":[{"@type":"ListItem","position":1,"name":"Home","item":"https:\/\/www.fai-srl.com\/shop\/"},{"@type":"ListItem","position":2,"name":"Prodotti FAI Srl","item":"https:\/\/www.fai-srl.com\/shop\/?page_id=4775"},{"@type":"ListItem","position":3,"name":"Led Dimmer Multi Input"}]},{"@type":"WebSite","@id":"https:\/\/www.fai-srl.com\/shop\/#website","url":"https:\/\/www.fai-srl.com\/shop\/","name":"FAI SRL","description":"Light Up your Creativity","publisher":{"@id":"https:\/\/www.fai-srl.com\/shop\/#organization"},"potentialAction":[{"@type":"SearchAction","target":{"@type":"EntryPoint","urlTemplate":"https:\/\/www.fai-srl.com\/shop\/?s={search_term_string}"},"query-input":{"@type":"PropertyValueSpecification","valueRequired":true,"valueName":"search_term_string"}}],"inLanguage":"it-IT"},{"@type":"Organization","@id":"https:\/\/www.fai-srl.com\/shop\/#organization","name":"FAI SRL","url":"https:\/\/www.fai-srl.com\/shop\/","logo":{"@type":"ImageObject","inLanguage":"it-IT","@id":"https:\/\/www.fai-srl.com\/shop\/#\/schema\/logo\/image\/","url":"http:\/\/www.fai-srl.com\/shop\/wp-content\/uploads\/2018\/10\/fai_logo.jpg","contentUrl":"http:\/\/www.fai-srl.com\/shop\/wp-content\/uploads\/2018\/10\/fai_logo.jpg","width":300,"height":132,"caption":"FAI SRL"},"image":{"@id":"https:\/\/www.fai-srl.com\/shop\/#\/schema\/logo\/image\/"}}]}},"_links":{"self":[{"href":"https:\/\/www.fai-srl.com\/shop\/wp-json\/wp\/v2\/product\/22646","targetHints":{"allow":["GET"]}}],"collection":[{"href":"https:\/\/www.fai-srl.com\/shop\/wp-json\/wp\/v2\/product"}],"about":[{"href":"https:\/\/www.fai-srl.com\/shop\/wp-json\/wp\/v2\/types\/product"}],"version-history":[{"count":7,"href":"https:\/\/www.fai-srl.com\/shop\/wp-json\/wp\/v2\/product\/22646\/revisions"}],"predecessor-version":[{"id":28724,"href":"https:\/\/www.fai-srl.com\/shop\/wp-json\/wp\/v2\/product\/22646\/revisions\/28724"}],"wp:featuredmedia":[{"embeddable":true,"href":"https:\/\/www.fai-srl.com\/shop\/wp-json\/wp\/v2\/media\/22647"}],"wp:attachment":[{"href":"https:\/\/www.fai-srl.com\/shop\/wp-json\/wp\/v2\/media?parent=22646"}],"wp:term":[{"taxonomy":"product_cat","embeddable":true,"href":"https:\/\/www.fai-srl.com\/shop\/wp-json\/wp\/v2\/product_cat?post=22646"},{"taxonomy":"product_tag","embeddable":true,"href":"https:\/\/www.fai-srl.com\/shop\/wp-json\/wp\/v2\/product_tag?post=22646"}],"curies":[{"name":"wp","href":"https:\/\/api.w.org\/{rel}","templated":true}]}}