{"id":22425,"date":"2020-12-01T18:28:23","date_gmt":"2020-12-01T17:28:23","guid":{"rendered":"http:\/\/www.fai-srl.com\/shop\/?post_type=product&#038;p=22425"},"modified":"2026-02-27T19:31:31","modified_gmt":"2026-02-27T18:31:31","slug":"striscia-flessibile-led-neon-flex-13x20mm-ip68","status":"publish","type":"product","link":"https:\/\/www.fai-srl.com\/shop\/product\/striscia-flessibile-led-neon-flex-13x20mm-ip68\/","title":{"rendered":"Striscia flessibile LED neon flex 13x20mm &#8211; IP68"},"content":{"rendered":"<p><strong>Striscia flessibile LED neon flex 13x20mm &#8211; IP68<\/strong><\/p>\n<p>Le strisce LED hanno una lunga vita d\u2019esercizio, quindi non necessitano di manutenzione e permettono di risparmiare sul consumo.<\/p>\n<p>Sono disponibili diverse temperature, come bianco caldo, bianco commerciale,\u00a0 bianco freddo e RGB.<\/p>\n<p>Questo tipo di illuminazione \u00e8 ideale per illuminare qualsiasi tipo di angolo o elemento della casa, grazie alla sua flessibilit\u00e0. Uno dei vantaggi delle strisce LED \u00e8 la versatilit\u00e0 degli usi che gli si possono dare, come ad esempio illuminare zone di passaggio, illuminazione decorativa&#8230; \u00e8 adatto soprattutto a mettere in risalto i dettagli della casa.<\/p>\n<p>Le strisce LED sono anche adatte particolarmente per le installazioni in negozi, locali pubblici e cos\u00ec via.<\/p>\n<p>Sono inclusi gli accessori per il fissaggio: cinque clips e cinque viti.<\/p>\n<p>Il prodotto ha un grado di protezione IP68 che permette una protezione totale alla penetrazione di corpi solidi e polveri, contro l&#8217;immersione in acqua permanente a un metro di profondit\u00e0.<\/p>\n<p>Questo articolo possiede il marchio CE, che garantisce la conformit\u00e0 del prodotto a tutte le disposizioni della Comunit\u00e0 Europea che prevedono il suo utilizzo dalla progettazione, alla messa in servizio fino allo smaltimento.<\/p>\n<p>Se dovessi aver bisogno di maggiori informazioni relative a questo prodotto o necessiti di un\u2019offerta personalizzata <a href=\"https:\/\/www.fai-srl.com\/contatti\/\" target=\"_blank\" rel=\"noopener\">contattaci<\/a>!<\/p>\n<p>Rimani aggiornato sui nostri prodotti, seguici sui nostri canali social <a href=\"https:\/\/www.facebook.com\/faisrl.materialelettrico\/\" target=\"_blank\" rel=\"noopener\">Facebook<\/a> e <a href=\"https:\/\/www.instagram.com\/faisrl.materialelettrico\/\" target=\"_blank\" rel=\"noopener\">Instagram<\/a>.<\/p>\n<table border=\"0\" width=\"500\" align=\"center\">\n<tbody>\n<tr>\n<td>Numero di LED:<\/td>\n<td>120led\/mt<\/td>\n<\/tr>\n<tr>\n<td>Potenza striscia bianca:<\/td>\n<td>\u00a09.6 W\/metro<\/td>\n<\/tr>\n<tr>\n<td>Potenza striscia RGB:<\/td>\n<td>\u00a014,4 W\/metro<\/td>\n<\/tr>\n<tr>\n<td>Dimmerabile:<\/td>\n<td>SI (PWM)<\/td>\n<\/tr>\n<tr>\n<td>Dimensione minima di taglio:<\/td>\n<td>50 cm<\/td>\n<\/tr>\n<tr>\n<td>Lunghezza massima alimentabile striscia bianca:<\/td>\n<td>5 mt<\/td>\n<\/tr>\n<tr>\n<td>Lunghezza massima alimentabile striscia RGB:<\/td>\n<td>10 mt<\/td>\n<\/tr>\n<tr>\n<td>Vita utile:<\/td>\n<td>40000h<\/td>\n<\/tr>\n<tr>\n<td>Nota:<\/td>\n<td>accessori per fissaggio inclusi:<\/p>\n<p>-bobina da 5mt 5clips + 5 viti<\/p>\n<p>-bobina da 10mt 10clips+10viti<\/td>\n<\/tr>\n<\/tbody>\n<\/table>\n","protected":false},"excerpt":{"rendered":"<p><img decoding=\"async\" class=\"alignnone size-full wp-image-22420\" src=\"http:\/\/www.fai-srl.com\/shop\/wp-content\/uploads\/2020\/12\/sezionabile.jpg\" alt=\"\" width=\"60\" height=\"60\" \/> <img decoding=\"async\" class=\"alignnone size-full wp-image-22421\" src=\"http:\/\/www.fai-srl.com\/shop\/wp-content\/uploads\/2020\/12\/dimmerabile.jpg\" alt=\"\" width=\"60\" height=\"60\" \/> <img decoding=\"async\" class=\"alignnone size-full wp-image-22422\" src=\"http:\/\/www.fai-srl.com\/shop\/wp-content\/uploads\/2020\/12\/120.jpg\" alt=\"\" width=\"60\" height=\"60\" \/><img loading=\"lazy\" decoding=\"async\" class=\"alignnone size-full wp-image-21621\" src=\"http:\/\/www.fai-srl.com\/shop\/wp-content\/uploads\/2020\/11\/ce-8-e1606262910175.jpg\" alt=\"\" width=\"60\" height=\"60\" \/><img loading=\"lazy\" decoding=\"async\" class=\"alignnone size-full wp-image-29718\" src=\"http:\/\/www.fai-srl.com\/shop\/wp-content\/uploads\/2020\/11\/rohs.-.png\" alt=\"\" width=\"93\" height=\"75\" \/><img loading=\"lazy\" decoding=\"async\" class=\"alignnone size-full wp-image-31592\" src=\"http:\/\/www.fai-srl.com\/shop\/wp-content\/uploads\/2020\/11\/CLASSE-G.png\" alt=\"\" width=\"60\" height=\"35\" \/><\/p>\n","protected":false},"featured_media":22431,"template":"","meta":[],"product_cat":[506],"product_tag":[],"class_list":{"0":"post-22425","1":"product","2":"type-product","3":"status-publish","4":"has-post-thumbnail","6":"product_cat-led","8":"first","9":"instock","10":"taxable","11":"shipping-taxable","12":"purchasable","13":"product-type-variable"},"yoast_head":"<!-- This site is optimized with the Yoast SEO plugin v26.2 - https:\/\/yoast.com\/wordpress\/plugins\/seo\/ -->\n<title>Striscia flessibile LED neon flex 13x20mm - IP68 - FAI SRL<\/title>\n<meta name=\"description\" content=\"Striscia flessibile LED neon flex 13x20mm - grado di protezione IP68. Visita il Nostro sito e scopri tutti i nostri prodotti !\" \/>\n<meta name=\"robots\" content=\"index, follow, max-snippet:-1, max-image-preview:large, max-video-preview:-1\" \/>\n<link rel=\"canonical\" href=\"https:\/\/www.fai-srl.com\/shop\/product\/striscia-flessibile-led-neon-flex-13x20mm-ip68\/\" \/>\n<meta property=\"og:locale\" content=\"it_IT\" \/>\n<meta property=\"og:type\" content=\"article\" \/>\n<meta property=\"og:title\" content=\"Striscia flessibile LED neon flex 13x20mm - IP68 - FAI SRL\" \/>\n<meta property=\"og:description\" content=\"Striscia flessibile LED neon flex 13x20mm - grado di protezione IP68. Visita il Nostro sito e scopri tutti i nostri prodotti !\" \/>\n<meta property=\"og:url\" content=\"https:\/\/www.fai-srl.com\/shop\/product\/striscia-flessibile-led-neon-flex-13x20mm-ip68\/\" \/>\n<meta property=\"og:site_name\" content=\"FAI SRL\" \/>\n<meta property=\"article:modified_time\" content=\"2026-02-27T18:31:31+00:00\" \/>\n<meta property=\"og:image\" content=\"https:\/\/www.fai-srl.com\/shop\/wp-content\/uploads\/2020\/12\/5125.jpg\" \/>\n\t<meta property=\"og:image:width\" content=\"600\" \/>\n\t<meta property=\"og:image:height\" content=\"600\" \/>\n\t<meta property=\"og:image:type\" content=\"image\/jpeg\" \/>\n<meta name=\"twitter:card\" content=\"summary_large_image\" \/>\n<meta name=\"twitter:label1\" content=\"Tempo di lettura stimato\" \/>\n\t<meta name=\"twitter:data1\" content=\"2 minuti\" \/>\n<script type=\"application\/ld+json\" class=\"yoast-schema-graph\">{\"@context\":\"https:\/\/schema.org\",\"@graph\":[{\"@type\":\"WebPage\",\"@id\":\"https:\/\/www.fai-srl.com\/shop\/product\/striscia-flessibile-led-neon-flex-13x20mm-ip68\/\",\"url\":\"https:\/\/www.fai-srl.com\/shop\/product\/striscia-flessibile-led-neon-flex-13x20mm-ip68\/\",\"name\":\"Striscia flessibile LED neon flex 13x20mm - IP68 - FAI SRL\",\"isPartOf\":{\"@id\":\"https:\/\/www.fai-srl.com\/shop\/#website\"},\"primaryImageOfPage\":{\"@id\":\"https:\/\/www.fai-srl.com\/shop\/product\/striscia-flessibile-led-neon-flex-13x20mm-ip68\/#primaryimage\"},\"image\":{\"@id\":\"https:\/\/www.fai-srl.com\/shop\/product\/striscia-flessibile-led-neon-flex-13x20mm-ip68\/#primaryimage\"},\"thumbnailUrl\":\"https:\/\/www.fai-srl.com\/shop\/wp-content\/uploads\/2020\/12\/5125.jpg\",\"datePublished\":\"2020-12-01T17:28:23+00:00\",\"dateModified\":\"2026-02-27T18:31:31+00:00\",\"description\":\"Striscia flessibile LED neon flex 13x20mm - grado di protezione IP68. Visita il Nostro sito e scopri tutti i nostri prodotti !\",\"breadcrumb\":{\"@id\":\"https:\/\/www.fai-srl.com\/shop\/product\/striscia-flessibile-led-neon-flex-13x20mm-ip68\/#breadcrumb\"},\"inLanguage\":\"it-IT\",\"potentialAction\":[{\"@type\":\"ReadAction\",\"target\":[\"https:\/\/www.fai-srl.com\/shop\/product\/striscia-flessibile-led-neon-flex-13x20mm-ip68\/\"]}]},{\"@type\":\"ImageObject\",\"inLanguage\":\"it-IT\",\"@id\":\"https:\/\/www.fai-srl.com\/shop\/product\/striscia-flessibile-led-neon-flex-13x20mm-ip68\/#primaryimage\",\"url\":\"https:\/\/www.fai-srl.com\/shop\/wp-content\/uploads\/2020\/12\/5125.jpg\",\"contentUrl\":\"https:\/\/www.fai-srl.com\/shop\/wp-content\/uploads\/2020\/12\/5125.jpg\",\"width\":600,\"height\":600,\"caption\":\"Striscia flessibile LED\"},{\"@type\":\"BreadcrumbList\",\"@id\":\"https:\/\/www.fai-srl.com\/shop\/product\/striscia-flessibile-led-neon-flex-13x20mm-ip68\/#breadcrumb\",\"itemListElement\":[{\"@type\":\"ListItem\",\"position\":1,\"name\":\"Home\",\"item\":\"https:\/\/www.fai-srl.com\/shop\/\"},{\"@type\":\"ListItem\",\"position\":2,\"name\":\"Prodotti FAI Srl\",\"item\":\"https:\/\/www.fai-srl.com\/shop\/?page_id=4775\"},{\"@type\":\"ListItem\",\"position\":3,\"name\":\"Striscia flessibile LED neon flex 13x20mm &#8211; IP68\"}]},{\"@type\":\"WebSite\",\"@id\":\"https:\/\/www.fai-srl.com\/shop\/#website\",\"url\":\"https:\/\/www.fai-srl.com\/shop\/\",\"name\":\"FAI SRL\",\"description\":\"Light Up your Creativity\",\"publisher\":{\"@id\":\"https:\/\/www.fai-srl.com\/shop\/#organization\"},\"potentialAction\":[{\"@type\":\"SearchAction\",\"target\":{\"@type\":\"EntryPoint\",\"urlTemplate\":\"https:\/\/www.fai-srl.com\/shop\/?s={search_term_string}\"},\"query-input\":{\"@type\":\"PropertyValueSpecification\",\"valueRequired\":true,\"valueName\":\"search_term_string\"}}],\"inLanguage\":\"it-IT\"},{\"@type\":\"Organization\",\"@id\":\"https:\/\/www.fai-srl.com\/shop\/#organization\",\"name\":\"FAI SRL\",\"url\":\"https:\/\/www.fai-srl.com\/shop\/\",\"logo\":{\"@type\":\"ImageObject\",\"inLanguage\":\"it-IT\",\"@id\":\"https:\/\/www.fai-srl.com\/shop\/#\/schema\/logo\/image\/\",\"url\":\"http:\/\/www.fai-srl.com\/shop\/wp-content\/uploads\/2018\/10\/fai_logo.jpg\",\"contentUrl\":\"http:\/\/www.fai-srl.com\/shop\/wp-content\/uploads\/2018\/10\/fai_logo.jpg\",\"width\":300,\"height\":132,\"caption\":\"FAI SRL\"},\"image\":{\"@id\":\"https:\/\/www.fai-srl.com\/shop\/#\/schema\/logo\/image\/\"}}]}<\/script>\n<!-- \/ Yoast SEO plugin. -->","yoast_head_json":{"title":"Striscia flessibile LED neon flex 13x20mm - IP68 - FAI SRL","description":"Striscia flessibile LED neon flex 13x20mm - grado di protezione IP68. Visita il Nostro sito e scopri tutti i nostri prodotti !","robots":{"index":"index","follow":"follow","max-snippet":"max-snippet:-1","max-image-preview":"max-image-preview:large","max-video-preview":"max-video-preview:-1"},"canonical":"https:\/\/www.fai-srl.com\/shop\/product\/striscia-flessibile-led-neon-flex-13x20mm-ip68\/","og_locale":"it_IT","og_type":"article","og_title":"Striscia flessibile LED neon flex 13x20mm - IP68 - FAI SRL","og_description":"Striscia flessibile LED neon flex 13x20mm - grado di protezione IP68. Visita il Nostro sito e scopri tutti i nostri prodotti !","og_url":"https:\/\/www.fai-srl.com\/shop\/product\/striscia-flessibile-led-neon-flex-13x20mm-ip68\/","og_site_name":"FAI SRL","article_modified_time":"2026-02-27T18:31:31+00:00","og_image":[{"width":600,"height":600,"url":"https:\/\/www.fai-srl.com\/shop\/wp-content\/uploads\/2020\/12\/5125.jpg","type":"image\/jpeg"}],"twitter_card":"summary_large_image","twitter_misc":{"Tempo di lettura stimato":"2 minuti"},"schema":{"@context":"https:\/\/schema.org","@graph":[{"@type":"WebPage","@id":"https:\/\/www.fai-srl.com\/shop\/product\/striscia-flessibile-led-neon-flex-13x20mm-ip68\/","url":"https:\/\/www.fai-srl.com\/shop\/product\/striscia-flessibile-led-neon-flex-13x20mm-ip68\/","name":"Striscia flessibile LED neon flex 13x20mm - IP68 - FAI SRL","isPartOf":{"@id":"https:\/\/www.fai-srl.com\/shop\/#website"},"primaryImageOfPage":{"@id":"https:\/\/www.fai-srl.com\/shop\/product\/striscia-flessibile-led-neon-flex-13x20mm-ip68\/#primaryimage"},"image":{"@id":"https:\/\/www.fai-srl.com\/shop\/product\/striscia-flessibile-led-neon-flex-13x20mm-ip68\/#primaryimage"},"thumbnailUrl":"https:\/\/www.fai-srl.com\/shop\/wp-content\/uploads\/2020\/12\/5125.jpg","datePublished":"2020-12-01T17:28:23+00:00","dateModified":"2026-02-27T18:31:31+00:00","description":"Striscia flessibile LED neon flex 13x20mm - grado di protezione IP68. Visita il Nostro sito e scopri tutti i nostri prodotti !","breadcrumb":{"@id":"https:\/\/www.fai-srl.com\/shop\/product\/striscia-flessibile-led-neon-flex-13x20mm-ip68\/#breadcrumb"},"inLanguage":"it-IT","potentialAction":[{"@type":"ReadAction","target":["https:\/\/www.fai-srl.com\/shop\/product\/striscia-flessibile-led-neon-flex-13x20mm-ip68\/"]}]},{"@type":"ImageObject","inLanguage":"it-IT","@id":"https:\/\/www.fai-srl.com\/shop\/product\/striscia-flessibile-led-neon-flex-13x20mm-ip68\/#primaryimage","url":"https:\/\/www.fai-srl.com\/shop\/wp-content\/uploads\/2020\/12\/5125.jpg","contentUrl":"https:\/\/www.fai-srl.com\/shop\/wp-content\/uploads\/2020\/12\/5125.jpg","width":600,"height":600,"caption":"Striscia flessibile LED"},{"@type":"BreadcrumbList","@id":"https:\/\/www.fai-srl.com\/shop\/product\/striscia-flessibile-led-neon-flex-13x20mm-ip68\/#breadcrumb","itemListElement":[{"@type":"ListItem","position":1,"name":"Home","item":"https:\/\/www.fai-srl.com\/shop\/"},{"@type":"ListItem","position":2,"name":"Prodotti FAI Srl","item":"https:\/\/www.fai-srl.com\/shop\/?page_id=4775"},{"@type":"ListItem","position":3,"name":"Striscia flessibile LED neon flex 13x20mm &#8211; IP68"}]},{"@type":"WebSite","@id":"https:\/\/www.fai-srl.com\/shop\/#website","url":"https:\/\/www.fai-srl.com\/shop\/","name":"FAI SRL","description":"Light Up your Creativity","publisher":{"@id":"https:\/\/www.fai-srl.com\/shop\/#organization"},"potentialAction":[{"@type":"SearchAction","target":{"@type":"EntryPoint","urlTemplate":"https:\/\/www.fai-srl.com\/shop\/?s={search_term_string}"},"query-input":{"@type":"PropertyValueSpecification","valueRequired":true,"valueName":"search_term_string"}}],"inLanguage":"it-IT"},{"@type":"Organization","@id":"https:\/\/www.fai-srl.com\/shop\/#organization","name":"FAI SRL","url":"https:\/\/www.fai-srl.com\/shop\/","logo":{"@type":"ImageObject","inLanguage":"it-IT","@id":"https:\/\/www.fai-srl.com\/shop\/#\/schema\/logo\/image\/","url":"http:\/\/www.fai-srl.com\/shop\/wp-content\/uploads\/2018\/10\/fai_logo.jpg","contentUrl":"http:\/\/www.fai-srl.com\/shop\/wp-content\/uploads\/2018\/10\/fai_logo.jpg","width":300,"height":132,"caption":"FAI SRL"},"image":{"@id":"https:\/\/www.fai-srl.com\/shop\/#\/schema\/logo\/image\/"}}]}},"_links":{"self":[{"href":"https:\/\/www.fai-srl.com\/shop\/wp-json\/wp\/v2\/product\/22425","targetHints":{"allow":["GET"]}}],"collection":[{"href":"https:\/\/www.fai-srl.com\/shop\/wp-json\/wp\/v2\/product"}],"about":[{"href":"https:\/\/www.fai-srl.com\/shop\/wp-json\/wp\/v2\/types\/product"}],"version-history":[{"count":7,"href":"https:\/\/www.fai-srl.com\/shop\/wp-json\/wp\/v2\/product\/22425\/revisions"}],"predecessor-version":[{"id":32127,"href":"https:\/\/www.fai-srl.com\/shop\/wp-json\/wp\/v2\/product\/22425\/revisions\/32127"}],"wp:featuredmedia":[{"embeddable":true,"href":"https:\/\/www.fai-srl.com\/shop\/wp-json\/wp\/v2\/media\/22431"}],"wp:attachment":[{"href":"https:\/\/www.fai-srl.com\/shop\/wp-json\/wp\/v2\/media?parent=22425"}],"wp:term":[{"taxonomy":"product_cat","embeddable":true,"href":"https:\/\/www.fai-srl.com\/shop\/wp-json\/wp\/v2\/product_cat?post=22425"},{"taxonomy":"product_tag","embeddable":true,"href":"https:\/\/www.fai-srl.com\/shop\/wp-json\/wp\/v2\/product_tag?post=22425"}],"curies":[{"name":"wp","href":"https:\/\/api.w.org\/{rel}","templated":true}]}}