{"id":22022,"date":"2020-11-26T18:17:30","date_gmt":"2020-11-26T17:17:30","guid":{"rendered":"http:\/\/www.fai-srl.com\/shop\/?post_type=product&#038;p=22022"},"modified":"2026-02-27T19:32:54","modified_gmt":"2026-02-27T18:32:54","slug":"strisce-600-led-3527-dinamica-2300-6000k-alimentazione-24-v","status":"publish","type":"product","link":"https:\/\/www.fai-srl.com\/shop\/product\/strisce-600-led-3527-dinamica-2300-6000k-alimentazione-24-v\/","title":{"rendered":"Striscia 120 LED\/mt &#8211; SMD 3527 dinamica 2300-6000K &#8211; Alimentazione: 24 V"},"content":{"rendered":"<p><strong>Strisce 600 LED 3527 dinamica 2300-6000K &#8211; Alimentazione: 24 V<\/strong><\/p>\n<p>Le strisce LED hanno una lunga vita d\u2019esercizio, quindi non necessitano di manutenzione e permettono di risparmiare sul consumo.<\/p>\n<p>Questo tipo di illuminazione \u00e8 ideale per illuminare qualsiasi tipo di angolo o elemento della casa, grazie alla sua flessibilit\u00e0. Uno dei vantaggi delle strisce LED \u00e8 la versatilit\u00e0 degli usi che gli si possono dare, come ad esempio illuminare zone di passaggio, illuminazione decorativa&#8230; \u00e8 adatto soprattutto a mettere in risalto i dettagli della casa.<\/p>\n<p>Le strisce LED sono anche adatte particolarmente per le installazioni in negozi, locali pubblici e cos\u00ec via.<\/p>\n<p>La striscia deve essere montata su un profilo metallico FAI o su idoneo dissipatore.<\/p>\n<p>Questo prodotto ha un grado di protezione IP20 quindi garantisce la protezione di corpi solidi maggiori di 12mm. Protegge dalla polvere ma non permette la protezione contro la penetrazione di liquidi da gocce, vapori, o spruzzi in qualsiasi direzione.<\/p>\n<p>Questo articolo possiede il marchio CE, che garantisce la conformit\u00e0 del prodotto a tutte le disposizioni della Comunit\u00e0 Europea che prevedono il suo utilizzo dalla progettazione, alla messa in servizio fino allo smaltimento.<\/p>\n<p>Se dovessi aver bisogno di maggiori informazioni relative a questo prodotto o necessiti di un\u2019offerta personalizzata <a href=\"https:\/\/www.fai-srl.com\/contatti\/\" target=\"_blank\" rel=\"noopener\">contattaci<\/a>!<\/p>\n<p>Rimani aggiornato sui nostri prodotti, seguici sui nostri canali social <a href=\"https:\/\/www.facebook.com\/faisrl.materialelettrico\/\" target=\"_blank\" rel=\"noopener\">Facebook<\/a> e <a href=\"https:\/\/www.instagram.com\/faisrl.materialelettrico\/\" target=\"_blank\" rel=\"noopener\">Instagram<\/a>.<\/p>\n<table style=\"height: 340px;\" border=\"0\" width=\"738\" align=\"center\">\n<tbody>\n<tr>\n<td>Dimensioni bobina:<\/td>\n<td>5000x10x2mm<\/td>\n<\/tr>\n<tr>\n<td>Numero di LED:<\/td>\n<td>600 SMD 3527<\/td>\n<\/tr>\n<tr>\n<td>Potenza:<\/td>\n<td>28.8 W\/metro<\/td>\n<\/tr>\n<tr>\n<td>Grado di protezione:<\/td>\n<td>IP20<\/td>\n<\/tr>\n<tr>\n<td>Flusso luminoso:<\/td>\n<td>4000lm<\/td>\n<\/tr>\n<tr>\n<td>Vita utile:<\/td>\n<td>L70B50 30000h<\/td>\n<\/tr>\n<tr>\n<td>Dimmerabile:<\/td>\n<td>SI (PWM)<\/td>\n<\/tr>\n<tr>\n<td>Lunghezza minima di taglio:<\/td>\n<td>50mm<\/td>\n<\/tr>\n<tr>\n<td>Rialimentazione:<\/td>\n<td>3 mt<\/td>\n<\/tr>\n<tr>\n<td>Note:<\/td>\n<td>la striscia deve essere montata su un profilo metallico FAI o su idoneo dissipatore<\/td>\n<\/tr>\n<\/tbody>\n<\/table>\n","protected":false},"excerpt":{"rendered":"<p><img decoding=\"async\" class=\"alignnone size-full wp-image-22638\" src=\"http:\/\/www.fai-srl.com\/shop\/wp-content\/uploads\/2020\/11\/luce_dinamica.jpg\" alt=\"\" width=\"120\" height=\"60\" \/><\/p>\n<p><img decoding=\"async\" class=\"alignnone wp-image-25177\" src=\"http:\/\/www.fai-srl.com\/shop\/wp-content\/uploads\/2020\/11\/logi-strice-led.jpg\" alt=\"\" width=\"300\" srcset=\"https:\/\/www.fai-srl.com\/shop\/wp-content\/uploads\/2020\/11\/logi-strice-led.jpg 479w, https:\/\/www.fai-srl.com\/shop\/wp-content\/uploads\/2020\/11\/logi-strice-led-300x75.jpg 300w, https:\/\/www.fai-srl.com\/shop\/wp-content\/uploads\/2020\/11\/logi-strice-led-400x100.jpg 400w, https:\/\/www.fai-srl.com\/shop\/wp-content\/uploads\/2020\/11\/logi-strice-led-64x16.jpg 64w\" sizes=\"(max-width: 479px) 100vw, 479px\" \/><\/p>\n<p><img decoding=\"async\" class=\"alignnone size-full wp-image-21621\" src=\"http:\/\/www.fai-srl.com\/shop\/wp-content\/uploads\/2020\/11\/ce-8-e1606262910175.jpg\" alt=\"\" width=\"60\" height=\"60\" \/><img decoding=\"async\" class=\"alignnone size-full wp-image-29718\" src=\"http:\/\/www.fai-srl.com\/shop\/wp-content\/uploads\/2020\/11\/rohs.-.png\" alt=\"\" width=\"93\" height=\"75\" \/><\/p>\n<p><a href=\"http:\/\/www.fai-srl.com\/wp-content\/uploads\/2020\/11\/5080-IP20-instructionS.pdf\"><strong>Clicca qui per scaricare la SCHEDA TECNICA<\/strong><\/a><\/p>\n","protected":false},"featured_media":22025,"template":"","meta":[],"product_cat":[506],"product_tag":[],"class_list":{"0":"post-22022","1":"product","2":"type-product","3":"status-publish","4":"has-post-thumbnail","6":"product_cat-led","8":"first","9":"instock","10":"taxable","11":"shipping-taxable","12":"purchasable","13":"product-type-variable"},"yoast_head":"<!-- This site is optimized with the Yoast SEO plugin v26.2 - https:\/\/yoast.com\/wordpress\/plugins\/seo\/ -->\n<title>Strisce 600 LED 3527 dinamica 2300-6000K - FAI SRL<\/title>\n<meta name=\"description\" content=\"Strisce 600 LED, ideali per illuminare qualsiasi tipo di angolo o elemento della casa. Visita il nostro sito e scopri tutti i prodotti !\" \/>\n<meta name=\"robots\" content=\"index, follow, max-snippet:-1, max-image-preview:large, max-video-preview:-1\" \/>\n<link rel=\"canonical\" href=\"https:\/\/www.fai-srl.com\/shop\/product\/strisce-600-led-3527-dinamica-2300-6000k-alimentazione-24-v\/\" \/>\n<meta property=\"og:locale\" content=\"it_IT\" \/>\n<meta property=\"og:type\" content=\"article\" \/>\n<meta property=\"og:title\" content=\"Strisce 600 LED 3527 dinamica 2300-6000K - FAI SRL\" \/>\n<meta property=\"og:description\" content=\"Strisce 600 LED, ideali per illuminare qualsiasi tipo di angolo o elemento della casa. Visita il nostro sito e scopri tutti i prodotti !\" \/>\n<meta property=\"og:url\" content=\"https:\/\/www.fai-srl.com\/shop\/product\/strisce-600-led-3527-dinamica-2300-6000k-alimentazione-24-v\/\" \/>\n<meta property=\"og:site_name\" content=\"FAI SRL\" \/>\n<meta property=\"article:modified_time\" content=\"2026-02-27T18:32:54+00:00\" \/>\n<meta property=\"og:image\" content=\"https:\/\/www.fai-srl.com\/shop\/wp-content\/uploads\/2020\/11\/5080_1920.jpg\" \/>\n\t<meta property=\"og:image:width\" content=\"600\" \/>\n\t<meta property=\"og:image:height\" content=\"600\" \/>\n\t<meta property=\"og:image:type\" content=\"image\/jpeg\" \/>\n<meta name=\"twitter:card\" content=\"summary_large_image\" \/>\n<meta name=\"twitter:label1\" content=\"Tempo di lettura stimato\" \/>\n\t<meta name=\"twitter:data1\" content=\"2 minuti\" \/>\n<script type=\"application\/ld+json\" class=\"yoast-schema-graph\">{\"@context\":\"https:\/\/schema.org\",\"@graph\":[{\"@type\":\"WebPage\",\"@id\":\"https:\/\/www.fai-srl.com\/shop\/product\/strisce-600-led-3527-dinamica-2300-6000k-alimentazione-24-v\/\",\"url\":\"https:\/\/www.fai-srl.com\/shop\/product\/strisce-600-led-3527-dinamica-2300-6000k-alimentazione-24-v\/\",\"name\":\"Strisce 600 LED 3527 dinamica 2300-6000K - FAI SRL\",\"isPartOf\":{\"@id\":\"https:\/\/www.fai-srl.com\/shop\/#website\"},\"primaryImageOfPage\":{\"@id\":\"https:\/\/www.fai-srl.com\/shop\/product\/strisce-600-led-3527-dinamica-2300-6000k-alimentazione-24-v\/#primaryimage\"},\"image\":{\"@id\":\"https:\/\/www.fai-srl.com\/shop\/product\/strisce-600-led-3527-dinamica-2300-6000k-alimentazione-24-v\/#primaryimage\"},\"thumbnailUrl\":\"https:\/\/www.fai-srl.com\/shop\/wp-content\/uploads\/2020\/11\/5080_1920.jpg\",\"datePublished\":\"2020-11-26T17:17:30+00:00\",\"dateModified\":\"2026-02-27T18:32:54+00:00\",\"description\":\"Strisce 600 LED, ideali per illuminare qualsiasi tipo di angolo o elemento della casa. Visita il nostro sito e scopri tutti i prodotti !\",\"breadcrumb\":{\"@id\":\"https:\/\/www.fai-srl.com\/shop\/product\/strisce-600-led-3527-dinamica-2300-6000k-alimentazione-24-v\/#breadcrumb\"},\"inLanguage\":\"it-IT\",\"potentialAction\":[{\"@type\":\"ReadAction\",\"target\":[\"https:\/\/www.fai-srl.com\/shop\/product\/strisce-600-led-3527-dinamica-2300-6000k-alimentazione-24-v\/\"]}]},{\"@type\":\"ImageObject\",\"inLanguage\":\"it-IT\",\"@id\":\"https:\/\/www.fai-srl.com\/shop\/product\/strisce-600-led-3527-dinamica-2300-6000k-alimentazione-24-v\/#primaryimage\",\"url\":\"https:\/\/www.fai-srl.com\/shop\/wp-content\/uploads\/2020\/11\/5080_1920.jpg\",\"contentUrl\":\"https:\/\/www.fai-srl.com\/shop\/wp-content\/uploads\/2020\/11\/5080_1920.jpg\",\"width\":600,\"height\":600,\"caption\":\"Strisce 600 LED\"},{\"@type\":\"BreadcrumbList\",\"@id\":\"https:\/\/www.fai-srl.com\/shop\/product\/strisce-600-led-3527-dinamica-2300-6000k-alimentazione-24-v\/#breadcrumb\",\"itemListElement\":[{\"@type\":\"ListItem\",\"position\":1,\"name\":\"Home\",\"item\":\"https:\/\/www.fai-srl.com\/shop\/\"},{\"@type\":\"ListItem\",\"position\":2,\"name\":\"Prodotti FAI Srl\",\"item\":\"https:\/\/www.fai-srl.com\/shop\/?page_id=4775\"},{\"@type\":\"ListItem\",\"position\":3,\"name\":\"Striscia 120 LED\/mt &#8211; SMD 3527 dinamica 2300-6000K &#8211; Alimentazione: 24 V\"}]},{\"@type\":\"WebSite\",\"@id\":\"https:\/\/www.fai-srl.com\/shop\/#website\",\"url\":\"https:\/\/www.fai-srl.com\/shop\/\",\"name\":\"FAI SRL\",\"description\":\"Light Up your Creativity\",\"publisher\":{\"@id\":\"https:\/\/www.fai-srl.com\/shop\/#organization\"},\"potentialAction\":[{\"@type\":\"SearchAction\",\"target\":{\"@type\":\"EntryPoint\",\"urlTemplate\":\"https:\/\/www.fai-srl.com\/shop\/?s={search_term_string}\"},\"query-input\":{\"@type\":\"PropertyValueSpecification\",\"valueRequired\":true,\"valueName\":\"search_term_string\"}}],\"inLanguage\":\"it-IT\"},{\"@type\":\"Organization\",\"@id\":\"https:\/\/www.fai-srl.com\/shop\/#organization\",\"name\":\"FAI SRL\",\"url\":\"https:\/\/www.fai-srl.com\/shop\/\",\"logo\":{\"@type\":\"ImageObject\",\"inLanguage\":\"it-IT\",\"@id\":\"https:\/\/www.fai-srl.com\/shop\/#\/schema\/logo\/image\/\",\"url\":\"http:\/\/www.fai-srl.com\/shop\/wp-content\/uploads\/2018\/10\/fai_logo.jpg\",\"contentUrl\":\"http:\/\/www.fai-srl.com\/shop\/wp-content\/uploads\/2018\/10\/fai_logo.jpg\",\"width\":300,\"height\":132,\"caption\":\"FAI SRL\"},\"image\":{\"@id\":\"https:\/\/www.fai-srl.com\/shop\/#\/schema\/logo\/image\/\"}}]}<\/script>\n<!-- \/ Yoast SEO plugin. -->","yoast_head_json":{"title":"Strisce 600 LED 3527 dinamica 2300-6000K - FAI SRL","description":"Strisce 600 LED, ideali per illuminare qualsiasi tipo di angolo o elemento della casa. Visita il nostro sito e scopri tutti i prodotti !","robots":{"index":"index","follow":"follow","max-snippet":"max-snippet:-1","max-image-preview":"max-image-preview:large","max-video-preview":"max-video-preview:-1"},"canonical":"https:\/\/www.fai-srl.com\/shop\/product\/strisce-600-led-3527-dinamica-2300-6000k-alimentazione-24-v\/","og_locale":"it_IT","og_type":"article","og_title":"Strisce 600 LED 3527 dinamica 2300-6000K - FAI SRL","og_description":"Strisce 600 LED, ideali per illuminare qualsiasi tipo di angolo o elemento della casa. Visita il nostro sito e scopri tutti i prodotti !","og_url":"https:\/\/www.fai-srl.com\/shop\/product\/strisce-600-led-3527-dinamica-2300-6000k-alimentazione-24-v\/","og_site_name":"FAI SRL","article_modified_time":"2026-02-27T18:32:54+00:00","og_image":[{"width":600,"height":600,"url":"https:\/\/www.fai-srl.com\/shop\/wp-content\/uploads\/2020\/11\/5080_1920.jpg","type":"image\/jpeg"}],"twitter_card":"summary_large_image","twitter_misc":{"Tempo di lettura stimato":"2 minuti"},"schema":{"@context":"https:\/\/schema.org","@graph":[{"@type":"WebPage","@id":"https:\/\/www.fai-srl.com\/shop\/product\/strisce-600-led-3527-dinamica-2300-6000k-alimentazione-24-v\/","url":"https:\/\/www.fai-srl.com\/shop\/product\/strisce-600-led-3527-dinamica-2300-6000k-alimentazione-24-v\/","name":"Strisce 600 LED 3527 dinamica 2300-6000K - FAI SRL","isPartOf":{"@id":"https:\/\/www.fai-srl.com\/shop\/#website"},"primaryImageOfPage":{"@id":"https:\/\/www.fai-srl.com\/shop\/product\/strisce-600-led-3527-dinamica-2300-6000k-alimentazione-24-v\/#primaryimage"},"image":{"@id":"https:\/\/www.fai-srl.com\/shop\/product\/strisce-600-led-3527-dinamica-2300-6000k-alimentazione-24-v\/#primaryimage"},"thumbnailUrl":"https:\/\/www.fai-srl.com\/shop\/wp-content\/uploads\/2020\/11\/5080_1920.jpg","datePublished":"2020-11-26T17:17:30+00:00","dateModified":"2026-02-27T18:32:54+00:00","description":"Strisce 600 LED, ideali per illuminare qualsiasi tipo di angolo o elemento della casa. Visita il nostro sito e scopri tutti i prodotti !","breadcrumb":{"@id":"https:\/\/www.fai-srl.com\/shop\/product\/strisce-600-led-3527-dinamica-2300-6000k-alimentazione-24-v\/#breadcrumb"},"inLanguage":"it-IT","potentialAction":[{"@type":"ReadAction","target":["https:\/\/www.fai-srl.com\/shop\/product\/strisce-600-led-3527-dinamica-2300-6000k-alimentazione-24-v\/"]}]},{"@type":"ImageObject","inLanguage":"it-IT","@id":"https:\/\/www.fai-srl.com\/shop\/product\/strisce-600-led-3527-dinamica-2300-6000k-alimentazione-24-v\/#primaryimage","url":"https:\/\/www.fai-srl.com\/shop\/wp-content\/uploads\/2020\/11\/5080_1920.jpg","contentUrl":"https:\/\/www.fai-srl.com\/shop\/wp-content\/uploads\/2020\/11\/5080_1920.jpg","width":600,"height":600,"caption":"Strisce 600 LED"},{"@type":"BreadcrumbList","@id":"https:\/\/www.fai-srl.com\/shop\/product\/strisce-600-led-3527-dinamica-2300-6000k-alimentazione-24-v\/#breadcrumb","itemListElement":[{"@type":"ListItem","position":1,"name":"Home","item":"https:\/\/www.fai-srl.com\/shop\/"},{"@type":"ListItem","position":2,"name":"Prodotti FAI Srl","item":"https:\/\/www.fai-srl.com\/shop\/?page_id=4775"},{"@type":"ListItem","position":3,"name":"Striscia 120 LED\/mt &#8211; SMD 3527 dinamica 2300-6000K &#8211; Alimentazione: 24 V"}]},{"@type":"WebSite","@id":"https:\/\/www.fai-srl.com\/shop\/#website","url":"https:\/\/www.fai-srl.com\/shop\/","name":"FAI SRL","description":"Light Up your Creativity","publisher":{"@id":"https:\/\/www.fai-srl.com\/shop\/#organization"},"potentialAction":[{"@type":"SearchAction","target":{"@type":"EntryPoint","urlTemplate":"https:\/\/www.fai-srl.com\/shop\/?s={search_term_string}"},"query-input":{"@type":"PropertyValueSpecification","valueRequired":true,"valueName":"search_term_string"}}],"inLanguage":"it-IT"},{"@type":"Organization","@id":"https:\/\/www.fai-srl.com\/shop\/#organization","name":"FAI SRL","url":"https:\/\/www.fai-srl.com\/shop\/","logo":{"@type":"ImageObject","inLanguage":"it-IT","@id":"https:\/\/www.fai-srl.com\/shop\/#\/schema\/logo\/image\/","url":"http:\/\/www.fai-srl.com\/shop\/wp-content\/uploads\/2018\/10\/fai_logo.jpg","contentUrl":"http:\/\/www.fai-srl.com\/shop\/wp-content\/uploads\/2018\/10\/fai_logo.jpg","width":300,"height":132,"caption":"FAI SRL"},"image":{"@id":"https:\/\/www.fai-srl.com\/shop\/#\/schema\/logo\/image\/"}}]}},"_links":{"self":[{"href":"https:\/\/www.fai-srl.com\/shop\/wp-json\/wp\/v2\/product\/22022","targetHints":{"allow":["GET"]}}],"collection":[{"href":"https:\/\/www.fai-srl.com\/shop\/wp-json\/wp\/v2\/product"}],"about":[{"href":"https:\/\/www.fai-srl.com\/shop\/wp-json\/wp\/v2\/types\/product"}],"version-history":[{"count":9,"href":"https:\/\/www.fai-srl.com\/shop\/wp-json\/wp\/v2\/product\/22022\/revisions"}],"predecessor-version":[{"id":35279,"href":"https:\/\/www.fai-srl.com\/shop\/wp-json\/wp\/v2\/product\/22022\/revisions\/35279"}],"wp:featuredmedia":[{"embeddable":true,"href":"https:\/\/www.fai-srl.com\/shop\/wp-json\/wp\/v2\/media\/22025"}],"wp:attachment":[{"href":"https:\/\/www.fai-srl.com\/shop\/wp-json\/wp\/v2\/media?parent=22022"}],"wp:term":[{"taxonomy":"product_cat","embeddable":true,"href":"https:\/\/www.fai-srl.com\/shop\/wp-json\/wp\/v2\/product_cat?post=22022"},{"taxonomy":"product_tag","embeddable":true,"href":"https:\/\/www.fai-srl.com\/shop\/wp-json\/wp\/v2\/product_tag?post=22022"}],"curies":[{"name":"wp","href":"https:\/\/api.w.org\/{rel}","templated":true}]}}