{"id":21987,"date":"2020-11-26T16:31:32","date_gmt":"2020-11-26T15:31:32","guid":{"rendered":"http:\/\/www.fai-srl.com\/shop\/?post_type=product&#038;p=21987"},"modified":"2026-02-27T19:33:10","modified_gmt":"2026-02-27T18:33:10","slug":"strisce-300-led-5050-rgb-bianco-caldo-alimentazione-24-vdc","status":"publish","type":"product","link":"https:\/\/www.fai-srl.com\/shop\/product\/strisce-300-led-5050-rgb-bianco-caldo-alimentazione-24-vdc\/","title":{"rendered":"Striscia 60 LED\/mt 5050 RGB + Bianco caldo &#8211; Alimentazione: 24 Vdc"},"content":{"rendered":"<p><strong>Strisce 300 LED 5050 RGB + Bianco caldo &#8211; Alimentazione: 24 Vdc<\/strong><\/p>\n<p>Le strisce LED hanno una lunga vita d\u2019esercizio, quindi non necessitano di manutenzione e permettono di risparmiare sul consumo.<\/p>\n<p>Questo tipo di illuminazione \u00e8 ideale per illuminare qualsiasi tipo di angolo o elemento della casa, grazie alla sua flessibilit\u00e0. Uno dei vantaggi delle strisce LED \u00e8 la versatilit\u00e0 degli usi che gli si possono dare, come ad esempio illuminare zone di passaggio, illuminazione decorativa&#8230; \u00e8 adatto soprattutto a mettere in risalto i dettagli della casa.<\/p>\n<p>Le strisce LED sono anche adatte particolarmente per le installazioni in negozi, locali pubblici e cos\u00ec via.<\/p>\n<p>C&#8217;\u00e8 la possibilit\u00e0 di scegliere due tipologie di protezione: IP20e IP67.<\/p>\n<p>Questo articolo possiede il marchio CE, che garantisce la conformit\u00e0 del prodotto a tutte le disposizioni della Comunit\u00e0 Europea che prevedono il suo utilizzo dalla progettazione, alla messa in servizio fino allo smaltimento.<\/p>\n<p>Se dovessi aver bisogno di maggiori informazioni relative a questo prodotto o necessiti di un\u2019offerta personalizzata <a href=\"https:\/\/www.fai-srl.com\/contatti\/\" target=\"_blank\" rel=\"noopener\">contattaci<\/a>!<\/p>\n<p>Rimani aggiornato sui nostri prodotti, seguici sui nostri canali social <a href=\"https:\/\/www.facebook.com\/faisrl.materialelettrico\/\" target=\"_blank\" rel=\"noopener\">Facebook<\/a> e <a href=\"https:\/\/www.instagram.com\/faisrl.materialelettrico\/\" target=\"_blank\" rel=\"noopener\">Instagram<\/a>.<\/p>\n<p>&nbsp;<\/p>\n<table border=\"0\" width=\"500\" align=\"center\">\n<tbody>\n<tr>\n<td>Lunghezza bobina:<\/td>\n<td>5 mt<\/td>\n<\/tr>\n<tr>\n<td>Numero di LED:<\/td>\n<td>60led\/mt<\/td>\n<\/tr>\n<tr>\n<td>Potenza:<\/td>\n<td>19,2W\/mt RGB+5W\/mt<\/td>\n<\/tr>\n<tr>\n<td>T. esercizio:<\/td>\n<td>-20\u00b0 +40\u00b0<\/td>\n<\/tr>\n<tr>\n<td>Dimmerabile:<\/td>\n<td>SI (PWM)<\/td>\n<\/tr>\n<tr>\n<td>Lunghezze minima di taglio:<\/td>\n<td>100mm<\/td>\n<\/tr>\n<tr>\n<td>Rialimentazione:<\/td>\n<td>5 mt<\/td>\n<\/tr>\n<tr>\n<td>Lumen rosso:<\/td>\n<td>150lm\/mt<\/td>\n<\/tr>\n<tr>\n<td>Lumen verde:<\/td>\n<td>270lm\/mt<\/td>\n<\/tr>\n<tr>\n<td>Lumen blu:<\/td>\n<td>120lm\/mt<\/td>\n<\/tr>\n<tr>\n<td>Lumen bianco:<\/td>\n<td>420lm\/mt<\/td>\n<\/tr>\n<tr>\n<td>Vita utile:<\/td>\n<td>L70B50 30000h<\/td>\n<\/tr>\n<\/tbody>\n<\/table>\n<p>Nota: la striscia deve essere montata su un profilo in alluminio FAI o su un idoneo dissipatore.<\/p>\n","protected":false},"excerpt":{"rendered":"<p><img decoding=\"async\" class=\"alignnone size-full wp-image-31989\" src=\"http:\/\/www.fai-srl.com\/shop\/wp-content\/uploads\/2020\/11\/SIMBOLI-STRISCE.png\" alt=\"\" width=\"300\" height=\"130\" \/><\/p>\n<p><a href=\"http:\/\/www.fai-srl.com\/wp-content\/uploads\/2020\/11\/5085-300-RGBW-instructions-.pdf\"><strong>Clicca qui per scaricare la SCHEDA TECNICA 5085\/300\/RGBW<\/strong><\/a><\/p>\n<p><a href=\"http:\/\/www.fai-srl.com\/wp-content\/uploads\/2020\/11\/5086-300-RGBW-instructions-.pdf\"><strong>Clicca qui per scaricare la SCHEDA TECNICA 5086\/300\/RGBW<\/strong><\/a><\/p>\n","protected":false},"featured_media":21991,"template":"","meta":[],"product_cat":[506],"product_tag":[],"class_list":{"0":"post-21987","1":"product","2":"type-product","3":"status-publish","4":"has-post-thumbnail","6":"product_cat-led","8":"first","9":"instock","10":"taxable","11":"shipping-taxable","12":"purchasable","13":"product-type-variable"},"yoast_head":"<!-- This site is optimized with the Yoast SEO plugin v26.2 - https:\/\/yoast.com\/wordpress\/plugins\/seo\/ -->\n<title>Strisce 300 LED 5050 RGB + Bianco caldo - FAI SRL<\/title>\n<meta name=\"description\" content=\"Strisce 300 LED 5050 RGB + Bianco caldo - Alimentazione: 24 V. Visita il nostro sito per scoprire tutti i nostri prodotti e strisce LED !\" \/>\n<meta name=\"robots\" content=\"index, follow, max-snippet:-1, max-image-preview:large, max-video-preview:-1\" \/>\n<link rel=\"canonical\" href=\"https:\/\/www.fai-srl.com\/shop\/product\/strisce-300-led-5050-rgb-bianco-caldo-alimentazione-24-vdc\/\" \/>\n<meta property=\"og:locale\" content=\"it_IT\" \/>\n<meta property=\"og:type\" content=\"article\" \/>\n<meta property=\"og:title\" content=\"Strisce 300 LED 5050 RGB + Bianco caldo - FAI SRL\" \/>\n<meta property=\"og:description\" content=\"Strisce 300 LED 5050 RGB + Bianco caldo - Alimentazione: 24 V. Visita il nostro sito per scoprire tutti i nostri prodotti e strisce LED !\" \/>\n<meta property=\"og:url\" content=\"https:\/\/www.fai-srl.com\/shop\/product\/strisce-300-led-5050-rgb-bianco-caldo-alimentazione-24-vdc\/\" \/>\n<meta property=\"og:site_name\" content=\"FAI SRL\" \/>\n<meta property=\"article:modified_time\" content=\"2026-02-27T18:33:10+00:00\" \/>\n<meta property=\"og:image\" content=\"https:\/\/www.fai-srl.com\/shop\/wp-content\/uploads\/2020\/11\/5085_RGBW-1.jpg\" \/>\n\t<meta property=\"og:image:width\" content=\"600\" \/>\n\t<meta property=\"og:image:height\" content=\"600\" \/>\n\t<meta property=\"og:image:type\" content=\"image\/jpeg\" \/>\n<meta name=\"twitter:card\" content=\"summary_large_image\" \/>\n<meta name=\"twitter:label1\" content=\"Tempo di lettura stimato\" \/>\n\t<meta name=\"twitter:data1\" content=\"2 minuti\" \/>\n<script type=\"application\/ld+json\" class=\"yoast-schema-graph\">{\"@context\":\"https:\/\/schema.org\",\"@graph\":[{\"@type\":\"WebPage\",\"@id\":\"https:\/\/www.fai-srl.com\/shop\/product\/strisce-300-led-5050-rgb-bianco-caldo-alimentazione-24-vdc\/\",\"url\":\"https:\/\/www.fai-srl.com\/shop\/product\/strisce-300-led-5050-rgb-bianco-caldo-alimentazione-24-vdc\/\",\"name\":\"Strisce 300 LED 5050 RGB + Bianco caldo - FAI SRL\",\"isPartOf\":{\"@id\":\"https:\/\/www.fai-srl.com\/shop\/#website\"},\"primaryImageOfPage\":{\"@id\":\"https:\/\/www.fai-srl.com\/shop\/product\/strisce-300-led-5050-rgb-bianco-caldo-alimentazione-24-vdc\/#primaryimage\"},\"image\":{\"@id\":\"https:\/\/www.fai-srl.com\/shop\/product\/strisce-300-led-5050-rgb-bianco-caldo-alimentazione-24-vdc\/#primaryimage\"},\"thumbnailUrl\":\"https:\/\/www.fai-srl.com\/shop\/wp-content\/uploads\/2020\/11\/5085_RGBW-1.jpg\",\"datePublished\":\"2020-11-26T15:31:32+00:00\",\"dateModified\":\"2026-02-27T18:33:10+00:00\",\"description\":\"Strisce 300 LED 5050 RGB + Bianco caldo - Alimentazione: 24 V. Visita il nostro sito per scoprire tutti i nostri prodotti e strisce LED !\",\"breadcrumb\":{\"@id\":\"https:\/\/www.fai-srl.com\/shop\/product\/strisce-300-led-5050-rgb-bianco-caldo-alimentazione-24-vdc\/#breadcrumb\"},\"inLanguage\":\"it-IT\",\"potentialAction\":[{\"@type\":\"ReadAction\",\"target\":[\"https:\/\/www.fai-srl.com\/shop\/product\/strisce-300-led-5050-rgb-bianco-caldo-alimentazione-24-vdc\/\"]}]},{\"@type\":\"ImageObject\",\"inLanguage\":\"it-IT\",\"@id\":\"https:\/\/www.fai-srl.com\/shop\/product\/strisce-300-led-5050-rgb-bianco-caldo-alimentazione-24-vdc\/#primaryimage\",\"url\":\"https:\/\/www.fai-srl.com\/shop\/wp-content\/uploads\/2020\/11\/5085_RGBW-1.jpg\",\"contentUrl\":\"https:\/\/www.fai-srl.com\/shop\/wp-content\/uploads\/2020\/11\/5085_RGBW-1.jpg\",\"width\":600,\"height\":600,\"caption\":\"Strisce 300 LED\"},{\"@type\":\"BreadcrumbList\",\"@id\":\"https:\/\/www.fai-srl.com\/shop\/product\/strisce-300-led-5050-rgb-bianco-caldo-alimentazione-24-vdc\/#breadcrumb\",\"itemListElement\":[{\"@type\":\"ListItem\",\"position\":1,\"name\":\"Home\",\"item\":\"https:\/\/www.fai-srl.com\/shop\/\"},{\"@type\":\"ListItem\",\"position\":2,\"name\":\"Prodotti FAI Srl\",\"item\":\"https:\/\/www.fai-srl.com\/shop\/?page_id=4775\"},{\"@type\":\"ListItem\",\"position\":3,\"name\":\"Striscia 60 LED\/mt 5050 RGB + Bianco caldo &#8211; Alimentazione: 24 Vdc\"}]},{\"@type\":\"WebSite\",\"@id\":\"https:\/\/www.fai-srl.com\/shop\/#website\",\"url\":\"https:\/\/www.fai-srl.com\/shop\/\",\"name\":\"FAI SRL\",\"description\":\"Light Up your Creativity\",\"publisher\":{\"@id\":\"https:\/\/www.fai-srl.com\/shop\/#organization\"},\"potentialAction\":[{\"@type\":\"SearchAction\",\"target\":{\"@type\":\"EntryPoint\",\"urlTemplate\":\"https:\/\/www.fai-srl.com\/shop\/?s={search_term_string}\"},\"query-input\":{\"@type\":\"PropertyValueSpecification\",\"valueRequired\":true,\"valueName\":\"search_term_string\"}}],\"inLanguage\":\"it-IT\"},{\"@type\":\"Organization\",\"@id\":\"https:\/\/www.fai-srl.com\/shop\/#organization\",\"name\":\"FAI SRL\",\"url\":\"https:\/\/www.fai-srl.com\/shop\/\",\"logo\":{\"@type\":\"ImageObject\",\"inLanguage\":\"it-IT\",\"@id\":\"https:\/\/www.fai-srl.com\/shop\/#\/schema\/logo\/image\/\",\"url\":\"http:\/\/www.fai-srl.com\/shop\/wp-content\/uploads\/2018\/10\/fai_logo.jpg\",\"contentUrl\":\"http:\/\/www.fai-srl.com\/shop\/wp-content\/uploads\/2018\/10\/fai_logo.jpg\",\"width\":300,\"height\":132,\"caption\":\"FAI SRL\"},\"image\":{\"@id\":\"https:\/\/www.fai-srl.com\/shop\/#\/schema\/logo\/image\/\"}}]}<\/script>\n<!-- \/ Yoast SEO plugin. -->","yoast_head_json":{"title":"Strisce 300 LED 5050 RGB + Bianco caldo - FAI SRL","description":"Strisce 300 LED 5050 RGB + Bianco caldo - Alimentazione: 24 V. Visita il nostro sito per scoprire tutti i nostri prodotti e strisce LED !","robots":{"index":"index","follow":"follow","max-snippet":"max-snippet:-1","max-image-preview":"max-image-preview:large","max-video-preview":"max-video-preview:-1"},"canonical":"https:\/\/www.fai-srl.com\/shop\/product\/strisce-300-led-5050-rgb-bianco-caldo-alimentazione-24-vdc\/","og_locale":"it_IT","og_type":"article","og_title":"Strisce 300 LED 5050 RGB + Bianco caldo - FAI SRL","og_description":"Strisce 300 LED 5050 RGB + Bianco caldo - Alimentazione: 24 V. Visita il nostro sito per scoprire tutti i nostri prodotti e strisce LED !","og_url":"https:\/\/www.fai-srl.com\/shop\/product\/strisce-300-led-5050-rgb-bianco-caldo-alimentazione-24-vdc\/","og_site_name":"FAI SRL","article_modified_time":"2026-02-27T18:33:10+00:00","og_image":[{"width":600,"height":600,"url":"https:\/\/www.fai-srl.com\/shop\/wp-content\/uploads\/2020\/11\/5085_RGBW-1.jpg","type":"image\/jpeg"}],"twitter_card":"summary_large_image","twitter_misc":{"Tempo di lettura stimato":"2 minuti"},"schema":{"@context":"https:\/\/schema.org","@graph":[{"@type":"WebPage","@id":"https:\/\/www.fai-srl.com\/shop\/product\/strisce-300-led-5050-rgb-bianco-caldo-alimentazione-24-vdc\/","url":"https:\/\/www.fai-srl.com\/shop\/product\/strisce-300-led-5050-rgb-bianco-caldo-alimentazione-24-vdc\/","name":"Strisce 300 LED 5050 RGB + Bianco caldo - FAI SRL","isPartOf":{"@id":"https:\/\/www.fai-srl.com\/shop\/#website"},"primaryImageOfPage":{"@id":"https:\/\/www.fai-srl.com\/shop\/product\/strisce-300-led-5050-rgb-bianco-caldo-alimentazione-24-vdc\/#primaryimage"},"image":{"@id":"https:\/\/www.fai-srl.com\/shop\/product\/strisce-300-led-5050-rgb-bianco-caldo-alimentazione-24-vdc\/#primaryimage"},"thumbnailUrl":"https:\/\/www.fai-srl.com\/shop\/wp-content\/uploads\/2020\/11\/5085_RGBW-1.jpg","datePublished":"2020-11-26T15:31:32+00:00","dateModified":"2026-02-27T18:33:10+00:00","description":"Strisce 300 LED 5050 RGB + Bianco caldo - Alimentazione: 24 V. Visita il nostro sito per scoprire tutti i nostri prodotti e strisce LED !","breadcrumb":{"@id":"https:\/\/www.fai-srl.com\/shop\/product\/strisce-300-led-5050-rgb-bianco-caldo-alimentazione-24-vdc\/#breadcrumb"},"inLanguage":"it-IT","potentialAction":[{"@type":"ReadAction","target":["https:\/\/www.fai-srl.com\/shop\/product\/strisce-300-led-5050-rgb-bianco-caldo-alimentazione-24-vdc\/"]}]},{"@type":"ImageObject","inLanguage":"it-IT","@id":"https:\/\/www.fai-srl.com\/shop\/product\/strisce-300-led-5050-rgb-bianco-caldo-alimentazione-24-vdc\/#primaryimage","url":"https:\/\/www.fai-srl.com\/shop\/wp-content\/uploads\/2020\/11\/5085_RGBW-1.jpg","contentUrl":"https:\/\/www.fai-srl.com\/shop\/wp-content\/uploads\/2020\/11\/5085_RGBW-1.jpg","width":600,"height":600,"caption":"Strisce 300 LED"},{"@type":"BreadcrumbList","@id":"https:\/\/www.fai-srl.com\/shop\/product\/strisce-300-led-5050-rgb-bianco-caldo-alimentazione-24-vdc\/#breadcrumb","itemListElement":[{"@type":"ListItem","position":1,"name":"Home","item":"https:\/\/www.fai-srl.com\/shop\/"},{"@type":"ListItem","position":2,"name":"Prodotti FAI Srl","item":"https:\/\/www.fai-srl.com\/shop\/?page_id=4775"},{"@type":"ListItem","position":3,"name":"Striscia 60 LED\/mt 5050 RGB + Bianco caldo &#8211; Alimentazione: 24 Vdc"}]},{"@type":"WebSite","@id":"https:\/\/www.fai-srl.com\/shop\/#website","url":"https:\/\/www.fai-srl.com\/shop\/","name":"FAI SRL","description":"Light Up your Creativity","publisher":{"@id":"https:\/\/www.fai-srl.com\/shop\/#organization"},"potentialAction":[{"@type":"SearchAction","target":{"@type":"EntryPoint","urlTemplate":"https:\/\/www.fai-srl.com\/shop\/?s={search_term_string}"},"query-input":{"@type":"PropertyValueSpecification","valueRequired":true,"valueName":"search_term_string"}}],"inLanguage":"it-IT"},{"@type":"Organization","@id":"https:\/\/www.fai-srl.com\/shop\/#organization","name":"FAI SRL","url":"https:\/\/www.fai-srl.com\/shop\/","logo":{"@type":"ImageObject","inLanguage":"it-IT","@id":"https:\/\/www.fai-srl.com\/shop\/#\/schema\/logo\/image\/","url":"http:\/\/www.fai-srl.com\/shop\/wp-content\/uploads\/2018\/10\/fai_logo.jpg","contentUrl":"http:\/\/www.fai-srl.com\/shop\/wp-content\/uploads\/2018\/10\/fai_logo.jpg","width":300,"height":132,"caption":"FAI SRL"},"image":{"@id":"https:\/\/www.fai-srl.com\/shop\/#\/schema\/logo\/image\/"}}]}},"_links":{"self":[{"href":"https:\/\/www.fai-srl.com\/shop\/wp-json\/wp\/v2\/product\/21987","targetHints":{"allow":["GET"]}}],"collection":[{"href":"https:\/\/www.fai-srl.com\/shop\/wp-json\/wp\/v2\/product"}],"about":[{"href":"https:\/\/www.fai-srl.com\/shop\/wp-json\/wp\/v2\/types\/product"}],"version-history":[{"count":12,"href":"https:\/\/www.fai-srl.com\/shop\/wp-json\/wp\/v2\/product\/21987\/revisions"}],"predecessor-version":[{"id":35280,"href":"https:\/\/www.fai-srl.com\/shop\/wp-json\/wp\/v2\/product\/21987\/revisions\/35280"}],"wp:featuredmedia":[{"embeddable":true,"href":"https:\/\/www.fai-srl.com\/shop\/wp-json\/wp\/v2\/media\/21991"}],"wp:attachment":[{"href":"https:\/\/www.fai-srl.com\/shop\/wp-json\/wp\/v2\/media?parent=21987"}],"wp:term":[{"taxonomy":"product_cat","embeddable":true,"href":"https:\/\/www.fai-srl.com\/shop\/wp-json\/wp\/v2\/product_cat?post=21987"},{"taxonomy":"product_tag","embeddable":true,"href":"https:\/\/www.fai-srl.com\/shop\/wp-json\/wp\/v2\/product_tag?post=21987"}],"curies":[{"name":"wp","href":"https:\/\/api.w.org\/{rel}","templated":true}]}}