{"id":21952,"date":"2020-11-26T15:19:02","date_gmt":"2020-11-26T14:19:02","guid":{"rendered":"http:\/\/www.fai-srl.com\/shop\/?post_type=product&#038;p=21952"},"modified":"2026-02-27T19:31:13","modified_gmt":"2026-02-27T18:31:13","slug":"strisce-300-led-315-emissione-laterale-alimentazione-24-vdc","status":"publish","type":"product","link":"https:\/\/www.fai-srl.com\/shop\/product\/strisce-300-led-315-emissione-laterale-alimentazione-24-vdc\/","title":{"rendered":"Strisce 300 LED 315 &#8211; Emissione laterale Alimentazione: 24 Vdc"},"content":{"rendered":"<p><strong>Strisce 300 LED 315 &#8211; Emissione laterale Alimentazione: 24 Vdc<\/strong><\/p>\n<p style=\"text-align: justify;\">Le strisce LED hanno una lunga vita d\u2019esercizio, quindi non necessitano di manutenzione e permettono di risparmiare sul consumo.<\/p>\n<p style=\"text-align: justify;\">Questo tipo di illuminazione \u00e8 ideale per illuminare qualsiasi tipo di angolo o elemento della casa, grazie alla sua flessibilit\u00e0. Uno dei vantaggi delle strisce LED \u00e8 la versatilit\u00e0 degli usi che gli si possono dare, come ad esempio illuminare zone di passaggio, illuminazione decorativa&#8230; \u00e8 adatto soprattutto a mettere in risalto i dettagli della casa.<\/p>\n<p style=\"text-align: justify;\">Sono disponibili diverse temperature, come bianco caldo, bianco commerciale, bianco freddo e blu.<\/p>\n<p style=\"text-align: justify;\">Le strisce LED sono anche adatte particolarmente per le installazioni in negozi, locali pubblici e cos\u00ec via.<\/p>\n<p style=\"text-align: justify;\">Possibilit\u00e0 di scegliere tre gradi di protezione: IP20 e IP64.<\/p>\n<p style=\"text-align: justify;\">Questo articolo possiede il marchio CE, che garantisce la conformit\u00e0 del prodotto a tutte le disposizioni della Comunit\u00e0 Europea che prevedono il suo utilizzo dalla progettazione, alla messa in servizio fino allo smaltimento.<\/p>\n<p style=\"text-align: justify;\">Se dovessi aver bisogno di maggiori informazioni relative a questo prodotto o necessiti di un\u2019offerta personalizzata <a href=\"https:\/\/www.fai-srl.com\/contatti\/\" target=\"_blank\" rel=\"noopener\">contattaci<\/a>!<\/p>\n<p style=\"text-align: justify;\">Rimani aggiornato sui nostri prodotti, seguici sui nostri canali social <a href=\"https:\/\/www.facebook.com\/faisrl.materialelettrico\/\" target=\"_blank\" rel=\"noopener\">Facebook<\/a> e <a href=\"https:\/\/www.instagram.com\/faisrl.materialelettrico\/\" target=\"_blank\" rel=\"noopener\">Instagram<\/a>.<\/p>\n<table border=\"0\" width=\"500\" align=\"center\">\n<tbody>\n<tr>\n<td>Lunghezza bobina:<\/td>\n<td>5 mt<\/td>\n<\/tr>\n<tr>\n<td>Numero di LED:<\/td>\n<td>300&#215;0,08 W<\/td>\n<\/tr>\n<tr>\n<td>Potenza:<\/td>\n<td>24 W<\/td>\n<\/tr>\n<tr>\n<td>T. esercizio:<\/td>\n<td>-25\u00b0 +50\u00b0<\/td>\n<\/tr>\n<tr>\n<td>Dimmerabile:<\/td>\n<td>SI (PWM)<\/td>\n<\/tr>\n<tr>\n<td>Dimensione minima di taglio:<\/td>\n<td>10 cm<\/td>\n<\/tr>\n<tr>\n<td>Lunghezza massima alimentabile:<\/td>\n<td>5 mt<\/td>\n<\/tr>\n<\/tbody>\n<\/table>\n<p>Nota: la striscia deve essere montata su un profilo in alluminio FAI o su un idoneo dissipatore.<\/p>\n","protected":false},"excerpt":{"rendered":"<p><img decoding=\"async\" class=\"alignnone size-full wp-image-31989\" src=\"http:\/\/www.fai-srl.com\/shop\/wp-content\/uploads\/2020\/11\/SIMBOLI-STRISCE.png\" alt=\"\" width=\"300\" height=\"130\" \/><\/p>\n","protected":false},"featured_media":21960,"template":"","meta":[],"product_cat":[506],"product_tag":[],"class_list":{"0":"post-21952","1":"product","2":"type-product","3":"status-publish","4":"has-post-thumbnail","6":"product_cat-led","8":"first","9":"instock","10":"taxable","11":"shipping-taxable","12":"purchasable","13":"product-type-variable"},"yoast_head":"<!-- This site is optimized with the Yoast SEO plugin v26.2 - https:\/\/yoast.com\/wordpress\/plugins\/seo\/ -->\n<title>Strisce 300 LED 315 - Emissione laterale Alimentazione: 24 Vdc - FAI SRL<\/title>\n<meta name=\"description\" content=\"Strisce 300 LED 315 - Emissione laterale, visita il nostro sito e scopri tutti i nostri prodotti e tutta la gamma di strisce a LED !\" \/>\n<meta name=\"robots\" content=\"index, follow, max-snippet:-1, max-image-preview:large, max-video-preview:-1\" \/>\n<link rel=\"canonical\" href=\"https:\/\/www.fai-srl.com\/shop\/product\/strisce-300-led-315-emissione-laterale-alimentazione-24-vdc\/\" \/>\n<meta property=\"og:locale\" content=\"it_IT\" \/>\n<meta property=\"og:type\" content=\"article\" \/>\n<meta property=\"og:title\" content=\"Strisce 300 LED 315 - Emissione laterale Alimentazione: 24 Vdc - FAI SRL\" \/>\n<meta property=\"og:description\" content=\"Strisce 300 LED 315 - Emissione laterale, visita il nostro sito e scopri tutti i nostri prodotti e tutta la gamma di strisce a LED !\" \/>\n<meta property=\"og:url\" content=\"https:\/\/www.fai-srl.com\/shop\/product\/strisce-300-led-315-emissione-laterale-alimentazione-24-vdc\/\" \/>\n<meta property=\"og:site_name\" content=\"FAI SRL\" \/>\n<meta property=\"article:modified_time\" content=\"2026-02-27T18:31:13+00:00\" \/>\n<meta property=\"og:image\" content=\"https:\/\/www.fai-srl.com\/shop\/wp-content\/uploads\/2020\/11\/5115.jpg\" \/>\n\t<meta property=\"og:image:width\" content=\"600\" \/>\n\t<meta property=\"og:image:height\" content=\"600\" \/>\n\t<meta property=\"og:image:type\" content=\"image\/jpeg\" \/>\n<meta name=\"twitter:card\" content=\"summary_large_image\" \/>\n<meta name=\"twitter:label1\" content=\"Tempo di lettura stimato\" \/>\n\t<meta name=\"twitter:data1\" content=\"2 minuti\" \/>\n<script type=\"application\/ld+json\" class=\"yoast-schema-graph\">{\"@context\":\"https:\/\/schema.org\",\"@graph\":[{\"@type\":\"WebPage\",\"@id\":\"https:\/\/www.fai-srl.com\/shop\/product\/strisce-300-led-315-emissione-laterale-alimentazione-24-vdc\/\",\"url\":\"https:\/\/www.fai-srl.com\/shop\/product\/strisce-300-led-315-emissione-laterale-alimentazione-24-vdc\/\",\"name\":\"Strisce 300 LED 315 - Emissione laterale Alimentazione: 24 Vdc - FAI SRL\",\"isPartOf\":{\"@id\":\"https:\/\/www.fai-srl.com\/shop\/#website\"},\"primaryImageOfPage\":{\"@id\":\"https:\/\/www.fai-srl.com\/shop\/product\/strisce-300-led-315-emissione-laterale-alimentazione-24-vdc\/#primaryimage\"},\"image\":{\"@id\":\"https:\/\/www.fai-srl.com\/shop\/product\/strisce-300-led-315-emissione-laterale-alimentazione-24-vdc\/#primaryimage\"},\"thumbnailUrl\":\"https:\/\/www.fai-srl.com\/shop\/wp-content\/uploads\/2020\/11\/5115.jpg\",\"datePublished\":\"2020-11-26T14:19:02+00:00\",\"dateModified\":\"2026-02-27T18:31:13+00:00\",\"description\":\"Strisce 300 LED 315 - Emissione laterale, visita il nostro sito e scopri tutti i nostri prodotti e tutta la gamma di strisce a LED !\",\"breadcrumb\":{\"@id\":\"https:\/\/www.fai-srl.com\/shop\/product\/strisce-300-led-315-emissione-laterale-alimentazione-24-vdc\/#breadcrumb\"},\"inLanguage\":\"it-IT\",\"potentialAction\":[{\"@type\":\"ReadAction\",\"target\":[\"https:\/\/www.fai-srl.com\/shop\/product\/strisce-300-led-315-emissione-laterale-alimentazione-24-vdc\/\"]}]},{\"@type\":\"ImageObject\",\"inLanguage\":\"it-IT\",\"@id\":\"https:\/\/www.fai-srl.com\/shop\/product\/strisce-300-led-315-emissione-laterale-alimentazione-24-vdc\/#primaryimage\",\"url\":\"https:\/\/www.fai-srl.com\/shop\/wp-content\/uploads\/2020\/11\/5115.jpg\",\"contentUrl\":\"https:\/\/www.fai-srl.com\/shop\/wp-content\/uploads\/2020\/11\/5115.jpg\",\"width\":600,\"height\":600,\"caption\":\"Strisce 300 LED 315\"},{\"@type\":\"BreadcrumbList\",\"@id\":\"https:\/\/www.fai-srl.com\/shop\/product\/strisce-300-led-315-emissione-laterale-alimentazione-24-vdc\/#breadcrumb\",\"itemListElement\":[{\"@type\":\"ListItem\",\"position\":1,\"name\":\"Home\",\"item\":\"https:\/\/www.fai-srl.com\/shop\/\"},{\"@type\":\"ListItem\",\"position\":2,\"name\":\"Prodotti FAI Srl\",\"item\":\"https:\/\/www.fai-srl.com\/shop\/?page_id=4775\"},{\"@type\":\"ListItem\",\"position\":3,\"name\":\"Strisce 300 LED 315 &#8211; Emissione laterale Alimentazione: 24 Vdc\"}]},{\"@type\":\"WebSite\",\"@id\":\"https:\/\/www.fai-srl.com\/shop\/#website\",\"url\":\"https:\/\/www.fai-srl.com\/shop\/\",\"name\":\"FAI SRL\",\"description\":\"Light Up your Creativity\",\"publisher\":{\"@id\":\"https:\/\/www.fai-srl.com\/shop\/#organization\"},\"potentialAction\":[{\"@type\":\"SearchAction\",\"target\":{\"@type\":\"EntryPoint\",\"urlTemplate\":\"https:\/\/www.fai-srl.com\/shop\/?s={search_term_string}\"},\"query-input\":{\"@type\":\"PropertyValueSpecification\",\"valueRequired\":true,\"valueName\":\"search_term_string\"}}],\"inLanguage\":\"it-IT\"},{\"@type\":\"Organization\",\"@id\":\"https:\/\/www.fai-srl.com\/shop\/#organization\",\"name\":\"FAI SRL\",\"url\":\"https:\/\/www.fai-srl.com\/shop\/\",\"logo\":{\"@type\":\"ImageObject\",\"inLanguage\":\"it-IT\",\"@id\":\"https:\/\/www.fai-srl.com\/shop\/#\/schema\/logo\/image\/\",\"url\":\"http:\/\/www.fai-srl.com\/shop\/wp-content\/uploads\/2018\/10\/fai_logo.jpg\",\"contentUrl\":\"http:\/\/www.fai-srl.com\/shop\/wp-content\/uploads\/2018\/10\/fai_logo.jpg\",\"width\":300,\"height\":132,\"caption\":\"FAI SRL\"},\"image\":{\"@id\":\"https:\/\/www.fai-srl.com\/shop\/#\/schema\/logo\/image\/\"}}]}<\/script>\n<!-- \/ Yoast SEO plugin. -->","yoast_head_json":{"title":"Strisce 300 LED 315 - Emissione laterale Alimentazione: 24 Vdc - FAI SRL","description":"Strisce 300 LED 315 - Emissione laterale, visita il nostro sito e scopri tutti i nostri prodotti e tutta la gamma di strisce a LED !","robots":{"index":"index","follow":"follow","max-snippet":"max-snippet:-1","max-image-preview":"max-image-preview:large","max-video-preview":"max-video-preview:-1"},"canonical":"https:\/\/www.fai-srl.com\/shop\/product\/strisce-300-led-315-emissione-laterale-alimentazione-24-vdc\/","og_locale":"it_IT","og_type":"article","og_title":"Strisce 300 LED 315 - Emissione laterale Alimentazione: 24 Vdc - FAI SRL","og_description":"Strisce 300 LED 315 - Emissione laterale, visita il nostro sito e scopri tutti i nostri prodotti e tutta la gamma di strisce a LED !","og_url":"https:\/\/www.fai-srl.com\/shop\/product\/strisce-300-led-315-emissione-laterale-alimentazione-24-vdc\/","og_site_name":"FAI SRL","article_modified_time":"2026-02-27T18:31:13+00:00","og_image":[{"width":600,"height":600,"url":"https:\/\/www.fai-srl.com\/shop\/wp-content\/uploads\/2020\/11\/5115.jpg","type":"image\/jpeg"}],"twitter_card":"summary_large_image","twitter_misc":{"Tempo di lettura stimato":"2 minuti"},"schema":{"@context":"https:\/\/schema.org","@graph":[{"@type":"WebPage","@id":"https:\/\/www.fai-srl.com\/shop\/product\/strisce-300-led-315-emissione-laterale-alimentazione-24-vdc\/","url":"https:\/\/www.fai-srl.com\/shop\/product\/strisce-300-led-315-emissione-laterale-alimentazione-24-vdc\/","name":"Strisce 300 LED 315 - Emissione laterale Alimentazione: 24 Vdc - FAI SRL","isPartOf":{"@id":"https:\/\/www.fai-srl.com\/shop\/#website"},"primaryImageOfPage":{"@id":"https:\/\/www.fai-srl.com\/shop\/product\/strisce-300-led-315-emissione-laterale-alimentazione-24-vdc\/#primaryimage"},"image":{"@id":"https:\/\/www.fai-srl.com\/shop\/product\/strisce-300-led-315-emissione-laterale-alimentazione-24-vdc\/#primaryimage"},"thumbnailUrl":"https:\/\/www.fai-srl.com\/shop\/wp-content\/uploads\/2020\/11\/5115.jpg","datePublished":"2020-11-26T14:19:02+00:00","dateModified":"2026-02-27T18:31:13+00:00","description":"Strisce 300 LED 315 - Emissione laterale, visita il nostro sito e scopri tutti i nostri prodotti e tutta la gamma di strisce a LED !","breadcrumb":{"@id":"https:\/\/www.fai-srl.com\/shop\/product\/strisce-300-led-315-emissione-laterale-alimentazione-24-vdc\/#breadcrumb"},"inLanguage":"it-IT","potentialAction":[{"@type":"ReadAction","target":["https:\/\/www.fai-srl.com\/shop\/product\/strisce-300-led-315-emissione-laterale-alimentazione-24-vdc\/"]}]},{"@type":"ImageObject","inLanguage":"it-IT","@id":"https:\/\/www.fai-srl.com\/shop\/product\/strisce-300-led-315-emissione-laterale-alimentazione-24-vdc\/#primaryimage","url":"https:\/\/www.fai-srl.com\/shop\/wp-content\/uploads\/2020\/11\/5115.jpg","contentUrl":"https:\/\/www.fai-srl.com\/shop\/wp-content\/uploads\/2020\/11\/5115.jpg","width":600,"height":600,"caption":"Strisce 300 LED 315"},{"@type":"BreadcrumbList","@id":"https:\/\/www.fai-srl.com\/shop\/product\/strisce-300-led-315-emissione-laterale-alimentazione-24-vdc\/#breadcrumb","itemListElement":[{"@type":"ListItem","position":1,"name":"Home","item":"https:\/\/www.fai-srl.com\/shop\/"},{"@type":"ListItem","position":2,"name":"Prodotti FAI Srl","item":"https:\/\/www.fai-srl.com\/shop\/?page_id=4775"},{"@type":"ListItem","position":3,"name":"Strisce 300 LED 315 &#8211; Emissione laterale Alimentazione: 24 Vdc"}]},{"@type":"WebSite","@id":"https:\/\/www.fai-srl.com\/shop\/#website","url":"https:\/\/www.fai-srl.com\/shop\/","name":"FAI SRL","description":"Light Up your Creativity","publisher":{"@id":"https:\/\/www.fai-srl.com\/shop\/#organization"},"potentialAction":[{"@type":"SearchAction","target":{"@type":"EntryPoint","urlTemplate":"https:\/\/www.fai-srl.com\/shop\/?s={search_term_string}"},"query-input":{"@type":"PropertyValueSpecification","valueRequired":true,"valueName":"search_term_string"}}],"inLanguage":"it-IT"},{"@type":"Organization","@id":"https:\/\/www.fai-srl.com\/shop\/#organization","name":"FAI SRL","url":"https:\/\/www.fai-srl.com\/shop\/","logo":{"@type":"ImageObject","inLanguage":"it-IT","@id":"https:\/\/www.fai-srl.com\/shop\/#\/schema\/logo\/image\/","url":"http:\/\/www.fai-srl.com\/shop\/wp-content\/uploads\/2018\/10\/fai_logo.jpg","contentUrl":"http:\/\/www.fai-srl.com\/shop\/wp-content\/uploads\/2018\/10\/fai_logo.jpg","width":300,"height":132,"caption":"FAI SRL"},"image":{"@id":"https:\/\/www.fai-srl.com\/shop\/#\/schema\/logo\/image\/"}}]}},"_links":{"self":[{"href":"https:\/\/www.fai-srl.com\/shop\/wp-json\/wp\/v2\/product\/21952","targetHints":{"allow":["GET"]}}],"collection":[{"href":"https:\/\/www.fai-srl.com\/shop\/wp-json\/wp\/v2\/product"}],"about":[{"href":"https:\/\/www.fai-srl.com\/shop\/wp-json\/wp\/v2\/types\/product"}],"version-history":[{"count":6,"href":"https:\/\/www.fai-srl.com\/shop\/wp-json\/wp\/v2\/product\/21952\/revisions"}],"predecessor-version":[{"id":32030,"href":"https:\/\/www.fai-srl.com\/shop\/wp-json\/wp\/v2\/product\/21952\/revisions\/32030"}],"wp:featuredmedia":[{"embeddable":true,"href":"https:\/\/www.fai-srl.com\/shop\/wp-json\/wp\/v2\/media\/21960"}],"wp:attachment":[{"href":"https:\/\/www.fai-srl.com\/shop\/wp-json\/wp\/v2\/media?parent=21952"}],"wp:term":[{"taxonomy":"product_cat","embeddable":true,"href":"https:\/\/www.fai-srl.com\/shop\/wp-json\/wp\/v2\/product_cat?post=21952"},{"taxonomy":"product_tag","embeddable":true,"href":"https:\/\/www.fai-srl.com\/shop\/wp-json\/wp\/v2\/product_tag?post=21952"}],"curies":[{"name":"wp","href":"https:\/\/api.w.org\/{rel}","templated":true}]}}