{"id":21901,"date":"2020-11-26T01:30:23","date_gmt":"2020-11-26T00:30:23","guid":{"rendered":"http:\/\/www.fai-srl.com\/shop\/?post_type=product&#038;p=21901"},"modified":"2026-02-27T19:31:11","modified_gmt":"2026-02-27T18:31:11","slug":"striscia-led-tipo-cob-alimentazione-24v-2","status":"publish","type":"product","link":"https:\/\/www.fai-srl.com\/shop\/product\/striscia-led-tipo-cob-alimentazione-24v-2\/","title":{"rendered":"Striscia led tipo COB &#8211; Alimentazione 24Vdc"},"content":{"rendered":"<p><strong>Striscia led tipo COB &#8211; Alimentazione 24Vdc<br \/>\n<\/strong><\/p>\n<p style=\"text-align: justify;\">Le strisce LED hanno una lunga vita d\u2019esercizio, quindi non necessitano di manutenzione e permettono di risparmiare sul consumo.<\/p>\n<p style=\"text-align: justify;\">Questo tipo di illuminazione \u00e8 ideale per illuminare qualsiasi tipo di angolo o elemento della casa, grazie alla sua flessibilit\u00e0. Uno dei vantaggi delle strisce LED \u00e8 la versatilit\u00e0 degli usi che gli si possono dare, come ad esempio illuminare zone di passaggio, illuminazione decorativa&#8230; \u00e8 adatto soprattutto a mettere in risalto i dettagli della casa.<\/p>\n<p>Sono disponibili diverse temperature, come bianco caldo, bianco commerciale, bianco freddo da 3000K, 4000K e 6000K.<\/p>\n<p style=\"text-align: justify;\">La striscia a led tipo COB \u00e8 anche adatta particolarmente per le installazioni in negozi, locali pubblici e cos\u00ec via. La tipologia COB \u00e8 una tecnologia che elimina totalmente l&#8217;effetto puntinatura.<\/p>\n<p style=\"text-align: justify;\">Grado di protezione IP20.<\/p>\n<p style=\"text-align: justify;\">Questo articolo possiede il marchio CE, che garantisce la conformit\u00e0 del prodotto a tutte le disposizioni della Comunit\u00e0 Europea che prevedono il suo utilizzo dalla progettazione, alla messa in servizio fino allo smaltimento.<\/p>\n<p style=\"text-align: justify;\">Se dovessi aver bisogno di maggiori informazioni relative a questo prodotto o necessiti di un\u2019offerta personalizzata <a href=\"https:\/\/www.fai-srl.com\/contatti\/\" target=\"_blank\" rel=\"noopener\">contattaci<\/a>!<\/p>\n<p style=\"text-align: justify;\">Rimani aggiornato sui nostri prodotti, seguici sui nostri canali social <a href=\"https:\/\/www.facebook.com\/faisrl.materialelettrico\/\" target=\"_blank\" rel=\"noopener\">Facebook<\/a> e <a href=\"https:\/\/www.instagram.com\/faisrl.materialelettrico\/\" target=\"_blank\" rel=\"noopener\">Instagram<\/a>.<\/p>\n<table border=\"0\" width=\"500\" align=\"center\">\n<tbody>\n<tr>\n<td>Alimentazione:<\/td>\n<td>24Vdc<\/td>\n<\/tr>\n<tr>\n<td>LED:<\/td>\n<td>COB<\/td>\n<\/tr>\n<tr>\n<td>Potenza:<\/td>\n<td>8W\/mt (40W totali)<\/td>\n<\/tr>\n<tr>\n<td>Dimmerabile:<\/td>\n<td>SI (PWM)<\/td>\n<\/tr>\n<tr>\n<td>Dimensione minima di taglio:<\/td>\n<td>10 cm<\/td>\n<\/tr>\n<tr>\n<td>Lunghezza massima alimentabile:<\/td>\n<td>5 mt<\/td>\n<\/tr>\n<tr>\n<td>Lunghezza bobina:<\/td>\n<td>5 mt<\/td>\n<\/tr>\n<\/tbody>\n<\/table>\n<p>Nota: la striscia deve essere montata su un profilo in alluminio FAI o su un idoneo dissipatore.<\/p>\n","protected":false},"excerpt":{"rendered":"<p><img decoding=\"async\" class=\"alignnone size-full wp-image-25391\" src=\"http:\/\/www.fai-srl.com\/shop\/wp-content\/uploads\/2020\/11\/slim-1.jpg\" alt=\"\" width=\"151\" height=\"50\" srcset=\"https:\/\/www.fai-srl.com\/shop\/wp-content\/uploads\/2020\/11\/slim-1.jpg 151w, https:\/\/www.fai-srl.com\/shop\/wp-content\/uploads\/2020\/11\/slim-1-64x21.jpg 64w\" sizes=\"(max-width: 151px) 100vw, 151px\" \/><\/p>\n<p><img decoding=\"async\" class=\"alignnone size-full wp-image-31989\" src=\"http:\/\/www.fai-srl.com\/shop\/wp-content\/uploads\/2020\/11\/SIMBOLI-STRISCE.png\" alt=\"\" width=\"300\" height=\"130\" \/><\/p>\n<p><a href=\"http:\/\/www.fai-srl.com\/wp-content\/uploads\/2024\/03\/Scheda-tecnica-5139-SLIM.pdf\"><strong>Clicca qui per scaricare la scheda tecnica<\/strong><\/a><\/p>\n","protected":false},"featured_media":21905,"template":"","meta":[],"product_cat":[506],"product_tag":[],"class_list":{"0":"post-21901","1":"product","2":"type-product","3":"status-publish","4":"has-post-thumbnail","6":"product_cat-led","8":"first","9":"instock","10":"taxable","11":"shipping-taxable","12":"purchasable","13":"product-type-variable"},"yoast_head":"<!-- This site is optimized with the Yoast SEO plugin v26.2 - https:\/\/yoast.com\/wordpress\/plugins\/seo\/ -->\n<title>Striscia led tipo COB - Alimentazione 24Vdc - FAI SRL<\/title>\n<meta name=\"description\" content=\"Striscia led tipo COB - Alimentazione 24v, visita il nostro sito e scopri tutti i nostri prodotti e tutta la gamma di strisce a LED !\" \/>\n<meta name=\"robots\" content=\"index, follow, max-snippet:-1, max-image-preview:large, max-video-preview:-1\" \/>\n<link rel=\"canonical\" href=\"https:\/\/www.fai-srl.com\/shop\/product\/striscia-led-tipo-cob-alimentazione-24v-2\/\" \/>\n<meta property=\"og:locale\" content=\"it_IT\" \/>\n<meta property=\"og:type\" content=\"article\" \/>\n<meta property=\"og:title\" content=\"Striscia led tipo COB - Alimentazione 24Vdc - FAI SRL\" \/>\n<meta property=\"og:description\" content=\"Striscia led tipo COB - Alimentazione 24v, visita il nostro sito e scopri tutti i nostri prodotti e tutta la gamma di strisce a LED !\" \/>\n<meta property=\"og:url\" content=\"https:\/\/www.fai-srl.com\/shop\/product\/striscia-led-tipo-cob-alimentazione-24v-2\/\" \/>\n<meta property=\"og:site_name\" content=\"FAI SRL\" \/>\n<meta property=\"article:modified_time\" content=\"2026-02-27T18:31:11+00:00\" \/>\n<meta property=\"og:image\" content=\"https:\/\/www.fai-srl.com\/shop\/wp-content\/uploads\/2020\/11\/5139_SLIM.jpg\" \/>\n\t<meta property=\"og:image:width\" content=\"600\" \/>\n\t<meta property=\"og:image:height\" content=\"600\" \/>\n\t<meta property=\"og:image:type\" content=\"image\/jpeg\" \/>\n<meta name=\"twitter:card\" content=\"summary_large_image\" \/>\n<meta name=\"twitter:label1\" content=\"Tempo di lettura stimato\" \/>\n\t<meta name=\"twitter:data1\" content=\"2 minuti\" \/>\n<script type=\"application\/ld+json\" class=\"yoast-schema-graph\">{\"@context\":\"https:\/\/schema.org\",\"@graph\":[{\"@type\":\"WebPage\",\"@id\":\"https:\/\/www.fai-srl.com\/shop\/product\/striscia-led-tipo-cob-alimentazione-24v-2\/\",\"url\":\"https:\/\/www.fai-srl.com\/shop\/product\/striscia-led-tipo-cob-alimentazione-24v-2\/\",\"name\":\"Striscia led tipo COB - Alimentazione 24Vdc - FAI SRL\",\"isPartOf\":{\"@id\":\"https:\/\/www.fai-srl.com\/shop\/#website\"},\"primaryImageOfPage\":{\"@id\":\"https:\/\/www.fai-srl.com\/shop\/product\/striscia-led-tipo-cob-alimentazione-24v-2\/#primaryimage\"},\"image\":{\"@id\":\"https:\/\/www.fai-srl.com\/shop\/product\/striscia-led-tipo-cob-alimentazione-24v-2\/#primaryimage\"},\"thumbnailUrl\":\"https:\/\/www.fai-srl.com\/shop\/wp-content\/uploads\/2020\/11\/5139_SLIM.jpg\",\"datePublished\":\"2020-11-26T00:30:23+00:00\",\"dateModified\":\"2026-02-27T18:31:11+00:00\",\"description\":\"Striscia led tipo COB - Alimentazione 24v, visita il nostro sito e scopri tutti i nostri prodotti e tutta la gamma di strisce a LED !\",\"breadcrumb\":{\"@id\":\"https:\/\/www.fai-srl.com\/shop\/product\/striscia-led-tipo-cob-alimentazione-24v-2\/#breadcrumb\"},\"inLanguage\":\"it-IT\",\"potentialAction\":[{\"@type\":\"ReadAction\",\"target\":[\"https:\/\/www.fai-srl.com\/shop\/product\/striscia-led-tipo-cob-alimentazione-24v-2\/\"]}]},{\"@type\":\"ImageObject\",\"inLanguage\":\"it-IT\",\"@id\":\"https:\/\/www.fai-srl.com\/shop\/product\/striscia-led-tipo-cob-alimentazione-24v-2\/#primaryimage\",\"url\":\"https:\/\/www.fai-srl.com\/shop\/wp-content\/uploads\/2020\/11\/5139_SLIM.jpg\",\"contentUrl\":\"https:\/\/www.fai-srl.com\/shop\/wp-content\/uploads\/2020\/11\/5139_SLIM.jpg\",\"width\":600,\"height\":600},{\"@type\":\"BreadcrumbList\",\"@id\":\"https:\/\/www.fai-srl.com\/shop\/product\/striscia-led-tipo-cob-alimentazione-24v-2\/#breadcrumb\",\"itemListElement\":[{\"@type\":\"ListItem\",\"position\":1,\"name\":\"Home\",\"item\":\"https:\/\/www.fai-srl.com\/shop\/\"},{\"@type\":\"ListItem\",\"position\":2,\"name\":\"Prodotti FAI Srl\",\"item\":\"https:\/\/www.fai-srl.com\/shop\/?page_id=4775\"},{\"@type\":\"ListItem\",\"position\":3,\"name\":\"Striscia led tipo COB &#8211; Alimentazione 24Vdc\"}]},{\"@type\":\"WebSite\",\"@id\":\"https:\/\/www.fai-srl.com\/shop\/#website\",\"url\":\"https:\/\/www.fai-srl.com\/shop\/\",\"name\":\"FAI SRL\",\"description\":\"Light Up your Creativity\",\"publisher\":{\"@id\":\"https:\/\/www.fai-srl.com\/shop\/#organization\"},\"potentialAction\":[{\"@type\":\"SearchAction\",\"target\":{\"@type\":\"EntryPoint\",\"urlTemplate\":\"https:\/\/www.fai-srl.com\/shop\/?s={search_term_string}\"},\"query-input\":{\"@type\":\"PropertyValueSpecification\",\"valueRequired\":true,\"valueName\":\"search_term_string\"}}],\"inLanguage\":\"it-IT\"},{\"@type\":\"Organization\",\"@id\":\"https:\/\/www.fai-srl.com\/shop\/#organization\",\"name\":\"FAI SRL\",\"url\":\"https:\/\/www.fai-srl.com\/shop\/\",\"logo\":{\"@type\":\"ImageObject\",\"inLanguage\":\"it-IT\",\"@id\":\"https:\/\/www.fai-srl.com\/shop\/#\/schema\/logo\/image\/\",\"url\":\"http:\/\/www.fai-srl.com\/shop\/wp-content\/uploads\/2018\/10\/fai_logo.jpg\",\"contentUrl\":\"http:\/\/www.fai-srl.com\/shop\/wp-content\/uploads\/2018\/10\/fai_logo.jpg\",\"width\":300,\"height\":132,\"caption\":\"FAI SRL\"},\"image\":{\"@id\":\"https:\/\/www.fai-srl.com\/shop\/#\/schema\/logo\/image\/\"}}]}<\/script>\n<!-- \/ Yoast SEO plugin. -->","yoast_head_json":{"title":"Striscia led tipo COB - Alimentazione 24Vdc - FAI SRL","description":"Striscia led tipo COB - Alimentazione 24v, visita il nostro sito e scopri tutti i nostri prodotti e tutta la gamma di strisce a LED !","robots":{"index":"index","follow":"follow","max-snippet":"max-snippet:-1","max-image-preview":"max-image-preview:large","max-video-preview":"max-video-preview:-1"},"canonical":"https:\/\/www.fai-srl.com\/shop\/product\/striscia-led-tipo-cob-alimentazione-24v-2\/","og_locale":"it_IT","og_type":"article","og_title":"Striscia led tipo COB - Alimentazione 24Vdc - FAI SRL","og_description":"Striscia led tipo COB - Alimentazione 24v, visita il nostro sito e scopri tutti i nostri prodotti e tutta la gamma di strisce a LED !","og_url":"https:\/\/www.fai-srl.com\/shop\/product\/striscia-led-tipo-cob-alimentazione-24v-2\/","og_site_name":"FAI SRL","article_modified_time":"2026-02-27T18:31:11+00:00","og_image":[{"width":600,"height":600,"url":"https:\/\/www.fai-srl.com\/shop\/wp-content\/uploads\/2020\/11\/5139_SLIM.jpg","type":"image\/jpeg"}],"twitter_card":"summary_large_image","twitter_misc":{"Tempo di lettura stimato":"2 minuti"},"schema":{"@context":"https:\/\/schema.org","@graph":[{"@type":"WebPage","@id":"https:\/\/www.fai-srl.com\/shop\/product\/striscia-led-tipo-cob-alimentazione-24v-2\/","url":"https:\/\/www.fai-srl.com\/shop\/product\/striscia-led-tipo-cob-alimentazione-24v-2\/","name":"Striscia led tipo COB - Alimentazione 24Vdc - FAI SRL","isPartOf":{"@id":"https:\/\/www.fai-srl.com\/shop\/#website"},"primaryImageOfPage":{"@id":"https:\/\/www.fai-srl.com\/shop\/product\/striscia-led-tipo-cob-alimentazione-24v-2\/#primaryimage"},"image":{"@id":"https:\/\/www.fai-srl.com\/shop\/product\/striscia-led-tipo-cob-alimentazione-24v-2\/#primaryimage"},"thumbnailUrl":"https:\/\/www.fai-srl.com\/shop\/wp-content\/uploads\/2020\/11\/5139_SLIM.jpg","datePublished":"2020-11-26T00:30:23+00:00","dateModified":"2026-02-27T18:31:11+00:00","description":"Striscia led tipo COB - Alimentazione 24v, visita il nostro sito e scopri tutti i nostri prodotti e tutta la gamma di strisce a LED !","breadcrumb":{"@id":"https:\/\/www.fai-srl.com\/shop\/product\/striscia-led-tipo-cob-alimentazione-24v-2\/#breadcrumb"},"inLanguage":"it-IT","potentialAction":[{"@type":"ReadAction","target":["https:\/\/www.fai-srl.com\/shop\/product\/striscia-led-tipo-cob-alimentazione-24v-2\/"]}]},{"@type":"ImageObject","inLanguage":"it-IT","@id":"https:\/\/www.fai-srl.com\/shop\/product\/striscia-led-tipo-cob-alimentazione-24v-2\/#primaryimage","url":"https:\/\/www.fai-srl.com\/shop\/wp-content\/uploads\/2020\/11\/5139_SLIM.jpg","contentUrl":"https:\/\/www.fai-srl.com\/shop\/wp-content\/uploads\/2020\/11\/5139_SLIM.jpg","width":600,"height":600},{"@type":"BreadcrumbList","@id":"https:\/\/www.fai-srl.com\/shop\/product\/striscia-led-tipo-cob-alimentazione-24v-2\/#breadcrumb","itemListElement":[{"@type":"ListItem","position":1,"name":"Home","item":"https:\/\/www.fai-srl.com\/shop\/"},{"@type":"ListItem","position":2,"name":"Prodotti FAI Srl","item":"https:\/\/www.fai-srl.com\/shop\/?page_id=4775"},{"@type":"ListItem","position":3,"name":"Striscia led tipo COB &#8211; Alimentazione 24Vdc"}]},{"@type":"WebSite","@id":"https:\/\/www.fai-srl.com\/shop\/#website","url":"https:\/\/www.fai-srl.com\/shop\/","name":"FAI SRL","description":"Light Up your Creativity","publisher":{"@id":"https:\/\/www.fai-srl.com\/shop\/#organization"},"potentialAction":[{"@type":"SearchAction","target":{"@type":"EntryPoint","urlTemplate":"https:\/\/www.fai-srl.com\/shop\/?s={search_term_string}"},"query-input":{"@type":"PropertyValueSpecification","valueRequired":true,"valueName":"search_term_string"}}],"inLanguage":"it-IT"},{"@type":"Organization","@id":"https:\/\/www.fai-srl.com\/shop\/#organization","name":"FAI SRL","url":"https:\/\/www.fai-srl.com\/shop\/","logo":{"@type":"ImageObject","inLanguage":"it-IT","@id":"https:\/\/www.fai-srl.com\/shop\/#\/schema\/logo\/image\/","url":"http:\/\/www.fai-srl.com\/shop\/wp-content\/uploads\/2018\/10\/fai_logo.jpg","contentUrl":"http:\/\/www.fai-srl.com\/shop\/wp-content\/uploads\/2018\/10\/fai_logo.jpg","width":300,"height":132,"caption":"FAI SRL"},"image":{"@id":"https:\/\/www.fai-srl.com\/shop\/#\/schema\/logo\/image\/"}}]}},"_links":{"self":[{"href":"https:\/\/www.fai-srl.com\/shop\/wp-json\/wp\/v2\/product\/21901","targetHints":{"allow":["GET"]}}],"collection":[{"href":"https:\/\/www.fai-srl.com\/shop\/wp-json\/wp\/v2\/product"}],"about":[{"href":"https:\/\/www.fai-srl.com\/shop\/wp-json\/wp\/v2\/types\/product"}],"version-history":[{"count":9,"href":"https:\/\/www.fai-srl.com\/shop\/wp-json\/wp\/v2\/product\/21901\/revisions"}],"predecessor-version":[{"id":34554,"href":"https:\/\/www.fai-srl.com\/shop\/wp-json\/wp\/v2\/product\/21901\/revisions\/34554"}],"wp:featuredmedia":[{"embeddable":true,"href":"https:\/\/www.fai-srl.com\/shop\/wp-json\/wp\/v2\/media\/21905"}],"wp:attachment":[{"href":"https:\/\/www.fai-srl.com\/shop\/wp-json\/wp\/v2\/media?parent=21901"}],"wp:term":[{"taxonomy":"product_cat","embeddable":true,"href":"https:\/\/www.fai-srl.com\/shop\/wp-json\/wp\/v2\/product_cat?post=21901"},{"taxonomy":"product_tag","embeddable":true,"href":"https:\/\/www.fai-srl.com\/shop\/wp-json\/wp\/v2\/product_tag?post=21901"}],"curies":[{"name":"wp","href":"https:\/\/api.w.org\/{rel}","templated":true}]}}