{"id":21425,"date":"2020-11-24T16:09:00","date_gmt":"2020-11-24T15:09:00","guid":{"rendered":"http:\/\/www.fai-srl.com\/shop\/?post_type=product&#038;p=21425"},"modified":"2026-02-27T19:30:57","modified_gmt":"2026-02-27T18:30:57","slug":"pannello-a-led-da-soffitto-o-parete","status":"publish","type":"product","link":"https:\/\/www.fai-srl.com\/shop\/product\/pannello-a-led-da-soffitto-o-parete\/","title":{"rendered":"Pannello a LED da soffitto o parete"},"content":{"rendered":"<p><strong>Pannello a LED da soffitto o parete <\/strong><\/p>\n<p>Questo pannello a LED, di dimensioni 295\u00d7295 mm e 10 mm di spessore, \u00e8 facilmente adattabile a tutti i tipi di ambiente. Sono poco ingombranti e compatti: ottimi per illuminare stanze con soffitti bassi o spazi ridotti! Sono ideali come illuminazione generale perch\u00e9 creano una luce diffusa, omogenea e funzionale per la vita di tutti i giorni. Inoltre sono facili da manutenere e pulire.<br \/>\nHa un&#8217;alimentazione di 240 Vac con una potenza di 12W. Il diffusore \u00e8 in materiale PMMA. Il pannello ha un grado di protezione IP20 quindi garantisce la protezione di corpi solidi maggiori di 12mm. Protegge dalla polvere ma non permette la protezione contro la penetrazione di liquidi da gocce, vapori, o spruzzi in qualsiasi direzione.<br \/>\n\u00c8 possibile aggiungere il Kit di montaggio pi\u00f9 adatto alle tue esigenze. Il driver \u00e8 incluso e il colore della cornice \u00e8 disponibile in due varianti: silver e bianca.<\/p>\n<p>Questo articolo ha una garanzia di 3 anni e possiede il marchio CE, che garantisce la conformit\u00e0 del prodotto a tutte le disposizioni della Comunit\u00e0 Europea che prevedono il suo utilizzo dalla progettazione, alla messa in servizio fino allo smaltimento.<\/p>\n<p>Se dovessi aver bisogno di maggiori informazioni relative a questo prodotto o necessiti di un\u2019offerta personalizzata <a href=\"https:\/\/www.fai-srl.com\/contatti\/\" target=\"_blank\" rel=\"noopener\">contattaci<\/a>!<\/p>\n<p>Rimani aggiornato sui nostri prodotti, seguici sui nostri canali social <a href=\"https:\/\/www.facebook.com\/faisrl.materialelettrico\/\" target=\"_blank\" rel=\"noopener\">Facebook<\/a> e <a href=\"https:\/\/www.instagram.com\/faisrl.materialelettrico\/\" target=\"_blank\" rel=\"noopener\">Instagram<\/a>.<\/p>\n<table border=\"0\" width=\"500\" align=\"center\">\n<tbody>\n<tr>\n<td>Alimentazione:<\/td>\n<td>220-240 Vac 50\/60Hz<\/td>\n<\/tr>\n<tr>\n<td>Dimensioni:<\/td>\n<td>295x295x10,7 mm<\/td>\n<\/tr>\n<tr>\n<td>Potenza:<\/td>\n<td>12 W<\/td>\n<\/tr>\n<tr>\n<td>Diffusore:<\/td>\n<td>in materiale PMMA<\/td>\n<\/tr>\n<tr>\n<td>Grado di protezione:<\/td>\n<td>IP20<\/td>\n<\/tr>\n<tr>\n<td>Vita utile:<\/td>\n<td>L70B50 40000ore<\/td>\n<\/tr>\n<tr>\n<td>Kit di Montaggio:<\/td>\n<td>a richiesta<\/td>\n<\/tr>\n<tr>\n<td>Driver:<\/td>\n<td>Incluso<\/td>\n<\/tr>\n<\/tbody>\n<\/table>\n","protected":false},"excerpt":{"rendered":"<p><img decoding=\"async\" class=\"alignnone size-full wp-image-21443\" src=\"http:\/\/www.fai-srl.com\/shop\/wp-content\/uploads\/2020\/11\/IP20-2.jpg\" alt=\"\" width=\"60\" height=\"60\" \/> <img decoding=\"async\" class=\"alignnone size-full wp-image-21388\" src=\"http:\/\/www.fai-srl.com\/shop\/wp-content\/uploads\/2020\/11\/120-5.jpg\" alt=\"\" width=\"60\" height=\"60\" \/> <img decoding=\"async\" class=\"alignnone size-full wp-image-21674\" src=\"http:\/\/www.fai-srl.com\/shop\/wp-content\/uploads\/2020\/11\/UGR_19.jpg\" alt=\"\" width=\"60\" height=\"60\" \/><img loading=\"lazy\" decoding=\"async\" class=\"alignnone size-full wp-image-20283\" src=\"http:\/\/www.fai-srl.com\/shop\/wp-content\/uploads\/2020\/11\/ce-7-e1605921628229.jpg\" alt=\"\" width=\"60\" height=\"60\" \/><img loading=\"lazy\" decoding=\"async\" class=\"alignnone size-full wp-image-29684\" src=\"http:\/\/www.fai-srl.com\/shop\/wp-content\/uploads\/2020\/11\/ROHS-.png\" alt=\"\" width=\"60\" height=\"35\" \/><img loading=\"lazy\" decoding=\"async\" class=\"alignnone size-full wp-image-31601\" src=\"http:\/\/www.fai-srl.com\/shop\/wp-content\/uploads\/2020\/11\/classe-2.png\" alt=\"\" width=\"60\" height=\"60\" \/><\/p>\n<p><a href=\"http:\/\/www.fai-srl.com\/shop\/wp-content\/uploads\/2020\/11\/5070.pdf\" target=\"_blank\" rel=\"noopener\"><strong>Clicca qui<\/strong> per scaricare le istruzioni di montaggio<\/a><\/p>\n","protected":false},"featured_media":21442,"template":"","meta":[],"product_cat":[506],"product_tag":[],"class_list":{"0":"post-21425","1":"product","2":"type-product","3":"status-publish","4":"has-post-thumbnail","6":"product_cat-led","8":"first","9":"instock","10":"taxable","11":"shipping-taxable","12":"purchasable","13":"product-type-variable"},"yoast_head":"<!-- This site is optimized with the Yoast SEO plugin v26.2 - https:\/\/yoast.com\/wordpress\/plugins\/seo\/ -->\n<title>Pannello a LED da soffitto o parete, 295x295x10 mm - FAI SRL<\/title>\n<meta name=\"description\" content=\"Pannello a LED da soffitto o parete, dimensioni 295x295x10 mm, 12 Watt. Visita il nostro sito per scoprire tutti i prodotti LED!\" \/>\n<meta name=\"robots\" content=\"index, follow, max-snippet:-1, max-image-preview:large, max-video-preview:-1\" \/>\n<link rel=\"canonical\" href=\"https:\/\/www.fai-srl.com\/shop\/product\/pannello-a-led-da-soffitto-o-parete\/\" \/>\n<meta property=\"og:locale\" content=\"it_IT\" \/>\n<meta property=\"og:type\" content=\"article\" \/>\n<meta property=\"og:title\" content=\"Pannello a LED da soffitto o parete, 295x295x10 mm - FAI SRL\" \/>\n<meta property=\"og:description\" content=\"Pannello a LED da soffitto o parete, dimensioni 295x295x10 mm, 12 Watt. Visita il nostro sito per scoprire tutti i prodotti LED!\" \/>\n<meta property=\"og:url\" content=\"https:\/\/www.fai-srl.com\/shop\/product\/pannello-a-led-da-soffitto-o-parete\/\" \/>\n<meta property=\"og:site_name\" content=\"FAI SRL\" \/>\n<meta property=\"article:modified_time\" content=\"2026-02-27T18:30:57+00:00\" \/>\n<meta property=\"og:image\" content=\"https:\/\/www.fai-srl.com\/shop\/wp-content\/uploads\/2020\/11\/5070_GR.jpg\" \/>\n\t<meta property=\"og:image:width\" content=\"600\" \/>\n\t<meta property=\"og:image:height\" content=\"600\" \/>\n\t<meta property=\"og:image:type\" content=\"image\/jpeg\" \/>\n<meta name=\"twitter:card\" content=\"summary_large_image\" \/>\n<meta name=\"twitter:label1\" content=\"Tempo di lettura stimato\" \/>\n\t<meta name=\"twitter:data1\" content=\"2 minuti\" \/>\n<script type=\"application\/ld+json\" class=\"yoast-schema-graph\">{\"@context\":\"https:\/\/schema.org\",\"@graph\":[{\"@type\":\"WebPage\",\"@id\":\"https:\/\/www.fai-srl.com\/shop\/product\/pannello-a-led-da-soffitto-o-parete\/\",\"url\":\"https:\/\/www.fai-srl.com\/shop\/product\/pannello-a-led-da-soffitto-o-parete\/\",\"name\":\"Pannello a LED da soffitto o parete, 295x295x10 mm - FAI SRL\",\"isPartOf\":{\"@id\":\"https:\/\/www.fai-srl.com\/shop\/#website\"},\"primaryImageOfPage\":{\"@id\":\"https:\/\/www.fai-srl.com\/shop\/product\/pannello-a-led-da-soffitto-o-parete\/#primaryimage\"},\"image\":{\"@id\":\"https:\/\/www.fai-srl.com\/shop\/product\/pannello-a-led-da-soffitto-o-parete\/#primaryimage\"},\"thumbnailUrl\":\"https:\/\/www.fai-srl.com\/shop\/wp-content\/uploads\/2020\/11\/5070_GR.jpg\",\"datePublished\":\"2020-11-24T15:09:00+00:00\",\"dateModified\":\"2026-02-27T18:30:57+00:00\",\"description\":\"Pannello a LED da soffitto o parete, dimensioni 295x295x10 mm, 12 Watt. Visita il nostro sito per scoprire tutti i prodotti LED!\",\"breadcrumb\":{\"@id\":\"https:\/\/www.fai-srl.com\/shop\/product\/pannello-a-led-da-soffitto-o-parete\/#breadcrumb\"},\"inLanguage\":\"it-IT\",\"potentialAction\":[{\"@type\":\"ReadAction\",\"target\":[\"https:\/\/www.fai-srl.com\/shop\/product\/pannello-a-led-da-soffitto-o-parete\/\"]}]},{\"@type\":\"ImageObject\",\"inLanguage\":\"it-IT\",\"@id\":\"https:\/\/www.fai-srl.com\/shop\/product\/pannello-a-led-da-soffitto-o-parete\/#primaryimage\",\"url\":\"https:\/\/www.fai-srl.com\/shop\/wp-content\/uploads\/2020\/11\/5070_GR.jpg\",\"contentUrl\":\"https:\/\/www.fai-srl.com\/shop\/wp-content\/uploads\/2020\/11\/5070_GR.jpg\",\"width\":600,\"height\":600,\"caption\":\"pannello a led da\"},{\"@type\":\"BreadcrumbList\",\"@id\":\"https:\/\/www.fai-srl.com\/shop\/product\/pannello-a-led-da-soffitto-o-parete\/#breadcrumb\",\"itemListElement\":[{\"@type\":\"ListItem\",\"position\":1,\"name\":\"Home\",\"item\":\"https:\/\/www.fai-srl.com\/shop\/\"},{\"@type\":\"ListItem\",\"position\":2,\"name\":\"Prodotti FAI Srl\",\"item\":\"https:\/\/www.fai-srl.com\/shop\/?page_id=4775\"},{\"@type\":\"ListItem\",\"position\":3,\"name\":\"Pannello a LED da soffitto o parete\"}]},{\"@type\":\"WebSite\",\"@id\":\"https:\/\/www.fai-srl.com\/shop\/#website\",\"url\":\"https:\/\/www.fai-srl.com\/shop\/\",\"name\":\"FAI SRL\",\"description\":\"Light Up your Creativity\",\"publisher\":{\"@id\":\"https:\/\/www.fai-srl.com\/shop\/#organization\"},\"potentialAction\":[{\"@type\":\"SearchAction\",\"target\":{\"@type\":\"EntryPoint\",\"urlTemplate\":\"https:\/\/www.fai-srl.com\/shop\/?s={search_term_string}\"},\"query-input\":{\"@type\":\"PropertyValueSpecification\",\"valueRequired\":true,\"valueName\":\"search_term_string\"}}],\"inLanguage\":\"it-IT\"},{\"@type\":\"Organization\",\"@id\":\"https:\/\/www.fai-srl.com\/shop\/#organization\",\"name\":\"FAI SRL\",\"url\":\"https:\/\/www.fai-srl.com\/shop\/\",\"logo\":{\"@type\":\"ImageObject\",\"inLanguage\":\"it-IT\",\"@id\":\"https:\/\/www.fai-srl.com\/shop\/#\/schema\/logo\/image\/\",\"url\":\"http:\/\/www.fai-srl.com\/shop\/wp-content\/uploads\/2018\/10\/fai_logo.jpg\",\"contentUrl\":\"http:\/\/www.fai-srl.com\/shop\/wp-content\/uploads\/2018\/10\/fai_logo.jpg\",\"width\":300,\"height\":132,\"caption\":\"FAI SRL\"},\"image\":{\"@id\":\"https:\/\/www.fai-srl.com\/shop\/#\/schema\/logo\/image\/\"}}]}<\/script>\n<!-- \/ Yoast SEO plugin. -->","yoast_head_json":{"title":"Pannello a LED da soffitto o parete, 295x295x10 mm - FAI SRL","description":"Pannello a LED da soffitto o parete, dimensioni 295x295x10 mm, 12 Watt. Visita il nostro sito per scoprire tutti i prodotti LED!","robots":{"index":"index","follow":"follow","max-snippet":"max-snippet:-1","max-image-preview":"max-image-preview:large","max-video-preview":"max-video-preview:-1"},"canonical":"https:\/\/www.fai-srl.com\/shop\/product\/pannello-a-led-da-soffitto-o-parete\/","og_locale":"it_IT","og_type":"article","og_title":"Pannello a LED da soffitto o parete, 295x295x10 mm - FAI SRL","og_description":"Pannello a LED da soffitto o parete, dimensioni 295x295x10 mm, 12 Watt. Visita il nostro sito per scoprire tutti i prodotti LED!","og_url":"https:\/\/www.fai-srl.com\/shop\/product\/pannello-a-led-da-soffitto-o-parete\/","og_site_name":"FAI SRL","article_modified_time":"2026-02-27T18:30:57+00:00","og_image":[{"width":600,"height":600,"url":"https:\/\/www.fai-srl.com\/shop\/wp-content\/uploads\/2020\/11\/5070_GR.jpg","type":"image\/jpeg"}],"twitter_card":"summary_large_image","twitter_misc":{"Tempo di lettura stimato":"2 minuti"},"schema":{"@context":"https:\/\/schema.org","@graph":[{"@type":"WebPage","@id":"https:\/\/www.fai-srl.com\/shop\/product\/pannello-a-led-da-soffitto-o-parete\/","url":"https:\/\/www.fai-srl.com\/shop\/product\/pannello-a-led-da-soffitto-o-parete\/","name":"Pannello a LED da soffitto o parete, 295x295x10 mm - FAI SRL","isPartOf":{"@id":"https:\/\/www.fai-srl.com\/shop\/#website"},"primaryImageOfPage":{"@id":"https:\/\/www.fai-srl.com\/shop\/product\/pannello-a-led-da-soffitto-o-parete\/#primaryimage"},"image":{"@id":"https:\/\/www.fai-srl.com\/shop\/product\/pannello-a-led-da-soffitto-o-parete\/#primaryimage"},"thumbnailUrl":"https:\/\/www.fai-srl.com\/shop\/wp-content\/uploads\/2020\/11\/5070_GR.jpg","datePublished":"2020-11-24T15:09:00+00:00","dateModified":"2026-02-27T18:30:57+00:00","description":"Pannello a LED da soffitto o parete, dimensioni 295x295x10 mm, 12 Watt. Visita il nostro sito per scoprire tutti i prodotti LED!","breadcrumb":{"@id":"https:\/\/www.fai-srl.com\/shop\/product\/pannello-a-led-da-soffitto-o-parete\/#breadcrumb"},"inLanguage":"it-IT","potentialAction":[{"@type":"ReadAction","target":["https:\/\/www.fai-srl.com\/shop\/product\/pannello-a-led-da-soffitto-o-parete\/"]}]},{"@type":"ImageObject","inLanguage":"it-IT","@id":"https:\/\/www.fai-srl.com\/shop\/product\/pannello-a-led-da-soffitto-o-parete\/#primaryimage","url":"https:\/\/www.fai-srl.com\/shop\/wp-content\/uploads\/2020\/11\/5070_GR.jpg","contentUrl":"https:\/\/www.fai-srl.com\/shop\/wp-content\/uploads\/2020\/11\/5070_GR.jpg","width":600,"height":600,"caption":"pannello a led da"},{"@type":"BreadcrumbList","@id":"https:\/\/www.fai-srl.com\/shop\/product\/pannello-a-led-da-soffitto-o-parete\/#breadcrumb","itemListElement":[{"@type":"ListItem","position":1,"name":"Home","item":"https:\/\/www.fai-srl.com\/shop\/"},{"@type":"ListItem","position":2,"name":"Prodotti FAI Srl","item":"https:\/\/www.fai-srl.com\/shop\/?page_id=4775"},{"@type":"ListItem","position":3,"name":"Pannello a LED da soffitto o parete"}]},{"@type":"WebSite","@id":"https:\/\/www.fai-srl.com\/shop\/#website","url":"https:\/\/www.fai-srl.com\/shop\/","name":"FAI SRL","description":"Light Up your Creativity","publisher":{"@id":"https:\/\/www.fai-srl.com\/shop\/#organization"},"potentialAction":[{"@type":"SearchAction","target":{"@type":"EntryPoint","urlTemplate":"https:\/\/www.fai-srl.com\/shop\/?s={search_term_string}"},"query-input":{"@type":"PropertyValueSpecification","valueRequired":true,"valueName":"search_term_string"}}],"inLanguage":"it-IT"},{"@type":"Organization","@id":"https:\/\/www.fai-srl.com\/shop\/#organization","name":"FAI SRL","url":"https:\/\/www.fai-srl.com\/shop\/","logo":{"@type":"ImageObject","inLanguage":"it-IT","@id":"https:\/\/www.fai-srl.com\/shop\/#\/schema\/logo\/image\/","url":"http:\/\/www.fai-srl.com\/shop\/wp-content\/uploads\/2018\/10\/fai_logo.jpg","contentUrl":"http:\/\/www.fai-srl.com\/shop\/wp-content\/uploads\/2018\/10\/fai_logo.jpg","width":300,"height":132,"caption":"FAI SRL"},"image":{"@id":"https:\/\/www.fai-srl.com\/shop\/#\/schema\/logo\/image\/"}}]}},"_links":{"self":[{"href":"https:\/\/www.fai-srl.com\/shop\/wp-json\/wp\/v2\/product\/21425","targetHints":{"allow":["GET"]}}],"collection":[{"href":"https:\/\/www.fai-srl.com\/shop\/wp-json\/wp\/v2\/product"}],"about":[{"href":"https:\/\/www.fai-srl.com\/shop\/wp-json\/wp\/v2\/types\/product"}],"version-history":[{"count":8,"href":"https:\/\/www.fai-srl.com\/shop\/wp-json\/wp\/v2\/product\/21425\/revisions"}],"predecessor-version":[{"id":31970,"href":"https:\/\/www.fai-srl.com\/shop\/wp-json\/wp\/v2\/product\/21425\/revisions\/31970"}],"wp:featuredmedia":[{"embeddable":true,"href":"https:\/\/www.fai-srl.com\/shop\/wp-json\/wp\/v2\/media\/21442"}],"wp:attachment":[{"href":"https:\/\/www.fai-srl.com\/shop\/wp-json\/wp\/v2\/media?parent=21425"}],"wp:term":[{"taxonomy":"product_cat","embeddable":true,"href":"https:\/\/www.fai-srl.com\/shop\/wp-json\/wp\/v2\/product_cat?post=21425"},{"taxonomy":"product_tag","embeddable":true,"href":"https:\/\/www.fai-srl.com\/shop\/wp-json\/wp\/v2\/product_tag?post=21425"}],"curies":[{"name":"wp","href":"https:\/\/api.w.org\/{rel}","templated":true}]}}