{"id":20910,"date":"2020-11-23T00:00:35","date_gmt":"2020-11-22T23:00:35","guid":{"rendered":"http:\/\/www.fai-srl.com\/shop\/?post_type=product&#038;p=20910"},"modified":"2026-02-27T19:30:38","modified_gmt":"2026-02-27T18:30:38","slug":"lampada-a-led-tipo-oliva-e14-2","status":"publish","type":"product","link":"https:\/\/www.fai-srl.com\/shop\/product\/lampada-a-led-tipo-oliva-e14-2\/","title":{"rendered":"Lampada a Led tipo oliva &#8211; E14"},"content":{"rendered":"<p><strong>Lampada a LED tipo oliva<br \/>\n<\/strong><\/p>\n<p style=\"text-align: justify;\">Nella categoria dei LED, tra i nostri articoli non potevano di certo mancare le lampade a LED. Le lampadine a LED non sono tutte uguali. Differiscono fra loro per il diverso numero di lumen e la diversit\u00e0 del fascio luminoso che esse emanano.<\/p>\n<p style=\"text-align: justify;\">In particolare, le lampadine a LED E14, hanno ultimamente sostituito le lampadine tradizionali e sono impiegate per usi differenti.<\/p>\n<p style=\"text-align: justify;\">La lampada a LED tipo oliva, \u00e8 la classica lampadina in vetro di uso comune. Grazie alla variet\u00e0 di dimensioni e di forme, sono le pi\u00f9 utilizzate.<\/p>\n<p style=\"text-align: justify;\">La tipologia di LED utilizzato all&#8217;interno di questa lampada a oliva, ha un angolo di diffusione di 180\u00b0. La luce a LED \u00e8 disponibile in 3 colori e in 3 temperature: bianca calda 3000K, bianca fredda 6000K e bianca commerciale 4000K.<\/p>\n<p style=\"text-align: justify;\">Questo articolo possiede il marchio CE, che garantisce la conformit\u00e0 del prodotto a tutte le disposizioni della Comunit\u00e0 Europea che prevedono il suo utilizzo dalla progettazione, alla messa in servizio fino allo smaltimento.<\/p>\n<p style=\"text-align: justify;\">Se dovessi aver bisogno di maggiori informazioni relative a questo prodotto o necessiti di un&#8217;offerta personalizzata <a href=\"https:\/\/www.fai-srl.com\/contatti\/\" target=\"_blank\" rel=\"noopener\">contattaci<\/a>!<\/p>\n<p style=\"text-align: justify;\">Rimani aggiornato sui nostri prodotti, seguici sui nostri canali social <a href=\"https:\/\/www.facebook.com\/faisrl.materialelettrico\/\" target=\"_blank\" rel=\"noopener\">Facebook<\/a> e <a href=\"https:\/\/www.instagram.com\/faisrl.materialelettrico\/\" target=\"_blank\" rel=\"noopener\">Instagram<\/a>.<\/p>\n<table border=\"0\" width=\"500\" align=\"center\">\n<tbody>\n<tr>\n<td>Alimentazione:<\/td>\n<td>175-250 Vac 50\/60Hz<\/td>\n<\/tr>\n<tr>\n<td>Potenza:<\/td>\n<td>9 W<\/td>\n<\/tr>\n<tr>\n<td>Lumen:<\/td>\n<td>950lm<\/td>\n<\/tr>\n<tr>\n<td>Dimensioni:<\/td>\n<td>\u00d8 37 mm &#8211; h 109 mm<\/td>\n<\/tr>\n<tr>\n<td>Forma:<\/td>\n<td>oliva<\/td>\n<\/tr>\n<tr>\n<td>Vita utile:<\/td>\n<td>L70B50 20.000 ore<\/td>\n<\/tr>\n<\/tbody>\n<\/table>\n","protected":false},"excerpt":{"rendered":"<p><img decoding=\"async\" class=\"alignnone size-full wp-image-21199\" src=\"http:\/\/www.fai-srl.com\/shop\/wp-content\/uploads\/2020\/11\/180.jpg\" alt=\"\" width=\"60\" height=\"60\" \/><img decoding=\"async\" class=\"alignnone size-full wp-image-20283\" src=\"http:\/\/www.fai-srl.com\/shop\/wp-content\/uploads\/2020\/11\/ce-7-e1605921628229.jpg\" alt=\"\" width=\"60\" height=\"60\" \/><img decoding=\"async\" class=\"alignnone size-full wp-image-29684\" src=\"http:\/\/www.fai-srl.com\/shop\/wp-content\/uploads\/2020\/11\/ROHS-.png\" alt=\"\" width=\"60\" height=\"35\" \/><img loading=\"lazy\" decoding=\"async\" class=\"alignnone size-full wp-image-31577\" src=\"http:\/\/www.fai-srl.com\/shop\/wp-content\/uploads\/2020\/11\/CLASSE-F.png\" alt=\"\" width=\"60\" height=\"35\" \/><\/p>\n","protected":false},"featured_media":20917,"template":"","meta":[],"product_cat":[506],"product_tag":[],"class_list":{"0":"post-20910","1":"product","2":"type-product","3":"status-publish","4":"has-post-thumbnail","6":"product_cat-led","8":"first","9":"instock","10":"taxable","11":"shipping-taxable","12":"purchasable","13":"product-type-variable"},"yoast_head":"<!-- This site is optimized with the Yoast SEO plugin v26.2 - https:\/\/yoast.com\/wordpress\/plugins\/seo\/ -->\n<title>Lampada a Led tipo oliva - E14 - FAI SRL<\/title>\n<meta name=\"description\" content=\"Lampada a Led tipo oliva -E14, 9W. Luce disponibile in tre colori e tre temperature. Visita il nostro sito e scopri tutti i nostri prodotti!\" \/>\n<meta name=\"robots\" content=\"index, follow, max-snippet:-1, max-image-preview:large, max-video-preview:-1\" \/>\n<link rel=\"canonical\" href=\"https:\/\/www.fai-srl.com\/shop\/product\/lampada-a-led-tipo-oliva-e14-2\/\" \/>\n<meta property=\"og:locale\" content=\"it_IT\" \/>\n<meta property=\"og:type\" content=\"article\" \/>\n<meta property=\"og:title\" content=\"Lampada a Led tipo oliva - E14 - FAI SRL\" \/>\n<meta property=\"og:description\" content=\"Lampada a Led tipo oliva -E14, 9W. Luce disponibile in tre colori e tre temperature. Visita il nostro sito e scopri tutti i nostri prodotti!\" \/>\n<meta property=\"og:url\" content=\"https:\/\/www.fai-srl.com\/shop\/product\/lampada-a-led-tipo-oliva-e14-2\/\" \/>\n<meta property=\"og:site_name\" content=\"FAI SRL\" \/>\n<meta property=\"article:modified_time\" content=\"2026-02-27T18:30:38+00:00\" \/>\n<meta property=\"og:image\" content=\"https:\/\/www.fai-srl.com\/shop\/wp-content\/uploads\/2020\/11\/5181_GR.jpg\" \/>\n\t<meta property=\"og:image:width\" content=\"600\" \/>\n\t<meta property=\"og:image:height\" content=\"600\" \/>\n\t<meta property=\"og:image:type\" content=\"image\/jpeg\" \/>\n<meta name=\"twitter:card\" content=\"summary_large_image\" \/>\n<meta name=\"twitter:label1\" content=\"Tempo di lettura stimato\" \/>\n\t<meta name=\"twitter:data1\" content=\"1 minuto\" \/>\n<script type=\"application\/ld+json\" class=\"yoast-schema-graph\">{\"@context\":\"https:\/\/schema.org\",\"@graph\":[{\"@type\":\"WebPage\",\"@id\":\"https:\/\/www.fai-srl.com\/shop\/product\/lampada-a-led-tipo-oliva-e14-2\/\",\"url\":\"https:\/\/www.fai-srl.com\/shop\/product\/lampada-a-led-tipo-oliva-e14-2\/\",\"name\":\"Lampada a Led tipo oliva - E14 - FAI SRL\",\"isPartOf\":{\"@id\":\"https:\/\/www.fai-srl.com\/shop\/#website\"},\"primaryImageOfPage\":{\"@id\":\"https:\/\/www.fai-srl.com\/shop\/product\/lampada-a-led-tipo-oliva-e14-2\/#primaryimage\"},\"image\":{\"@id\":\"https:\/\/www.fai-srl.com\/shop\/product\/lampada-a-led-tipo-oliva-e14-2\/#primaryimage\"},\"thumbnailUrl\":\"https:\/\/www.fai-srl.com\/shop\/wp-content\/uploads\/2020\/11\/5181_GR.jpg\",\"datePublished\":\"2020-11-22T23:00:35+00:00\",\"dateModified\":\"2026-02-27T18:30:38+00:00\",\"description\":\"Lampada a Led tipo oliva -E14, 9W. Luce disponibile in tre colori e tre temperature. Visita il nostro sito e scopri tutti i nostri prodotti!\",\"breadcrumb\":{\"@id\":\"https:\/\/www.fai-srl.com\/shop\/product\/lampada-a-led-tipo-oliva-e14-2\/#breadcrumb\"},\"inLanguage\":\"it-IT\",\"potentialAction\":[{\"@type\":\"ReadAction\",\"target\":[\"https:\/\/www.fai-srl.com\/shop\/product\/lampada-a-led-tipo-oliva-e14-2\/\"]}]},{\"@type\":\"ImageObject\",\"inLanguage\":\"it-IT\",\"@id\":\"https:\/\/www.fai-srl.com\/shop\/product\/lampada-a-led-tipo-oliva-e14-2\/#primaryimage\",\"url\":\"https:\/\/www.fai-srl.com\/shop\/wp-content\/uploads\/2020\/11\/5181_GR.jpg\",\"contentUrl\":\"https:\/\/www.fai-srl.com\/shop\/wp-content\/uploads\/2020\/11\/5181_GR.jpg\",\"width\":600,\"height\":600,\"caption\":\"Lampada a LED tipo oliva\"},{\"@type\":\"BreadcrumbList\",\"@id\":\"https:\/\/www.fai-srl.com\/shop\/product\/lampada-a-led-tipo-oliva-e14-2\/#breadcrumb\",\"itemListElement\":[{\"@type\":\"ListItem\",\"position\":1,\"name\":\"Home\",\"item\":\"https:\/\/www.fai-srl.com\/shop\/\"},{\"@type\":\"ListItem\",\"position\":2,\"name\":\"Prodotti FAI Srl\",\"item\":\"https:\/\/www.fai-srl.com\/shop\/?page_id=4775\"},{\"@type\":\"ListItem\",\"position\":3,\"name\":\"Lampada a Led tipo oliva &#8211; E14\"}]},{\"@type\":\"WebSite\",\"@id\":\"https:\/\/www.fai-srl.com\/shop\/#website\",\"url\":\"https:\/\/www.fai-srl.com\/shop\/\",\"name\":\"FAI SRL\",\"description\":\"Light Up your Creativity\",\"publisher\":{\"@id\":\"https:\/\/www.fai-srl.com\/shop\/#organization\"},\"potentialAction\":[{\"@type\":\"SearchAction\",\"target\":{\"@type\":\"EntryPoint\",\"urlTemplate\":\"https:\/\/www.fai-srl.com\/shop\/?s={search_term_string}\"},\"query-input\":{\"@type\":\"PropertyValueSpecification\",\"valueRequired\":true,\"valueName\":\"search_term_string\"}}],\"inLanguage\":\"it-IT\"},{\"@type\":\"Organization\",\"@id\":\"https:\/\/www.fai-srl.com\/shop\/#organization\",\"name\":\"FAI SRL\",\"url\":\"https:\/\/www.fai-srl.com\/shop\/\",\"logo\":{\"@type\":\"ImageObject\",\"inLanguage\":\"it-IT\",\"@id\":\"https:\/\/www.fai-srl.com\/shop\/#\/schema\/logo\/image\/\",\"url\":\"http:\/\/www.fai-srl.com\/shop\/wp-content\/uploads\/2018\/10\/fai_logo.jpg\",\"contentUrl\":\"http:\/\/www.fai-srl.com\/shop\/wp-content\/uploads\/2018\/10\/fai_logo.jpg\",\"width\":300,\"height\":132,\"caption\":\"FAI SRL\"},\"image\":{\"@id\":\"https:\/\/www.fai-srl.com\/shop\/#\/schema\/logo\/image\/\"}}]}<\/script>\n<!-- \/ Yoast SEO plugin. -->","yoast_head_json":{"title":"Lampada a Led tipo oliva - E14 - FAI SRL","description":"Lampada a Led tipo oliva -E14, 9W. Luce disponibile in tre colori e tre temperature. Visita il nostro sito e scopri tutti i nostri prodotti!","robots":{"index":"index","follow":"follow","max-snippet":"max-snippet:-1","max-image-preview":"max-image-preview:large","max-video-preview":"max-video-preview:-1"},"canonical":"https:\/\/www.fai-srl.com\/shop\/product\/lampada-a-led-tipo-oliva-e14-2\/","og_locale":"it_IT","og_type":"article","og_title":"Lampada a Led tipo oliva - E14 - FAI SRL","og_description":"Lampada a Led tipo oliva -E14, 9W. Luce disponibile in tre colori e tre temperature. Visita il nostro sito e scopri tutti i nostri prodotti!","og_url":"https:\/\/www.fai-srl.com\/shop\/product\/lampada-a-led-tipo-oliva-e14-2\/","og_site_name":"FAI SRL","article_modified_time":"2026-02-27T18:30:38+00:00","og_image":[{"width":600,"height":600,"url":"https:\/\/www.fai-srl.com\/shop\/wp-content\/uploads\/2020\/11\/5181_GR.jpg","type":"image\/jpeg"}],"twitter_card":"summary_large_image","twitter_misc":{"Tempo di lettura stimato":"1 minuto"},"schema":{"@context":"https:\/\/schema.org","@graph":[{"@type":"WebPage","@id":"https:\/\/www.fai-srl.com\/shop\/product\/lampada-a-led-tipo-oliva-e14-2\/","url":"https:\/\/www.fai-srl.com\/shop\/product\/lampada-a-led-tipo-oliva-e14-2\/","name":"Lampada a Led tipo oliva - E14 - FAI SRL","isPartOf":{"@id":"https:\/\/www.fai-srl.com\/shop\/#website"},"primaryImageOfPage":{"@id":"https:\/\/www.fai-srl.com\/shop\/product\/lampada-a-led-tipo-oliva-e14-2\/#primaryimage"},"image":{"@id":"https:\/\/www.fai-srl.com\/shop\/product\/lampada-a-led-tipo-oliva-e14-2\/#primaryimage"},"thumbnailUrl":"https:\/\/www.fai-srl.com\/shop\/wp-content\/uploads\/2020\/11\/5181_GR.jpg","datePublished":"2020-11-22T23:00:35+00:00","dateModified":"2026-02-27T18:30:38+00:00","description":"Lampada a Led tipo oliva -E14, 9W. Luce disponibile in tre colori e tre temperature. Visita il nostro sito e scopri tutti i nostri prodotti!","breadcrumb":{"@id":"https:\/\/www.fai-srl.com\/shop\/product\/lampada-a-led-tipo-oliva-e14-2\/#breadcrumb"},"inLanguage":"it-IT","potentialAction":[{"@type":"ReadAction","target":["https:\/\/www.fai-srl.com\/shop\/product\/lampada-a-led-tipo-oliva-e14-2\/"]}]},{"@type":"ImageObject","inLanguage":"it-IT","@id":"https:\/\/www.fai-srl.com\/shop\/product\/lampada-a-led-tipo-oliva-e14-2\/#primaryimage","url":"https:\/\/www.fai-srl.com\/shop\/wp-content\/uploads\/2020\/11\/5181_GR.jpg","contentUrl":"https:\/\/www.fai-srl.com\/shop\/wp-content\/uploads\/2020\/11\/5181_GR.jpg","width":600,"height":600,"caption":"Lampada a LED tipo oliva"},{"@type":"BreadcrumbList","@id":"https:\/\/www.fai-srl.com\/shop\/product\/lampada-a-led-tipo-oliva-e14-2\/#breadcrumb","itemListElement":[{"@type":"ListItem","position":1,"name":"Home","item":"https:\/\/www.fai-srl.com\/shop\/"},{"@type":"ListItem","position":2,"name":"Prodotti FAI Srl","item":"https:\/\/www.fai-srl.com\/shop\/?page_id=4775"},{"@type":"ListItem","position":3,"name":"Lampada a Led tipo oliva &#8211; E14"}]},{"@type":"WebSite","@id":"https:\/\/www.fai-srl.com\/shop\/#website","url":"https:\/\/www.fai-srl.com\/shop\/","name":"FAI SRL","description":"Light Up your Creativity","publisher":{"@id":"https:\/\/www.fai-srl.com\/shop\/#organization"},"potentialAction":[{"@type":"SearchAction","target":{"@type":"EntryPoint","urlTemplate":"https:\/\/www.fai-srl.com\/shop\/?s={search_term_string}"},"query-input":{"@type":"PropertyValueSpecification","valueRequired":true,"valueName":"search_term_string"}}],"inLanguage":"it-IT"},{"@type":"Organization","@id":"https:\/\/www.fai-srl.com\/shop\/#organization","name":"FAI SRL","url":"https:\/\/www.fai-srl.com\/shop\/","logo":{"@type":"ImageObject","inLanguage":"it-IT","@id":"https:\/\/www.fai-srl.com\/shop\/#\/schema\/logo\/image\/","url":"http:\/\/www.fai-srl.com\/shop\/wp-content\/uploads\/2018\/10\/fai_logo.jpg","contentUrl":"http:\/\/www.fai-srl.com\/shop\/wp-content\/uploads\/2018\/10\/fai_logo.jpg","width":300,"height":132,"caption":"FAI SRL"},"image":{"@id":"https:\/\/www.fai-srl.com\/shop\/#\/schema\/logo\/image\/"}}]}},"_links":{"self":[{"href":"https:\/\/www.fai-srl.com\/shop\/wp-json\/wp\/v2\/product\/20910","targetHints":{"allow":["GET"]}}],"collection":[{"href":"https:\/\/www.fai-srl.com\/shop\/wp-json\/wp\/v2\/product"}],"about":[{"href":"https:\/\/www.fai-srl.com\/shop\/wp-json\/wp\/v2\/types\/product"}],"version-history":[{"count":7,"href":"https:\/\/www.fai-srl.com\/shop\/wp-json\/wp\/v2\/product\/20910\/revisions"}],"predecessor-version":[{"id":31794,"href":"https:\/\/www.fai-srl.com\/shop\/wp-json\/wp\/v2\/product\/20910\/revisions\/31794"}],"wp:featuredmedia":[{"embeddable":true,"href":"https:\/\/www.fai-srl.com\/shop\/wp-json\/wp\/v2\/media\/20917"}],"wp:attachment":[{"href":"https:\/\/www.fai-srl.com\/shop\/wp-json\/wp\/v2\/media?parent=20910"}],"wp:term":[{"taxonomy":"product_cat","embeddable":true,"href":"https:\/\/www.fai-srl.com\/shop\/wp-json\/wp\/v2\/product_cat?post=20910"},{"taxonomy":"product_tag","embeddable":true,"href":"https:\/\/www.fai-srl.com\/shop\/wp-json\/wp\/v2\/product_tag?post=20910"}],"curies":[{"name":"wp","href":"https:\/\/api.w.org\/{rel}","templated":true}]}}