{"id":20818,"date":"2020-11-22T22:29:14","date_gmt":"2020-11-22T21:29:14","guid":{"rendered":"http:\/\/www.fai-srl.com\/shop\/?post_type=product&#038;p=20818"},"modified":"2026-02-27T19:30:36","modified_gmt":"2026-02-27T18:30:36","slug":"faretto-led-incasso-carrabile-palpebra","status":"publish","type":"product","link":"https:\/\/www.fai-srl.com\/shop\/product\/faretto-led-incasso-carrabile-palpebra\/","title":{"rendered":"Faretto Led incasso carrabile palpebra"},"content":{"rendered":"<p><strong>Faretto LED incasso carrabile palpebra<br \/>\n<\/strong><\/p>\n<p style=\"text-align: justify;\">Faretto LED incasso carrabile palpebra. Utilizza questo faretto a LED per dare l&#8217;illuminazione perfetta ai tuoi ambienti. Grazie ai suoi fari a led e a un angolo di diffusione di 60\u00b0, \u00e8 ideale per illuminare prati, piscine, vialetti e tutti i tuoi spazi esterni. Se posizionato nel tuo giardino crea affascinanti giochi di luce.<\/p>\n<p style=\"text-align: justify;\">Questo prodotto, \u00e8 adatto per essere posizionato sia su pareti che su pavimenti. \u00c8 un ottimo elemento di arredo per illuminare i tuoi spazi! La luce del faretto LED incasso carrabile palpebra, \u00e8 disponibile in tre colori con le rispettive temperature: bianca calda 3000K, bianca fredda 6000K e bianca commerciale 4000K.<\/p>\n<p style=\"text-align: justify;\">Il corpo di questo prodotto, \u00e8 realizzato con materiale impermeabile e resistente anche agli agenti atmosferici. Caratteristica che lo rende adatto ad essere posizionato anche all&#8217;esterno.<\/p>\n<p style=\"text-align: justify;\">Grado di protezione: IP67.<\/p>\n<p style=\"text-align: justify;\">Il faretto da giardino necessita di un alimentatore 12V non incluso, acquistabile separatamente.<\/p>\n<p style=\"text-align: justify;\">Questo articolo possiede il marchio CE, che garantisce la conformit\u00e0 del prodotto a tutte le disposizioni della Comunit\u00e0 Europea che prevedono il suo utilizzo dalla progettazione, alla messa in servizio fino allo smaltimento.<\/p>\n<p style=\"text-align: justify;\">Se dovessi aver bisogno di maggiori informazioni relative a questo prodotto o necessiti di un&#8217;offerta personalizzata <a href=\"https:\/\/www.fai-srl.com\/contatti\/\" target=\"_blank\" rel=\"noopener\">contattaci<\/a>!<\/p>\n<p>Rimani aggiornato sui nostri prodotti, seguici sui nostri canali social <a href=\"https:\/\/www.facebook.com\/faisrl.materialelettrico\/\" target=\"_blank\" rel=\"noopener\">Facebook<\/a> e <a href=\"https:\/\/www.instagram.com\/faisrl.materialelettrico\/\" target=\"_blank\" rel=\"noopener\">Instagram<\/a>.<\/p>\n<table border=\"0\" width=\"500\" align=\"center\">\n<tbody>\n<tr>\n<td>Alimentazione:<\/td>\n<td>12 V<\/td>\n<\/tr>\n<tr>\n<td>Led:<\/td>\n<td>1&#215;3 W<\/td>\n<\/tr>\n<tr>\n<td>Lumen:<\/td>\n<td>150 mm<\/td>\n<\/tr>\n<tr>\n<td>Diametro:<\/td>\n<td>40 mm<\/td>\n<\/tr>\n<tr>\n<td>Diametro foro cassaforma:<\/td>\n<td>33 mm<\/td>\n<\/tr>\n<tr>\n<td>Altezza:<\/td>\n<td>68,6mm<\/td>\n<\/tr>\n<tr>\n<td>Lunghezza cavo:<\/td>\n<td>100 cm<\/td>\n<\/tr>\n<tr>\n<td>Vita utile:<\/td>\n<td>20.000 ore<\/td>\n<\/tr>\n<tr>\n<td>Trattamento anticorrosione:<\/td>\n<td>SI<\/td>\n<\/tr>\n<tr>\n<td>Note:<\/td>\n<td>Obbligo uso cassaforma inclusa<\/td>\n<\/tr>\n<\/tbody>\n<\/table>\n","protected":false},"excerpt":{"rendered":"<p><a href=\"http:\/\/www.fai-srl.com\/wp-content\/uploads\/2020\/11\/ISTRUZIONI-0491_compressed-2.pdf\"><strong>Clicca qui per scaricare la scheda tecnica<\/strong><\/a><\/p>\n<p><img decoding=\"async\" class=\"alignnone size-full wp-image-20809\" src=\"http:\/\/www.fai-srl.com\/shop\/wp-content\/uploads\/2020\/11\/IP67.jpg\" alt=\"\" width=\"60\" height=\"60\" \/><\/p>\n<p><img decoding=\"async\" class=\"alignnone size-full wp-image-20283\" src=\"http:\/\/www.fai-srl.com\/shop\/wp-content\/uploads\/2020\/11\/ce-7-e1605921628229.jpg\" alt=\"\" width=\"60\" height=\"60\" \/><\/p>\n","protected":false},"featured_media":26646,"template":"","meta":[],"product_cat":[506],"product_tag":[],"class_list":{"0":"post-20818","1":"product","2":"type-product","3":"status-publish","4":"has-post-thumbnail","6":"product_cat-led","8":"first","9":"instock","10":"taxable","11":"shipping-taxable","12":"purchasable","13":"product-type-variable"},"yoast_head":"<!-- This site is optimized with the Yoast SEO plugin v26.2 - https:\/\/yoast.com\/wordpress\/plugins\/seo\/ -->\n<title>Faretto Led incasso carrabile palpebra - FAI SRL<\/title>\n<meta name=\"description\" content=\"Faretto Led incasso carrabile palpebra - Alimentazione 12V. Visita il nostro sito e scopri tutti i nostri prodotti!\" \/>\n<meta name=\"robots\" content=\"index, follow, max-snippet:-1, max-image-preview:large, max-video-preview:-1\" \/>\n<link rel=\"canonical\" href=\"https:\/\/www.fai-srl.com\/shop\/product\/faretto-led-incasso-carrabile-palpebra\/\" \/>\n<meta property=\"og:locale\" content=\"it_IT\" \/>\n<meta property=\"og:type\" content=\"article\" \/>\n<meta property=\"og:title\" content=\"Faretto Led incasso carrabile palpebra - FAI SRL\" \/>\n<meta property=\"og:description\" content=\"Faretto Led incasso carrabile palpebra - Alimentazione 12V. Visita il nostro sito e scopri tutti i nostri prodotti!\" \/>\n<meta property=\"og:url\" content=\"https:\/\/www.fai-srl.com\/shop\/product\/faretto-led-incasso-carrabile-palpebra\/\" \/>\n<meta property=\"og:site_name\" content=\"FAI SRL\" \/>\n<meta property=\"article:modified_time\" content=\"2026-02-27T18:30:36+00:00\" \/>\n<meta property=\"og:image\" content=\"https:\/\/www.fai-srl.com\/shop\/wp-content\/uploads\/2020\/11\/0491_3P-2.jpg\" \/>\n\t<meta property=\"og:image:width\" content=\"600\" \/>\n\t<meta property=\"og:image:height\" content=\"600\" \/>\n\t<meta property=\"og:image:type\" content=\"image\/jpeg\" \/>\n<meta name=\"twitter:card\" content=\"summary_large_image\" \/>\n<meta name=\"twitter:label1\" content=\"Tempo di lettura stimato\" \/>\n\t<meta name=\"twitter:data1\" content=\"2 minuti\" \/>\n<script type=\"application\/ld+json\" class=\"yoast-schema-graph\">{\"@context\":\"https:\/\/schema.org\",\"@graph\":[{\"@type\":\"WebPage\",\"@id\":\"https:\/\/www.fai-srl.com\/shop\/product\/faretto-led-incasso-carrabile-palpebra\/\",\"url\":\"https:\/\/www.fai-srl.com\/shop\/product\/faretto-led-incasso-carrabile-palpebra\/\",\"name\":\"Faretto Led incasso carrabile palpebra - FAI SRL\",\"isPartOf\":{\"@id\":\"https:\/\/www.fai-srl.com\/shop\/#website\"},\"primaryImageOfPage\":{\"@id\":\"https:\/\/www.fai-srl.com\/shop\/product\/faretto-led-incasso-carrabile-palpebra\/#primaryimage\"},\"image\":{\"@id\":\"https:\/\/www.fai-srl.com\/shop\/product\/faretto-led-incasso-carrabile-palpebra\/#primaryimage\"},\"thumbnailUrl\":\"https:\/\/www.fai-srl.com\/shop\/wp-content\/uploads\/2020\/11\/0491_3P-2.jpg\",\"datePublished\":\"2020-11-22T21:29:14+00:00\",\"dateModified\":\"2026-02-27T18:30:36+00:00\",\"description\":\"Faretto Led incasso carrabile palpebra - Alimentazione 12V. Visita il nostro sito e scopri tutti i nostri prodotti!\",\"breadcrumb\":{\"@id\":\"https:\/\/www.fai-srl.com\/shop\/product\/faretto-led-incasso-carrabile-palpebra\/#breadcrumb\"},\"inLanguage\":\"it-IT\",\"potentialAction\":[{\"@type\":\"ReadAction\",\"target\":[\"https:\/\/www.fai-srl.com\/shop\/product\/faretto-led-incasso-carrabile-palpebra\/\"]}]},{\"@type\":\"ImageObject\",\"inLanguage\":\"it-IT\",\"@id\":\"https:\/\/www.fai-srl.com\/shop\/product\/faretto-led-incasso-carrabile-palpebra\/#primaryimage\",\"url\":\"https:\/\/www.fai-srl.com\/shop\/wp-content\/uploads\/2020\/11\/0491_3P-2.jpg\",\"contentUrl\":\"https:\/\/www.fai-srl.com\/shop\/wp-content\/uploads\/2020\/11\/0491_3P-2.jpg\",\"width\":600,\"height\":600,\"caption\":\"Faretto a led incasso palpebra\"},{\"@type\":\"BreadcrumbList\",\"@id\":\"https:\/\/www.fai-srl.com\/shop\/product\/faretto-led-incasso-carrabile-palpebra\/#breadcrumb\",\"itemListElement\":[{\"@type\":\"ListItem\",\"position\":1,\"name\":\"Home\",\"item\":\"https:\/\/www.fai-srl.com\/shop\/\"},{\"@type\":\"ListItem\",\"position\":2,\"name\":\"Prodotti FAI Srl\",\"item\":\"https:\/\/www.fai-srl.com\/shop\/?page_id=4775\"},{\"@type\":\"ListItem\",\"position\":3,\"name\":\"Faretto Led incasso carrabile palpebra\"}]},{\"@type\":\"WebSite\",\"@id\":\"https:\/\/www.fai-srl.com\/shop\/#website\",\"url\":\"https:\/\/www.fai-srl.com\/shop\/\",\"name\":\"FAI SRL\",\"description\":\"Light Up your Creativity\",\"publisher\":{\"@id\":\"https:\/\/www.fai-srl.com\/shop\/#organization\"},\"potentialAction\":[{\"@type\":\"SearchAction\",\"target\":{\"@type\":\"EntryPoint\",\"urlTemplate\":\"https:\/\/www.fai-srl.com\/shop\/?s={search_term_string}\"},\"query-input\":{\"@type\":\"PropertyValueSpecification\",\"valueRequired\":true,\"valueName\":\"search_term_string\"}}],\"inLanguage\":\"it-IT\"},{\"@type\":\"Organization\",\"@id\":\"https:\/\/www.fai-srl.com\/shop\/#organization\",\"name\":\"FAI SRL\",\"url\":\"https:\/\/www.fai-srl.com\/shop\/\",\"logo\":{\"@type\":\"ImageObject\",\"inLanguage\":\"it-IT\",\"@id\":\"https:\/\/www.fai-srl.com\/shop\/#\/schema\/logo\/image\/\",\"url\":\"http:\/\/www.fai-srl.com\/shop\/wp-content\/uploads\/2018\/10\/fai_logo.jpg\",\"contentUrl\":\"http:\/\/www.fai-srl.com\/shop\/wp-content\/uploads\/2018\/10\/fai_logo.jpg\",\"width\":300,\"height\":132,\"caption\":\"FAI SRL\"},\"image\":{\"@id\":\"https:\/\/www.fai-srl.com\/shop\/#\/schema\/logo\/image\/\"}}]}<\/script>\n<!-- \/ Yoast SEO plugin. -->","yoast_head_json":{"title":"Faretto Led incasso carrabile palpebra - FAI SRL","description":"Faretto Led incasso carrabile palpebra - Alimentazione 12V. Visita il nostro sito e scopri tutti i nostri prodotti!","robots":{"index":"index","follow":"follow","max-snippet":"max-snippet:-1","max-image-preview":"max-image-preview:large","max-video-preview":"max-video-preview:-1"},"canonical":"https:\/\/www.fai-srl.com\/shop\/product\/faretto-led-incasso-carrabile-palpebra\/","og_locale":"it_IT","og_type":"article","og_title":"Faretto Led incasso carrabile palpebra - FAI SRL","og_description":"Faretto Led incasso carrabile palpebra - Alimentazione 12V. Visita il nostro sito e scopri tutti i nostri prodotti!","og_url":"https:\/\/www.fai-srl.com\/shop\/product\/faretto-led-incasso-carrabile-palpebra\/","og_site_name":"FAI SRL","article_modified_time":"2026-02-27T18:30:36+00:00","og_image":[{"width":600,"height":600,"url":"https:\/\/www.fai-srl.com\/shop\/wp-content\/uploads\/2020\/11\/0491_3P-2.jpg","type":"image\/jpeg"}],"twitter_card":"summary_large_image","twitter_misc":{"Tempo di lettura stimato":"2 minuti"},"schema":{"@context":"https:\/\/schema.org","@graph":[{"@type":"WebPage","@id":"https:\/\/www.fai-srl.com\/shop\/product\/faretto-led-incasso-carrabile-palpebra\/","url":"https:\/\/www.fai-srl.com\/shop\/product\/faretto-led-incasso-carrabile-palpebra\/","name":"Faretto Led incasso carrabile palpebra - FAI SRL","isPartOf":{"@id":"https:\/\/www.fai-srl.com\/shop\/#website"},"primaryImageOfPage":{"@id":"https:\/\/www.fai-srl.com\/shop\/product\/faretto-led-incasso-carrabile-palpebra\/#primaryimage"},"image":{"@id":"https:\/\/www.fai-srl.com\/shop\/product\/faretto-led-incasso-carrabile-palpebra\/#primaryimage"},"thumbnailUrl":"https:\/\/www.fai-srl.com\/shop\/wp-content\/uploads\/2020\/11\/0491_3P-2.jpg","datePublished":"2020-11-22T21:29:14+00:00","dateModified":"2026-02-27T18:30:36+00:00","description":"Faretto Led incasso carrabile palpebra - Alimentazione 12V. Visita il nostro sito e scopri tutti i nostri prodotti!","breadcrumb":{"@id":"https:\/\/www.fai-srl.com\/shop\/product\/faretto-led-incasso-carrabile-palpebra\/#breadcrumb"},"inLanguage":"it-IT","potentialAction":[{"@type":"ReadAction","target":["https:\/\/www.fai-srl.com\/shop\/product\/faretto-led-incasso-carrabile-palpebra\/"]}]},{"@type":"ImageObject","inLanguage":"it-IT","@id":"https:\/\/www.fai-srl.com\/shop\/product\/faretto-led-incasso-carrabile-palpebra\/#primaryimage","url":"https:\/\/www.fai-srl.com\/shop\/wp-content\/uploads\/2020\/11\/0491_3P-2.jpg","contentUrl":"https:\/\/www.fai-srl.com\/shop\/wp-content\/uploads\/2020\/11\/0491_3P-2.jpg","width":600,"height":600,"caption":"Faretto a led incasso palpebra"},{"@type":"BreadcrumbList","@id":"https:\/\/www.fai-srl.com\/shop\/product\/faretto-led-incasso-carrabile-palpebra\/#breadcrumb","itemListElement":[{"@type":"ListItem","position":1,"name":"Home","item":"https:\/\/www.fai-srl.com\/shop\/"},{"@type":"ListItem","position":2,"name":"Prodotti FAI Srl","item":"https:\/\/www.fai-srl.com\/shop\/?page_id=4775"},{"@type":"ListItem","position":3,"name":"Faretto Led incasso carrabile palpebra"}]},{"@type":"WebSite","@id":"https:\/\/www.fai-srl.com\/shop\/#website","url":"https:\/\/www.fai-srl.com\/shop\/","name":"FAI SRL","description":"Light Up your Creativity","publisher":{"@id":"https:\/\/www.fai-srl.com\/shop\/#organization"},"potentialAction":[{"@type":"SearchAction","target":{"@type":"EntryPoint","urlTemplate":"https:\/\/www.fai-srl.com\/shop\/?s={search_term_string}"},"query-input":{"@type":"PropertyValueSpecification","valueRequired":true,"valueName":"search_term_string"}}],"inLanguage":"it-IT"},{"@type":"Organization","@id":"https:\/\/www.fai-srl.com\/shop\/#organization","name":"FAI SRL","url":"https:\/\/www.fai-srl.com\/shop\/","logo":{"@type":"ImageObject","inLanguage":"it-IT","@id":"https:\/\/www.fai-srl.com\/shop\/#\/schema\/logo\/image\/","url":"http:\/\/www.fai-srl.com\/shop\/wp-content\/uploads\/2018\/10\/fai_logo.jpg","contentUrl":"http:\/\/www.fai-srl.com\/shop\/wp-content\/uploads\/2018\/10\/fai_logo.jpg","width":300,"height":132,"caption":"FAI SRL"},"image":{"@id":"https:\/\/www.fai-srl.com\/shop\/#\/schema\/logo\/image\/"}}]}},"_links":{"self":[{"href":"https:\/\/www.fai-srl.com\/shop\/wp-json\/wp\/v2\/product\/20818","targetHints":{"allow":["GET"]}}],"collection":[{"href":"https:\/\/www.fai-srl.com\/shop\/wp-json\/wp\/v2\/product"}],"about":[{"href":"https:\/\/www.fai-srl.com\/shop\/wp-json\/wp\/v2\/types\/product"}],"version-history":[{"count":7,"href":"https:\/\/www.fai-srl.com\/shop\/wp-json\/wp\/v2\/product\/20818\/revisions"}],"predecessor-version":[{"id":32226,"href":"https:\/\/www.fai-srl.com\/shop\/wp-json\/wp\/v2\/product\/20818\/revisions\/32226"}],"wp:featuredmedia":[{"embeddable":true,"href":"https:\/\/www.fai-srl.com\/shop\/wp-json\/wp\/v2\/media\/26646"}],"wp:attachment":[{"href":"https:\/\/www.fai-srl.com\/shop\/wp-json\/wp\/v2\/media?parent=20818"}],"wp:term":[{"taxonomy":"product_cat","embeddable":true,"href":"https:\/\/www.fai-srl.com\/shop\/wp-json\/wp\/v2\/product_cat?post=20818"},{"taxonomy":"product_tag","embeddable":true,"href":"https:\/\/www.fai-srl.com\/shop\/wp-json\/wp\/v2\/product_tag?post=20818"}],"curies":[{"name":"wp","href":"https:\/\/api.w.org\/{rel}","templated":true}]}}