{"id":20343,"date":"2020-11-21T15:30:20","date_gmt":"2020-11-21T14:30:20","guid":{"rendered":"http:\/\/www.fai-srl.com\/shop\/?post_type=product&#038;p=20343"},"modified":"2026-02-27T19:30:13","modified_gmt":"2026-02-27T18:30:13","slug":"plafoniera-3","status":"publish","type":"product","link":"https:\/\/www.fai-srl.com\/shop\/product\/plafoniera-3\/","title":{"rendered":"Plafoniera"},"content":{"rendered":"<p><strong>Plafoniera <\/strong><\/p>\n<p style=\"text-align: justify;\">La plafoniera, dal francese \u201cplafonnier\u201d, \u00e8 una lampada da soffitto senza cavi o supporti di sostegno, da installare anche su pareti.<br \/>\nGrazie alla sua dimensione compatta, alla facilit\u00e0 di montaggio, alla qualit\u00e0 dell&#8217;illuminazione, ai bassi consumi, la plafoniera \u00e8 una tra le soluzioni pi\u00f9 diffuse rispetto al tradizionale lampadario.<\/p>\n<p style=\"text-align: justify;\">\u00c8 ideale per essere appesa al soffitto o alla parete per poter illuminare il salotto o la camera da letto. Il materiale della base \u00e8 di ABS e policarbonato.<\/p>\n<p style=\"text-align: justify;\">Il principale vantaggio offerto dalle plafoniere che utilizzano la tecnologia LED \u00e8 la loro economicit\u00e0. Questo tipo di lampadine sono maggiormente ecosostenibili, in quanto hanno un impatto ambientale inferiore rispetto ad altri tipi di tecnologia.<\/p>\n<p style=\"text-align: justify;\">Innanzitutto questa plafoniera ha un grado di protezione di IP44 e IP20 che garantisce la protezione dell\u2019apparecchio dalla penetrazione della polvere e dagli spruzzi d\u2019acqua in qualsiasi direzione.<br \/>\nHa una classe II di isolamento, ossia possiede un isolamento continuo.<\/p>\n<p style=\"text-align: justify;\">Il suo fascio di luce ha un angolo di diffusione di circa 120 e il colore della luce \u00e8 disponile in due tonalit\u00e0: bianca calda 3000K e bianca commerciale 4000K. Il fissaggio della plafoniera avviene tramite viti.<\/p>\n<p style=\"text-align: justify;\">Questo articolo possiede il marchio CE, che garantisce la conformit\u00e0 del prodotto a tutte le disposizioni della Comunit\u00e0 Europea che prevedono il suo utilizzo dalla progettazione, alla messa in servizio fino allo smaltimento.<\/p>\n<p style=\"text-align: justify;\">Se dovessi aver bisogno di maggiori informazioni relative a questo prodotto o necessiti di un\u2019offerta personalizzata <a href=\"https:\/\/www.fai-srl.com\/contatti\/\" target=\"_blank\" rel=\"noopener\">contattaci<\/a>!<\/p>\n<p style=\"text-align: justify;\">Rimani aggiornato sui nostri prodotti, seguici sui nostri canali social <a href=\"https:\/\/www.facebook.com\/faisrl.materialelettrico\/\" target=\"_blank\" rel=\"noopener\">Facebook<\/a> e <a href=\"https:\/\/www.instagram.com\/faisrl.materialelettrico\/\" target=\"_blank\" rel=\"noopener\">Instagram<\/a>.<\/p>\n<table border=\"0\" width=\"500\" align=\"center\">\n<tbody>\n<tr>\n<td>Alimentazione:<\/td>\n<td>220 &#8211; 240 Vac 50\/60Hz<\/td>\n<\/tr>\n<tr>\n<td>Assorbimento:<\/td>\n<td>12 W<\/td>\n<\/tr>\n<tr>\n<td>Vita utile:<\/td>\n<td>L70B50 30000 ore<\/td>\n<\/tr>\n<tr>\n<td>Alimentatore:<\/td>\n<td>Incluso<\/td>\n<\/tr>\n<tr>\n<td>Grado di protezione:<\/td>\n<td>IP20-IP44<\/td>\n<\/tr>\n<tr>\n<td>Dimensioni:<\/td>\n<td>182&#215;39 mm<\/td>\n<\/tr>\n<tr>\n<td>Fissaggio:<\/td>\n<td>con viti<\/td>\n<\/tr>\n<\/tbody>\n<\/table>\n","protected":false},"excerpt":{"rendered":"<p><img decoding=\"async\" class=\"alignnone size-full wp-image-25606\" src=\"http:\/\/www.fai-srl.com\/shop\/wp-content\/uploads\/2020\/12\/CRI_80.jpg\" alt=\"\" width=\"110\" height=\"50\" srcset=\"https:\/\/www.fai-srl.com\/shop\/wp-content\/uploads\/2020\/12\/CRI_80.jpg 110w, https:\/\/www.fai-srl.com\/shop\/wp-content\/uploads\/2020\/12\/CRI_80-64x29.jpg 64w\" sizes=\"(max-width: 110px) 100vw, 110px\" \/><\/p>\n<p><img decoding=\"async\" class=\"alignnone size-full wp-image-29718\" src=\"http:\/\/www.fai-srl.com\/shop\/wp-content\/uploads\/2020\/11\/rohs.-.png\" alt=\"\" width=\"93\" height=\"75\" \/><img decoding=\"async\" class=\"alignnone size-full wp-image-20283\" src=\"http:\/\/www.fai-srl.com\/shop\/wp-content\/uploads\/2020\/11\/ce-7-e1605921628229.jpg\" alt=\"\" width=\"60\" height=\"60\" \/><\/p>\n<p><a href=\"http:\/\/www.fai-srl.com\/shop\/wp-content\/uploads\/2020\/11\/Istruzioni-0498.pdf\" target=\"_blank\" rel=\"noopener\"><strong>Clicca qui<\/strong> <strong>per scaricare la SCHEDA TECNICA<\/strong><\/a><\/p>\n","protected":false},"featured_media":20348,"template":"","meta":[],"product_cat":[506],"product_tag":[],"class_list":{"0":"post-20343","1":"product","2":"type-product","3":"status-publish","4":"has-post-thumbnail","6":"product_cat-led","8":"first","9":"instock","10":"taxable","11":"shipping-taxable","12":"purchasable","13":"product-type-variable"},"yoast_head":"<!-- This site is optimized with the Yoast SEO plugin v26.2 - https:\/\/yoast.com\/wordpress\/plugins\/seo\/ -->\n<title>Plafoniera - FAI SRL<\/title>\n<meta name=\"description\" content=\"Plafoniera tonda, due tonalit\u00e0 di luce (bianco caldo e bianco commerciale). Visita il nostro sito e scopri tutti i nostri prodotti!\" \/>\n<meta name=\"robots\" content=\"index, follow, max-snippet:-1, max-image-preview:large, max-video-preview:-1\" \/>\n<link rel=\"canonical\" href=\"https:\/\/www.fai-srl.com\/shop\/product\/plafoniera-3\/\" \/>\n<meta property=\"og:locale\" content=\"it_IT\" \/>\n<meta property=\"og:type\" content=\"article\" \/>\n<meta property=\"og:title\" content=\"Plafoniera - FAI SRL\" \/>\n<meta property=\"og:description\" content=\"Plafoniera tonda, due tonalit\u00e0 di luce (bianco caldo e bianco commerciale). Visita il nostro sito e scopri tutti i nostri prodotti!\" \/>\n<meta property=\"og:url\" content=\"https:\/\/www.fai-srl.com\/shop\/product\/plafoniera-3\/\" \/>\n<meta property=\"og:site_name\" content=\"FAI SRL\" \/>\n<meta property=\"article:modified_time\" content=\"2026-02-27T18:30:13+00:00\" \/>\n<meta property=\"og:image\" content=\"https:\/\/www.fai-srl.com\/shop\/wp-content\/uploads\/2020\/11\/0498_150_GR.jpg\" \/>\n\t<meta property=\"og:image:width\" content=\"600\" \/>\n\t<meta property=\"og:image:height\" content=\"600\" \/>\n\t<meta property=\"og:image:type\" content=\"image\/jpeg\" \/>\n<meta name=\"twitter:card\" content=\"summary_large_image\" \/>\n<meta name=\"twitter:label1\" content=\"Tempo di lettura stimato\" \/>\n\t<meta name=\"twitter:data1\" content=\"2 minuti\" \/>\n<script type=\"application\/ld+json\" class=\"yoast-schema-graph\">{\"@context\":\"https:\/\/schema.org\",\"@graph\":[{\"@type\":\"WebPage\",\"@id\":\"https:\/\/www.fai-srl.com\/shop\/product\/plafoniera-3\/\",\"url\":\"https:\/\/www.fai-srl.com\/shop\/product\/plafoniera-3\/\",\"name\":\"Plafoniera - FAI SRL\",\"isPartOf\":{\"@id\":\"https:\/\/www.fai-srl.com\/shop\/#website\"},\"primaryImageOfPage\":{\"@id\":\"https:\/\/www.fai-srl.com\/shop\/product\/plafoniera-3\/#primaryimage\"},\"image\":{\"@id\":\"https:\/\/www.fai-srl.com\/shop\/product\/plafoniera-3\/#primaryimage\"},\"thumbnailUrl\":\"https:\/\/www.fai-srl.com\/shop\/wp-content\/uploads\/2020\/11\/0498_150_GR.jpg\",\"datePublished\":\"2020-11-21T14:30:20+00:00\",\"dateModified\":\"2026-02-27T18:30:13+00:00\",\"description\":\"Plafoniera tonda, due tonalit\u00e0 di luce (bianco caldo e bianco commerciale). Visita il nostro sito e scopri tutti i nostri prodotti!\",\"breadcrumb\":{\"@id\":\"https:\/\/www.fai-srl.com\/shop\/product\/plafoniera-3\/#breadcrumb\"},\"inLanguage\":\"it-IT\",\"potentialAction\":[{\"@type\":\"ReadAction\",\"target\":[\"https:\/\/www.fai-srl.com\/shop\/product\/plafoniera-3\/\"]}]},{\"@type\":\"ImageObject\",\"inLanguage\":\"it-IT\",\"@id\":\"https:\/\/www.fai-srl.com\/shop\/product\/plafoniera-3\/#primaryimage\",\"url\":\"https:\/\/www.fai-srl.com\/shop\/wp-content\/uploads\/2020\/11\/0498_150_GR.jpg\",\"contentUrl\":\"https:\/\/www.fai-srl.com\/shop\/wp-content\/uploads\/2020\/11\/0498_150_GR.jpg\",\"width\":600,\"height\":600,\"caption\":\"plafoniera\"},{\"@type\":\"BreadcrumbList\",\"@id\":\"https:\/\/www.fai-srl.com\/shop\/product\/plafoniera-3\/#breadcrumb\",\"itemListElement\":[{\"@type\":\"ListItem\",\"position\":1,\"name\":\"Home\",\"item\":\"https:\/\/www.fai-srl.com\/shop\/\"},{\"@type\":\"ListItem\",\"position\":2,\"name\":\"Prodotti FAI Srl\",\"item\":\"https:\/\/www.fai-srl.com\/shop\/?page_id=4775\"},{\"@type\":\"ListItem\",\"position\":3,\"name\":\"Plafoniera\"}]},{\"@type\":\"WebSite\",\"@id\":\"https:\/\/www.fai-srl.com\/shop\/#website\",\"url\":\"https:\/\/www.fai-srl.com\/shop\/\",\"name\":\"FAI SRL\",\"description\":\"Light Up your Creativity\",\"publisher\":{\"@id\":\"https:\/\/www.fai-srl.com\/shop\/#organization\"},\"potentialAction\":[{\"@type\":\"SearchAction\",\"target\":{\"@type\":\"EntryPoint\",\"urlTemplate\":\"https:\/\/www.fai-srl.com\/shop\/?s={search_term_string}\"},\"query-input\":{\"@type\":\"PropertyValueSpecification\",\"valueRequired\":true,\"valueName\":\"search_term_string\"}}],\"inLanguage\":\"it-IT\"},{\"@type\":\"Organization\",\"@id\":\"https:\/\/www.fai-srl.com\/shop\/#organization\",\"name\":\"FAI SRL\",\"url\":\"https:\/\/www.fai-srl.com\/shop\/\",\"logo\":{\"@type\":\"ImageObject\",\"inLanguage\":\"it-IT\",\"@id\":\"https:\/\/www.fai-srl.com\/shop\/#\/schema\/logo\/image\/\",\"url\":\"http:\/\/www.fai-srl.com\/shop\/wp-content\/uploads\/2018\/10\/fai_logo.jpg\",\"contentUrl\":\"http:\/\/www.fai-srl.com\/shop\/wp-content\/uploads\/2018\/10\/fai_logo.jpg\",\"width\":300,\"height\":132,\"caption\":\"FAI SRL\"},\"image\":{\"@id\":\"https:\/\/www.fai-srl.com\/shop\/#\/schema\/logo\/image\/\"}}]}<\/script>\n<!-- \/ Yoast SEO plugin. -->","yoast_head_json":{"title":"Plafoniera - FAI SRL","description":"Plafoniera tonda, due tonalit\u00e0 di luce (bianco caldo e bianco commerciale). Visita il nostro sito e scopri tutti i nostri prodotti!","robots":{"index":"index","follow":"follow","max-snippet":"max-snippet:-1","max-image-preview":"max-image-preview:large","max-video-preview":"max-video-preview:-1"},"canonical":"https:\/\/www.fai-srl.com\/shop\/product\/plafoniera-3\/","og_locale":"it_IT","og_type":"article","og_title":"Plafoniera - FAI SRL","og_description":"Plafoniera tonda, due tonalit\u00e0 di luce (bianco caldo e bianco commerciale). Visita il nostro sito e scopri tutti i nostri prodotti!","og_url":"https:\/\/www.fai-srl.com\/shop\/product\/plafoniera-3\/","og_site_name":"FAI SRL","article_modified_time":"2026-02-27T18:30:13+00:00","og_image":[{"width":600,"height":600,"url":"https:\/\/www.fai-srl.com\/shop\/wp-content\/uploads\/2020\/11\/0498_150_GR.jpg","type":"image\/jpeg"}],"twitter_card":"summary_large_image","twitter_misc":{"Tempo di lettura stimato":"2 minuti"},"schema":{"@context":"https:\/\/schema.org","@graph":[{"@type":"WebPage","@id":"https:\/\/www.fai-srl.com\/shop\/product\/plafoniera-3\/","url":"https:\/\/www.fai-srl.com\/shop\/product\/plafoniera-3\/","name":"Plafoniera - FAI SRL","isPartOf":{"@id":"https:\/\/www.fai-srl.com\/shop\/#website"},"primaryImageOfPage":{"@id":"https:\/\/www.fai-srl.com\/shop\/product\/plafoniera-3\/#primaryimage"},"image":{"@id":"https:\/\/www.fai-srl.com\/shop\/product\/plafoniera-3\/#primaryimage"},"thumbnailUrl":"https:\/\/www.fai-srl.com\/shop\/wp-content\/uploads\/2020\/11\/0498_150_GR.jpg","datePublished":"2020-11-21T14:30:20+00:00","dateModified":"2026-02-27T18:30:13+00:00","description":"Plafoniera tonda, due tonalit\u00e0 di luce (bianco caldo e bianco commerciale). Visita il nostro sito e scopri tutti i nostri prodotti!","breadcrumb":{"@id":"https:\/\/www.fai-srl.com\/shop\/product\/plafoniera-3\/#breadcrumb"},"inLanguage":"it-IT","potentialAction":[{"@type":"ReadAction","target":["https:\/\/www.fai-srl.com\/shop\/product\/plafoniera-3\/"]}]},{"@type":"ImageObject","inLanguage":"it-IT","@id":"https:\/\/www.fai-srl.com\/shop\/product\/plafoniera-3\/#primaryimage","url":"https:\/\/www.fai-srl.com\/shop\/wp-content\/uploads\/2020\/11\/0498_150_GR.jpg","contentUrl":"https:\/\/www.fai-srl.com\/shop\/wp-content\/uploads\/2020\/11\/0498_150_GR.jpg","width":600,"height":600,"caption":"plafoniera"},{"@type":"BreadcrumbList","@id":"https:\/\/www.fai-srl.com\/shop\/product\/plafoniera-3\/#breadcrumb","itemListElement":[{"@type":"ListItem","position":1,"name":"Home","item":"https:\/\/www.fai-srl.com\/shop\/"},{"@type":"ListItem","position":2,"name":"Prodotti FAI Srl","item":"https:\/\/www.fai-srl.com\/shop\/?page_id=4775"},{"@type":"ListItem","position":3,"name":"Plafoniera"}]},{"@type":"WebSite","@id":"https:\/\/www.fai-srl.com\/shop\/#website","url":"https:\/\/www.fai-srl.com\/shop\/","name":"FAI SRL","description":"Light Up your Creativity","publisher":{"@id":"https:\/\/www.fai-srl.com\/shop\/#organization"},"potentialAction":[{"@type":"SearchAction","target":{"@type":"EntryPoint","urlTemplate":"https:\/\/www.fai-srl.com\/shop\/?s={search_term_string}"},"query-input":{"@type":"PropertyValueSpecification","valueRequired":true,"valueName":"search_term_string"}}],"inLanguage":"it-IT"},{"@type":"Organization","@id":"https:\/\/www.fai-srl.com\/shop\/#organization","name":"FAI SRL","url":"https:\/\/www.fai-srl.com\/shop\/","logo":{"@type":"ImageObject","inLanguage":"it-IT","@id":"https:\/\/www.fai-srl.com\/shop\/#\/schema\/logo\/image\/","url":"http:\/\/www.fai-srl.com\/shop\/wp-content\/uploads\/2018\/10\/fai_logo.jpg","contentUrl":"http:\/\/www.fai-srl.com\/shop\/wp-content\/uploads\/2018\/10\/fai_logo.jpg","width":300,"height":132,"caption":"FAI SRL"},"image":{"@id":"https:\/\/www.fai-srl.com\/shop\/#\/schema\/logo\/image\/"}}]}},"_links":{"self":[{"href":"https:\/\/www.fai-srl.com\/shop\/wp-json\/wp\/v2\/product\/20343","targetHints":{"allow":["GET"]}}],"collection":[{"href":"https:\/\/www.fai-srl.com\/shop\/wp-json\/wp\/v2\/product"}],"about":[{"href":"https:\/\/www.fai-srl.com\/shop\/wp-json\/wp\/v2\/types\/product"}],"version-history":[{"count":7,"href":"https:\/\/www.fai-srl.com\/shop\/wp-json\/wp\/v2\/product\/20343\/revisions"}],"predecessor-version":[{"id":31098,"href":"https:\/\/www.fai-srl.com\/shop\/wp-json\/wp\/v2\/product\/20343\/revisions\/31098"}],"wp:featuredmedia":[{"embeddable":true,"href":"https:\/\/www.fai-srl.com\/shop\/wp-json\/wp\/v2\/media\/20348"}],"wp:attachment":[{"href":"https:\/\/www.fai-srl.com\/shop\/wp-json\/wp\/v2\/media?parent=20343"}],"wp:term":[{"taxonomy":"product_cat","embeddable":true,"href":"https:\/\/www.fai-srl.com\/shop\/wp-json\/wp\/v2\/product_cat?post=20343"},{"taxonomy":"product_tag","embeddable":true,"href":"https:\/\/www.fai-srl.com\/shop\/wp-json\/wp\/v2\/product_tag?post=20343"}],"curies":[{"name":"wp","href":"https:\/\/api.w.org\/{rel}","templated":true}]}}