{"id":18758,"date":"2020-11-14T23:44:37","date_gmt":"2020-11-14T22:44:37","guid":{"rendered":"http:\/\/www.fai-srl.com\/shop\/?post_type=product&#038;p=18758"},"modified":"2026-02-27T19:33:52","modified_gmt":"2026-02-27T18:33:52","slug":"isolatore-milano-16x22","status":"publish","type":"product","link":"https:\/\/www.fai-srl.com\/shop\/product\/isolatore-milano-16x22\/","title":{"rendered":"Isolatore MIlano 16&#215;22"},"content":{"rendered":"<p style=\"display: none;\">Isolatore MIlano 16&#215;22<\/p>\n<p><strong>Isolatore MIlano<\/strong><\/p>\n<p style=\"text-align: justify;\">Ganci, morsetti, serracavi, catene e molti altri articoli sono disponibili per te all\u2019interno della categoria miniature e accessori. Sono perfetti per personalizzare e rendere unici i tuoi oggetti d\u2019arredamento. Grazie a questi prodotti per il fissaggio a parete o a sospensione potrai allestire gli ambienti domestici secondo il tuo stile.<\/p>\n<p style=\"text-align: justify;\">Gli Isolatori elettrici sono dispositivi che permettono di creare qualsiasi impianto elettrico. Non necessitano l&#8217;utilizzo di canaline esterne o dell\u2019intervento di personale addetto come di un muratore! Questi consentono di isolare un conduttore elettrico da altri materiali. Evitano cos\u00ec dispersioni di corrente sulla struttura stessa. Si tratta di prodotti robusti, sicuri e convenienti.<\/p>\n<p style=\"text-align: justify;\">L&#8217;Isolatore MIlano 16&#215;22 \u00e8 realizzato in porcellana smaltata. Presenta le seguenti dimensioni: 16 \u00d7 22 mm. Inoltre, prevede un fissaggio con vite di diametro equivalente a 3,5 mm. La sezione ideale \u00e8 da 1,5 mm\u00b2 a 2,5 mm\u00b2. Per maggiori informazioni sulle dimensioni del prodotto visualizza il suo disegno tecnico.<\/p>\n<p style=\"text-align: justify;\">L&#8217;isolatore \u00e8 disponibile in diversi colori: bianco, nero, marrone, verde, rosso, giallo, blu, arancione, marmo, bianco opaco e nero opaco.<\/p>\n<p style=\"text-align: justify;\">Se dovessi aver bisogno di maggiori informazioni relative a questo prodotto o necessiti di un&#8217;offerta personalizzata <a href=\"https:\/\/www.fai-srl.com\/contatti\/\" target=\"_blank\" rel=\"noopener\">contattaci<\/a>!<\/p>\n<p style=\"text-align: justify;\">Rimani aggiornato sui nostri prodotti, seguici sui nostri canali social <a href=\"https:\/\/www.facebook.com\/faisrl.materialelettrico\/\" target=\"_blank\" rel=\"noopener\">Facebook<\/a> e <a href=\"https:\/\/www.instagram.com\/faisrl.materialelettrico\/\" target=\"_blank\" rel=\"noopener\">Instagram<\/a>.<\/p>\n<table border=\"0\" width=\"500\" align=\"center\">\n<tbody>\n<tr>\n<td>Materiale:<\/td>\n<td>porcellana smaltata<\/td>\n<\/tr>\n<tr>\n<td>Sezione ideale:<\/td>\n<td>da 1,5 mm\u00b2 a 2,5 mm\u00b2<\/td>\n<\/tr>\n<tr>\n<td>Fissaggio:<\/td>\n<td>con vite diam. 3.5<\/td>\n<\/tr>\n<\/tbody>\n<\/table>\n","protected":false},"excerpt":{"rendered":"<p>Isolatore MIlano 16&#215;22 Isolatore MIlano Ganci, morsetti, serracavi, catene e molti altri articoli sono disponibili per te all\u2019interno della categoria miniature e accessori. Sono perfetti per personalizzare e rendere unici i tuoi oggetti d\u2019arredamento. Grazie a questi prodotti per il fissaggio a parete o a sospensione potrai allestire gli ambienti domestici secondo il tuo stile. &hellip; <\/p>\n<p class=\"link-more\"><a href=\"https:\/\/www.fai-srl.com\/shop\/product\/isolatore-milano-16x22\/\" class=\"more-link\">Read More <span class=\"screen-reader-text\"> &#8220;Isolatore MIlano 16&#215;22&#8221;<\/span><\/a><\/p>\n","protected":false},"featured_media":19817,"template":"","meta":[],"product_cat":[504],"product_tag":[],"class_list":{"0":"post-18758","1":"product","2":"type-product","3":"status-publish","4":"has-post-thumbnail","6":"product_cat-minuterie-e-accessori","8":"first","9":"instock","10":"taxable","11":"shipping-taxable","12":"purchasable","13":"product-type-variable"},"yoast_head":"<!-- This site is optimized with the Yoast SEO plugin v26.2 - https:\/\/yoast.com\/wordpress\/plugins\/seo\/ -->\n<title>Isolatore MIlano 16x22 - Categoria miniature e accessori - FAI SRL<\/title>\n<meta name=\"description\" content=\"L&#039;Isolatore MIlano 16x22 \u00e8 realizzato in porcellana smaltata e presenta le seguenti dimensioni: 16 \u00d7 22 mm, prevede un fissaggio con vite\" \/>\n<meta name=\"robots\" content=\"index, follow, max-snippet:-1, max-image-preview:large, max-video-preview:-1\" \/>\n<link rel=\"canonical\" href=\"https:\/\/www.fai-srl.com\/shop\/product\/isolatore-milano-16x22\/\" \/>\n<meta property=\"og:locale\" content=\"it_IT\" \/>\n<meta property=\"og:type\" content=\"article\" \/>\n<meta property=\"og:title\" content=\"Isolatore MIlano 16x22 - Categoria miniature e accessori - FAI SRL\" \/>\n<meta property=\"og:description\" content=\"L&#039;Isolatore MIlano 16x22 \u00e8 realizzato in porcellana smaltata e presenta le seguenti dimensioni: 16 \u00d7 22 mm, prevede un fissaggio con vite\" \/>\n<meta property=\"og:url\" content=\"https:\/\/www.fai-srl.com\/shop\/product\/isolatore-milano-16x22\/\" \/>\n<meta property=\"og:site_name\" content=\"FAI SRL\" \/>\n<meta property=\"article:modified_time\" content=\"2026-02-27T18:33:52+00:00\" \/>\n<meta property=\"og:image\" content=\"https:\/\/www.fai-srl.com\/shop\/wp-content\/uploads\/2020\/11\/9001_M_GR.jpg\" \/>\n\t<meta property=\"og:image:width\" content=\"600\" \/>\n\t<meta property=\"og:image:height\" content=\"600\" \/>\n\t<meta property=\"og:image:type\" content=\"image\/jpeg\" \/>\n<meta name=\"twitter:card\" content=\"summary_large_image\" \/>\n<meta name=\"twitter:label1\" content=\"Tempo di lettura stimato\" \/>\n\t<meta name=\"twitter:data1\" content=\"1 minuto\" \/>\n<script type=\"application\/ld+json\" class=\"yoast-schema-graph\">{\"@context\":\"https:\/\/schema.org\",\"@graph\":[{\"@type\":\"WebPage\",\"@id\":\"https:\/\/www.fai-srl.com\/shop\/product\/isolatore-milano-16x22\/\",\"url\":\"https:\/\/www.fai-srl.com\/shop\/product\/isolatore-milano-16x22\/\",\"name\":\"Isolatore MIlano 16x22 - Categoria miniature e accessori - FAI SRL\",\"isPartOf\":{\"@id\":\"https:\/\/www.fai-srl.com\/shop\/#website\"},\"primaryImageOfPage\":{\"@id\":\"https:\/\/www.fai-srl.com\/shop\/product\/isolatore-milano-16x22\/#primaryimage\"},\"image\":{\"@id\":\"https:\/\/www.fai-srl.com\/shop\/product\/isolatore-milano-16x22\/#primaryimage\"},\"thumbnailUrl\":\"https:\/\/www.fai-srl.com\/shop\/wp-content\/uploads\/2020\/11\/9001_M_GR.jpg\",\"datePublished\":\"2020-11-14T22:44:37+00:00\",\"dateModified\":\"2026-02-27T18:33:52+00:00\",\"description\":\"L'Isolatore MIlano 16x22 \u00e8 realizzato in porcellana smaltata e presenta le seguenti dimensioni: 16 \u00d7 22 mm, prevede un fissaggio con vite\",\"breadcrumb\":{\"@id\":\"https:\/\/www.fai-srl.com\/shop\/product\/isolatore-milano-16x22\/#breadcrumb\"},\"inLanguage\":\"it-IT\",\"potentialAction\":[{\"@type\":\"ReadAction\",\"target\":[\"https:\/\/www.fai-srl.com\/shop\/product\/isolatore-milano-16x22\/\"]}]},{\"@type\":\"ImageObject\",\"inLanguage\":\"it-IT\",\"@id\":\"https:\/\/www.fai-srl.com\/shop\/product\/isolatore-milano-16x22\/#primaryimage\",\"url\":\"https:\/\/www.fai-srl.com\/shop\/wp-content\/uploads\/2020\/11\/9001_M_GR.jpg\",\"contentUrl\":\"https:\/\/www.fai-srl.com\/shop\/wp-content\/uploads\/2020\/11\/9001_M_GR.jpg\",\"width\":600,\"height\":600,\"caption\":\"Isolatore MIlano 16x22\"},{\"@type\":\"BreadcrumbList\",\"@id\":\"https:\/\/www.fai-srl.com\/shop\/product\/isolatore-milano-16x22\/#breadcrumb\",\"itemListElement\":[{\"@type\":\"ListItem\",\"position\":1,\"name\":\"Home\",\"item\":\"https:\/\/www.fai-srl.com\/shop\/\"},{\"@type\":\"ListItem\",\"position\":2,\"name\":\"Prodotti FAI Srl\",\"item\":\"https:\/\/www.fai-srl.com\/shop\/?page_id=4775\"},{\"@type\":\"ListItem\",\"position\":3,\"name\":\"Isolatore MIlano 16&#215;22\"}]},{\"@type\":\"WebSite\",\"@id\":\"https:\/\/www.fai-srl.com\/shop\/#website\",\"url\":\"https:\/\/www.fai-srl.com\/shop\/\",\"name\":\"FAI SRL\",\"description\":\"Light Up your Creativity\",\"publisher\":{\"@id\":\"https:\/\/www.fai-srl.com\/shop\/#organization\"},\"potentialAction\":[{\"@type\":\"SearchAction\",\"target\":{\"@type\":\"EntryPoint\",\"urlTemplate\":\"https:\/\/www.fai-srl.com\/shop\/?s={search_term_string}\"},\"query-input\":{\"@type\":\"PropertyValueSpecification\",\"valueRequired\":true,\"valueName\":\"search_term_string\"}}],\"inLanguage\":\"it-IT\"},{\"@type\":\"Organization\",\"@id\":\"https:\/\/www.fai-srl.com\/shop\/#organization\",\"name\":\"FAI SRL\",\"url\":\"https:\/\/www.fai-srl.com\/shop\/\",\"logo\":{\"@type\":\"ImageObject\",\"inLanguage\":\"it-IT\",\"@id\":\"https:\/\/www.fai-srl.com\/shop\/#\/schema\/logo\/image\/\",\"url\":\"http:\/\/www.fai-srl.com\/shop\/wp-content\/uploads\/2018\/10\/fai_logo.jpg\",\"contentUrl\":\"http:\/\/www.fai-srl.com\/shop\/wp-content\/uploads\/2018\/10\/fai_logo.jpg\",\"width\":300,\"height\":132,\"caption\":\"FAI SRL\"},\"image\":{\"@id\":\"https:\/\/www.fai-srl.com\/shop\/#\/schema\/logo\/image\/\"}}]}<\/script>\n<!-- \/ Yoast SEO plugin. -->","yoast_head_json":{"title":"Isolatore MIlano 16x22 - Categoria miniature e accessori - FAI SRL","description":"L'Isolatore MIlano 16x22 \u00e8 realizzato in porcellana smaltata e presenta le seguenti dimensioni: 16 \u00d7 22 mm, prevede un fissaggio con vite","robots":{"index":"index","follow":"follow","max-snippet":"max-snippet:-1","max-image-preview":"max-image-preview:large","max-video-preview":"max-video-preview:-1"},"canonical":"https:\/\/www.fai-srl.com\/shop\/product\/isolatore-milano-16x22\/","og_locale":"it_IT","og_type":"article","og_title":"Isolatore MIlano 16x22 - Categoria miniature e accessori - FAI SRL","og_description":"L'Isolatore MIlano 16x22 \u00e8 realizzato in porcellana smaltata e presenta le seguenti dimensioni: 16 \u00d7 22 mm, prevede un fissaggio con vite","og_url":"https:\/\/www.fai-srl.com\/shop\/product\/isolatore-milano-16x22\/","og_site_name":"FAI SRL","article_modified_time":"2026-02-27T18:33:52+00:00","og_image":[{"width":600,"height":600,"url":"https:\/\/www.fai-srl.com\/shop\/wp-content\/uploads\/2020\/11\/9001_M_GR.jpg","type":"image\/jpeg"}],"twitter_card":"summary_large_image","twitter_misc":{"Tempo di lettura stimato":"1 minuto"},"schema":{"@context":"https:\/\/schema.org","@graph":[{"@type":"WebPage","@id":"https:\/\/www.fai-srl.com\/shop\/product\/isolatore-milano-16x22\/","url":"https:\/\/www.fai-srl.com\/shop\/product\/isolatore-milano-16x22\/","name":"Isolatore MIlano 16x22 - Categoria miniature e accessori - FAI SRL","isPartOf":{"@id":"https:\/\/www.fai-srl.com\/shop\/#website"},"primaryImageOfPage":{"@id":"https:\/\/www.fai-srl.com\/shop\/product\/isolatore-milano-16x22\/#primaryimage"},"image":{"@id":"https:\/\/www.fai-srl.com\/shop\/product\/isolatore-milano-16x22\/#primaryimage"},"thumbnailUrl":"https:\/\/www.fai-srl.com\/shop\/wp-content\/uploads\/2020\/11\/9001_M_GR.jpg","datePublished":"2020-11-14T22:44:37+00:00","dateModified":"2026-02-27T18:33:52+00:00","description":"L'Isolatore MIlano 16x22 \u00e8 realizzato in porcellana smaltata e presenta le seguenti dimensioni: 16 \u00d7 22 mm, prevede un fissaggio con vite","breadcrumb":{"@id":"https:\/\/www.fai-srl.com\/shop\/product\/isolatore-milano-16x22\/#breadcrumb"},"inLanguage":"it-IT","potentialAction":[{"@type":"ReadAction","target":["https:\/\/www.fai-srl.com\/shop\/product\/isolatore-milano-16x22\/"]}]},{"@type":"ImageObject","inLanguage":"it-IT","@id":"https:\/\/www.fai-srl.com\/shop\/product\/isolatore-milano-16x22\/#primaryimage","url":"https:\/\/www.fai-srl.com\/shop\/wp-content\/uploads\/2020\/11\/9001_M_GR.jpg","contentUrl":"https:\/\/www.fai-srl.com\/shop\/wp-content\/uploads\/2020\/11\/9001_M_GR.jpg","width":600,"height":600,"caption":"Isolatore MIlano 16x22"},{"@type":"BreadcrumbList","@id":"https:\/\/www.fai-srl.com\/shop\/product\/isolatore-milano-16x22\/#breadcrumb","itemListElement":[{"@type":"ListItem","position":1,"name":"Home","item":"https:\/\/www.fai-srl.com\/shop\/"},{"@type":"ListItem","position":2,"name":"Prodotti FAI Srl","item":"https:\/\/www.fai-srl.com\/shop\/?page_id=4775"},{"@type":"ListItem","position":3,"name":"Isolatore MIlano 16&#215;22"}]},{"@type":"WebSite","@id":"https:\/\/www.fai-srl.com\/shop\/#website","url":"https:\/\/www.fai-srl.com\/shop\/","name":"FAI SRL","description":"Light Up your Creativity","publisher":{"@id":"https:\/\/www.fai-srl.com\/shop\/#organization"},"potentialAction":[{"@type":"SearchAction","target":{"@type":"EntryPoint","urlTemplate":"https:\/\/www.fai-srl.com\/shop\/?s={search_term_string}"},"query-input":{"@type":"PropertyValueSpecification","valueRequired":true,"valueName":"search_term_string"}}],"inLanguage":"it-IT"},{"@type":"Organization","@id":"https:\/\/www.fai-srl.com\/shop\/#organization","name":"FAI SRL","url":"https:\/\/www.fai-srl.com\/shop\/","logo":{"@type":"ImageObject","inLanguage":"it-IT","@id":"https:\/\/www.fai-srl.com\/shop\/#\/schema\/logo\/image\/","url":"http:\/\/www.fai-srl.com\/shop\/wp-content\/uploads\/2018\/10\/fai_logo.jpg","contentUrl":"http:\/\/www.fai-srl.com\/shop\/wp-content\/uploads\/2018\/10\/fai_logo.jpg","width":300,"height":132,"caption":"FAI SRL"},"image":{"@id":"https:\/\/www.fai-srl.com\/shop\/#\/schema\/logo\/image\/"}}]}},"_links":{"self":[{"href":"https:\/\/www.fai-srl.com\/shop\/wp-json\/wp\/v2\/product\/18758","targetHints":{"allow":["GET"]}}],"collection":[{"href":"https:\/\/www.fai-srl.com\/shop\/wp-json\/wp\/v2\/product"}],"about":[{"href":"https:\/\/www.fai-srl.com\/shop\/wp-json\/wp\/v2\/types\/product"}],"version-history":[{"count":5,"href":"https:\/\/www.fai-srl.com\/shop\/wp-json\/wp\/v2\/product\/18758\/revisions"}],"predecessor-version":[{"id":31121,"href":"https:\/\/www.fai-srl.com\/shop\/wp-json\/wp\/v2\/product\/18758\/revisions\/31121"}],"wp:featuredmedia":[{"embeddable":true,"href":"https:\/\/www.fai-srl.com\/shop\/wp-json\/wp\/v2\/media\/19817"}],"wp:attachment":[{"href":"https:\/\/www.fai-srl.com\/shop\/wp-json\/wp\/v2\/media?parent=18758"}],"wp:term":[{"taxonomy":"product_cat","embeddable":true,"href":"https:\/\/www.fai-srl.com\/shop\/wp-json\/wp\/v2\/product_cat?post=18758"},{"taxonomy":"product_tag","embeddable":true,"href":"https:\/\/www.fai-srl.com\/shop\/wp-json\/wp\/v2\/product_tag?post=18758"}],"curies":[{"name":"wp","href":"https:\/\/api.w.org\/{rel}","templated":true}]}}