{"id":14888,"date":"2020-11-03T21:56:08","date_gmt":"2020-11-03T20:56:08","guid":{"rendered":"http:\/\/www.fai-srl.com\/shop\/?post_type=product&#038;p=14888"},"modified":"2026-02-27T19:26:46","modified_gmt":"2026-02-27T18:26:46","slug":"portalampade-per-lampade-fluorescenti-g13-3","status":"publish","type":"product","link":"https:\/\/www.fai-srl.com\/shop\/product\/portalampade-per-lampade-fluorescenti-g13-3\/","title":{"rendered":"Portalampade per lampade fluorescenti &#8211; G13"},"content":{"rendered":"<p>Tra i nostri prodotti, all\u2019interno della categoria dei portalampade, potrai trovare svariate soluzioni funzionali che andranno a soddisfare le tue esigenze. Gli articoli che ritroverai sono caratterizzati da finiture e design differenti, che ti premetteranno di adattarli in modo pratico e semplice ad ogni tipologia di ambiente. <\/p>\n<p>Il Portalampade per lampade fluorescenti ha un attacco G13 e un corpo in policarbonato. Il prodotto ha una tensione nominale di 250Vac e supporta lampade T8 con diametro di 26 mm, T10 di diametro pari a 32mm e lampade T12 con diametro corrispondente a 38mm. Presenta anche dei morsetti a molla per cavi da 0,5 \u00f7 1 mm\u00b2 con puntalini e fissaggio ad innesto. <\/p>\n<p>Inoltre, il prodotto Portalampade per lampade fluorescenti &#8211; G13 \u00e8 dotato della certificazione IMQ che garantisce la conformit\u00e0 ai requisiti richiesti dagli standard di riferimento e aggiungono un valore che dura nel tempo. <\/p>\n<p>Se dovessi aver bisogno di maggiori informazioni relative a questo prodotto o necessiti di un&#8217;offerta personalizzata <a href=\"https:\/\/www.fai-srl.com\/contatti\/\" rel=\"noopener\" target=\"_blank\">contattaci<\/a>! <\/p>\n<p>Rimani aggiornato sui nostri prodotti, seguici sui nostri canali social <a href=\"https:\/\/www.facebook.com\/faisrl.materialelettrico\/\" rel=\"noopener\" target=\"_blank\">Facebook<\/a> e <a href=\"https:\/\/www.instagram.com\/faisrl.materialelettrico\/\" rel=\"noopener\" target=\"_blank\">Instagram<\/a>.  <\/p>\n<table border=\"0\" width=\"500\" align=\"center\">\n<tbody>\n<tr>\n<td>Attacco:<\/td>\n<td>G13<\/td>\n<\/tr>\n<tr>\n<td>Lampade:<\/td>\n<td>T8 \u00d8 26 mm &#8211; T10 \u00d8 32 mm &#8211; T12 \u00d8 38 mm<\/td>\n<\/tr>\n<tr>\n<td>Tensione nominale:<\/td>\n<td>250 Vac<\/td>\n<\/tr>\n<tr>\n<td>Morsetti:<\/td>\n<td>a molla per cavi da 0,5 \u00f7 1 mm\u00b2 con puntalini<\/td>\n<\/tr>\n<tr>\n<td>Corpo:<\/td>\n<td>policarbonato<\/td>\n<\/tr>\n<tr>\n<td>Fissaggio:<\/td>\n<td>ad innesto<\/td>\n<\/tr>\n<\/tbody>\n<\/table>\n","protected":false},"excerpt":{"rendered":"<p><img decoding=\"async\" class=\"alignnone size-full wp-image-14821\" src=\"http:\/\/www.fai-srl.com\/shop\/wp-content\/uploads\/2020\/11\/imq-2-e1604358503938.jpg\" alt=\"\" width=\"60\" height=\"60\" \/><\/p>\n","protected":false},"featured_media":14974,"template":"","meta":[],"product_cat":[497],"product_tag":[],"class_list":{"0":"post-14888","1":"product","2":"type-product","3":"status-publish","4":"has-post-thumbnail","6":"product_cat-portalampade","8":"first","9":"instock","10":"taxable","11":"shipping-taxable","12":"purchasable","13":"product-type-simple"},"yoast_head":"<!-- This site is optimized with the Yoast SEO plugin v26.2 - https:\/\/yoast.com\/wordpress\/plugins\/seo\/ -->\n<title>Portalampade per lampade fluorescenti - G13 - FAI SRL<\/title>\n<meta name=\"description\" content=\"Portalampade per lampade fluorescenti - G13 in policarbonato compatibile con lampade T8 \u00d8 26 mm \u2013 T10 \u00d8 32 mm \u2013 T12 \u00d8 38 mm\" \/>\n<meta name=\"robots\" content=\"index, follow, max-snippet:-1, max-image-preview:large, max-video-preview:-1\" \/>\n<link rel=\"canonical\" href=\"https:\/\/www.fai-srl.com\/shop\/product\/portalampade-per-lampade-fluorescenti-g13-3\/\" \/>\n<meta property=\"og:locale\" content=\"it_IT\" \/>\n<meta property=\"og:type\" content=\"article\" \/>\n<meta property=\"og:title\" content=\"Portalampade per lampade fluorescenti - G13 - FAI SRL\" \/>\n<meta property=\"og:description\" content=\"Portalampade per lampade fluorescenti - G13 in policarbonato compatibile con lampade T8 \u00d8 26 mm \u2013 T10 \u00d8 32 mm \u2013 T12 \u00d8 38 mm\" \/>\n<meta property=\"og:url\" content=\"https:\/\/www.fai-srl.com\/shop\/product\/portalampade-per-lampade-fluorescenti-g13-3\/\" \/>\n<meta property=\"og:site_name\" content=\"FAI SRL\" \/>\n<meta property=\"article:modified_time\" content=\"2026-02-27T18:26:46+00:00\" \/>\n<meta property=\"og:image\" content=\"https:\/\/www.fai-srl.com\/shop\/wp-content\/uploads\/2020\/11\/9262-1.jpg\" \/>\n\t<meta property=\"og:image:width\" content=\"600\" \/>\n\t<meta property=\"og:image:height\" content=\"600\" \/>\n\t<meta property=\"og:image:type\" content=\"image\/jpeg\" \/>\n<meta name=\"twitter:card\" content=\"summary_large_image\" \/>\n<meta name=\"twitter:label1\" content=\"Tempo di lettura stimato\" \/>\n\t<meta name=\"twitter:data1\" content=\"1 minuto\" \/>\n<script type=\"application\/ld+json\" class=\"yoast-schema-graph\">{\"@context\":\"https:\/\/schema.org\",\"@graph\":[{\"@type\":\"WebPage\",\"@id\":\"https:\/\/www.fai-srl.com\/shop\/product\/portalampade-per-lampade-fluorescenti-g13-3\/\",\"url\":\"https:\/\/www.fai-srl.com\/shop\/product\/portalampade-per-lampade-fluorescenti-g13-3\/\",\"name\":\"Portalampade per lampade fluorescenti - G13 - FAI SRL\",\"isPartOf\":{\"@id\":\"https:\/\/www.fai-srl.com\/shop\/#website\"},\"primaryImageOfPage\":{\"@id\":\"https:\/\/www.fai-srl.com\/shop\/product\/portalampade-per-lampade-fluorescenti-g13-3\/#primaryimage\"},\"image\":{\"@id\":\"https:\/\/www.fai-srl.com\/shop\/product\/portalampade-per-lampade-fluorescenti-g13-3\/#primaryimage\"},\"thumbnailUrl\":\"https:\/\/www.fai-srl.com\/shop\/wp-content\/uploads\/2020\/11\/9262-1.jpg\",\"datePublished\":\"2020-11-03T20:56:08+00:00\",\"dateModified\":\"2026-02-27T18:26:46+00:00\",\"description\":\"Portalampade per lampade fluorescenti - G13 in policarbonato compatibile con lampade T8 \u00d8 26 mm \u2013 T10 \u00d8 32 mm \u2013 T12 \u00d8 38 mm\",\"breadcrumb\":{\"@id\":\"https:\/\/www.fai-srl.com\/shop\/product\/portalampade-per-lampade-fluorescenti-g13-3\/#breadcrumb\"},\"inLanguage\":\"it-IT\",\"potentialAction\":[{\"@type\":\"ReadAction\",\"target\":[\"https:\/\/www.fai-srl.com\/shop\/product\/portalampade-per-lampade-fluorescenti-g13-3\/\"]}]},{\"@type\":\"ImageObject\",\"inLanguage\":\"it-IT\",\"@id\":\"https:\/\/www.fai-srl.com\/shop\/product\/portalampade-per-lampade-fluorescenti-g13-3\/#primaryimage\",\"url\":\"https:\/\/www.fai-srl.com\/shop\/wp-content\/uploads\/2020\/11\/9262-1.jpg\",\"contentUrl\":\"https:\/\/www.fai-srl.com\/shop\/wp-content\/uploads\/2020\/11\/9262-1.jpg\",\"width\":600,\"height\":600,\"caption\":\"Portalampade per lampade fluorescenti - G13\"},{\"@type\":\"BreadcrumbList\",\"@id\":\"https:\/\/www.fai-srl.com\/shop\/product\/portalampade-per-lampade-fluorescenti-g13-3\/#breadcrumb\",\"itemListElement\":[{\"@type\":\"ListItem\",\"position\":1,\"name\":\"Home\",\"item\":\"https:\/\/www.fai-srl.com\/shop\/\"},{\"@type\":\"ListItem\",\"position\":2,\"name\":\"Prodotti FAI Srl\",\"item\":\"https:\/\/www.fai-srl.com\/shop\/?page_id=4775\"},{\"@type\":\"ListItem\",\"position\":3,\"name\":\"Portalampade per lampade fluorescenti &#8211; G13\"}]},{\"@type\":\"WebSite\",\"@id\":\"https:\/\/www.fai-srl.com\/shop\/#website\",\"url\":\"https:\/\/www.fai-srl.com\/shop\/\",\"name\":\"FAI SRL\",\"description\":\"Light Up your Creativity\",\"publisher\":{\"@id\":\"https:\/\/www.fai-srl.com\/shop\/#organization\"},\"potentialAction\":[{\"@type\":\"SearchAction\",\"target\":{\"@type\":\"EntryPoint\",\"urlTemplate\":\"https:\/\/www.fai-srl.com\/shop\/?s={search_term_string}\"},\"query-input\":{\"@type\":\"PropertyValueSpecification\",\"valueRequired\":true,\"valueName\":\"search_term_string\"}}],\"inLanguage\":\"it-IT\"},{\"@type\":\"Organization\",\"@id\":\"https:\/\/www.fai-srl.com\/shop\/#organization\",\"name\":\"FAI SRL\",\"url\":\"https:\/\/www.fai-srl.com\/shop\/\",\"logo\":{\"@type\":\"ImageObject\",\"inLanguage\":\"it-IT\",\"@id\":\"https:\/\/www.fai-srl.com\/shop\/#\/schema\/logo\/image\/\",\"url\":\"http:\/\/www.fai-srl.com\/shop\/wp-content\/uploads\/2018\/10\/fai_logo.jpg\",\"contentUrl\":\"http:\/\/www.fai-srl.com\/shop\/wp-content\/uploads\/2018\/10\/fai_logo.jpg\",\"width\":300,\"height\":132,\"caption\":\"FAI SRL\"},\"image\":{\"@id\":\"https:\/\/www.fai-srl.com\/shop\/#\/schema\/logo\/image\/\"}}]}<\/script>\n<!-- \/ Yoast SEO plugin. -->","yoast_head_json":{"title":"Portalampade per lampade fluorescenti - G13 - FAI SRL","description":"Portalampade per lampade fluorescenti - G13 in policarbonato compatibile con lampade T8 \u00d8 26 mm \u2013 T10 \u00d8 32 mm \u2013 T12 \u00d8 38 mm","robots":{"index":"index","follow":"follow","max-snippet":"max-snippet:-1","max-image-preview":"max-image-preview:large","max-video-preview":"max-video-preview:-1"},"canonical":"https:\/\/www.fai-srl.com\/shop\/product\/portalampade-per-lampade-fluorescenti-g13-3\/","og_locale":"it_IT","og_type":"article","og_title":"Portalampade per lampade fluorescenti - G13 - FAI SRL","og_description":"Portalampade per lampade fluorescenti - G13 in policarbonato compatibile con lampade T8 \u00d8 26 mm \u2013 T10 \u00d8 32 mm \u2013 T12 \u00d8 38 mm","og_url":"https:\/\/www.fai-srl.com\/shop\/product\/portalampade-per-lampade-fluorescenti-g13-3\/","og_site_name":"FAI SRL","article_modified_time":"2026-02-27T18:26:46+00:00","og_image":[{"width":600,"height":600,"url":"https:\/\/www.fai-srl.com\/shop\/wp-content\/uploads\/2020\/11\/9262-1.jpg","type":"image\/jpeg"}],"twitter_card":"summary_large_image","twitter_misc":{"Tempo di lettura stimato":"1 minuto"},"schema":{"@context":"https:\/\/schema.org","@graph":[{"@type":"WebPage","@id":"https:\/\/www.fai-srl.com\/shop\/product\/portalampade-per-lampade-fluorescenti-g13-3\/","url":"https:\/\/www.fai-srl.com\/shop\/product\/portalampade-per-lampade-fluorescenti-g13-3\/","name":"Portalampade per lampade fluorescenti - G13 - FAI SRL","isPartOf":{"@id":"https:\/\/www.fai-srl.com\/shop\/#website"},"primaryImageOfPage":{"@id":"https:\/\/www.fai-srl.com\/shop\/product\/portalampade-per-lampade-fluorescenti-g13-3\/#primaryimage"},"image":{"@id":"https:\/\/www.fai-srl.com\/shop\/product\/portalampade-per-lampade-fluorescenti-g13-3\/#primaryimage"},"thumbnailUrl":"https:\/\/www.fai-srl.com\/shop\/wp-content\/uploads\/2020\/11\/9262-1.jpg","datePublished":"2020-11-03T20:56:08+00:00","dateModified":"2026-02-27T18:26:46+00:00","description":"Portalampade per lampade fluorescenti - G13 in policarbonato compatibile con lampade T8 \u00d8 26 mm \u2013 T10 \u00d8 32 mm \u2013 T12 \u00d8 38 mm","breadcrumb":{"@id":"https:\/\/www.fai-srl.com\/shop\/product\/portalampade-per-lampade-fluorescenti-g13-3\/#breadcrumb"},"inLanguage":"it-IT","potentialAction":[{"@type":"ReadAction","target":["https:\/\/www.fai-srl.com\/shop\/product\/portalampade-per-lampade-fluorescenti-g13-3\/"]}]},{"@type":"ImageObject","inLanguage":"it-IT","@id":"https:\/\/www.fai-srl.com\/shop\/product\/portalampade-per-lampade-fluorescenti-g13-3\/#primaryimage","url":"https:\/\/www.fai-srl.com\/shop\/wp-content\/uploads\/2020\/11\/9262-1.jpg","contentUrl":"https:\/\/www.fai-srl.com\/shop\/wp-content\/uploads\/2020\/11\/9262-1.jpg","width":600,"height":600,"caption":"Portalampade per lampade fluorescenti - G13"},{"@type":"BreadcrumbList","@id":"https:\/\/www.fai-srl.com\/shop\/product\/portalampade-per-lampade-fluorescenti-g13-3\/#breadcrumb","itemListElement":[{"@type":"ListItem","position":1,"name":"Home","item":"https:\/\/www.fai-srl.com\/shop\/"},{"@type":"ListItem","position":2,"name":"Prodotti FAI Srl","item":"https:\/\/www.fai-srl.com\/shop\/?page_id=4775"},{"@type":"ListItem","position":3,"name":"Portalampade per lampade fluorescenti &#8211; G13"}]},{"@type":"WebSite","@id":"https:\/\/www.fai-srl.com\/shop\/#website","url":"https:\/\/www.fai-srl.com\/shop\/","name":"FAI SRL","description":"Light Up your Creativity","publisher":{"@id":"https:\/\/www.fai-srl.com\/shop\/#organization"},"potentialAction":[{"@type":"SearchAction","target":{"@type":"EntryPoint","urlTemplate":"https:\/\/www.fai-srl.com\/shop\/?s={search_term_string}"},"query-input":{"@type":"PropertyValueSpecification","valueRequired":true,"valueName":"search_term_string"}}],"inLanguage":"it-IT"},{"@type":"Organization","@id":"https:\/\/www.fai-srl.com\/shop\/#organization","name":"FAI SRL","url":"https:\/\/www.fai-srl.com\/shop\/","logo":{"@type":"ImageObject","inLanguage":"it-IT","@id":"https:\/\/www.fai-srl.com\/shop\/#\/schema\/logo\/image\/","url":"http:\/\/www.fai-srl.com\/shop\/wp-content\/uploads\/2018\/10\/fai_logo.jpg","contentUrl":"http:\/\/www.fai-srl.com\/shop\/wp-content\/uploads\/2018\/10\/fai_logo.jpg","width":300,"height":132,"caption":"FAI SRL"},"image":{"@id":"https:\/\/www.fai-srl.com\/shop\/#\/schema\/logo\/image\/"}}]}},"_links":{"self":[{"href":"https:\/\/www.fai-srl.com\/shop\/wp-json\/wp\/v2\/product\/14888","targetHints":{"allow":["GET"]}}],"collection":[{"href":"https:\/\/www.fai-srl.com\/shop\/wp-json\/wp\/v2\/product"}],"about":[{"href":"https:\/\/www.fai-srl.com\/shop\/wp-json\/wp\/v2\/types\/product"}],"version-history":[{"count":5,"href":"https:\/\/www.fai-srl.com\/shop\/wp-json\/wp\/v2\/product\/14888\/revisions"}],"predecessor-version":[{"id":27418,"href":"https:\/\/www.fai-srl.com\/shop\/wp-json\/wp\/v2\/product\/14888\/revisions\/27418"}],"wp:featuredmedia":[{"embeddable":true,"href":"https:\/\/www.fai-srl.com\/shop\/wp-json\/wp\/v2\/media\/14974"}],"wp:attachment":[{"href":"https:\/\/www.fai-srl.com\/shop\/wp-json\/wp\/v2\/media?parent=14888"}],"wp:term":[{"taxonomy":"product_cat","embeddable":true,"href":"https:\/\/www.fai-srl.com\/shop\/wp-json\/wp\/v2\/product_cat?post=14888"},{"taxonomy":"product_tag","embeddable":true,"href":"https:\/\/www.fai-srl.com\/shop\/wp-json\/wp\/v2\/product_tag?post=14888"}],"curies":[{"name":"wp","href":"https:\/\/api.w.org\/{rel}","templated":true}]}}