{"id":14729,"date":"2020-11-02T20:50:55","date_gmt":"2020-11-02T19:50:55","guid":{"rendered":"http:\/\/www.fai-srl.com\/shop\/?post_type=product&#038;p=14729"},"modified":"2026-02-27T19:26:43","modified_gmt":"2026-02-27T18:26:43","slug":"portalampade-in-steatite-per-lampade-alogene-a-bassa-tensione-6","status":"publish","type":"product","link":"https:\/\/www.fai-srl.com\/shop\/product\/portalampade-in-steatite-per-lampade-alogene-a-bassa-tensione-6\/","title":{"rendered":"Portalampade in steatite per lampade alogene a bassa tensione"},"content":{"rendered":"<p style=\"display:none;\">Portalampade in steatite per lampade alogene a bassa tensione<\/p>\n<p>Tra i nostri prodotti, all\u2019interno della categoria dei portalampade, potrai trovare svariate soluzioni funzionali che andranno a soddisfare le tue esigenze. Gli articoli che ritroverai sono caratterizzati da finiture e design differenti, che ti premetteranno di adattarli in modo pratico e semplice ad ogni tipologia di ambiente. <\/p>\n<p>Il Portalampade in steatite per lampade alogene a bassa tensione ha un attacco GX5.3-GZ6.35 e un corpo in steatite.  Il prodotto ha una tensione nominale di 24 V e corrente nominale 8A, per di pi\u00f9 \u00e8 dotato di cavi di lunghezza pari a 15cm e il fissaggio \u00e8 con fori PASSANTI di diametro pari a 3,5mm. Potrai trovare le dimensioni precise dell\u2019articolo visualizzando il suo disegno tecnico. <\/p>\n<p>Il materiale con cui questo prodotto \u00e8 stato realizzato \u00e8 resistente al calore e non si deteriora alle alte temperature. <\/p>\n<p>Inoltre, questo articolo possiede il marchio CE, che garantisce la conformit\u00e0 del prodotto a tutte le disposizioni della Comunit\u00e0 Europea che prevedono il suo utilizzo dalla progettazione, alla messa in servizio fino allo smaltimento.<\/p>\n<p>Se dovessi aver bisogno di maggiori informazioni relative a questo prodotto o necessiti di un&#8217;offerta personalizzata <a href=\"https:\/\/www.fai-srl.com\/contatti\/\" rel=\"noopener\" target=\"_blank\">contattaci<\/a>! <\/p>\n<p>Rimani aggiornato sui nostri prodotti, seguici sui nostri canali social <a href=\"https:\/\/www.facebook.com\/faisrl.materialelettrico\/\" rel=\"noopener\" target=\"_blank\">Facebook<\/a> e <a href=\"https:\/\/www.instagram.com\/faisrl.materialelettrico\/\" rel=\"noopener\" target=\"_blank\">Instagram<\/a>.  <\/p>\n<table border=\"0\" width=\"500\" align=\"center\">\n<tbody>\n<tr>\n<td>Attacco:<\/td>\n<td>GX5.3-GZ6.35<\/td>\n<\/tr>\n<tr>\n<td>Tensione nominale:<\/td>\n<td>24 V<\/td>\n<\/tr>\n<tr>\n<td>Corrente nominale:<\/td>\n<td>8 A<\/td>\n<\/tr>\n<tr>\n<td>Corpo:<\/td>\n<td>steatite<\/td>\n<\/tr>\n<tr>\n<td>Cavi:<\/td>\n<td>15 cm<\/td>\n<\/tr>\n<tr>\n<td>Fissaggio:<\/td>\n<td>con fori passanti \u00d8 3,5 mm<\/td>\n<\/tr>\n<\/tbody>\n<\/table>\n","protected":false},"excerpt":{"rendered":"<p><img decoding=\"async\" class=\"alignnone size-full wp-image-14725\" src=\"http:\/\/www.fai-srl.com\/shop\/wp-content\/uploads\/2020\/11\/ce-2-e1604346147691.jpg\" alt=\"\" width=\"60\" height=\"60\" \/><\/p>\n","protected":false},"featured_media":14731,"template":"","meta":[],"product_cat":[497],"product_tag":[],"class_list":{"0":"post-14729","1":"product","2":"type-product","3":"status-publish","4":"has-post-thumbnail","6":"product_cat-portalampade","8":"first","9":"instock","10":"taxable","11":"shipping-taxable","12":"purchasable","13":"product-type-simple"},"yoast_head":"<!-- This site is optimized with the Yoast SEO plugin v26.2 - https:\/\/yoast.com\/wordpress\/plugins\/seo\/ -->\n<title>Portalampade in steatite per lampade alogene a bassa tensione - FAI SRL<\/title>\n<meta name=\"description\" content=\"Portalampade in steatite per lampade alogene a bassa tensione con attacco GX5.3-GZ6.35, corrente nominale 8 A e cavi lunghi 15 cm\" \/>\n<meta name=\"robots\" content=\"index, follow, max-snippet:-1, max-image-preview:large, max-video-preview:-1\" \/>\n<link rel=\"canonical\" href=\"https:\/\/www.fai-srl.com\/shop\/product\/portalampade-in-steatite-per-lampade-alogene-a-bassa-tensione-6\/\" \/>\n<meta property=\"og:locale\" content=\"it_IT\" \/>\n<meta property=\"og:type\" content=\"article\" \/>\n<meta property=\"og:title\" content=\"Portalampade in steatite per lampade alogene a bassa tensione - FAI SRL\" \/>\n<meta property=\"og:description\" content=\"Portalampade in steatite per lampade alogene a bassa tensione con attacco GX5.3-GZ6.35, corrente nominale 8 A e cavi lunghi 15 cm\" \/>\n<meta property=\"og:url\" content=\"https:\/\/www.fai-srl.com\/shop\/product\/portalampade-in-steatite-per-lampade-alogene-a-bassa-tensione-6\/\" \/>\n<meta property=\"og:site_name\" content=\"FAI SRL\" \/>\n<meta property=\"article:modified_time\" content=\"2026-02-27T18:26:43+00:00\" \/>\n<meta property=\"og:image\" content=\"https:\/\/www.fai-srl.com\/shop\/wp-content\/uploads\/2020\/11\/0189-1.jpg\" \/>\n\t<meta property=\"og:image:width\" content=\"600\" \/>\n\t<meta property=\"og:image:height\" content=\"600\" \/>\n\t<meta property=\"og:image:type\" content=\"image\/jpeg\" \/>\n<meta name=\"twitter:card\" content=\"summary_large_image\" \/>\n<meta name=\"twitter:label1\" content=\"Tempo di lettura stimato\" \/>\n\t<meta name=\"twitter:data1\" content=\"1 minuto\" \/>\n<script type=\"application\/ld+json\" class=\"yoast-schema-graph\">{\"@context\":\"https:\/\/schema.org\",\"@graph\":[{\"@type\":\"WebPage\",\"@id\":\"https:\/\/www.fai-srl.com\/shop\/product\/portalampade-in-steatite-per-lampade-alogene-a-bassa-tensione-6\/\",\"url\":\"https:\/\/www.fai-srl.com\/shop\/product\/portalampade-in-steatite-per-lampade-alogene-a-bassa-tensione-6\/\",\"name\":\"Portalampade in steatite per lampade alogene a bassa tensione - FAI SRL\",\"isPartOf\":{\"@id\":\"https:\/\/www.fai-srl.com\/shop\/#website\"},\"primaryImageOfPage\":{\"@id\":\"https:\/\/www.fai-srl.com\/shop\/product\/portalampade-in-steatite-per-lampade-alogene-a-bassa-tensione-6\/#primaryimage\"},\"image\":{\"@id\":\"https:\/\/www.fai-srl.com\/shop\/product\/portalampade-in-steatite-per-lampade-alogene-a-bassa-tensione-6\/#primaryimage\"},\"thumbnailUrl\":\"https:\/\/www.fai-srl.com\/shop\/wp-content\/uploads\/2020\/11\/0189-1.jpg\",\"datePublished\":\"2020-11-02T19:50:55+00:00\",\"dateModified\":\"2026-02-27T18:26:43+00:00\",\"description\":\"Portalampade in steatite per lampade alogene a bassa tensione con attacco GX5.3-GZ6.35, corrente nominale 8 A e cavi lunghi 15 cm\",\"breadcrumb\":{\"@id\":\"https:\/\/www.fai-srl.com\/shop\/product\/portalampade-in-steatite-per-lampade-alogene-a-bassa-tensione-6\/#breadcrumb\"},\"inLanguage\":\"it-IT\",\"potentialAction\":[{\"@type\":\"ReadAction\",\"target\":[\"https:\/\/www.fai-srl.com\/shop\/product\/portalampade-in-steatite-per-lampade-alogene-a-bassa-tensione-6\/\"]}]},{\"@type\":\"ImageObject\",\"inLanguage\":\"it-IT\",\"@id\":\"https:\/\/www.fai-srl.com\/shop\/product\/portalampade-in-steatite-per-lampade-alogene-a-bassa-tensione-6\/#primaryimage\",\"url\":\"https:\/\/www.fai-srl.com\/shop\/wp-content\/uploads\/2020\/11\/0189-1.jpg\",\"contentUrl\":\"https:\/\/www.fai-srl.com\/shop\/wp-content\/uploads\/2020\/11\/0189-1.jpg\",\"width\":600,\"height\":600,\"caption\":\"Portalampade in steatite per lampade alogene a bassa tensione\"},{\"@type\":\"BreadcrumbList\",\"@id\":\"https:\/\/www.fai-srl.com\/shop\/product\/portalampade-in-steatite-per-lampade-alogene-a-bassa-tensione-6\/#breadcrumb\",\"itemListElement\":[{\"@type\":\"ListItem\",\"position\":1,\"name\":\"Home\",\"item\":\"https:\/\/www.fai-srl.com\/shop\/\"},{\"@type\":\"ListItem\",\"position\":2,\"name\":\"Prodotti FAI Srl\",\"item\":\"https:\/\/www.fai-srl.com\/shop\/?page_id=4775\"},{\"@type\":\"ListItem\",\"position\":3,\"name\":\"Portalampade in steatite per lampade alogene a bassa tensione\"}]},{\"@type\":\"WebSite\",\"@id\":\"https:\/\/www.fai-srl.com\/shop\/#website\",\"url\":\"https:\/\/www.fai-srl.com\/shop\/\",\"name\":\"FAI SRL\",\"description\":\"Light Up your Creativity\",\"publisher\":{\"@id\":\"https:\/\/www.fai-srl.com\/shop\/#organization\"},\"potentialAction\":[{\"@type\":\"SearchAction\",\"target\":{\"@type\":\"EntryPoint\",\"urlTemplate\":\"https:\/\/www.fai-srl.com\/shop\/?s={search_term_string}\"},\"query-input\":{\"@type\":\"PropertyValueSpecification\",\"valueRequired\":true,\"valueName\":\"search_term_string\"}}],\"inLanguage\":\"it-IT\"},{\"@type\":\"Organization\",\"@id\":\"https:\/\/www.fai-srl.com\/shop\/#organization\",\"name\":\"FAI SRL\",\"url\":\"https:\/\/www.fai-srl.com\/shop\/\",\"logo\":{\"@type\":\"ImageObject\",\"inLanguage\":\"it-IT\",\"@id\":\"https:\/\/www.fai-srl.com\/shop\/#\/schema\/logo\/image\/\",\"url\":\"http:\/\/www.fai-srl.com\/shop\/wp-content\/uploads\/2018\/10\/fai_logo.jpg\",\"contentUrl\":\"http:\/\/www.fai-srl.com\/shop\/wp-content\/uploads\/2018\/10\/fai_logo.jpg\",\"width\":300,\"height\":132,\"caption\":\"FAI SRL\"},\"image\":{\"@id\":\"https:\/\/www.fai-srl.com\/shop\/#\/schema\/logo\/image\/\"}}]}<\/script>\n<!-- \/ Yoast SEO plugin. -->","yoast_head_json":{"title":"Portalampade in steatite per lampade alogene a bassa tensione - FAI SRL","description":"Portalampade in steatite per lampade alogene a bassa tensione con attacco GX5.3-GZ6.35, corrente nominale 8 A e cavi lunghi 15 cm","robots":{"index":"index","follow":"follow","max-snippet":"max-snippet:-1","max-image-preview":"max-image-preview:large","max-video-preview":"max-video-preview:-1"},"canonical":"https:\/\/www.fai-srl.com\/shop\/product\/portalampade-in-steatite-per-lampade-alogene-a-bassa-tensione-6\/","og_locale":"it_IT","og_type":"article","og_title":"Portalampade in steatite per lampade alogene a bassa tensione - FAI SRL","og_description":"Portalampade in steatite per lampade alogene a bassa tensione con attacco GX5.3-GZ6.35, corrente nominale 8 A e cavi lunghi 15 cm","og_url":"https:\/\/www.fai-srl.com\/shop\/product\/portalampade-in-steatite-per-lampade-alogene-a-bassa-tensione-6\/","og_site_name":"FAI SRL","article_modified_time":"2026-02-27T18:26:43+00:00","og_image":[{"width":600,"height":600,"url":"https:\/\/www.fai-srl.com\/shop\/wp-content\/uploads\/2020\/11\/0189-1.jpg","type":"image\/jpeg"}],"twitter_card":"summary_large_image","twitter_misc":{"Tempo di lettura stimato":"1 minuto"},"schema":{"@context":"https:\/\/schema.org","@graph":[{"@type":"WebPage","@id":"https:\/\/www.fai-srl.com\/shop\/product\/portalampade-in-steatite-per-lampade-alogene-a-bassa-tensione-6\/","url":"https:\/\/www.fai-srl.com\/shop\/product\/portalampade-in-steatite-per-lampade-alogene-a-bassa-tensione-6\/","name":"Portalampade in steatite per lampade alogene a bassa tensione - FAI SRL","isPartOf":{"@id":"https:\/\/www.fai-srl.com\/shop\/#website"},"primaryImageOfPage":{"@id":"https:\/\/www.fai-srl.com\/shop\/product\/portalampade-in-steatite-per-lampade-alogene-a-bassa-tensione-6\/#primaryimage"},"image":{"@id":"https:\/\/www.fai-srl.com\/shop\/product\/portalampade-in-steatite-per-lampade-alogene-a-bassa-tensione-6\/#primaryimage"},"thumbnailUrl":"https:\/\/www.fai-srl.com\/shop\/wp-content\/uploads\/2020\/11\/0189-1.jpg","datePublished":"2020-11-02T19:50:55+00:00","dateModified":"2026-02-27T18:26:43+00:00","description":"Portalampade in steatite per lampade alogene a bassa tensione con attacco GX5.3-GZ6.35, corrente nominale 8 A e cavi lunghi 15 cm","breadcrumb":{"@id":"https:\/\/www.fai-srl.com\/shop\/product\/portalampade-in-steatite-per-lampade-alogene-a-bassa-tensione-6\/#breadcrumb"},"inLanguage":"it-IT","potentialAction":[{"@type":"ReadAction","target":["https:\/\/www.fai-srl.com\/shop\/product\/portalampade-in-steatite-per-lampade-alogene-a-bassa-tensione-6\/"]}]},{"@type":"ImageObject","inLanguage":"it-IT","@id":"https:\/\/www.fai-srl.com\/shop\/product\/portalampade-in-steatite-per-lampade-alogene-a-bassa-tensione-6\/#primaryimage","url":"https:\/\/www.fai-srl.com\/shop\/wp-content\/uploads\/2020\/11\/0189-1.jpg","contentUrl":"https:\/\/www.fai-srl.com\/shop\/wp-content\/uploads\/2020\/11\/0189-1.jpg","width":600,"height":600,"caption":"Portalampade in steatite per lampade alogene a bassa tensione"},{"@type":"BreadcrumbList","@id":"https:\/\/www.fai-srl.com\/shop\/product\/portalampade-in-steatite-per-lampade-alogene-a-bassa-tensione-6\/#breadcrumb","itemListElement":[{"@type":"ListItem","position":1,"name":"Home","item":"https:\/\/www.fai-srl.com\/shop\/"},{"@type":"ListItem","position":2,"name":"Prodotti FAI Srl","item":"https:\/\/www.fai-srl.com\/shop\/?page_id=4775"},{"@type":"ListItem","position":3,"name":"Portalampade in steatite per lampade alogene a bassa tensione"}]},{"@type":"WebSite","@id":"https:\/\/www.fai-srl.com\/shop\/#website","url":"https:\/\/www.fai-srl.com\/shop\/","name":"FAI SRL","description":"Light Up your Creativity","publisher":{"@id":"https:\/\/www.fai-srl.com\/shop\/#organization"},"potentialAction":[{"@type":"SearchAction","target":{"@type":"EntryPoint","urlTemplate":"https:\/\/www.fai-srl.com\/shop\/?s={search_term_string}"},"query-input":{"@type":"PropertyValueSpecification","valueRequired":true,"valueName":"search_term_string"}}],"inLanguage":"it-IT"},{"@type":"Organization","@id":"https:\/\/www.fai-srl.com\/shop\/#organization","name":"FAI SRL","url":"https:\/\/www.fai-srl.com\/shop\/","logo":{"@type":"ImageObject","inLanguage":"it-IT","@id":"https:\/\/www.fai-srl.com\/shop\/#\/schema\/logo\/image\/","url":"http:\/\/www.fai-srl.com\/shop\/wp-content\/uploads\/2018\/10\/fai_logo.jpg","contentUrl":"http:\/\/www.fai-srl.com\/shop\/wp-content\/uploads\/2018\/10\/fai_logo.jpg","width":300,"height":132,"caption":"FAI SRL"},"image":{"@id":"https:\/\/www.fai-srl.com\/shop\/#\/schema\/logo\/image\/"}}]}},"_links":{"self":[{"href":"https:\/\/www.fai-srl.com\/shop\/wp-json\/wp\/v2\/product\/14729","targetHints":{"allow":["GET"]}}],"collection":[{"href":"https:\/\/www.fai-srl.com\/shop\/wp-json\/wp\/v2\/product"}],"about":[{"href":"https:\/\/www.fai-srl.com\/shop\/wp-json\/wp\/v2\/types\/product"}],"version-history":[{"count":5,"href":"https:\/\/www.fai-srl.com\/shop\/wp-json\/wp\/v2\/product\/14729\/revisions"}],"predecessor-version":[{"id":27138,"href":"https:\/\/www.fai-srl.com\/shop\/wp-json\/wp\/v2\/product\/14729\/revisions\/27138"}],"wp:featuredmedia":[{"embeddable":true,"href":"https:\/\/www.fai-srl.com\/shop\/wp-json\/wp\/v2\/media\/14731"}],"wp:attachment":[{"href":"https:\/\/www.fai-srl.com\/shop\/wp-json\/wp\/v2\/media?parent=14729"}],"wp:term":[{"taxonomy":"product_cat","embeddable":true,"href":"https:\/\/www.fai-srl.com\/shop\/wp-json\/wp\/v2\/product_cat?post=14729"},{"taxonomy":"product_tag","embeddable":true,"href":"https:\/\/www.fai-srl.com\/shop\/wp-json\/wp\/v2\/product_tag?post=14729"}],"curies":[{"name":"wp","href":"https:\/\/api.w.org\/{rel}","templated":true}]}}