{"id":14296,"date":"2020-11-01T11:59:03","date_gmt":"2020-11-01T10:59:03","guid":{"rendered":"http:\/\/www.fai-srl.com\/shop\/?post_type=product&#038;p=14296"},"modified":"2026-02-27T19:26:31","modified_gmt":"2026-02-27T18:26:31","slug":"adattatore-2","status":"publish","type":"product","link":"https:\/\/www.fai-srl.com\/shop\/product\/adattatore-2\/","title":{"rendered":"Adattatore"},"content":{"rendered":"<p style=\"display:none;\">Adattatore<\/p>\n<p>Nella categoria dei portalampade, tra i nostri articoli non possono certo mancare gli adattatori. La loro utilit\u00e0 resta indiscussa, ti permetteranno di adattare le diverse lampade che vorrai acquistare o che hai gi\u00e0 acquistato che per\u00f2 non risultano essere compatibile con le tipologie di attacco di cui la tua casa. <\/p>\n<p>All\u2019interno della gamma prodotti che ti proponiamo potrai trovare diverse tipologie di adattatori, questo prodotto in particolare ti consentir\u00e0 di adattare l\u2019attacco GU10 ad un attacco E27.<\/p>\n<p>L\u2019adattatore maschio E27- femmina GU10, con codice articolo 0011, \u00e8 molto semplice da istallare ed \u00e8 realizzato in porcellana.<\/p>\n<p>Questo prodotto \u00e8 compatibile con tutti i tipi di lampade con attacco GU10, ovvero lampade con 10mm di distanza tra i due piedi. La sua dimensione complessiva \u00e8 di 46mm di lunghezza, di cui 25,5mm di virola, inoltre il diametro dell\u2019articolo \u00e8 di 28mm. <\/p>\n<p>Questo articolo possiede il marchio CE, che garantisce la conformit\u00e0 del prodotto a tutte le disposizioni della Comunit\u00e0 Europea che prevedono il suo utilizzo dalla progettazione, alla messa in servizio fino allo smaltimento.<\/p>\n<p>Se dovessi aver bisogno di maggiori informazioni relative a questo prodotto o necessiti di un&#8217;offerta personalizzata <a href=\"https:\/\/www.fai-srl.com\/contatti\/\" rel=\"noopener\" target=\"_blank\">contattaci<\/a>! <\/p>\n<p>Rimani aggiornato sui nostri prodotti, seguici sui nostri canali social <a href=\"https:\/\/www.facebook.com\/faisrl.materialelettrico\/\" rel=\"noopener\" target=\"_blank\">Facebook<\/a> e <a href=\"https:\/\/www.instagram.com\/faisrl.materialelettrico\/\" rel=\"noopener\" target=\"_blank\">Instagram<\/a>.  <\/p>\n<table border=\"0\" width=\"500\" align=\"center\">\n<tbody>\n<tr>\n<td>Adattatore:<\/td>\n<td>maschio E27 &#8211; Femmina GU10<\/td>\n<\/tr>\n<tr>\n<td>Materiale:<\/td>\n<td>porcellana<\/td>\n<\/tr>\n<\/tbody>\n<\/table>\n<p>&nbsp;<\/p>\n","protected":false},"excerpt":{"rendered":"<p><img decoding=\"async\" class=\"alignnone size-full wp-image-14293\" src=\"http:\/\/www.fai-srl.com\/shop\/wp-content\/uploads\/2020\/11\/ce-e1604227996497.jpg\" alt=\"\" width=\"60\" height=\"60\" \/><\/p>\n<p>I<\/p>\n","protected":false},"featured_media":14299,"template":"","meta":[],"product_cat":[497],"product_tag":[],"class_list":{"0":"post-14296","1":"product","2":"type-product","3":"status-publish","4":"has-post-thumbnail","6":"product_cat-portalampade","8":"first","9":"instock","10":"taxable","11":"shipping-taxable","12":"purchasable","13":"product-type-simple"},"yoast_head":"<!-- This site is optimized with the Yoast SEO plugin v26.2 - https:\/\/yoast.com\/wordpress\/plugins\/seo\/ -->\n<title>Adattatore - E27\/GU10 - Portalampade - Shop - FAI SRL<\/title>\n<meta name=\"description\" content=\"Adattatore maschio E27 \u2013 Femmina GU10 realizzato in porcellana, con diametro pari a 28mm e lunghezza complessiva pari a 46mm\" \/>\n<meta name=\"robots\" content=\"index, follow, max-snippet:-1, max-image-preview:large, max-video-preview:-1\" \/>\n<link rel=\"canonical\" href=\"https:\/\/www.fai-srl.com\/shop\/product\/adattatore-2\/\" \/>\n<meta property=\"og:locale\" content=\"it_IT\" \/>\n<meta property=\"og:type\" content=\"article\" \/>\n<meta property=\"og:title\" content=\"Adattatore - E27\/GU10 - Portalampade - Shop - FAI SRL\" \/>\n<meta property=\"og:description\" content=\"Adattatore maschio E27 \u2013 Femmina GU10 realizzato in porcellana, con diametro pari a 28mm e lunghezza complessiva pari a 46mm\" \/>\n<meta property=\"og:url\" content=\"https:\/\/www.fai-srl.com\/shop\/product\/adattatore-2\/\" \/>\n<meta property=\"og:site_name\" content=\"FAI SRL\" \/>\n<meta property=\"article:modified_time\" content=\"2026-02-27T18:26:31+00:00\" \/>\n<meta property=\"og:image\" content=\"https:\/\/www.fai-srl.com\/shop\/wp-content\/uploads\/2020\/11\/0011_.jpg\" \/>\n\t<meta property=\"og:image:width\" content=\"600\" \/>\n\t<meta property=\"og:image:height\" content=\"600\" \/>\n\t<meta property=\"og:image:type\" content=\"image\/jpeg\" \/>\n<meta name=\"twitter:card\" content=\"summary_large_image\" \/>\n<meta name=\"twitter:label1\" content=\"Tempo di lettura stimato\" \/>\n\t<meta name=\"twitter:data1\" content=\"1 minuto\" \/>\n<script type=\"application\/ld+json\" class=\"yoast-schema-graph\">{\"@context\":\"https:\/\/schema.org\",\"@graph\":[{\"@type\":\"WebPage\",\"@id\":\"https:\/\/www.fai-srl.com\/shop\/product\/adattatore-2\/\",\"url\":\"https:\/\/www.fai-srl.com\/shop\/product\/adattatore-2\/\",\"name\":\"Adattatore - E27\/GU10 - Portalampade - Shop - FAI SRL\",\"isPartOf\":{\"@id\":\"https:\/\/www.fai-srl.com\/shop\/#website\"},\"primaryImageOfPage\":{\"@id\":\"https:\/\/www.fai-srl.com\/shop\/product\/adattatore-2\/#primaryimage\"},\"image\":{\"@id\":\"https:\/\/www.fai-srl.com\/shop\/product\/adattatore-2\/#primaryimage\"},\"thumbnailUrl\":\"https:\/\/www.fai-srl.com\/shop\/wp-content\/uploads\/2020\/11\/0011_.jpg\",\"datePublished\":\"2020-11-01T10:59:03+00:00\",\"dateModified\":\"2026-02-27T18:26:31+00:00\",\"description\":\"Adattatore maschio E27 \u2013 Femmina GU10 realizzato in porcellana, con diametro pari a 28mm e lunghezza complessiva pari a 46mm\",\"breadcrumb\":{\"@id\":\"https:\/\/www.fai-srl.com\/shop\/product\/adattatore-2\/#breadcrumb\"},\"inLanguage\":\"it-IT\",\"potentialAction\":[{\"@type\":\"ReadAction\",\"target\":[\"https:\/\/www.fai-srl.com\/shop\/product\/adattatore-2\/\"]}]},{\"@type\":\"ImageObject\",\"inLanguage\":\"it-IT\",\"@id\":\"https:\/\/www.fai-srl.com\/shop\/product\/adattatore-2\/#primaryimage\",\"url\":\"https:\/\/www.fai-srl.com\/shop\/wp-content\/uploads\/2020\/11\/0011_.jpg\",\"contentUrl\":\"https:\/\/www.fai-srl.com\/shop\/wp-content\/uploads\/2020\/11\/0011_.jpg\",\"width\":600,\"height\":600,\"caption\":\"Adattatore\"},{\"@type\":\"BreadcrumbList\",\"@id\":\"https:\/\/www.fai-srl.com\/shop\/product\/adattatore-2\/#breadcrumb\",\"itemListElement\":[{\"@type\":\"ListItem\",\"position\":1,\"name\":\"Home\",\"item\":\"https:\/\/www.fai-srl.com\/shop\/\"},{\"@type\":\"ListItem\",\"position\":2,\"name\":\"Prodotti FAI Srl\",\"item\":\"https:\/\/www.fai-srl.com\/shop\/?page_id=4775\"},{\"@type\":\"ListItem\",\"position\":3,\"name\":\"Adattatore\"}]},{\"@type\":\"WebSite\",\"@id\":\"https:\/\/www.fai-srl.com\/shop\/#website\",\"url\":\"https:\/\/www.fai-srl.com\/shop\/\",\"name\":\"FAI SRL\",\"description\":\"Light Up your Creativity\",\"publisher\":{\"@id\":\"https:\/\/www.fai-srl.com\/shop\/#organization\"},\"potentialAction\":[{\"@type\":\"SearchAction\",\"target\":{\"@type\":\"EntryPoint\",\"urlTemplate\":\"https:\/\/www.fai-srl.com\/shop\/?s={search_term_string}\"},\"query-input\":{\"@type\":\"PropertyValueSpecification\",\"valueRequired\":true,\"valueName\":\"search_term_string\"}}],\"inLanguage\":\"it-IT\"},{\"@type\":\"Organization\",\"@id\":\"https:\/\/www.fai-srl.com\/shop\/#organization\",\"name\":\"FAI SRL\",\"url\":\"https:\/\/www.fai-srl.com\/shop\/\",\"logo\":{\"@type\":\"ImageObject\",\"inLanguage\":\"it-IT\",\"@id\":\"https:\/\/www.fai-srl.com\/shop\/#\/schema\/logo\/image\/\",\"url\":\"http:\/\/www.fai-srl.com\/shop\/wp-content\/uploads\/2018\/10\/fai_logo.jpg\",\"contentUrl\":\"http:\/\/www.fai-srl.com\/shop\/wp-content\/uploads\/2018\/10\/fai_logo.jpg\",\"width\":300,\"height\":132,\"caption\":\"FAI SRL\"},\"image\":{\"@id\":\"https:\/\/www.fai-srl.com\/shop\/#\/schema\/logo\/image\/\"}}]}<\/script>\n<!-- \/ Yoast SEO plugin. -->","yoast_head_json":{"title":"Adattatore - E27\/GU10 - Portalampade - Shop - FAI SRL","description":"Adattatore maschio E27 \u2013 Femmina GU10 realizzato in porcellana, con diametro pari a 28mm e lunghezza complessiva pari a 46mm","robots":{"index":"index","follow":"follow","max-snippet":"max-snippet:-1","max-image-preview":"max-image-preview:large","max-video-preview":"max-video-preview:-1"},"canonical":"https:\/\/www.fai-srl.com\/shop\/product\/adattatore-2\/","og_locale":"it_IT","og_type":"article","og_title":"Adattatore - E27\/GU10 - Portalampade - Shop - FAI SRL","og_description":"Adattatore maschio E27 \u2013 Femmina GU10 realizzato in porcellana, con diametro pari a 28mm e lunghezza complessiva pari a 46mm","og_url":"https:\/\/www.fai-srl.com\/shop\/product\/adattatore-2\/","og_site_name":"FAI SRL","article_modified_time":"2026-02-27T18:26:31+00:00","og_image":[{"width":600,"height":600,"url":"https:\/\/www.fai-srl.com\/shop\/wp-content\/uploads\/2020\/11\/0011_.jpg","type":"image\/jpeg"}],"twitter_card":"summary_large_image","twitter_misc":{"Tempo di lettura stimato":"1 minuto"},"schema":{"@context":"https:\/\/schema.org","@graph":[{"@type":"WebPage","@id":"https:\/\/www.fai-srl.com\/shop\/product\/adattatore-2\/","url":"https:\/\/www.fai-srl.com\/shop\/product\/adattatore-2\/","name":"Adattatore - E27\/GU10 - Portalampade - Shop - FAI SRL","isPartOf":{"@id":"https:\/\/www.fai-srl.com\/shop\/#website"},"primaryImageOfPage":{"@id":"https:\/\/www.fai-srl.com\/shop\/product\/adattatore-2\/#primaryimage"},"image":{"@id":"https:\/\/www.fai-srl.com\/shop\/product\/adattatore-2\/#primaryimage"},"thumbnailUrl":"https:\/\/www.fai-srl.com\/shop\/wp-content\/uploads\/2020\/11\/0011_.jpg","datePublished":"2020-11-01T10:59:03+00:00","dateModified":"2026-02-27T18:26:31+00:00","description":"Adattatore maschio E27 \u2013 Femmina GU10 realizzato in porcellana, con diametro pari a 28mm e lunghezza complessiva pari a 46mm","breadcrumb":{"@id":"https:\/\/www.fai-srl.com\/shop\/product\/adattatore-2\/#breadcrumb"},"inLanguage":"it-IT","potentialAction":[{"@type":"ReadAction","target":["https:\/\/www.fai-srl.com\/shop\/product\/adattatore-2\/"]}]},{"@type":"ImageObject","inLanguage":"it-IT","@id":"https:\/\/www.fai-srl.com\/shop\/product\/adattatore-2\/#primaryimage","url":"https:\/\/www.fai-srl.com\/shop\/wp-content\/uploads\/2020\/11\/0011_.jpg","contentUrl":"https:\/\/www.fai-srl.com\/shop\/wp-content\/uploads\/2020\/11\/0011_.jpg","width":600,"height":600,"caption":"Adattatore"},{"@type":"BreadcrumbList","@id":"https:\/\/www.fai-srl.com\/shop\/product\/adattatore-2\/#breadcrumb","itemListElement":[{"@type":"ListItem","position":1,"name":"Home","item":"https:\/\/www.fai-srl.com\/shop\/"},{"@type":"ListItem","position":2,"name":"Prodotti FAI Srl","item":"https:\/\/www.fai-srl.com\/shop\/?page_id=4775"},{"@type":"ListItem","position":3,"name":"Adattatore"}]},{"@type":"WebSite","@id":"https:\/\/www.fai-srl.com\/shop\/#website","url":"https:\/\/www.fai-srl.com\/shop\/","name":"FAI SRL","description":"Light Up your Creativity","publisher":{"@id":"https:\/\/www.fai-srl.com\/shop\/#organization"},"potentialAction":[{"@type":"SearchAction","target":{"@type":"EntryPoint","urlTemplate":"https:\/\/www.fai-srl.com\/shop\/?s={search_term_string}"},"query-input":{"@type":"PropertyValueSpecification","valueRequired":true,"valueName":"search_term_string"}}],"inLanguage":"it-IT"},{"@type":"Organization","@id":"https:\/\/www.fai-srl.com\/shop\/#organization","name":"FAI SRL","url":"https:\/\/www.fai-srl.com\/shop\/","logo":{"@type":"ImageObject","inLanguage":"it-IT","@id":"https:\/\/www.fai-srl.com\/shop\/#\/schema\/logo\/image\/","url":"http:\/\/www.fai-srl.com\/shop\/wp-content\/uploads\/2018\/10\/fai_logo.jpg","contentUrl":"http:\/\/www.fai-srl.com\/shop\/wp-content\/uploads\/2018\/10\/fai_logo.jpg","width":300,"height":132,"caption":"FAI SRL"},"image":{"@id":"https:\/\/www.fai-srl.com\/shop\/#\/schema\/logo\/image\/"}}]}},"_links":{"self":[{"href":"https:\/\/www.fai-srl.com\/shop\/wp-json\/wp\/v2\/product\/14296","targetHints":{"allow":["GET"]}}],"collection":[{"href":"https:\/\/www.fai-srl.com\/shop\/wp-json\/wp\/v2\/product"}],"about":[{"href":"https:\/\/www.fai-srl.com\/shop\/wp-json\/wp\/v2\/types\/product"}],"version-history":[{"count":5,"href":"https:\/\/www.fai-srl.com\/shop\/wp-json\/wp\/v2\/product\/14296\/revisions"}],"predecessor-version":[{"id":27521,"href":"https:\/\/www.fai-srl.com\/shop\/wp-json\/wp\/v2\/product\/14296\/revisions\/27521"}],"wp:featuredmedia":[{"embeddable":true,"href":"https:\/\/www.fai-srl.com\/shop\/wp-json\/wp\/v2\/media\/14299"}],"wp:attachment":[{"href":"https:\/\/www.fai-srl.com\/shop\/wp-json\/wp\/v2\/media?parent=14296"}],"wp:term":[{"taxonomy":"product_cat","embeddable":true,"href":"https:\/\/www.fai-srl.com\/shop\/wp-json\/wp\/v2\/product_cat?post=14296"},{"taxonomy":"product_tag","embeddable":true,"href":"https:\/\/www.fai-srl.com\/shop\/wp-json\/wp\/v2\/product_tag?post=14296"}],"curies":[{"name":"wp","href":"https:\/\/api.w.org\/{rel}","templated":true}]}}