{"id":26376,"date":"2021-02-10T16:41:30","date_gmt":"2021-02-10T15:41:30","guid":{"rendered":"http:\/\/www.fai-srl.com\/shop\/?page_id=26376"},"modified":"2021-02-10T16:43:13","modified_gmt":"2021-02-10T15:43:13","slug":"metodi-di-pagamento","status":"publish","type":"page","link":"https:\/\/www.fai-srl.com\/shop\/metodi-di-pagamento\/","title":{"rendered":"Metodi di Pagamento"},"content":{"rendered":"\t\t<div data-elementor-type=\"wp-page\" data-elementor-id=\"26376\" class=\"elementor elementor-26376\">\n\t\t\t\t\t\t<section class=\"elementor-section elementor-top-section elementor-element elementor-element-b37d80d elementor-section-boxed elementor-section-height-default elementor-section-height-default\" data-id=\"b37d80d\" data-element_type=\"section\">\n\t\t\t\t\t\t<div class=\"elementor-container elementor-column-gap-default\">\n\t\t\t\t\t<div class=\"elementor-column elementor-col-100 elementor-top-column elementor-element elementor-element-6c3c5af\" data-id=\"6c3c5af\" data-element_type=\"column\">\n\t\t\t<div class=\"elementor-widget-wrap elementor-element-populated\">\n\t\t\t\t\t\t<div class=\"elementor-element elementor-element-2ce16d8 elementor-widget elementor-widget-text-editor\" data-id=\"2ce16d8\" data-element_type=\"widget\" data-widget_type=\"text-editor.default\">\n\t\t\t\t<div class=\"elementor-widget-container\">\n\t\t\t\t\t\t\t<div class=\"elementor-text-editor elementor-clearfix\"><h3 style=\"text-align: justify;\">Metodi di pagamento disponibili<\/h3><ul style=\"text-align: justify;\"><li><strong>PAGAMENTI TRAMITE PAYPAL<\/strong><br \/>Nel processo di acquisto basta selezionare \u201cPayPal\u201d tra le \u201cmodalit\u00e0 di pagamento\u201d per essere automaticamente trasferiti alla pagina PayPal. Se si \u00e8 gi\u00e0 clienti PayPal, sar\u00e0 sufficiente accedere con i propri dati e confermare il pagamento. Se non si possiede un conto PayPal, \u00e8 possibile aprirne uno e confermare il pagamento. In caso di restituzione della merce, l\u2019importo sar\u00e0 accreditato sul conto utilizzato per il pagamento.<br \/>PayPal consente ad acquirenti e aziende di inviare e ricevere pagamenti online. Il servizio protegge i Suoi dati grazie ad innovativi sistemi di sicurezza e di prevenzione delle frodi. Quando utilizza PayPal, le Sue informazioni finanziarie non vengono mai a allegriniamenities.com<\/li><li><strong>PAGAMENTI ONLINE TRAMITE CARTA DI CREDITO con GATEWAY PAYPAL<\/strong><br \/>Paga comodamente tramite carta di credito Visa, MasterCard, American Express. I dati per il pagamento li inserisce solo sul sito di PayPal, possiamo garantire, che essi vengono elaborati esclusivamente da PayPal e dagli allegati istituti di credito.<br \/>Per effettuare il pagamento online, verranno chiesti i seguenti dati:<br \/>Numero della carta di credito;<br \/>Data di scadenza (mese e anno);<br \/>Il codice CVV2, che \u00e8 un codice di sicurezza a tre cifre stampato sul retro della carta di credito.<br \/>Il pagamento con carta di credito \u00e8 un pagamento anticipato, l\u2019autorizzazione e l\u2019addebito avvengono nello stesso momento.<\/li><\/ul><p style=\"text-align: justify;\"><strong>Prezzi esposti:<\/strong><br \/>Tutti i prezzi sia dei prodotti, sia delle spese accessorie (trasporto e consegna) esposti sul negozio (salvo esplicita e chiara indicazione) sono comprensivi di IVA.<\/p><\/div>\n\t\t\t\t\t\t<\/div>\n\t\t\t\t<\/div>\n\t\t\t\t\t<\/div>\n\t\t<\/div>\n\t\t\t\t\t<\/div>\n\t\t<\/section>\n\t\t\t\t<\/div>\n\t\t","protected":false},"excerpt":{"rendered":"<p>Metodi di pagamento disponibili PAGAMENTI TRAMITE PAYPALNel processo di acquisto basta selezionare \u201cPayPal\u201d tra le \u201cmodalit\u00e0 di pagamento\u201d per essere automaticamente trasferiti alla pagina PayPal. Se si \u00e8 gi\u00e0 clienti PayPal, sar\u00e0 sufficiente accedere con i propri dati e confermare il pagamento. Se non si possiede un conto PayPal, \u00e8 possibile aprirne uno e confermare &hellip; <\/p>\n<p class=\"link-more\"><a href=\"https:\/\/www.fai-srl.com\/shop\/metodi-di-pagamento\/\" class=\"more-link\">Read More <span class=\"screen-reader-text\"> &#8220;Metodi di Pagamento&#8221;<\/span><\/a><\/p>\n","protected":false},"author":1,"featured_media":0,"parent":0,"menu_order":0,"comment_status":"closed","ping_status":"closed","template":"","meta":{"footnotes":""},"class_list":["post-26376","page","type-page","status-publish","hentry"],"yoast_head":"<!-- This site is optimized with the Yoast SEO plugin v26.2 - https:\/\/yoast.com\/wordpress\/plugins\/seo\/ -->\n<title>Metodi di Pagamento - FAI SRL<\/title>\n<meta name=\"robots\" content=\"index, follow, max-snippet:-1, max-image-preview:large, max-video-preview:-1\" \/>\n<link rel=\"canonical\" href=\"https:\/\/www.fai-srl.com\/shop\/metodi-di-pagamento\/\" \/>\n<meta property=\"og:locale\" content=\"it_IT\" \/>\n<meta property=\"og:type\" content=\"article\" \/>\n<meta property=\"og:title\" content=\"Metodi di Pagamento - FAI SRL\" \/>\n<meta property=\"og:description\" content=\"Metodi di pagamento disponibili PAGAMENTI TRAMITE PAYPALNel processo di acquisto basta selezionare \u201cPayPal\u201d tra le \u201cmodalit\u00e0 di pagamento\u201d per essere automaticamente trasferiti alla pagina PayPal. Se si \u00e8 gi\u00e0 clienti PayPal, sar\u00e0 sufficiente accedere con i propri dati e confermare il pagamento. Se non si possiede un conto PayPal, \u00e8 possibile aprirne uno e confermare &hellip; Read More &quot;Metodi di Pagamento&quot;\" \/>\n<meta property=\"og:url\" content=\"https:\/\/www.fai-srl.com\/shop\/metodi-di-pagamento\/\" \/>\n<meta property=\"og:site_name\" content=\"FAI SRL\" \/>\n<meta property=\"article:modified_time\" content=\"2021-02-10T15:43:13+00:00\" \/>\n<meta name=\"twitter:card\" content=\"summary_large_image\" \/>\n<meta name=\"twitter:label1\" content=\"Tempo di lettura stimato\" \/>\n\t<meta name=\"twitter:data1\" content=\"1 minuto\" \/>\n<script type=\"application\/ld+json\" class=\"yoast-schema-graph\">{\"@context\":\"https:\/\/schema.org\",\"@graph\":[{\"@type\":\"WebPage\",\"@id\":\"https:\/\/www.fai-srl.com\/shop\/metodi-di-pagamento\/\",\"url\":\"https:\/\/www.fai-srl.com\/shop\/metodi-di-pagamento\/\",\"name\":\"Metodi di Pagamento - FAI SRL\",\"isPartOf\":{\"@id\":\"https:\/\/www.fai-srl.com\/shop\/#website\"},\"datePublished\":\"2021-02-10T15:41:30+00:00\",\"dateModified\":\"2021-02-10T15:43:13+00:00\",\"breadcrumb\":{\"@id\":\"https:\/\/www.fai-srl.com\/shop\/metodi-di-pagamento\/#breadcrumb\"},\"inLanguage\":\"it-IT\",\"potentialAction\":[{\"@type\":\"ReadAction\",\"target\":[\"https:\/\/www.fai-srl.com\/shop\/metodi-di-pagamento\/\"]}]},{\"@type\":\"BreadcrumbList\",\"@id\":\"https:\/\/www.fai-srl.com\/shop\/metodi-di-pagamento\/#breadcrumb\",\"itemListElement\":[{\"@type\":\"ListItem\",\"position\":1,\"name\":\"Home\",\"item\":\"https:\/\/www.fai-srl.com\/shop\/\"},{\"@type\":\"ListItem\",\"position\":2,\"name\":\"Metodi di Pagamento\"}]},{\"@type\":\"WebSite\",\"@id\":\"https:\/\/www.fai-srl.com\/shop\/#website\",\"url\":\"https:\/\/www.fai-srl.com\/shop\/\",\"name\":\"FAI SRL\",\"description\":\"Light Up your Creativity\",\"publisher\":{\"@id\":\"https:\/\/www.fai-srl.com\/shop\/#organization\"},\"potentialAction\":[{\"@type\":\"SearchAction\",\"target\":{\"@type\":\"EntryPoint\",\"urlTemplate\":\"https:\/\/www.fai-srl.com\/shop\/?s={search_term_string}\"},\"query-input\":{\"@type\":\"PropertyValueSpecification\",\"valueRequired\":true,\"valueName\":\"search_term_string\"}}],\"inLanguage\":\"it-IT\"},{\"@type\":\"Organization\",\"@id\":\"https:\/\/www.fai-srl.com\/shop\/#organization\",\"name\":\"FAI SRL\",\"url\":\"https:\/\/www.fai-srl.com\/shop\/\",\"logo\":{\"@type\":\"ImageObject\",\"inLanguage\":\"it-IT\",\"@id\":\"https:\/\/www.fai-srl.com\/shop\/#\/schema\/logo\/image\/\",\"url\":\"http:\/\/www.fai-srl.com\/shop\/wp-content\/uploads\/2018\/10\/fai_logo.jpg\",\"contentUrl\":\"http:\/\/www.fai-srl.com\/shop\/wp-content\/uploads\/2018\/10\/fai_logo.jpg\",\"width\":300,\"height\":132,\"caption\":\"FAI SRL\"},\"image\":{\"@id\":\"https:\/\/www.fai-srl.com\/shop\/#\/schema\/logo\/image\/\"}}]}<\/script>\n<!-- \/ Yoast SEO plugin. -->","yoast_head_json":{"title":"Metodi di Pagamento - FAI SRL","robots":{"index":"index","follow":"follow","max-snippet":"max-snippet:-1","max-image-preview":"max-image-preview:large","max-video-preview":"max-video-preview:-1"},"canonical":"https:\/\/www.fai-srl.com\/shop\/metodi-di-pagamento\/","og_locale":"it_IT","og_type":"article","og_title":"Metodi di Pagamento - FAI SRL","og_description":"Metodi di pagamento disponibili PAGAMENTI TRAMITE PAYPALNel processo di acquisto basta selezionare \u201cPayPal\u201d tra le \u201cmodalit\u00e0 di pagamento\u201d per essere automaticamente trasferiti alla pagina PayPal. Se si \u00e8 gi\u00e0 clienti PayPal, sar\u00e0 sufficiente accedere con i propri dati e confermare il pagamento. Se non si possiede un conto PayPal, \u00e8 possibile aprirne uno e confermare &hellip; Read More \"Metodi di Pagamento\"","og_url":"https:\/\/www.fai-srl.com\/shop\/metodi-di-pagamento\/","og_site_name":"FAI SRL","article_modified_time":"2021-02-10T15:43:13+00:00","twitter_card":"summary_large_image","twitter_misc":{"Tempo di lettura stimato":"1 minuto"},"schema":{"@context":"https:\/\/schema.org","@graph":[{"@type":"WebPage","@id":"https:\/\/www.fai-srl.com\/shop\/metodi-di-pagamento\/","url":"https:\/\/www.fai-srl.com\/shop\/metodi-di-pagamento\/","name":"Metodi di Pagamento - FAI SRL","isPartOf":{"@id":"https:\/\/www.fai-srl.com\/shop\/#website"},"datePublished":"2021-02-10T15:41:30+00:00","dateModified":"2021-02-10T15:43:13+00:00","breadcrumb":{"@id":"https:\/\/www.fai-srl.com\/shop\/metodi-di-pagamento\/#breadcrumb"},"inLanguage":"it-IT","potentialAction":[{"@type":"ReadAction","target":["https:\/\/www.fai-srl.com\/shop\/metodi-di-pagamento\/"]}]},{"@type":"BreadcrumbList","@id":"https:\/\/www.fai-srl.com\/shop\/metodi-di-pagamento\/#breadcrumb","itemListElement":[{"@type":"ListItem","position":1,"name":"Home","item":"https:\/\/www.fai-srl.com\/shop\/"},{"@type":"ListItem","position":2,"name":"Metodi di Pagamento"}]},{"@type":"WebSite","@id":"https:\/\/www.fai-srl.com\/shop\/#website","url":"https:\/\/www.fai-srl.com\/shop\/","name":"FAI SRL","description":"Light Up your Creativity","publisher":{"@id":"https:\/\/www.fai-srl.com\/shop\/#organization"},"potentialAction":[{"@type":"SearchAction","target":{"@type":"EntryPoint","urlTemplate":"https:\/\/www.fai-srl.com\/shop\/?s={search_term_string}"},"query-input":{"@type":"PropertyValueSpecification","valueRequired":true,"valueName":"search_term_string"}}],"inLanguage":"it-IT"},{"@type":"Organization","@id":"https:\/\/www.fai-srl.com\/shop\/#organization","name":"FAI SRL","url":"https:\/\/www.fai-srl.com\/shop\/","logo":{"@type":"ImageObject","inLanguage":"it-IT","@id":"https:\/\/www.fai-srl.com\/shop\/#\/schema\/logo\/image\/","url":"http:\/\/www.fai-srl.com\/shop\/wp-content\/uploads\/2018\/10\/fai_logo.jpg","contentUrl":"http:\/\/www.fai-srl.com\/shop\/wp-content\/uploads\/2018\/10\/fai_logo.jpg","width":300,"height":132,"caption":"FAI SRL"},"image":{"@id":"https:\/\/www.fai-srl.com\/shop\/#\/schema\/logo\/image\/"}}]}},"_links":{"self":[{"href":"https:\/\/www.fai-srl.com\/shop\/wp-json\/wp\/v2\/pages\/26376","targetHints":{"allow":["GET"]}}],"collection":[{"href":"https:\/\/www.fai-srl.com\/shop\/wp-json\/wp\/v2\/pages"}],"about":[{"href":"https:\/\/www.fai-srl.com\/shop\/wp-json\/wp\/v2\/types\/page"}],"author":[{"embeddable":true,"href":"https:\/\/www.fai-srl.com\/shop\/wp-json\/wp\/v2\/users\/1"}],"replies":[{"embeddable":true,"href":"https:\/\/www.fai-srl.com\/shop\/wp-json\/wp\/v2\/comments?post=26376"}],"version-history":[{"count":7,"href":"https:\/\/www.fai-srl.com\/shop\/wp-json\/wp\/v2\/pages\/26376\/revisions"}],"predecessor-version":[{"id":26383,"href":"https:\/\/www.fai-srl.com\/shop\/wp-json\/wp\/v2\/pages\/26376\/revisions\/26383"}],"wp:attachment":[{"href":"https:\/\/www.fai-srl.com\/shop\/wp-json\/wp\/v2\/media?parent=26376"}],"curies":[{"name":"wp","href":"https:\/\/api.w.org\/{rel}","templated":true}]}}